{"id":9,"date":"2015-10-28T20:41:38","date_gmt":"2015-10-28T20:41:38","guid":{"rendered":"http:\/\/localhost\/WP_muzicka\/?page_id=9"},"modified":"2025-06-27T06:39:30","modified_gmt":"2025-06-27T06:39:30","slug":"contact","status":"publish","type":"page","link":"https:\/\/muzickasu.edu.rs\/index.php\/contact\/","title":{"rendered":"Kontakt"},"content":{"rendered":"<p><iframe loading=\"lazy\" style=\"border: 0;\" src=\"https:\/\/www.google.com\/maps\/embed?pb=!1m18!1m12!1m3!1d2766.5975796511107!2d19.662727315578845!3d46.09899827911361!2m3!1f0!2f0!3f0!3m2!1i1024!2i768!4f13.1!3m3!1m2!1s0x474366cee30de1b9%3A0x9e2ed11cb6f2d9b6!2zTXV6acSNa2EgxaFrb2xh!5e0!3m2!1ssr!2srs!4v1651607234817!5m2!1ssr!2srs\" width=\"600\" height=\"450\" allowfullscreen=\"allowfullscreen\"><\/iframe><\/p>\n<p><strong>Adresa: <\/strong><br \/>\nMuzi\u010dka \u0161kola &#8211; Subotica<br \/>\n\u0160trosmajerova 3<br \/>\n24000 Subotica<br \/>\nRepublika Srbija<\/p>\n<p><strong>Telefon: <\/strong><br \/>\n+381 (0) 24 525 672\u00a0 |\u00a0 telefon<br \/>\n+381 (0) 24 553 837\u00a0 |\u00a0 centrala<\/p>\n<p>+381(0)653553837<\/p>\n<p><strong>E-mail:<\/strong><\/p>\n<p><b><a href=\"mailto:muzickasu@gmail.com\" target=\"_blank\" rel=\"noopener noreferrer\">muzickasu@gmail.com<\/a><\/b><br \/>\n<b><a href=\"mailto:racunovodstvo@muzickasu.edu.rs\" target=\"_blank\" rel=\"noopener noreferrer\">racunovodstvo@muzickasu.edu.rs<\/a><\/b><\/p>\n<p>&nbsp;<\/p>\n<p><strong>Registarski broj:<\/strong> 8240000938<br \/>\n<strong>Mati\u010dni broj:<\/strong> 08009163<br \/>\n<strong>\u0160ifra delatnosti:<\/strong> 80220<br \/>\n<strong>PDV broj:<\/strong> 163248020<br \/>\n<strong>PIB:<\/strong> 100847376<\/p>","protected":false},"excerpt":{"rendered":"<p>Adresa: Muzi\u010dka \u0161kola &#8211; Subotica \u0160trosmajerova 3 24000 Subotica Republika Srbija Telefon: +381 (0) 24 525 672\u00a0 |\u00a0 telefon +381 (0) 24 553 837\u00a0 |\u00a0 centrala +381(0)653553837 E-mail: muzickasu@gmail.com racunovodstvo@muzickasu.edu.rs &nbsp; Registarski broj: 8240000938 Mati\u010dni broj: 08009163 \u0160ifra delatnosti: 80220 PDV broj: 163248020 PIB: 100847376<\/p>\n<p class=\"continue-reading-button\"> <a class=\"continue-reading-link\" href=\"https:\/\/muzickasu.edu.rs\/index.php\/contact\/\">Nastavite sa \u010ditanjem<i class=\"crycon-right-dir\"><\/i><\/a><\/p>\n","protected":false},"author":1,"featured_media":0,"parent":0,"menu_order":11,"comment_status":"closed","ping_status":"closed","template":"","meta":{"footnotes":""},"class_list":["post-9","page","type-page","status-publish","hentry"],"_links":{"self":[{"href":"https:\/\/muzickasu.edu.rs\/index.php\/wp-json\/wp\/v2\/pages\/9","targetHints":{"allow":["GET"]}}],"collection":[{"href":"https:\/\/muzickasu.edu.rs\/index.php\/wp-json\/wp\/v2\/pages"}],"about":[{"href":"https:\/\/muzickasu.edu.rs\/index.php\/wp-json\/wp\/v2\/types\/page"}],"author":[{"embeddable":true,"href":"https:\/\/muzickasu.edu.rs\/index.php\/wp-json\/wp\/v2\/users\/1"}],"replies":[{"embeddable":true,"href":"https:\/\/muzickasu.edu.rs\/index.php\/wp-json\/wp\/v2\/comments?post=9"}],"version-history":[{"count":16,"href":"https:\/\/muzickasu.edu.rs\/index.php\/wp-json\/wp\/v2\/pages\/9\/revisions"}],"predecessor-version":[{"id":6527,"href":"https:\/\/muzickasu.edu.rs\/index.php\/wp-json\/wp\/v2\/pages\/9\/revisions\/6527"}],"wp:attachment":[{"href":"https:\/\/muzickasu.edu.rs\/index.php\/wp-json\/wp\/v2\/media?parent=9"}],"curies":[{"name":"wp","href":"https:\/\/api.w.org\/{rel}","templated":true}]}}