{"id":5714,"date":"2024-01-17T16:48:44","date_gmt":"2024-01-17T16:48:44","guid":{"rendered":"http:\/\/muzickasu.edu.rs\/?page_id=5714"},"modified":"2025-08-21T10:33:54","modified_gmt":"2025-08-21T10:33:54","slug":"instrukcije-za-placanje","status":"publish","type":"page","link":"https:\/\/muzickasu.edu.rs\/index.php\/instrukcije-za-placanje\/","title":{"rendered":"Instrukcije za pla\u0107anje"},"content":{"rendered":"<p><\/p>\n<h3 dir=\"ltr\" style=\"text-align: center;\"><span style=\"color: #ff0000;\"><strong>Va\u017eno obave\u0161tenje!<\/strong><\/span><\/h3>\n<h5>Muzi\u010dka \u0161kola je pre\u0161la na novi program poslovanja od 2024.godine i dobila nove ra\u010dune. Ono \u0161to je izuzetno va\u017eno jeste da ispravno popunite <b>model<\/b> i <b>poziv na broj<\/b> (odobrenje). Tako\u0111e, kao i do sada, na uplatnicu treba upisati ime i prezime deteta. Za sve dodatne informacije javite se ra\u010dunovodstvu \u0161kole.<\/h5>\n<p>&nbsp;<\/p>\n<p style=\"text-align: center;\">UPLATNICA ZA <strong>DONACIJU<\/strong> ZA U\u010cENIKE<strong> OSNOVNE \u0160KOLE<\/strong><\/p>\n<p><a href=\"http:\/\/muzickasu.edu.rs\/wp-content\/uploads\/2024\/01\/osnovna-1.jpg\"><img loading=\"lazy\" decoding=\"async\" class=\"aligncenter wp-image-5740 size-full\" src=\"http:\/\/muzickasu.edu.rs\/wp-content\/uploads\/2024\/01\/osnovna-1.jpg\" alt=\"\" width=\"783\" height=\"480\" srcset=\"https:\/\/muzickasu.edu.rs\/wp-content\/uploads\/2024\/01\/osnovna-1.jpg 783w, https:\/\/muzickasu.edu.rs\/wp-content\/uploads\/2024\/01\/osnovna-1-300x184.jpg 300w, https:\/\/muzickasu.edu.rs\/wp-content\/uploads\/2024\/01\/osnovna-1-768x471.jpg 768w, https:\/\/muzickasu.edu.rs\/wp-content\/uploads\/2024\/01\/osnovna-1-150x92.jpg 150w\" sizes=\"auto, (max-width: 783px) 100vw, 783px\" \/><\/a><\/p>\n<p style=\"text-align: center;\">UPLATNICA ZA <strong>IZNALJMLJIVANJE INSTRUMENTA<\/strong><\/p>\n<p><a href=\"http:\/\/muzickasu.edu.rs\/wp-content\/uploads\/2024\/01\/instrument-1.jpg\"><img loading=\"lazy\" decoding=\"async\" class=\"aligncenter wp-image-5741 size-full\" src=\"http:\/\/muzickasu.edu.rs\/wp-content\/uploads\/2024\/01\/instrument-1.jpg\" alt=\"\" width=\"791\" height=\"481\" srcset=\"https:\/\/muzickasu.edu.rs\/wp-content\/uploads\/2024\/01\/instrument-1.jpg 791w, https:\/\/muzickasu.edu.rs\/wp-content\/uploads\/2024\/01\/instrument-1-300x182.jpg 300w, https:\/\/muzickasu.edu.rs\/wp-content\/uploads\/2024\/01\/instrument-1-768x467.jpg 768w, https:\/\/muzickasu.edu.rs\/wp-content\/uploads\/2024\/01\/instrument-1-150x91.jpg 150w\" sizes=\"auto, (max-width: 791px) 100vw, 791px\" \/><\/a><\/p>\n<p style=\"text-align: center;\">UPLATNICA ZA <strong>DONACIJU<\/strong> ZA U\u010cENIKE<strong> SREDNJE \u0160KOLE<\/strong><\/p>\n<p><a href=\"http:\/\/muzickasu.edu.rs\/wp-content\/uploads\/2024\/01\/Screenshot_5.jpg\"><img loading=\"lazy\" decoding=\"async\" class=\"aligncenter wp-image-5742 size-full\" src=\"http:\/\/muzickasu.edu.rs\/wp-content\/uploads\/2024\/01\/Screenshot_5.jpg\" alt=\"\" width=\"794\" height=\"480\" srcset=\"https:\/\/muzickasu.edu.rs\/wp-content\/uploads\/2024\/01\/Screenshot_5.jpg 794w, https:\/\/muzickasu.edu.rs\/wp-content\/uploads\/2024\/01\/Screenshot_5-300x181.jpg 300w, https:\/\/muzickasu.edu.rs\/wp-content\/uploads\/2024\/01\/Screenshot_5-768x464.jpg 768w, https:\/\/muzickasu.edu.rs\/wp-content\/uploads\/2024\/01\/Screenshot_5-250x150.jpg 250w, https:\/\/muzickasu.edu.rs\/wp-content\/uploads\/2024\/01\/Screenshot_5-150x91.jpg 150w\" sizes=\"auto, (max-width: 794px) 100vw, 794px\" \/><\/a><\/p>\n<p style=\"text-align: center;\"><strong>UPIS<\/strong><\/p>\n<p><a href=\"http:\/\/muzickasu.edu.rs\/wp-content\/uploads\/2024\/03\/Screenshot_36.jpg\"><img loading=\"lazy\" decoding=\"async\" class=\"size-full wp-image-5883 aligncenter\" src=\"http:\/\/muzickasu.edu.rs\/wp-content\/uploads\/2024\/03\/Screenshot_36.jpg\" alt=\"\" width=\"780\" height=\"477\" srcset=\"https:\/\/muzickasu.edu.rs\/wp-content\/uploads\/2024\/03\/Screenshot_36.jpg 780w, https:\/\/muzickasu.edu.rs\/wp-content\/uploads\/2024\/03\/Screenshot_36-300x183.jpg 300w, https:\/\/muzickasu.edu.rs\/wp-content\/uploads\/2024\/03\/Screenshot_36-768x470.jpg 768w, https:\/\/muzickasu.edu.rs\/wp-content\/uploads\/2024\/03\/Screenshot_36-150x92.jpg 150w\" sizes=\"auto, (max-width: 780px) 100vw, 780px\" \/><\/a><\/p>\n<p style=\"text-align: center;\"><strong>UPIS<\/strong> &#8211; <strong>VANREDNI<\/strong> U\u010cENICI<\/p>\n<p><img loading=\"lazy\" decoding=\"async\" class=\"aligncenter wp-image-6558\" src=\"http:\/\/muzickasu.edu.rs\/wp-content\/uploads\/2025\/08\/New-Microsoft-PowerPoint-Presentation-1.jpg\" alt=\"\" width=\"790\" height=\"474\" srcset=\"https:\/\/muzickasu.edu.rs\/wp-content\/uploads\/2025\/08\/New-Microsoft-PowerPoint-Presentation-1.jpg 960w, https:\/\/muzickasu.edu.rs\/wp-content\/uploads\/2025\/08\/New-Microsoft-PowerPoint-Presentation-1-500x300.jpg 500w, https:\/\/muzickasu.edu.rs\/wp-content\/uploads\/2025\/08\/New-Microsoft-PowerPoint-Presentation-1-768x461.jpg 768w, https:\/\/muzickasu.edu.rs\/wp-content\/uploads\/2025\/08\/New-Microsoft-PowerPoint-Presentation-1-250x150.jpg 250w, https:\/\/muzickasu.edu.rs\/wp-content\/uploads\/2025\/08\/New-Microsoft-PowerPoint-Presentation-1-150x90.jpg 150w\" sizes=\"auto, (max-width: 790px) 100vw, 790px\" \/><\/p>\n<p>&nbsp;<\/p>\n<p style=\"text-align: center;\"><strong>PROVERA SPOSOBNOSTI<\/strong> &#8211; <strong>OSNOVNA<\/strong> MUZI\u010cKA \u0160KOLA<\/p>\n<p><a href=\"http:\/\/muzickasu.edu.rs\/wp-content\/uploads\/2024\/03\/PROVERA-SPOSOBNOSTI-om\u0161.jpg\"><img loading=\"lazy\" decoding=\"async\" class=\"size-full wp-image-5885 aligncenter\" src=\"http:\/\/muzickasu.edu.rs\/wp-content\/uploads\/2024\/03\/PROVERA-SPOSOBNOSTI-om\u0161.jpg\" alt=\"\" width=\"790\" height=\"482\" srcset=\"https:\/\/muzickasu.edu.rs\/wp-content\/uploads\/2024\/03\/PROVERA-SPOSOBNOSTI-om\u0161.jpg 790w, https:\/\/muzickasu.edu.rs\/wp-content\/uploads\/2024\/03\/PROVERA-SPOSOBNOSTI-om\u0161-300x183.jpg 300w, https:\/\/muzickasu.edu.rs\/wp-content\/uploads\/2024\/03\/PROVERA-SPOSOBNOSTI-om\u0161-768x469.jpg 768w, https:\/\/muzickasu.edu.rs\/wp-content\/uploads\/2024\/03\/PROVERA-SPOSOBNOSTI-om\u0161-150x92.jpg 150w\" sizes=\"auto, (max-width: 790px) 100vw, 790px\" \/><\/a><\/p>\n<p style=\"text-align: center;\"><strong>PRIJEMNI ISPIT<\/strong> &#8211; <strong>SREDNJA<\/strong> MUZI\u010cKA \u0160KOLA<\/p>\n<p><a href=\"http:\/\/muzickasu.edu.rs\/wp-content\/uploads\/2024\/03\/PRIJEMNI-ISPIT.jpg\"><img loading=\"lazy\" decoding=\"async\" class=\"size-full wp-image-5886 aligncenter\" src=\"http:\/\/muzickasu.edu.rs\/wp-content\/uploads\/2024\/03\/PRIJEMNI-ISPIT.jpg\" alt=\"\" width=\"790\" height=\"479\" srcset=\"https:\/\/muzickasu.edu.rs\/wp-content\/uploads\/2024\/03\/PRIJEMNI-ISPIT.jpg 790w, https:\/\/muzickasu.edu.rs\/wp-content\/uploads\/2024\/03\/PRIJEMNI-ISPIT-300x182.jpg 300w, https:\/\/muzickasu.edu.rs\/wp-content\/uploads\/2024\/03\/PRIJEMNI-ISPIT-768x466.jpg 768w, https:\/\/muzickasu.edu.rs\/wp-content\/uploads\/2024\/03\/PRIJEMNI-ISPIT-150x91.jpg 150w\" sizes=\"auto, (max-width: 790px) 100vw, 790px\" \/><\/a><\/p>\n<p style=\"text-align: center;\"><strong>DIFERENCIJALNI<\/strong> ISPIT<\/p>\n<p><a href=\"http:\/\/muzickasu.edu.rs\/wp-content\/uploads\/2024\/03\/DIFERENCIJLNI-ISPIT.jpg\"><img loading=\"lazy\" decoding=\"async\" class=\"size-full wp-image-5887 aligncenter\" src=\"http:\/\/muzickasu.edu.rs\/wp-content\/uploads\/2024\/03\/DIFERENCIJLNI-ISPIT.jpg\" alt=\"\" width=\"789\" height=\"486\" srcset=\"https:\/\/muzickasu.edu.rs\/wp-content\/uploads\/2024\/03\/DIFERENCIJLNI-ISPIT.jpg 789w, https:\/\/muzickasu.edu.rs\/wp-content\/uploads\/2024\/03\/DIFERENCIJLNI-ISPIT-300x185.jpg 300w, https:\/\/muzickasu.edu.rs\/wp-content\/uploads\/2024\/03\/DIFERENCIJLNI-ISPIT-768x473.jpg 768w, https:\/\/muzickasu.edu.rs\/wp-content\/uploads\/2024\/03\/DIFERENCIJLNI-ISPIT-150x92.jpg 150w\" sizes=\"auto, (max-width: 789px) 100vw, 789px\" \/><\/a><\/p>\n<p>&nbsp;<\/p>\n<p>&nbsp;<\/p>","protected":false},"excerpt":{"rendered":"<p>Va\u017eno obave\u0161tenje! Muzi\u010dka \u0161kola je pre\u0161la na novi program poslovanja od 2024.godine i dobila nove ra\u010dune. Ono \u0161to je izuzetno va\u017eno jeste da ispravno popunite model i poziv na broj (odobrenje). Tako\u0111e, kao i do sada, na uplatnicu treba upisati ime i prezime deteta. Za sve dodatne informacije javite se\u2026<\/p>\n<p class=\"continue-reading-button\"> <a class=\"continue-reading-link\" href=\"https:\/\/muzickasu.edu.rs\/index.php\/instrukcije-za-placanje\/\">Nastavite sa \u010ditanjem<i class=\"crycon-right-dir\"><\/i><\/a><\/p>\n","protected":false},"author":1,"featured_media":0,"parent":0,"menu_order":11,"comment_status":"closed","ping_status":"closed","template":"","meta":{"footnotes":""},"class_list":["post-5714","page","type-page","status-publish","hentry"],"_links":{"self":[{"href":"https:\/\/muzickasu.edu.rs\/index.php\/wp-json\/wp\/v2\/pages\/5714","targetHints":{"allow":["GET"]}}],"collection":[{"href":"https:\/\/muzickasu.edu.rs\/index.php\/wp-json\/wp\/v2\/pages"}],"about":[{"href":"https:\/\/muzickasu.edu.rs\/index.php\/wp-json\/wp\/v2\/types\/page"}],"author":[{"embeddable":true,"href":"https:\/\/muzickasu.edu.rs\/index.php\/wp-json\/wp\/v2\/users\/1"}],"replies":[{"embeddable":true,"href":"https:\/\/muzickasu.edu.rs\/index.php\/wp-json\/wp\/v2\/comments?post=5714"}],"version-history":[{"count":32,"href":"https:\/\/muzickasu.edu.rs\/index.php\/wp-json\/wp\/v2\/pages\/5714\/revisions"}],"predecessor-version":[{"id":6557,"href":"https:\/\/muzickasu.edu.rs\/index.php\/wp-json\/wp\/v2\/pages\/5714\/revisions\/6557"}],"wp:attachment":[{"href":"https:\/\/muzickasu.edu.rs\/index.php\/wp-json\/wp\/v2\/media?parent=5714"}],"curies":[{"name":"wp","href":"https:\/\/api.w.org\/{rel}","templated":true}]}}