{"id":56,"date":"2015-11-19T20:54:28","date_gmt":"2015-11-19T20:54:28","guid":{"rendered":"http:\/\/localhost\/WP_muzicka\/?page_id=56"},"modified":"2023-03-21T12:38:03","modified_gmt":"2023-03-21T12:38:03","slug":"management-body","status":"publish","type":"page","link":"https:\/\/muzickasu.edu.rs\/index.php\/about-school\/school-organisation\/management-body\/","title":{"rendered":"Organ upravljanja"},"content":{"rendered":"<p><a href=\"http:\/\/muzickasu.edu.rs\/wp-content\/uploads\/2022\/08\/\u010clanovi-\u0160kolskog-odbora-Muzi\u010dke-\u0161kole2.pdf\">\u010clanovi \u0160kolskog odbora muzi\u010dke \u0161kole<\/a><\/p>\n<p><a href=\"http:\/\/muzickasu.edu.rs\/wp-content\/uploads\/2015\/11\/\u041f\u041e\u0421\u041b\u041e\u0412\u041d\u0418\u041a-\u041e-\u0420\u0410\u0414\u0423-\u0428\u041a\u041e\u041b\u0421\u041a\u041e\u0413-\u041e\u0414\u0411\u041e\u0420\u0410.pdf\">Poslovnik o radu \u0160kolskog odbora<\/a><\/p>","protected":false},"excerpt":{"rendered":"<p>\u010clanovi \u0160kolskog odbora muzi\u010dke \u0161kole Poslovnik o radu \u0160kolskog odbora<\/p>\n<p class=\"continue-reading-button\"> <a class=\"continue-reading-link\" href=\"https:\/\/muzickasu.edu.rs\/index.php\/about-school\/school-organisation\/management-body\/\">Nastavite sa \u010ditanjem<i class=\"crycon-right-dir\"><\/i><\/a><\/p>\n","protected":false},"author":1,"featured_media":0,"parent":22,"menu_order":1,"comment_status":"closed","ping_status":"closed","template":"","meta":{"footnotes":""},"class_list":["post-56","page","type-page","status-publish","hentry"],"_links":{"self":[{"href":"https:\/\/muzickasu.edu.rs\/index.php\/wp-json\/wp\/v2\/pages\/56","targetHints":{"allow":["GET"]}}],"collection":[{"href":"https:\/\/muzickasu.edu.rs\/index.php\/wp-json\/wp\/v2\/pages"}],"about":[{"href":"https:\/\/muzickasu.edu.rs\/index.php\/wp-json\/wp\/v2\/types\/page"}],"author":[{"embeddable":true,"href":"https:\/\/muzickasu.edu.rs\/index.php\/wp-json\/wp\/v2\/users\/1"}],"replies":[{"embeddable":true,"href":"https:\/\/muzickasu.edu.rs\/index.php\/wp-json\/wp\/v2\/comments?post=56"}],"version-history":[{"count":19,"href":"https:\/\/muzickasu.edu.rs\/index.php\/wp-json\/wp\/v2\/pages\/56\/revisions"}],"predecessor-version":[{"id":5263,"href":"https:\/\/muzickasu.edu.rs\/index.php\/wp-json\/wp\/v2\/pages\/56\/revisions\/5263"}],"up":[{"embeddable":true,"href":"https:\/\/muzickasu.edu.rs\/index.php\/wp-json\/wp\/v2\/pages\/22"}],"wp:attachment":[{"href":"https:\/\/muzickasu.edu.rs\/index.php\/wp-json\/wp\/v2\/media?parent=56"}],"curies":[{"name":"wp","href":"https:\/\/api.w.org\/{rel}","templated":true}]}}