{"id":531,"date":"2016-02-17T17:20:49","date_gmt":"2016-02-17T17:20:49","guid":{"rendered":"http:\/\/muzickasu.edu.rs\/?page_id=531"},"modified":"2022-10-25T11:57:17","modified_gmt":"2022-10-25T11:57:17","slug":"srpski-muzicki-saradnik-teoreticar","status":"publish","type":"page","link":"https:\/\/muzickasu.edu.rs\/index.php\/education\/srpski-srednja-skola\/srpski-muzicki-saradnik-teoreticar\/","title":{"rendered":"Muzi\u010dki saradnik"},"content":{"rendered":"<p><em>\u266a Kako upisati obrazovni profil muzi\u010dki saradnik &#8211; teoreti\u010dar?<\/em><\/p>\n<p style=\"text-align: justify;\">Svaki u\u010denik koji zavr\u0161i osnovnu muzi\u010dku \u0161kolu, na bilo kom odseku, mo\u017ee da pola\u017ee prijemni ispit za ovaj obrazovni profil. Postoji mogu\u0107nost upisa i bez prethodno zavr\u0161ene osnovne muzi\u010dke \u0161kole ili sa nepotpunom osnovnom muzi\u010dkom \u0161kolom. U tom slu\u010daju se prvo pola\u017ee ispit za <strong>nivo osnovnog muzi\u010dkog obrazovanja<\/strong> (diferencijalni ispit), po programu za osnovnu muzi\u010dku \u0161kolu.<br \/>\nSvake godine \u0161kola organizuje <a href=\"http:\/\/muzickasu.edu.rs\/index.php\/2020\/02\/04\/srpski-besplatna-pripremna-nastava-za-buduce-ucenike-srednje-muzicke-skole-subotica\/?lang=rs\" target=\"_blank\" rel=\"noopener noreferrer\">pripreme za prijemni ispit<\/a> iz solfe\u0111a i teorije muzike. Informacije mo\u017eete dobiti telefonskim putem od slu\u017ebe za u\u010deni\u010dka pitanja ili na web stranici \u0160kole.<br \/>\nPrijemni ispit se sastoji od:<br \/>\n\u2022 teorije muzike \u2013 test,<br \/>\n\u2022 solfe\u0111a \u2013 diktat i usmeni deo tj. melodijska i ritmi\u010dka ve\u017eba.<\/p>\n<p>&nbsp;<\/p>\n<p><em>\u266a Koje su karakteristike obrazovnog profila muzi\u010dkog saradnika?<\/em><\/p>\n<p style=\"text-align: justify;\">\u0160kolovanje na ovom obrazovnom profilu u srednjoj muzi\u010dkoj \u0161koli traje \u010detiri godine.<br \/>\nGlavni predmet je <strong>solfe\u0111o<\/strong>. Od stru\u010dnih predmeta tokom \u0161kolovanja u\u010denici \u0107e dobiti i potrebna znanja iz predmeta: teorija muzike, hor, sviranje horskih partitura, harmonija, istorija muzike, kontrapunkt, etnomuzikologija, muzi\u010dki oblici, uvod u komponovanje i drugo.<br \/>\nPored stru\u010dnih predmeta, u\u010denici poha\u0111aju nastavu i iz op\u0161teobrazovnih predmeta: maternji jezik, engleski, II strani jezik, informatika, istorija sa istorijom kulture i civilizacije, biologija, sociologija, filozofija, psihologija, fizi\u010dko vaspitanje.<br \/>\nPored obrazovno \u2013 vaspitnog rada, organizujemo mnogo koncerata, nastupe sa horom i orkestrom, putovanja, stru\u010dne ekskurzije, takmi\u010denja i dru\u017eenja.<\/p>\n<p>&nbsp;<\/p>\n<p><em>\u266a Koje su mogu\u0107nosti nakon zavr\u0161ene srednje \u0161kole?<\/em><\/p>\n<p style=\"text-align: justify;\">Uspe\u0161nim polaganjem maturskog ispita u\u010denik sti\u010de zvanje:<br \/>\n<strong>muzi\u010dki saradnik \u2013 teoreti\u010dar<\/strong>.<br \/>\nNakon zavr\u0161ene srednje muzi\u010dke \u0161kole na teoretskom odseku, pru\u017eaju se razli\u010dite mogu\u0107nosti za dalje \u0161kolovanje. Na\u0161i u\u010denici sa uspehom pola\u017eu prijemne ispite na muzi\u010dkim akademijama u Srbiji i u inostranstvu.<br \/>\nSmerovi na kojima mogu da nastave dalje muzi\u010dko obrazovanje su: muzi\u010dka pedagogija, komponovanje, dirigovanje, muzikologija i etnomuzikologija.<br \/>\nDalje \u0161kolovanje je mogu\u0107e nastaviti i na drugim fakultetima uz polaganje prijemnih ispita.<br \/>\nPosle zavr\u0161etka fakulteta, pru\u017ea im se mogu\u0107nost da budu saradnici u medijima i kulturnim institucijama, ili da se opredele za pedago\u0161ki rad.<\/p>\n<p>&nbsp;<\/p>","protected":false},"excerpt":{"rendered":"<p>\u266a Kako upisati obrazovni profil muzi\u010dki saradnik &#8211; teoreti\u010dar? Svaki u\u010denik koji zavr\u0161i osnovnu muzi\u010dku \u0161kolu, na bilo kom odseku, mo\u017ee da pola\u017ee prijemni ispit za ovaj obrazovni profil. Postoji mogu\u0107nost upisa i bez prethodno zavr\u0161ene osnovne muzi\u010dke \u0161kole ili sa nepotpunom osnovnom muzi\u010dkom \u0161kolom. U tom slu\u010daju se prvo\u2026<\/p>\n<p class=\"continue-reading-button\"> <a class=\"continue-reading-link\" href=\"https:\/\/muzickasu.edu.rs\/index.php\/education\/srpski-srednja-skola\/srpski-muzicki-saradnik-teoreticar\/\">Nastavite sa \u010ditanjem<i class=\"crycon-right-dir\"><\/i><\/a><\/p>\n","protected":false},"author":2,"featured_media":0,"parent":178,"menu_order":2,"comment_status":"closed","ping_status":"closed","template":"","meta":{"footnotes":""},"class_list":["post-531","page","type-page","status-publish","hentry"],"_links":{"self":[{"href":"https:\/\/muzickasu.edu.rs\/index.php\/wp-json\/wp\/v2\/pages\/531","targetHints":{"allow":["GET"]}}],"collection":[{"href":"https:\/\/muzickasu.edu.rs\/index.php\/wp-json\/wp\/v2\/pages"}],"about":[{"href":"https:\/\/muzickasu.edu.rs\/index.php\/wp-json\/wp\/v2\/types\/page"}],"author":[{"embeddable":true,"href":"https:\/\/muzickasu.edu.rs\/index.php\/wp-json\/wp\/v2\/users\/2"}],"replies":[{"embeddable":true,"href":"https:\/\/muzickasu.edu.rs\/index.php\/wp-json\/wp\/v2\/comments?post=531"}],"version-history":[{"count":12,"href":"https:\/\/muzickasu.edu.rs\/index.php\/wp-json\/wp\/v2\/pages\/531\/revisions"}],"predecessor-version":[{"id":4964,"href":"https:\/\/muzickasu.edu.rs\/index.php\/wp-json\/wp\/v2\/pages\/531\/revisions\/4964"}],"up":[{"embeddable":true,"href":"https:\/\/muzickasu.edu.rs\/index.php\/wp-json\/wp\/v2\/pages\/178"}],"wp:attachment":[{"href":"https:\/\/muzickasu.edu.rs\/index.php\/wp-json\/wp\/v2\/media?parent=531"}],"curies":[{"name":"wp","href":"https:\/\/api.w.org\/{rel}","templated":true}]}}