{"id":42,"date":"2015-11-08T22:43:10","date_gmt":"2015-11-08T22:43:10","guid":{"rendered":"http:\/\/localhost\/WP_muzicka\/?page_id=42"},"modified":"2026-04-07T08:47:59","modified_gmt":"2026-04-07T08:47:59","slug":"primary-school","status":"publish","type":"page","link":"https:\/\/muzickasu.edu.rs\/index.php\/entrance-exams\/primary-school\/","title":{"rendered":"Muzi\u010dko zabavi\u0161te i I pripremni razred"},"content":{"rendered":"<p><em>Upis u muzi\u010dko zabavi\u0161te i I pripremni razred traje sve dok mesta u grupama ne budu popunjena i vr\u0161i se <strong>bez prijemnog ispita<\/strong> (provere sposobnosti). Broj polaznika je ograni\u010den.<br \/>\n<\/em><\/p>\n<h5><strong>Upis za \u0161kolsku 2026\/27. godinu bi\u0107e odr\u017ean 01. i 02. juna 2026. godine.<\/strong><\/h5>\n<p><strong>Muzi\u010dko zabavi\u0161te upisuju deca koja \u0107e od septembra krenuti u pred\u0161kolsko obrazovanje. <\/strong><\/p>\n<p><strong>Prvi pripremni upisuju deca koja \u0107e od septembra\u00a0 godine krenuti u prvi razred osnovne \u0161kole.<br \/>\n<\/strong><\/p>\n<p><u>Potrebna dokumentacija za upis:<br \/>\n<\/u><\/p>\n<ol>\n<li>Prijava za upis uc\u030cenika (popunjava se u \u0161koli) ili je mo\u017eete doneti \u010ditko popunjenu <a href=\"http:\/\/muzickasu.edu.rs\/wp-content\/uploads\/2026\/04\/Prijava-za-zabaviste-202_-202_.pdf\">Prijava-za-zabavi\u0161te<\/a><\/li>\n<li>Fotokopija bilo kog slu\u017ebenog dokumenta koji sadr\u017ei JMBG jednog od roditelja\/staratelja i u\u010denika (samo za u\u010denike koji se prvi put upisuju u na\u0161u \u0161kolu)<\/li>\n<li>Dokaz o plac\u0301enim tro\u0161kovima upisa u iznosu od 2500,00 dinara<\/li>\n<\/ol>\n<p><strong>MESE\u010cNI TRO\u0160KOVI:<\/strong><\/p>\n<p>DONATORSKI DINAR&#8230;&#8230;&#8230;&#8230;&#8230;&#8230;&#8230;&#8230;&#8230;&#8230;&#8230;&#8230;&#8230;.1200,00 dinara<\/p>\n<p><span style=\"font-family: 'Droid Sans';\">Ova odluka primenjuje se od 01.06.2023.godine.<\/span><\/p>\n<div>\n<h2 dir=\"ltr\" style=\"text-align: center;\"><span style=\"color: #ff0000;\"><strong>Va\u017eno obave\u0161tenje!<\/strong><\/span><\/h2>\n<h5>Muzi\u010dka \u0161kola je pre\u0161la na novi program poslovanja od 2024.godine i dobila nove ra\u010dune. Ono \u0161to je izuzetno va\u017eno jeste da ispravno popunite <b>model<\/b> i <b>poziv na broj<\/b> (odobrenje). Tako\u0111e, kao i do sada, na uplatnicu treba upisati ime i prezime deteta. Za sve dodatne informacije javite se ra\u010dunovodstvu \u0161kole.<\/h5>\n<h5><a style=\"font-size: 15px;\" href=\"https:\/\/muzickasu.edu.rs\/index.php\/instrukcije-za-placanje\/\">INSTRUKCIJE ZA PLA\u0106ANJE<\/a><\/h5>\n<div><\/div>\n<\/div>\n<p><strong>*<\/strong><strong>OBAVE\u0160TENJE<br \/>\n<\/strong><\/p>\n<p style=\"text-align: left;\"><strong>Donacije za tre\u0107e i svako naredno dete<\/strong> ne napla\u0107uju se ni u osnovnoj, ni u srednjoj muzi\u010dkoj \u0161koli.<\/p>\n<p style=\"text-align: left;\">Samohrani roditelji i roditelji dece iz osetljivih dru\u0161tvenih grupa i socijalno ugro\u017eenih porodica <strong>mogu biti oslobo\u0111eni<\/strong> obaveze pla\u0107anja roditeljskog dinara odlukom direktora \u0161kole, na svoj zahtev, uz koji podnose odgovaraju\u0107e dokaze.<\/p>\n<p style=\"text-align: left;\">Roditelji <strong>koji su oslobo\u0111eni pla\u0107anja<\/strong> roditeljskog dinara<strong> pla\u0107aju upis<\/strong>, \u0430 <strong>ne pla\u0107aju mese\u010dnu donaciju<\/strong>.<\/p>\n<p style=\"text-align: left;\">Iznajmljivanje instrumenta (1000din.) se uvek napla\u0107uje.<\/p>\n<p style=\"text-align: left;\">Iznajmljivanje instrumenta pla\u0107aju i oni roditelji koji su oslobo\u0111eni pla\u0107anja roditeljskog dinara.<\/p>\n<p>&nbsp;<\/p>\n<p><strong>U sluc\u030caju slobodnih mesta u muzic\u030ckom zabavi\u0161tu i I pripremnom razredu, organizovac\u0301e se drugi krug prijema dece u toku avgusta teku\u0107e godine.<\/strong><\/p>","protected":false},"excerpt":{"rendered":"<p>Upis u muzi\u010dko zabavi\u0161te i I pripremni razred traje sve dok mesta u grupama ne budu popunjena i vr\u0161i se bez prijemnog ispita (provere sposobnosti). Broj polaznika je ograni\u010den. Upis za \u0161kolsku 2026\/27. godinu bi\u0107e odr\u017ean 01. i 02. juna 2026. godine. Muzi\u010dko zabavi\u0161te upisuju deca koja \u0107e od septembra\u2026<\/p>\n<p class=\"continue-reading-button\"> <a class=\"continue-reading-link\" href=\"https:\/\/muzickasu.edu.rs\/index.php\/entrance-exams\/primary-school\/\">Nastavite sa \u010ditanjem<i class=\"crycon-right-dir\"><\/i><\/a><\/p>\n","protected":false},"author":1,"featured_media":0,"parent":26,"menu_order":1,"comment_status":"closed","ping_status":"closed","template":"","meta":{"footnotes":""},"class_list":["post-42","page","type-page","status-publish","hentry"],"_links":{"self":[{"href":"https:\/\/muzickasu.edu.rs\/index.php\/wp-json\/wp\/v2\/pages\/42","targetHints":{"allow":["GET"]}}],"collection":[{"href":"https:\/\/muzickasu.edu.rs\/index.php\/wp-json\/wp\/v2\/pages"}],"about":[{"href":"https:\/\/muzickasu.edu.rs\/index.php\/wp-json\/wp\/v2\/types\/page"}],"author":[{"embeddable":true,"href":"https:\/\/muzickasu.edu.rs\/index.php\/wp-json\/wp\/v2\/users\/1"}],"replies":[{"embeddable":true,"href":"https:\/\/muzickasu.edu.rs\/index.php\/wp-json\/wp\/v2\/comments?post=42"}],"version-history":[{"count":137,"href":"https:\/\/muzickasu.edu.rs\/index.php\/wp-json\/wp\/v2\/pages\/42\/revisions"}],"predecessor-version":[{"id":6873,"href":"https:\/\/muzickasu.edu.rs\/index.php\/wp-json\/wp\/v2\/pages\/42\/revisions\/6873"}],"up":[{"embeddable":true,"href":"https:\/\/muzickasu.edu.rs\/index.php\/wp-json\/wp\/v2\/pages\/26"}],"wp:attachment":[{"href":"https:\/\/muzickasu.edu.rs\/index.php\/wp-json\/wp\/v2\/media?parent=42"}],"curies":[{"name":"wp","href":"https:\/\/api.w.org\/{rel}","templated":true}]}}