{"id":380,"date":"2016-01-15T09:28:47","date_gmt":"2016-01-15T09:28:47","guid":{"rendered":"http:\/\/muzickasu.edu.rs\/?page_id=380"},"modified":"2023-11-23T11:40:30","modified_gmt":"2023-11-23T11:40:30","slug":"srpski-odsek-za-tradicionalno-pevanje","status":"publish","type":"page","link":"https:\/\/muzickasu.edu.rs\/index.php\/education\/srpski-osnovna-muzicka-skola\/srpski-odsek-za-tradicionalno-pevanje\/","title":{"rendered":"Odsek za tradicionalno pevanje"},"content":{"rendered":"<p>Pored odseka za klasi\u010dnu muziku, postoji i odsek za tradicionalno pevanje. \u0160kolovanje u osnovnoj muzi\u010dkoj \u0161koli za tradicionalno pevanje traje \u010detiri godine. Ovaj odsek se upisuje sa 10 godina i stariji, nakon polaganja provere sposobnosti (dve tradicionalne pesme).<\/p>\n<p>U\u010denici imaju \u010dasove pevanja, grupnog pevanja, klavira i solfe\u0111a. U poslednjoj godini se u\u010di i teorija muzike.<\/p>\n<p>Na \u010dasovima tradicionalnog pevanja u\u010denici savladavaju osnovne karakteristike i stilove vokalne muzi\u010dke tradicije sa podru\u010dja Srbije, putem izvo\u0111enja jednoglasnih i dvoglasnih primera. U\u010denici uz pomo\u0107 svojih nastavnika preslu\u0161avaju terenske snimke tradicionalnih pesama, slu\u017ee se notnom literaturom.<\/p>\n<ul>\n<li><em>Zbog \u010dega da upi\u0161emo dete u Muzi\u010dku \u0161kolu?<\/em><\/li>\n<\/ul>\n<p>Bavljenje muzikom uti\u010de na formiranje li\u010dnosti: na stvaranje radnih navika i samodiscipline, ja\u010da volju i hrabrost, bistri ukus, pospe\u0161uje inteligenciju, uzdi\u017ee emocije, oplemenjuje du\u0161u.<\/p>\n<ul>\n<li><em>Gde nastupaju u\u010denici odseka tradicionalnog pevanja?<\/em><\/li>\n<\/ul>\n<p>U\u010denici nastupaju kao solisti na javnim \u010dasovima klase, odseka i na u\u010deni\u010dkim koncertima u Koncertnoj sali \u0160kole. Oni u\u010destvuju i u kulturnom \u017eivotu grada Subotice (otvaranja izlo\u017ebi, nastupi u Biblioteci, na festivalima itd).<\/p>\n<ul>\n<li><em>Da li idu na takmi\u010denja?<\/em><\/li>\n<\/ul>\n<p>Pogledajte uspeh u\u010denika ovog odseka &#8211; <a href=\"http:\/\/muzickasu.edu.rs\/index.php\/events\/competitions\/?lang=rs\">Rezultati takmi\u010denja<\/a><\/p>\n<p><a href=\"http:\/\/muzickasu.edu.rs\/wp-content\/uploads\/2016\/01\/IMG_1806.jpg\"><img loading=\"lazy\" decoding=\"async\" class=\"alignnone size-full wp-image-2417\" src=\"http:\/\/muzickasu.edu.rs\/wp-content\/uploads\/2016\/01\/IMG_1806.jpg\" alt=\"IMG_1806\" width=\"5472\" height=\"3648\" srcset=\"https:\/\/muzickasu.edu.rs\/wp-content\/uploads\/2016\/01\/IMG_1806.jpg 5472w, https:\/\/muzickasu.edu.rs\/wp-content\/uploads\/2016\/01\/IMG_1806-300x200.jpg 300w, https:\/\/muzickasu.edu.rs\/wp-content\/uploads\/2016\/01\/IMG_1806-1024x683.jpg 1024w, https:\/\/muzickasu.edu.rs\/wp-content\/uploads\/2016\/01\/IMG_1806-225x150.jpg 225w, https:\/\/muzickasu.edu.rs\/wp-content\/uploads\/2016\/01\/IMG_1806-150x100.jpg 150w\" sizes=\"auto, (max-width: 5472px) 100vw, 5472px\" \/><\/a><\/p>\n<p>&nbsp;<\/p>","protected":false},"excerpt":{"rendered":"<p>Pored odseka za klasi\u010dnu muziku, postoji i odsek za tradicionalno pevanje. \u0160kolovanje u osnovnoj muzi\u010dkoj \u0161koli za tradicionalno pevanje traje \u010detiri godine. Ovaj odsek se upisuje sa 10 godina i stariji, nakon polaganja provere sposobnosti (dve tradicionalne pesme). U\u010denici imaju \u010dasove pevanja, grupnog pevanja, klavira i solfe\u0111a. U poslednjoj godini\u2026<\/p>\n<p class=\"continue-reading-button\"> <a class=\"continue-reading-link\" href=\"https:\/\/muzickasu.edu.rs\/index.php\/education\/srpski-osnovna-muzicka-skola\/srpski-odsek-za-tradicionalno-pevanje\/\">Nastavite sa \u010ditanjem<i class=\"crycon-right-dir\"><\/i><\/a><\/p>\n","protected":false},"author":1,"featured_media":0,"parent":175,"menu_order":10,"comment_status":"closed","ping_status":"closed","template":"","meta":{"footnotes":""},"class_list":["post-380","page","type-page","status-publish","hentry"],"_links":{"self":[{"href":"https:\/\/muzickasu.edu.rs\/index.php\/wp-json\/wp\/v2\/pages\/380","targetHints":{"allow":["GET"]}}],"collection":[{"href":"https:\/\/muzickasu.edu.rs\/index.php\/wp-json\/wp\/v2\/pages"}],"about":[{"href":"https:\/\/muzickasu.edu.rs\/index.php\/wp-json\/wp\/v2\/types\/page"}],"author":[{"embeddable":true,"href":"https:\/\/muzickasu.edu.rs\/index.php\/wp-json\/wp\/v2\/users\/1"}],"replies":[{"embeddable":true,"href":"https:\/\/muzickasu.edu.rs\/index.php\/wp-json\/wp\/v2\/comments?post=380"}],"version-history":[{"count":11,"href":"https:\/\/muzickasu.edu.rs\/index.php\/wp-json\/wp\/v2\/pages\/380\/revisions"}],"predecessor-version":[{"id":5628,"href":"https:\/\/muzickasu.edu.rs\/index.php\/wp-json\/wp\/v2\/pages\/380\/revisions\/5628"}],"up":[{"embeddable":true,"href":"https:\/\/muzickasu.edu.rs\/index.php\/wp-json\/wp\/v2\/pages\/175"}],"wp:attachment":[{"href":"https:\/\/muzickasu.edu.rs\/index.php\/wp-json\/wp\/v2\/media?parent=380"}],"curies":[{"name":"wp","href":"https:\/\/api.w.org\/{rel}","templated":true}]}}