{"id":377,"date":"2016-01-15T09:23:47","date_gmt":"2016-01-15T09:23:47","guid":{"rendered":"http:\/\/muzickasu.edu.rs\/?page_id=377"},"modified":"2019-04-17T12:31:33","modified_gmt":"2019-04-17T12:31:33","slug":"srpski-odsek-solo-pevanja","status":"publish","type":"page","link":"https:\/\/muzickasu.edu.rs\/index.php\/education\/srpski-osnovna-muzicka-skola\/srpski-odsek-solo-pevanja\/","title":{"rendered":"Odsek solo pevanja"},"content":{"rendered":"<p>\u0160kolovanje u osnovnoj muzi\u010dkoj \u0161koli za solo pevanje traje \u010detiri godine.<\/p>\n<p>Starosna granica za solo pevanje: za \u017eenske glasove mo\u017ee da se upi\u0161e u\u010denik od 13 godina i stariji, a za mu\u0161ke glasove u\u010denik od 16 godina i stariji.<\/p>\n<p>Tokom \u0161kolovanja u\u010denici se osposobljavaju za bavljenje muzikom na nivou osnovno\u0161kolskog znanja i za mogu\u0107i nastavak \u0161kolovanja u srednjoj muzi\u010dkoj \u0161koli.<\/p>\n<p>U\u010denici imaju \u010dasove pevanja i solfe\u0111a dva puta nedeljno, a klavir jednom nedeljno. U zavr\u0161noj godini se u\u010di i teorija muzike.<\/p>\n<p>Na \u010dasovima solo pevanja u\u010di se o\u00a0 pravilnom disanju, stavu\u00a0 pri pevanju, elementarnoj tehnici klasi\u010dnog pevanja, a u\u010denik se upoznaje i sa literaturom predvi\u0111enom za solo pevanje.<\/p>\n<p>Postoji i mogu\u0107nost vanrednog \u0161kolovanja iz solo pevanja, pri \u010demu nema ograni\u010denja u godinama starosti.<\/p>\n<p>&nbsp;<\/p>\n<ul>\n<li><em>Zbog \u010dega da upi\u0161emo dete u Muzi\u010dku \u0161kolu?<\/em><\/li>\n<\/ul>\n<p>Bavljenje muzikom uti\u010de na formiranje li\u010dnosti: na stvaranje radnih navika i samodiscipline, ja\u010da volju i hrabrost, bistri ukus, pospe\u0161uje inteligenciju, uzdi\u017ee emocije, oplemenjuje du\u0161u.<\/p>\n<p>&nbsp;<\/p>\n<ul>\n<li><em>Gde nastupaju u\u010denici odseka solo pevanja?<\/em><\/li>\n<\/ul>\n<p>U\u010denici nastupaju kao solisti na javnim \u010dasovima klase, odseka i na u\u010deni\u010dkim koncertima u Koncertnoj sali \u0160kole. Oni u\u010destvuju i u kulturnom \u017eivotu grada Subotice (otvaranja izlo\u017ebi, nastupi u Biblioteci, na festivalima itd).<\/p>\n<p>Pogledajte uspeh u\u010denika ovog odseka &#8211; <a href=\"http:\/\/muzickasu.edu.rs\/index.php\/events\/competitions\/?lang=rs\">Rezultati takmi\u010denja<\/a><\/p>","protected":false},"excerpt":{"rendered":"<p>\u0160kolovanje u osnovnoj muzi\u010dkoj \u0161koli za solo pevanje traje \u010detiri godine. Starosna granica za solo pevanje: za \u017eenske glasove mo\u017ee da se upi\u0161e u\u010denik od 13 godina i stariji, a za mu\u0161ke glasove u\u010denik od 16 godina i stariji. Tokom \u0161kolovanja u\u010denici se osposobljavaju za bavljenje muzikom na nivou osnovno\u0161kolskog\u2026<\/p>\n<p class=\"continue-reading-button\"> <a class=\"continue-reading-link\" href=\"https:\/\/muzickasu.edu.rs\/index.php\/education\/srpski-osnovna-muzicka-skola\/srpski-odsek-solo-pevanja\/\">Nastavite sa \u010ditanjem<i class=\"crycon-right-dir\"><\/i><\/a><\/p>\n","protected":false},"author":1,"featured_media":0,"parent":175,"menu_order":7,"comment_status":"closed","ping_status":"closed","template":"","meta":{"footnotes":""},"class_list":["post-377","page","type-page","status-publish","hentry"],"_links":{"self":[{"href":"https:\/\/muzickasu.edu.rs\/index.php\/wp-json\/wp\/v2\/pages\/377","targetHints":{"allow":["GET"]}}],"collection":[{"href":"https:\/\/muzickasu.edu.rs\/index.php\/wp-json\/wp\/v2\/pages"}],"about":[{"href":"https:\/\/muzickasu.edu.rs\/index.php\/wp-json\/wp\/v2\/types\/page"}],"author":[{"embeddable":true,"href":"https:\/\/muzickasu.edu.rs\/index.php\/wp-json\/wp\/v2\/users\/1"}],"replies":[{"embeddable":true,"href":"https:\/\/muzickasu.edu.rs\/index.php\/wp-json\/wp\/v2\/comments?post=377"}],"version-history":[{"count":7,"href":"https:\/\/muzickasu.edu.rs\/index.php\/wp-json\/wp\/v2\/pages\/377\/revisions"}],"predecessor-version":[{"id":2986,"href":"https:\/\/muzickasu.edu.rs\/index.php\/wp-json\/wp\/v2\/pages\/377\/revisions\/2986"}],"up":[{"embeddable":true,"href":"https:\/\/muzickasu.edu.rs\/index.php\/wp-json\/wp\/v2\/pages\/175"}],"wp:attachment":[{"href":"https:\/\/muzickasu.edu.rs\/index.php\/wp-json\/wp\/v2\/media?parent=377"}],"curies":[{"name":"wp","href":"https:\/\/api.w.org\/{rel}","templated":true}]}}