{"id":355,"date":"2016-01-15T08:25:33","date_gmt":"2016-01-15T08:25:33","guid":{"rendered":"http:\/\/muzickasu.edu.rs\/?page_id=355"},"modified":"2026-04-07T08:05:46","modified_gmt":"2026-04-07T08:05:46","slug":"srpski-za-ucenike-koji-su-zavrsili-oms","status":"publish","type":"page","link":"https:\/\/muzickasu.edu.rs\/index.php\/entrance-exams\/secondary-school-of-music\/srpski-za-ucenike-koji-su-zavrsili-oms\/","title":{"rendered":"Za u\u010denike koji su zavr\u0161ili OM\u0160"},"content":{"rendered":"<p><\/p>\n<div>\n<h5>AKO SE UPISUJETE U I razred SREDNJE MUZI\u010cKE \u0160KOLE potrebno je da pratite obave\u0161tenja ministarstva prosvete ili na\u0161e dru\u0161tvene mre\u017ee u vezi sa terminima upisa. Prvi korak je prijava kandidata za prijemni ispit ONLINE,\u00a0<strong>od 1. do 8. aprila<\/strong> <strong>2026.<\/strong> godine, do 16h na adresi \u2013\u00a0 <a href=\"http:\/\/mojasrednjaskola.gov.rs\/Cir\/Pocetna\">http:\/\/mojasrednjaskola.gov.rs\/Cir\/Pocetna\u00a0<\/a><\/h5>\n<h5>dok se\u00a0<strong>u prostorijama \u0161kole<\/strong>\u00a0mo\u017eete prijaviti\u00a0<strong> 7. i 8. aprila 2026.<\/strong>godine, 09-16h<\/h5>\n<h5><b>Prijemni ispiti\u00a0<\/b>u muzi\u010dkim \u0161kolama obavi\u0107e se\u00a0<strong>15., 16. i 17. maj<\/strong> <strong>2026.<\/strong> godine.<\/h5>\n<p><strong>Kona\u010dni rezultati<\/strong>\u00a0prijemnih ispita \u0107e biti objavljeni na oglasnim tablama \u0161kole<\/p>\n<h5><strong>Upis<\/strong> u prvi razred srednje muzi\u010dke \u0161kole obavi\u0107e se <strong>22. juna 2026<\/strong>.godine, od <strong>8-15h<\/strong><\/h5>\n<\/div>\n<div style=\"text-align: left;\"><strong>PRIJAVA PRIJEMNOG ISPITA<\/strong><\/div>\n<div>\n<div>\n<div>\n<div><\/div>\n<div><strong>Za prijavu prijemnog ispita obavezna dokumentacija je:<\/strong><\/div>\n<\/div>\n<\/div>\n<\/div>\n<p><strong>I \u00a0\u00a0Iz osnovne \u0161kole:<\/strong><\/p>\n<ol>\n<li>Svedo\u010danstvo o zavr\u0161enom VI razredu osnovne \u0161kole<\/li>\n<li>Svedo\u010danstvo o zavr\u0161enom VII razredu osnovne \u0161kole<\/li>\n<li>Potvrda da poha\u0111a VIII razred osnovne \u0161kole<\/li>\n<li>\u0160ifra u\u010denika <em>(izdaje se potvrdom u osnovnoj \u0161koli)<\/em><\/li>\n<\/ol>\n<p><strong>II \u00a0\u00a0Iz muzi\u010dke \u0161kole:<\/strong><\/p>\n<ol>\n<li>Svedo\u010danstva drugog ciklusa<\/li>\n<li>Potvrda iz osnovne muzi\u010dke \u0161kole da je upisan u zavr\u0161ni razred osnovne muzi\u010dke \u0161kole<\/li>\n<\/ol>\n<p><strong>III\u00a0 \u00a0Fotokopija li\u010dne karte jednog od roditelja <\/strong>(za u\u010denike koji do sada nisu bili u\u010denici muzi\u010dke \u0161kole u Subotici)<strong><br \/>\n<\/strong><\/p>\n<p><strong>IV \u00a0 Prijava za polaganje prijemnog ispita <\/strong><a href=\"http:\/\/muzickasu.edu.rs\/wp-content\/uploads\/2026\/04\/prijava-za-polaganje-prijemnog-ispita-za-upis-u-1.sms_.pdf\">prijava za polaganje prijemnog ispita za upis u 1.sm\u0161<\/a><\/p>\n<p><strong>V \u00a0 \u00a0Dokaz o uplati tro\u0161kova prijemnog ispita u iznosu od 2.000,00 dinara.<\/strong><\/p>\n<p><a href=\"http:\/\/muzickasu.edu.rs\/index.php\/instrukcije-za-placanje\/\">INSTRUKCIJE ZA PLA\u0106ANJE<\/a><\/p>\n<p style=\"text-align: center;\">KANDIDAT KOJI NE PODNESE NAVEDENU DOKUMENTACIJU NE MO\u017dE PRISTUPITI PRIJEMNOM ISPITU<\/p>\n<p style=\"text-align: center;\">*<\/p>\n<p style=\"text-align: center;\"><strong>PODNO\u0160ENJE PREOSTALE DOKUMENTACIJE<\/strong><\/p>\n<p style=\"text-align: left;\"><strong>I \u00a0\u00a0Iz osnovne \u0161kole:<\/strong><\/p>\n<ol>\n<li style=\"text-align: left;\">Svedo\u010danstvo o zavr\u0161enom VIII razredu osnovne \u0161kole<\/li>\n<li style=\"text-align: left;\">Uverenje o obavljenom poloz\u030cenom zavrs\u030cnom ispitu<\/li>\n<li style=\"text-align: left;\">Svedoc\u030canstvo o zavrs\u030cenom osnovnom obrazovanju i vaspitanju<\/li>\n<\/ol>\n<p><strong>II \u00a0\u00a0Iz muzi\u010dke \u0161kole:<\/strong><\/p>\n<ol>\n<li style=\"text-align: left;\">Svedo\u010danstvo iz poslednjeg razreda osnovne muzi\u010dke \u0161kole<\/li>\n<li style=\"text-align: left;\">Svedo\u010danstvo o zavr\u0161enom osnovnom muzi\u010dkom obrazovanju i vaspitanju<\/li>\n<\/ol>\n<p style=\"text-align: center;\">***<\/p>\n<p>Na obrazovnom profilu <strong>muzi\u010dki saradnik-teoreti\u010dar<\/strong> pola\u017eu se slede\u0107i predmeti:<\/p>\n<ul>\n<li>diktat iz solfe\u0111a,<\/li>\n<li>usmeni ispit iz solfe\u0111a,<\/li>\n<li>test iz teorije muzike.<\/li>\n<\/ul>\n<p>Na obrazovnim profilima <strong>muzi\u010dki izvo\u0111a\u010d-klasi\u010dna muzika, muzi\u010dki izvo\u0111a\u010d-d\u017eez muzika i muzi\u010dki izvo\u0111a\u010d-tradicionalna muzika<\/strong> pola\u017eu se slede\u0107i predmeti:<\/p>\n<ul>\n<li>usmeni ispit iz solfe\u0111a sa teorijom muzike,<\/li>\n<li>glavni predmet (instrument ili pevanje).<\/li>\n<\/ul>\n<p>* U\u010denici koji pola\u017eu <span style=\"text-decoration: underline;\">prijemni ispit na dva obrazovna profila<\/span>, prijavljuju dva ispita (dva prijavna lista i uplatnice).<\/p>\n<p style=\"text-align: center;\">***<\/p>\n<p><span style=\"color: #ff00ff;\">Nakon rezultata prijemnog ispita sledi upis.<\/span><\/p>\n<p><strong>UPIS<\/strong><strong>\u00a0<\/strong><\/p>\n<p><strong>Dokumentacija za upis za redovne u\u010denike:<\/strong><\/p>\n<ol>\n<li>Prijava za upis <a href=\"http:\/\/muzickasu.edu.rs\/wp-content\/uploads\/2026\/04\/\u041f\u0420\u0418\u0408\u0410\u0412\u0410-\u0417\u0410-\u0423\u041f\u0418\u0421-24-25.pdf\">\u041f\u0420\u0418\u0408\u0410\u0412\u0410-\u0417\u0410-\u0423\u041f\u0418\u0421 \u043f\u0434\u0444 <\/a><a href=\"http:\/\/muzickasu.edu.rs\/wp-content\/uploads\/2026\/04\/\u041f\u0420\u0418\u0408\u0410\u0412\u0410-\u0417\u0410-\u0423\u041f\u0418\u0421-24-25.docx\">\u041f\u0420\u0418\u0408\u0410\u0412\u0410 \u0417\u0410 \u0423\u041f\u0418\u0421 word<\/a><em><br \/>\n<\/em><\/li>\n<li>Lekarsko uverenje o ispunjavanju zdravstvenih uslova\u00a0<em>(solo peva\u010di dodatno lekarsko uverenje otorinolaringologa-fonijatra)<\/em><\/li>\n<li>Dokaz o plac\u0301enim tro\u0161kovima upisa u iznosu od 2500,00 dinara<\/li>\n<\/ol>\n<p>***<\/p>\n<p><strong>MESE\u010cNI TRO\u0160KOVI:<\/strong><\/p>\n<p>DONATORSKI DINAR\u2026\u2026\u2026\u2026\u2026\u2026\u2026\u2026\u2026\u2026\u2026\u2026\u2026.800,00 dinara<\/p>\n<p>IZDAVANJE INSTRUMENTA\u2026\u2026\u2026\u2026\u2026\u2026\u2026\u2026\u2026\u2026\u2026\u2026\u2026\u2026\u20261000,00 dinara<\/p>\n<div>\n<h3 dir=\"ltr\"><strong>Va\u017eno obave\u0161tenje!<\/strong><\/h3>\n<h5>Muzi\u010dka \u0161kola je pre\u0161la na novi program poslovanja od 2024.godine i dobila nove ra\u010dune. Ono \u0161to je izuzetno va\u017eno jeste da ispravno popunite <b>model<\/b> i <b>poziv na broj<\/b> (odobrenje). Tako\u0111e, kao i do sada, na uplatnicu treba upisati ime i prezime deteta. Za sve dodatne informacije javite se ra\u010dunovodstvu \u0161kole.<\/h5>\n<\/div>\n<p><a href=\"http:\/\/muzickasu.edu.rs\/index.php\/instrukcije-za-placanje\/\">INSTRUKCIJE ZA PLA\u0106ANJE<\/a><\/p>\n<p><strong>*<\/strong><strong>OBAVE\u0160TENJE- UPIS U\u010cENIKA<\/strong><\/p>\n<p><strong>Donacije za tre\u0107e i svako naredno dete<\/strong>\u00a0ne napla\u0107uju se ni u osnovnoj, ni u srednjoj muzi\u010dkoj \u0161koli.<\/p>\n<p>Samohrani roditelji i roditelji dece iz osetljivih dru\u0161tvenih grupa i socijalno ugro\u017eenih porodica\u00a0<strong>mogu biti oslobo\u0111eni<\/strong>\u00a0obaveze pla\u0107anja roditeljskog dinara odlukom direktora \u0161kole, na svoj zahtev, uz koji podnose odgovaraju\u0107e dokaze.<\/p>\n<p>Roditelji\u00a0<strong>koji su oslobo\u0111eni pla\u0107anja<\/strong>\u00a0roditeljskog dinara<strong>\u00a0pla\u0107aju upis<\/strong>, \u0430\u00a0<strong>ne pla\u0107aju mese\u010dnu donaciju<\/strong>.<\/p>\n<p>Iznajmljivanje instrumenta se uvek napla\u0107uje.<\/p>\n<p>Iznajmljivanje instrumenta pla\u0107aju i oni roditelji koji su oslobo\u0111eni pla\u0107anja roditeljskog dinara.<\/p>\n<p>&nbsp;<\/p>\n<p><strong>KALENDAR AKTIVNOSTI ZA SPROVO\u0110ENJE PRIJEMNOG ISPITA I UPISA U\u010cENIKA ZA 2026\/27. \u0160KOLSKU GODINU- SREDNJA MUZI\u010cKA \u0160KOLA<\/strong><\/p>\n<p><strong>A 2026\/27-AS TAN\u00c9VRE VONATKOZ\u00d3 FELV\u00c9TELI VIZSGA \u00c9S BEIRATKOZ\u00c1S ID\u0150RENDJE\u00a0 A K\u00d6Z\u00c9PFOK\u00da ZENEISKOL\u00c1BA<\/strong><\/p>\n<p>Pogledaj <a href=\"http:\/\/muzickasu.edu.rs\/index.php\/entrance-exams\/secondary-school-of-music\/\">OVDE<\/a><\/p>\n<p>&nbsp;<\/p>","protected":false},"excerpt":{"rendered":"<p>AKO SE UPISUJETE U I razred SREDNJE MUZI\u010cKE \u0160KOLE potrebno je da pratite obave\u0161tenja ministarstva prosvete ili na\u0161e dru\u0161tvene mre\u017ee u vezi sa terminima upisa. Prvi korak je prijava kandidata za prijemni ispit ONLINE,\u00a0od 1. do 8. aprila 2026. godine, do 16h na adresi \u2013\u00a0 http:\/\/mojasrednjaskola.gov.rs\/Cir\/Pocetna\u00a0 dok se\u00a0u prostorijama \u0161kole\u00a0mo\u017eete\u2026<\/p>\n<p class=\"continue-reading-button\"> <a class=\"continue-reading-link\" href=\"https:\/\/muzickasu.edu.rs\/index.php\/entrance-exams\/secondary-school-of-music\/srpski-za-ucenike-koji-su-zavrsili-oms\/\">Nastavite sa \u010ditanjem<i class=\"crycon-right-dir\"><\/i><\/a><\/p>\n","protected":false},"author":1,"featured_media":0,"parent":256,"menu_order":1,"comment_status":"closed","ping_status":"closed","template":"","meta":{"footnotes":""},"class_list":["post-355","page","type-page","status-publish","hentry"],"_links":{"self":[{"href":"https:\/\/muzickasu.edu.rs\/index.php\/wp-json\/wp\/v2\/pages\/355","targetHints":{"allow":["GET"]}}],"collection":[{"href":"https:\/\/muzickasu.edu.rs\/index.php\/wp-json\/wp\/v2\/pages"}],"about":[{"href":"https:\/\/muzickasu.edu.rs\/index.php\/wp-json\/wp\/v2\/types\/page"}],"author":[{"embeddable":true,"href":"https:\/\/muzickasu.edu.rs\/index.php\/wp-json\/wp\/v2\/users\/1"}],"replies":[{"embeddable":true,"href":"https:\/\/muzickasu.edu.rs\/index.php\/wp-json\/wp\/v2\/comments?post=355"}],"version-history":[{"count":145,"href":"https:\/\/muzickasu.edu.rs\/index.php\/wp-json\/wp\/v2\/pages\/355\/revisions"}],"predecessor-version":[{"id":6860,"href":"https:\/\/muzickasu.edu.rs\/index.php\/wp-json\/wp\/v2\/pages\/355\/revisions\/6860"}],"up":[{"embeddable":true,"href":"https:\/\/muzickasu.edu.rs\/index.php\/wp-json\/wp\/v2\/pages\/256"}],"wp:attachment":[{"href":"https:\/\/muzickasu.edu.rs\/index.php\/wp-json\/wp\/v2\/media?parent=355"}],"curies":[{"name":"wp","href":"https:\/\/api.w.org\/{rel}","templated":true}]}}