{"id":283,"date":"2015-12-16T21:46:42","date_gmt":"2015-12-16T21:46:42","guid":{"rendered":"http:\/\/muzickasu.edu.rs\/test\/?page_id=283"},"modified":"2022-09-19T08:35:02","modified_gmt":"2022-09-19T08:35:02","slug":"expert-working-groups","status":"publish","type":"page","link":"https:\/\/muzickasu.edu.rs\/index.php\/about-school\/school-organisation\/professional-bodies\/expert-working-groups\/","title":{"rendered":"Stru\u010dni aktivi"},"content":{"rendered":"<p><strong>Stru\u010dni aktiv za razvojno planiranje<\/strong><\/p>\n<p><a href=\"http:\/\/muzickasu.edu.rs\/wp-content\/uploads\/2022\/09\/Screenshot_1.png\"><img loading=\"lazy\" decoding=\"async\" class=\"alignnone wp-image-4856 size-full\" src=\"http:\/\/muzickasu.edu.rs\/wp-content\/uploads\/2022\/09\/Screenshot_1.png\" alt=\"\" width=\"505\" height=\"169\" srcset=\"https:\/\/muzickasu.edu.rs\/wp-content\/uploads\/2022\/09\/Screenshot_1.png 505w, https:\/\/muzickasu.edu.rs\/wp-content\/uploads\/2022\/09\/Screenshot_1-300x100.png 300w, https:\/\/muzickasu.edu.rs\/wp-content\/uploads\/2022\/09\/Screenshot_1-150x50.png 150w\" sizes=\"auto, (max-width: 505px) 100vw, 505px\" \/><\/a><\/p>\n<p><a href=\"http:\/\/muzickasu.edu.rs\/wp-content\/uploads\/2015\/12\/shrp2014.pdf\">\u0160kolski razvojni plan<\/a><\/p>\n<p><strong>Stru\u010dni aktiv za razvoj \u0160kolskog programa<\/strong><\/p>\n<p><a href=\"http:\/\/muzickasu.edu.rs\/wp-content\/uploads\/2022\/09\/Screenshot_3.png\"><img loading=\"lazy\" decoding=\"async\" class=\"alignnone size-full wp-image-4857\" src=\"http:\/\/muzickasu.edu.rs\/wp-content\/uploads\/2022\/09\/Screenshot_3.png\" alt=\"\" width=\"508\" height=\"262\" srcset=\"https:\/\/muzickasu.edu.rs\/wp-content\/uploads\/2022\/09\/Screenshot_3.png 508w, https:\/\/muzickasu.edu.rs\/wp-content\/uploads\/2022\/09\/Screenshot_3-300x155.png 300w, https:\/\/muzickasu.edu.rs\/wp-content\/uploads\/2022\/09\/Screenshot_3-150x77.png 150w\" sizes=\"auto, (max-width: 508px) 100vw, 508px\" \/><\/a><\/p>\n<p><a href=\"http:\/\/muzickasu.edu.rs\/wp-content\/uploads\/2015\/12\/M\u0160-Subotica-\u0160KOLSKI-PROGRAM-ZA-2018-2022.pdf\">\u0160kolski program (2018-2022)<\/a><\/p>\n<p>&nbsp;<\/p>\n<p>&nbsp;<\/p>","protected":false},"excerpt":{"rendered":"<p>Stru\u010dni aktiv za razvojno planiranje \u0160kolski razvojni plan Stru\u010dni aktiv za razvoj \u0160kolskog programa \u0160kolski program (2018-2022) &nbsp; &nbsp;<\/p>\n<p class=\"continue-reading-button\"> <a class=\"continue-reading-link\" href=\"https:\/\/muzickasu.edu.rs\/index.php\/about-school\/school-organisation\/professional-bodies\/expert-working-groups\/\">Nastavite sa \u010ditanjem<i class=\"crycon-right-dir\"><\/i><\/a><\/p>\n","protected":false},"author":1,"featured_media":0,"parent":60,"menu_order":4,"comment_status":"closed","ping_status":"closed","template":"","meta":{"footnotes":""},"class_list":["post-283","page","type-page","status-publish","hentry"],"_links":{"self":[{"href":"https:\/\/muzickasu.edu.rs\/index.php\/wp-json\/wp\/v2\/pages\/283","targetHints":{"allow":["GET"]}}],"collection":[{"href":"https:\/\/muzickasu.edu.rs\/index.php\/wp-json\/wp\/v2\/pages"}],"about":[{"href":"https:\/\/muzickasu.edu.rs\/index.php\/wp-json\/wp\/v2\/types\/page"}],"author":[{"embeddable":true,"href":"https:\/\/muzickasu.edu.rs\/index.php\/wp-json\/wp\/v2\/users\/1"}],"replies":[{"embeddable":true,"href":"https:\/\/muzickasu.edu.rs\/index.php\/wp-json\/wp\/v2\/comments?post=283"}],"version-history":[{"count":14,"href":"https:\/\/muzickasu.edu.rs\/index.php\/wp-json\/wp\/v2\/pages\/283\/revisions"}],"predecessor-version":[{"id":4860,"href":"https:\/\/muzickasu.edu.rs\/index.php\/wp-json\/wp\/v2\/pages\/283\/revisions\/4860"}],"up":[{"embeddable":true,"href":"https:\/\/muzickasu.edu.rs\/index.php\/wp-json\/wp\/v2\/pages\/60"}],"wp:attachment":[{"href":"https:\/\/muzickasu.edu.rs\/index.php\/wp-json\/wp\/v2\/media?parent=283"}],"curies":[{"name":"wp","href":"https:\/\/api.w.org\/{rel}","templated":true}]}}