{"id":28,"date":"2015-11-08T22:22:05","date_gmt":"2015-11-08T22:22:05","guid":{"rendered":"http:\/\/localhost\/WP_muzicka\/?page_id=28"},"modified":"2026-03-11T14:21:09","modified_gmt":"2026-03-11T14:21:09","slug":"events","status":"publish","type":"page","link":"https:\/\/muzickasu.edu.rs\/index.php\/events\/","title":{"rendered":"De\u0161avanja"},"content":{"rendered":"<p><\/p>\n<p style=\"text-align: left;\"><strong>De\u0161avanja u \u0161koli mo\u017eete pogledati kroz \u010detiri kartice iz padaju\u0107eg menija:<br \/>\n<\/strong><\/p>\n<p>&#8211; <a href=\"https:\/\/muzickasu.edu.rs\/index.php\/events\/strucni-skupovi\/\">STRU\u010cNI SKUPOVI<\/a><\/p>\n<p>&#8211; <a href=\"https:\/\/muzickasu.edu.rs\/index.php\/events\/takmicenja\/\">TAKMI\u010cENJA<\/a><\/p>\n<p>&#8211; <a href=\"https:\/\/muzickasu.edu.rs\/index.php\/events\/concerts\/\">KONCERTI<\/a><\/p>\n<p>&#8211; <a href=\"https:\/\/muzickasu.edu.rs\/index.php\/events\/other\/\">LETOPIS<\/a><\/p>\n<p>&nbsp;<\/p>\n<p>&nbsp;<\/p>\n<h2 style=\"text-align: center;\"><\/h2>\n<p>&nbsp;<\/p>\n<p>&nbsp;<\/p>","protected":false},"excerpt":{"rendered":"<p>De\u0161avanja u \u0161koli mo\u017eete pogledati kroz \u010detiri kartice iz padaju\u0107eg menija: &#8211; STRU\u010cNI SKUPOVI &#8211; TAKMI\u010cENJA &#8211; KONCERTI &#8211; LETOPIS &nbsp; &nbsp; &nbsp; &nbsp;<\/p>\n<p class=\"continue-reading-button\"> <a class=\"continue-reading-link\" href=\"https:\/\/muzickasu.edu.rs\/index.php\/events\/\">Nastavite sa \u010ditanjem<i class=\"crycon-right-dir\"><\/i><\/a><\/p>\n","protected":false},"author":1,"featured_media":0,"parent":0,"menu_order":6,"comment_status":"closed","ping_status":"closed","template":"","meta":{"footnotes":""},"class_list":["post-28","page","type-page","status-publish","hentry"],"_links":{"self":[{"href":"https:\/\/muzickasu.edu.rs\/index.php\/wp-json\/wp\/v2\/pages\/28","targetHints":{"allow":["GET"]}}],"collection":[{"href":"https:\/\/muzickasu.edu.rs\/index.php\/wp-json\/wp\/v2\/pages"}],"about":[{"href":"https:\/\/muzickasu.edu.rs\/index.php\/wp-json\/wp\/v2\/types\/page"}],"author":[{"embeddable":true,"href":"https:\/\/muzickasu.edu.rs\/index.php\/wp-json\/wp\/v2\/users\/1"}],"replies":[{"embeddable":true,"href":"https:\/\/muzickasu.edu.rs\/index.php\/wp-json\/wp\/v2\/comments?post=28"}],"version-history":[{"count":44,"href":"https:\/\/muzickasu.edu.rs\/index.php\/wp-json\/wp\/v2\/pages\/28\/revisions"}],"predecessor-version":[{"id":6806,"href":"https:\/\/muzickasu.edu.rs\/index.php\/wp-json\/wp\/v2\/pages\/28\/revisions\/6806"}],"wp:attachment":[{"href":"https:\/\/muzickasu.edu.rs\/index.php\/wp-json\/wp\/v2\/media?parent=28"}],"curies":[{"name":"wp","href":"https:\/\/api.w.org\/{rel}","templated":true}]}}