{"id":258,"date":"2015-12-15T12:24:49","date_gmt":"2015-12-15T12:24:49","guid":{"rendered":"http:\/\/muzickasu.edu.rs\/test\/?page_id=258"},"modified":"2025-08-26T07:41:52","modified_gmt":"2025-08-26T07:41:52","slug":"correspondence-education","status":"publish","type":"page","link":"https:\/\/muzickasu.edu.rs\/index.php\/entrance-exams\/correspondence-education\/","title":{"rendered":"Vanredno \u0161kolovanje"},"content":{"rendered":"<p><\/p>\n<p style=\"text-align: center;\"><strong>OSNOVNA MUZI\u010cKA \u0160KOLA<br \/>\n<\/strong><\/p>\n<p style=\"text-align: left;\"><span style=\"text-decoration: underline;\">Prijemni ispit<\/span><\/p>\n<p style=\"text-align: left;\"><strong>Program prijemnog ispita &#8211; provere sposobnosti kandidata:<\/strong><br \/>\n1. jedna dec\u030cja pesmica napamet,<br \/>\n2. provera ritma,<br \/>\n3. provera muzic\u030cke memorije.<br \/>\nDetalje o prijavi i polaganju prijemnog ispita mo\u017eete prona\u0107i ovde:<br \/>\n<a href=\"http:\/\/muzickasu.edu.rs\/index.php\/entrance-exams\/elementary-school-of-music\/?lang=rs\" target=\"_blank\" rel=\"noopener noreferrer\">Prijemni ispit i upis \u2013 Osnovna muzi\u010dka \u0161kola<\/a><\/p>\n<p>Status vanrednog u\u010denika sti\u010de se upisom, a <strong>upis je obavezan za svaki razred<\/strong>. U\u010denici se upisuju pre po\u010detka \u0161kolske godine, odnosno, nakon zavr\u0161enog razreda u odre\u0111enom ispitnom roku.<\/p>\n<p>Vanredni u\u010denici snose tro\u0161kove upisa i tro\u0161kove ispita.<\/p>\n<p>&nbsp;<\/p>\n<p><strong>Dokumentacija za upis za vanredne u\u010denike:<\/strong><\/p>\n<ol>\n<li>Prijava za upis\u00a0<a href=\"http:\/\/muzickasu.edu.rs\/wp-content\/uploads\/2024\/04\/\u041f\u0420\u0418\u0408\u0410\u0412\u0410-\u0417\u0410-\u0423\u041f\u0418\u0421-24-25..pdf\">\u041f\u0420\u0418\u0408\u0410\u0412\u0410-\u0417\u0410-\u0423\u041f\u0418\u0421 24-25.<\/a><\/li>\n<li>Fotokopija bilo kog slu\u017ebenog dokumenta koji sadr\u017ei JMBG jednog od roditelja\/staratelja i u\u010denika (<strong>samo za u\u010denike koji se prvi put upisuju u na\u0161u \u0161kolu<\/strong>)<\/li>\n<li>Dokaz o plac\u0301enim tro\u0161kovima upisa u iznosu od 4500,00 dinara<\/li>\n<\/ol>\n<p>&nbsp;<\/p>\n<p>NAPOMENA: lekarsko uverenje specijaliste fonijatra \u2013 bic\u0301e potrebno samo kandidatima koji se upisuju na odsek za solo i tradicionalno pevanje.<\/p>\n<p>Cena ispita je 2000,00 dinara.<\/p>\n<p>&nbsp;<\/p>\n<p style=\"text-align: center;\"><strong>SREDNJA MUZI\u010cKA \u0160KOLA<br \/>\n<\/strong><\/p>\n<p style=\"text-align: left;\"><span style=\"text-decoration: underline;\">Prijemni ispit<\/span><br \/>\nVanredni u\u010denici srednje \u0161kole upisuju se u prvi razred isto kao i redovni u\u010denici \u2013 moraju polo\u017eiti prijemni ispit prema istom kalendaru kad i redovni u\u010denici.<\/p>\n<p style=\"text-align: left;\">Detalje o polaganju prijemnog ispita mo\u017eete prona\u0107i ovde:<br \/>\n<a href=\"http:\/\/muzickasu.edu.rs\/index.php\/entrance-exams\/secondary-school-of-music\/?lang=rs\" target=\"_blank\" rel=\"noopener noreferrer\">Prijemni ispit i upis \u2013 Srednja muzi\u010dka \u0161kola<\/a><\/p>\n<p>Upis obavezan za svaki slede\u0107i razred.<br \/>\nVanredni u\u010denici snose tro\u0161kove upisa i tro\u0161kove ispita.<\/p>\n<p>&nbsp;<\/p>\n<p><strong>Dokumentacija za upis za vanredne u\u010denike:<\/strong><\/p>\n<p>1. Prijava za upis <a href=\"http:\/\/muzickasu.edu.rs\/wp-content\/uploads\/2024\/04\/\u041f\u0420\u0418\u0408\u0410\u0412\u0410-\u0417\u0410-\u0423\u041f\u0418\u0421-24-25..pdf\">\u041f\u0420\u0418\u0408\u0410\u0412\u0410-\u0417\u0410-\u0423\u041f\u0418\u0421 24-25.<\/a><br \/>\n2. Lekarsko uverenje o ispunjavanju zdravstvenih uslova<br \/>\n3. Dokaz o plac\u0301enim tro\u0161kovima upisa u iznosu od 4500,00 dinara<\/p>\n<p>&nbsp;<\/p>\n<p>&nbsp;<\/p>\n<p><strong>TRO\u0160KOVI \u2013 VANREDNO \u0160KOLOVANJE:<\/strong><\/p>\n<p>DIFERENCIJALNI ISPIT &#8230;&#8230;&#8230;&#8230;&#8230;&#8230;&#8230;&#8230;&#8230;&#8230;&#8230;&#8230;&#8230;&#8230;..3.000,00 dinara<br \/>\nPRIJEMNI ISPIT &#8230;&#8230;&#8230;&#8230;&#8230;&#8230;&#8230;&#8230;&#8230;&#8230;&#8230;&#8230;&#8230;&#8230;&#8230;&#8230;&#8230;&#8230;&#8230; 2.000,00 dinara<br \/>\nUPIS &#8230;&#8230;&#8230;&#8230;&#8230;&#8230;&#8230;&#8230;&#8230;&#8230;&#8230;&#8230;&#8230;&#8230;&#8230;&#8230;&#8230;&#8230;&#8230;&#8230;&#8230;&#8230;&#8230;&#8230;&#8230;..4.500,00 dinara<br \/>\nISPIT-USMENI&#8230;&#8230;&#8230;&#8230;&#8230;&#8230;&#8230;&#8230;&#8230;&#8230;&#8230;&#8230;&#8230;&#8230;&#8230;&#8230;&#8230;&#8230;&#8230;&#8230;.1.000,00 dinara<br \/>\nISPIT SA PISMENIM&#8230;&#8230;&#8230;&#8230;&#8230;&#8230;&#8230;&#8230;&#8230;&#8230;&#8230;&#8230;&#8230;&#8230;&#8230;&#8230;&#8230;1.000,00 dinara<br \/>\nMATURSKI ISPIT&#8230;&#8230;&#8230;&#8230;&#8230;&#8230;&#8230;&#8230;&#8230;&#8230;&#8230;&#8230;&#8230;&#8230;&#8230;&#8230;&#8230;&#8230;..3.000,00 (maternji jezik 1.000,00 + ostalo 2.000,00 dinara)<br \/>\nNAKNADA ZA IZDAVANJE DUPLIKATA SVEDO\u010cANSTVA I DIPLOME (OM\u0160 i SM\u0160) &#8211; 1.500,00 dinara po dokumentu.<\/p>","protected":false},"excerpt":{"rendered":"<p>OSNOVNA MUZI\u010cKA \u0160KOLA Prijemni ispit Program prijemnog ispita &#8211; provere sposobnosti kandidata: 1. jedna dec\u030cja pesmica napamet, 2. provera ritma, 3. provera muzic\u030cke memorije. Detalje o prijavi i polaganju prijemnog ispita mo\u017eete prona\u0107i ovde: Prijemni ispit i upis \u2013 Osnovna muzi\u010dka \u0161kola Status vanrednog u\u010denika sti\u010de se upisom, a upis\u2026<\/p>\n<p class=\"continue-reading-button\"> <a class=\"continue-reading-link\" href=\"https:\/\/muzickasu.edu.rs\/index.php\/entrance-exams\/correspondence-education\/\">Nastavite sa \u010ditanjem<i class=\"crycon-right-dir\"><\/i><\/a><\/p>\n","protected":false},"author":1,"featured_media":0,"parent":26,"menu_order":6,"comment_status":"closed","ping_status":"closed","template":"","meta":{"footnotes":""},"class_list":["post-258","page","type-page","status-publish","hentry"],"_links":{"self":[{"href":"https:\/\/muzickasu.edu.rs\/index.php\/wp-json\/wp\/v2\/pages\/258","targetHints":{"allow":["GET"]}}],"collection":[{"href":"https:\/\/muzickasu.edu.rs\/index.php\/wp-json\/wp\/v2\/pages"}],"about":[{"href":"https:\/\/muzickasu.edu.rs\/index.php\/wp-json\/wp\/v2\/types\/page"}],"author":[{"embeddable":true,"href":"https:\/\/muzickasu.edu.rs\/index.php\/wp-json\/wp\/v2\/users\/1"}],"replies":[{"embeddable":true,"href":"https:\/\/muzickasu.edu.rs\/index.php\/wp-json\/wp\/v2\/comments?post=258"}],"version-history":[{"count":43,"href":"https:\/\/muzickasu.edu.rs\/index.php\/wp-json\/wp\/v2\/pages\/258\/revisions"}],"predecessor-version":[{"id":6575,"href":"https:\/\/muzickasu.edu.rs\/index.php\/wp-json\/wp\/v2\/pages\/258\/revisions\/6575"}],"up":[{"embeddable":true,"href":"https:\/\/muzickasu.edu.rs\/index.php\/wp-json\/wp\/v2\/pages\/26"}],"wp:attachment":[{"href":"https:\/\/muzickasu.edu.rs\/index.php\/wp-json\/wp\/v2\/media?parent=258"}],"curies":[{"name":"wp","href":"https:\/\/api.w.org\/{rel}","templated":true}]}}