{"id":256,"date":"2015-12-15T12:23:23","date_gmt":"2015-12-15T12:23:23","guid":{"rendered":"http:\/\/muzickasu.edu.rs\/test\/?page_id=256"},"modified":"2026-04-07T08:00:19","modified_gmt":"2026-04-07T08:00:19","slug":"secondary-school-of-music","status":"publish","type":"page","link":"https:\/\/muzickasu.edu.rs\/index.php\/entrance-exams\/secondary-school-of-music\/","title":{"rendered":"Srednja muzi\u010dka \u0161kola"},"content":{"rendered":"<p><\/p>\n<div dir=\"auto\">\n<p>&nbsp;<\/p>\n<p>KALENDAR AKTIVNOSTI ZA SPROVO\u0110ENJE PRIJEMNOG ISPITA I UPISA U\u010cENIKA ZA 2026\/27. \u0160KOLSKU GODINU<\/p>\n<p><strong>\u041f\u0440\u0438\u0458\u0435\u043c\u043d\u0438 \u0438\u0441\u043f\u0438\u0442\u0438 \u0443 \u043c\u0443\u0437\u0438\u0447\u043a\u0438\u043c \u0448\u043a\u043e\u043b\u0430\u043c\u0430 \u0431\u0438\u045b\u0435 \u043e\u0434\u0440\u0436\u0430\u043d\u0438\u00a0 15, 16. \u0438 17. \u043c\u0430\u0458\u0430 2026. \u0433\u043e\u0434\u0438\u043d\u0435<br \/>\n<\/strong><\/p>\n<\/div>\n<table>\n<tbody>\n<tr>\n<td width=\"130\">&nbsp;<\/p>\n<p>\u0414\u0430\u0442\u0443\u043c-\u00a0D\u00e1tum<\/td>\n<td width=\"80\">&nbsp;<\/p>\n<p>\u0412\u0440\u0435\u043c\u0435-Id\u0151<\/td>\n<td width=\"455\">&nbsp;<\/p>\n<p>\u0410\u043a\u0442\u0438\u0432\u043d\u043e\u0441\u0442 &#8211; Esem\u00e9ny<\/td>\n<\/tr>\n<tr>\n<td width=\"130\">&nbsp;<\/p>\n<p>1-8. \u0410\u041f\u0420\u0418\u041b<\/p>\n<p>2026.<\/p>\n<p>\u00c1PRILIS 1-8.<\/td>\n<td width=\"80\">&nbsp;<\/p>\n<p>08.00-24.00<\/td>\n<td width=\"455\">\u041f\u0420\u0418\u0408\u0410\u0412\u0409\u0418\u0412\u0410\u040a\u0415 \u041a\u0410\u041d\u0414\u0418\u0414\u0410\u0422\u0410 \u041f\u0420\u0415\u041a\u041e \u041f\u041e\u0420\u0422\u0410\u041b\u0410<\/p>\n<p><a href=\"http:\/\/www.mojasrednjskola.gov.rs\/\">www.mojasrednjskola.gov.rs<\/a><\/p>\n<p>A\u00a0FELV\u00c9TELIZ\u0150K\u00a0JELENTKEZ\u00c9SE\u00a0AZ\u00a0EUPRAVA\u00a0HONLAPON<\/td>\n<\/tr>\n<tr>\n<td width=\"130\">&nbsp;<\/p>\n<p>&nbsp;<\/p>\n<p>7. \u0438 8. \u0410\u041f\u0420\u0418\u041b<\/p>\n<p>2026.<\/p>\n<p>\u0423 \u0428\u041a\u041e\u041b\u0418<\/p>\n<p>\u00c1PRILIS<\/p>\n<p>&nbsp;<\/td>\n<td width=\"80\">&nbsp;<\/p>\n<p>&nbsp;<\/p>\n<p>&nbsp;<\/p>\n<p>09.00-16.00<\/td>\n<td width=\"455\">PRIJAVLJIVANJE KANDIDATA ZA PRIJEMNI ISPIT, NEPOSREDNO U SREDNJOJ \u0160KOLI (sekretarijat) KOJA SPROVODI PRIJEMNI ISPIT podno\u0161enjem obrasca prijave za polaganje prijemnog ispita i ispita za proveru znanja nivoa osnovne muzi\u010dke \u0161kole.<\/p>\n<p>A FELV\u00c9TELIZ\u0150K JELENTKEZ\u00c9SE A FELV\u00c9TELI VIZSG\u00c1RA\u00a0 K\u00d6ZVETLEN\u00dcL A K\u00d6Z\u00c9PFOK\u00da ZENEISKOL\u00c1BAN T\u00d6RT\u00c9NIK, AHOL A FELV\u00c9TELI VIZSG\u00c1T IS TESZIK \u2013 azoknak az \u0171rlapoknak a kit\u00f6lt\u00e9s\u00e9vel \u00e9s \u00e1tad\u00e1s\u00e1val, melyekkel a felv\u00e9teli vizsg\u00e1ra majd pedig a k\u00fcl\u00f6nb\u00f6zeti vizsg\u00e1ra jelentkeztek<\/td>\n<\/tr>\n<tr>\n<td width=\"130\">&nbsp;<\/p>\n<p>\u041f\u041e\u041d\u0415\u0414\u0415\u0409\u0410\u041a 11. &#8211; \u0421\u0420\u0415\u0414\u0410 13. \u041c\u0410\u0408<\/p>\n<p>2026.<\/p>\n<p>M\u00c1JUS H\u00c9TF\u0150 11. &#8211; SZERDA 13.<\/td>\n<td width=\"80\">10.00<\/td>\n<td width=\"455\">\u0418\u0421\u041f\u0418\u0422\u0418 \u0417\u0410 \u041d\u0418\u0412\u041e \u041e\u0421\u041d\u041e\u0412\u041d\u0415 \u041c\u0423\u0417\u0418\u0427\u041a\u0415 \u0428\u041a\u041e\u041b\u0415 (\u0434\u0438\u0444\u0435\u0440\u0435\u043d\u0446\u0438\u0458\u0430\u043b\u043d\u0438 \u0438\u0441\u043f\u0438\u0442) \u041f\u0420\u0415\u041c\u0410 \u0420\u0410\u0421\u041f\u041e\u0420\u0415\u0414\u0423 \u041a\u041e\u0408\u0418 \u041e\u0411\u0408\u0410\u0412\u0418 \u0428\u041a\u041e\u041b\u0410 \u0423 \u041a\u041e\u0408\u041e\u0408 \u0421\u0415 \u0421\u041f\u0420\u041e\u0412\u041e\u0414\u0418 \u0418\u0421\u041f\u0418\u0422\u0418<\/p>\n<p>1. \u0413\u043b\u0430\u0432\u043d\u0438 \u043f\u0440\u0435\u0434\u043c\u0435\u0442<\/p>\n<p>2. \u0421\u043e\u043b\u0444\u0435\u0452\u043e<\/p>\n<p>3. \u0422\u0435\u043e\u0440\u0438\u0458\u0430 \u043c\u0443\u0437\u0438\u043a\u0435<\/p>\n<p>VIZSG\u00c1K AZ \u00c1LTAL\u00c1NOS ZENEISKOL\u00c1RA VONATKOZ\u00d3AN (k\u00fcl\u00f6nb\u00f6zeti vizsga) AZ ISKOLA \u00c1LTAL KIADOTT TERV SZERINT, AMELYBEN A VIZSGA V\u00c9GRAHAJT\u00c1SRA KER\u00dcL.<\/p>\n<p>1. F\u0151tant\u00e1rgy<\/p>\n<p>2. Szolf\u00e9zs<\/p>\n<p>3. Zeneelm\u00e9let<\/td>\n<\/tr>\n<tr>\n<td width=\"130\">\u0421\u0420\u0415\u0414\u0410 13. \u041c\u0410\u0408<\/p>\n<p>2026.<\/p>\n<p>M\u00c1JUS \u00a0SZERDA 13.<\/td>\n<td width=\"80\">\u2014<\/td>\n<td width=\"455\">\u041e\u0411\u0408\u0410\u0412\u0409\u0418\u0412\u0410\u040a\u0415 \u0420\u0410\u0421\u041f\u041e\u0420\u0415\u0414\u0410 \u041f\u041e\u041b\u0410\u0413\u0410\u040a\u0410 \u041f\u0420\u0418\u0408\u0415\u041c\u041d\u0418\u0425 \u0418\u0421\u041f\u0418\u0422\u0410<\/p>\n<p>FELV\u00c9TELI VIZSGAREND K\u00d6ZZ\u00c9T\u00c9TELE<\/td>\n<\/tr>\n<tr>\n<td width=\"130\">\u041f\u0415\u0422\u0410\u041a 15. \u041c\u0410\u0408<\/p>\n<p>2026.<\/p>\n<p>M\u00c1JUS P\u00c9NTEK\u00a015.<\/td>\n<td width=\"80\">10.00 -20.00<\/td>\n<td width=\"455\"><strong>\u0413\u041b\u0410\u0412\u041d\u0418 \u041f\u0420\u0415\u0414\u041c\u0415\u0422 \u2013 <\/strong>\u0437\u0430 \u043e\u0431\u0440\u0430\u0437\u043e\u0432\u043d\u0435 \u043f\u0440\u043e\u0444\u0438\u043b\u0435 \u041c\u0443\u0437\u0438\u0447\u043a\u0438 \u0438\u0437\u0432\u043e\u0452\u0430\u0447<\/p>\n<p><strong>F\u0150T\u00c1RGY<\/strong>\u00a0&#8211;\u00a0a\u00a0Zenei\u00a0el\u0151ad\u00f3\u00a0szakosoknak<\/td>\n<\/tr>\n<tr>\n<td rowspan=\"3\" width=\"130\">&nbsp;<\/p>\n<p>&nbsp;<\/p>\n<p>\u0421\u0423\u0411\u041e\u0422\u0410 16. \u041c\u0410\u0408<\/p>\n<p>2026.<\/p>\n<p><span style=\"font-family: 'Droid Sans';\">M\u00c1JUS SZOMBAT\u00a016.\u00a0<\/span><\/td>\n<td width=\"80\">10.00<\/td>\n<td width=\"455\"><strong>\u0421\u041e\u041b\u0424\u0415\u0402\u041e &#8211; \u0437\u0430 \u043e\u0431\u0440a\u0437\u043e\u0432\u043d\u0435 \u043f\u0440\u043e\u0444\u0438\u043b\u0435 \u041c\u0443\u0437\u0438\u0447\u043a\u0438 \u0438\u0437\u0432\u043e\u0452\u0430\u0447<\/strong><\/p>\n<p><strong>SZOLF\u00c9ZS (A) a Zenei el\u0151ad\u00f3 szakosoknak<\/strong><\/td>\n<\/tr>\n<tr>\n<td width=\"80\">17.00<\/td>\n<td width=\"455\"><strong>\u0414\u0418\u041a\u0422\u0410\u0422- \u0437\u0430 \u043e\u0431\u0440\u0430\u0437\u043e\u0432\u043d\u0435 \u043f\u0440\u043e\u0444\u0438\u043b\u0435 \u041c\u0443\u0437\u0438\u0447\u043a\u0438 \u0441\u0430\u0440\u0430\u0434\u043d\u0438\u043a <\/strong><\/p>\n<p><strong> DIKTAND\u00d3\u00a0&#8211;\u00a0Zenei\u00a0munkat\u00e1rs\u00a0szakosoknak<\/strong><\/td>\n<\/tr>\n<tr>\n<td width=\"80\">18.00<\/td>\n<td width=\"455\"><strong>\u0422\u0415\u0421\u0422 \u0418\u0417 \u0422\u0415\u041e\u0420\u0418\u0408\u0415 &#8211; \u0437\u0430 \u043e\u0431\u0440\u0430\u0437\u043e\u0432\u043d\u0435 \u043f\u0440\u043e\u0444\u0438\u043b\u0435 \u041c\u0443\u0437\u0438\u0447\u043a\u0438 \u0441\u0430\u0440\u0430\u0434\u043d\u0438\u043a <\/strong><\/p>\n<p><strong>TUD\u00c1SFELM\u00c9R\u0150 ZENEELM\u00c9LETB\u0150L \u2013 Zenei munkat\u00e1rs szakosoknak<\/strong><\/td>\n<\/tr>\n<tr>\n<td width=\"130\">\u041d\u0415\u0414\u0415\u0409\u0410 17. \u041c\u0410\u0408<\/p>\n<p>2026.<\/p>\n<p>M\u00c1JUS VAS\u00c1RNAP 17.<\/td>\n<td width=\"80\">&nbsp;<\/p>\n<p>&nbsp;<\/p>\n<p>10.00 &#8211; 20.00<\/td>\n<td width=\"455\"><strong>\u0421\u041e\u041b\u0424\u0415\u0402\u041e &#8211; \u0437\u0430 \u043e\u0431\u0440\u0430\u0437\u043e\u0432\u043d\u0435 \u043f\u0440\u043e\u0444\u0438\u043b\u0435 \u041c\u0443\u0437\u0438\u0447\u043a\u0438 \u0441\u0430\u0440\u0430\u0434\u043d\u0438\u043a<br \/>\n<\/strong>\u041d\u0430\u043f\u043e\u043c\u0435\u043d\u0430: (\u0423\u0447\u0435\u043d\u0438\u0446\u0438 \u043a\u043e\u0458\u0438 \u043f\u043e\u043b\u0430\u0436\u0443 \u043f\u0440\u0438\u0458\u0435\u043c\u043d\u0438 \u043d\u0430 \u0434\u0432\u0430 \u043e\u0434\u0441\u0435\u043a\u0430 \u043f\u043e\u043b\u0430\u0436\u0443\u0441\u043e\u043b\u0444\u0435\u0452\u043e \u0438 \u0442\u0435\u043e\u0440\u0438\u0458\u0443\u043f\u043e \u043f\u0440\u043e\u0433\u0440\u0430\u043c\u0443 \u043e\u0434\u0441\u0435\u043a\u0430 \u0437\u0430 \u043c\u0443\u0437\u0438\u0447\u043a\u0443 \u0442\u0435\u043e\u0440\u0438\u0458\u0443, \u0430 \u0434\u043e\u0431\u0438\u0458\u0430\u0458\u0443 \u0431\u043e\u0434\u043e\u0432\u0435 \u0437\u0430 \u0441\u0432\u0430\u043a\u0438 \u043e\u0434\u0441\u0435\u043a \u043f\u043e\u043d\u0430\u043e\u0441\u043e\u0431)<strong>SZOLF\u00c9ZS (B) \u2013 Zenei munkat\u00e1rs szakosoknak<\/strong>Megjegyy\u00e9s: Azok a tanul\u00f3k, akik k\u00e9t szakra felv\u00e9teliznek, a szolf\u00e9zs \u00e9s a zeneelm\u00e9leti vizsg\u00e1t a zeneelm\u00e9leti szak programja\u00a0 szerint teszik, \u00e9s mindk\u00e9t szakra k\u00fcl\u00f6n pontsz\u00e1mot kapnak.<\/td>\n<\/tr>\n<tr>\n<td width=\"130\">\u0423\u0422\u041e\u0420\u0410\u041a 19. \u041c\u0410\u0408<\/p>\n<p>2026.<\/p>\n<p>M\u00c1JUS KEDD 19.<\/td>\n<td width=\"80\">\u0434\u043e 08.00<\/td>\n<td width=\"455\">\u041f\u0420\u0415\u041b\u0418\u041c\u0418\u041d\u0410\u0420\u041d\u0418 \u0420\u0415\u0417\u0423\u041b\u0422\u0410\u0422\u0418 \u041f\u0420\u0418\u0408\u0415\u041c\u041d\u0418\u0425 \u0418\u0421\u041f\u0418\u0422\u0410<\/p>\n<p>A FELV\u00c9TELI VIZSG\u00c1K EL\u0150ZETES EREDM\u00c9NYEI<\/td>\n<\/tr>\n<tr>\n<td width=\"130\">\u0423\u0422\u041e\u0420\u0410\u041a 19. \u041c\u0410\u0408<\/p>\n<p>2026.<\/p>\n<p>M\u00c1JUS KEDD 19.<\/td>\n<td width=\"80\">08.00-15.00<\/td>\n<td width=\"455\">\u041f\u041e\u0414\u041d\u041e\u0428\u0415\u040a\u0415 \u0418 \u0420\u0415\u0428\u0410\u0412\u0410\u040a\u0415 \u041f\u0420\u0418\u0413\u041e\u0412\u041e\u0420\u0410 \u0423\u0427\u0415\u041d\u0418\u041a\u0410 \u041d\u0410 \u041f\u0420\u0415\u041b\u0418\u041c\u0418\u041d\u0410\u0420\u041d\u0415 \u0420\u0415\u0417\u0423\u041b\u0422\u0410\u0422\u0415 \u041f\u0420\u0418\u0408\u0415\u041c\u041d\u041e\u0413 \u0418\u0421\u041f\u0418\u0422\u0410<\/p>\n<p>A TANUL\u00d3I FELV\u00c9TELI VIZSGA EL\u0150ZETES EREDM\u00c9NYEIR\u0150L SZ\u00d3L\u00d3 PANASZOK BENY\u00daJT\u00c1SA \u00c9S MEGOLD\u00c1SA<\/td>\n<\/tr>\n<tr>\n<td width=\"130\">\u0421\u0420\u0415\u0414\u0410 20. \u041c\u0410\u0408<\/p>\n<p>2026.<\/p>\n<p>M\u00c1JUS SZERDA\u00a020.<\/td>\n<td width=\"80\">\u0434\u043e 08.00<\/td>\n<td width=\"455\">\u041a\u041e\u041d\u0410\u0427\u041d\u0418 \u0420\u0415\u0417\u0423\u041b\u0422\u0410\u0422\u0418 \u041f\u0420\u0418\u0408\u0415\u041c\u041d\u0418\u0425 \u0418\u0421\u041f\u0418\u0422\u0410<\/p>\n<p>A FELV\u00c9TELI VIZSG\u00c1K V\u00c9GS\u0150 EREDM\u00c9NYEI<\/td>\n<\/tr>\n<tr>\n<td width=\"130\">&nbsp;<\/p>\n<p>\u0427\u0415\u0422\u0412\u0420\u0422\u0410\u041a 18. \u0408\u0423\u041d 2026.<\/p>\n<p>J\u00daNIUS<\/p>\n<p><span class=\"t286pc\">CS\u00dcT\u00d6RT\u00d6K<\/span><\/p>\n<p>18.<\/p>\n<p>&nbsp;<\/td>\n<td width=\"80\">08.00-15.00<\/td>\n<td width=\"455\">\u041f\u041e\u0414\u041d\u041e\u0428\u0415\u040a\u0415 \u041f\u0420\u0415\u041e\u0421\u0422\u0410\u041b\u0415 \u0414\u041e\u041a\u0423\u041c\u0415\u041d\u0422\u0410\u0426\u0418\u0408\u0415<\/p>\n<p>A TOV\u00c1BBI DOKUMENT\u00c1CI\u00d3K BENY\u00daJT\u00c1SA<\/td>\n<\/tr>\n<tr>\n<td width=\"130\">\u041f\u0415\u0422\u0410\u041a<\/p>\n<p>19. \u0408\u0423\u041d<\/p>\n<p>J\u00daNIUS 19.<\/p>\n<p>PENTEK<\/td>\n<td width=\"80\">\u0414\u041e 08.00<\/td>\n<td width=\"455\">\u041a\u041e\u041d\u0410\u0427\u041d\u0410 \u0420\u0410\u041d\u0413 \u041b\u0418\u0421\u0422\u0410 \u041a\u0410\u041d\u0414\u0418\u0414\u0410\u0422\u0410 \u0417\u0410 \u0423\u041f\u0418\u0421 \u0423 1. \u0420\u0410\u0417\u0420\u0415\u0414 \u0421\u0420\u0415\u0414\u040a\u0415 \u0428\u041a\u041e\u041b\u0415<\/p>\n<p>V\u00c9GS\u0150 RANGSOR A\u00a0K\u00d6Z\u00c9PISKOLA 1. OSZT\u00c1LY\u00c1BA IR\u00c1NYUL\u00d3K TANUL\u00d3K BEIRATKOZ\u00c1S\u00c1R\u00d3L<\/td>\n<\/tr>\n<tr>\n<td width=\"130\">\u041f\u041e\u041d\u0415\u0414\u0415\u0409\u0410\u041a<\/p>\n<p>22. \u0408\u0423\u041d<\/p>\n<p>J\u00daNIUS 22.<\/p>\n<p>H\u00c9TF\u0150<\/td>\n<td width=\"80\">08.00-15.00<\/td>\n<td width=\"455\">\u0423\u041f\u0418\u0421 \u0423\u0427\u0415\u041d\u0418\u041a\u0410 \u041c\u0423\u0417\u0418\u0427\u041a\u0415 \u0418 \u0411\u0410\u041b\u0415\u0422\u0421\u041a\u0415 \u0428\u041a\u041e\u041b\u0415<\/p>\n<p>A TANUL\u00d3K BEIRATKOZ\u00c1SA A ZENE- \u00c9S BALETT ISKOL\u00c1BA<\/td>\n<\/tr>\n<\/tbody>\n<\/table>\n<p style=\"text-align: center;\">**<\/p>\n<p><strong>Informacije za uc\u030cenike koji se prijavljuju na vis\u030ce odseka srednje muzic\u030cke s\u030ckole:<\/strong><\/p>\n<p>Uc\u030cenik moz\u030ce biti upisan na jedan obrazovni profil kao redovan uc\u030cenik, a na ostale obrazovne profile kao vanredni u\u010denik.<\/p>\n<p>Prilikom predaje dokumenata za prijemni ispit potrebno je predati prijavu kao i dokaz o uplati ispita, za svaki obrazovni profil posebno.<\/p>\n<p>U\u010denici koji pola\u017eu prijemni na dva obrazovna profila, pola\u017eu solfe\u0111o i teoriju po programu teoretskog odseka a dobijaju bodove za svaki odsek ponaosob.<\/p>\n<p>Prilikom upisa u\u010denik se opredeljuje koji obrazovni profil \u0107e da poha\u0111a u statusu redovnog, a koji u statusu vanrednog u\u010denika.<\/p>\n<p><span style=\"border-radius: 2px; text-indent: 20px; width: auto; padding: 0px 4px 0px 0px; text-align: center; font: bold 11px\/20px 'Helvetica Neue',Helvetica,sans-serif; color: #ffffff; background: #bd081c no-repeat scroll 3px 50% \/ 14px 14px; position: absolute; opacity: 1; z-index: 8675309; display: none; cursor: pointer;\">Ment\u00e9s<\/span><\/p>","protected":false},"excerpt":{"rendered":"<p>&nbsp; KALENDAR AKTIVNOSTI ZA SPROVO\u0110ENJE PRIJEMNOG ISPITA I UPISA U\u010cENIKA ZA 2026\/27. \u0160KOLSKU GODINU \u041f\u0440\u0438\u0458\u0435\u043c\u043d\u0438 \u0438\u0441\u043f\u0438\u0442\u0438 \u0443 \u043c\u0443\u0437\u0438\u0447\u043a\u0438\u043c \u0448\u043a\u043e\u043b\u0430\u043c\u0430 \u0431\u0438\u045b\u0435 \u043e\u0434\u0440\u0436\u0430\u043d\u0438\u00a0 15, 16. \u0438 17. \u043c\u0430\u0458\u0430 2026. \u0433\u043e\u0434\u0438\u043d\u0435 &nbsp; \u0414\u0430\u0442\u0443\u043c-\u00a0D\u00e1tum &nbsp; \u0412\u0440\u0435\u043c\u0435-Id\u0151 &nbsp; \u0410\u043a\u0442\u0438\u0432\u043d\u043e\u0441\u0442 &#8211; Esem\u00e9ny &nbsp; 1-8. \u0410\u041f\u0420\u0418\u041b 2026. \u00c1PRILIS 1-8. &nbsp; 08.00-24.00 \u041f\u0420\u0418\u0408\u0410\u0412\u0409\u0418\u0412\u0410\u040a\u0415 \u041a\u0410\u041d\u0414\u0418\u0414\u0410\u0422\u0410 \u041f\u0420\u0415\u041a\u041e \u041f\u041e\u0420\u0422\u0410\u041b\u0410 www.mojasrednjskola.gov.rs A\u00a0FELV\u00c9TELIZ\u0150K\u00a0JELENTKEZ\u00c9SE\u00a0AZ\u00a0EUPRAVA\u00a0HONLAPON\u2026<\/p>\n<p class=\"continue-reading-button\"> <a class=\"continue-reading-link\" href=\"https:\/\/muzickasu.edu.rs\/index.php\/entrance-exams\/secondary-school-of-music\/\">Nastavite sa \u010ditanjem<i class=\"crycon-right-dir\"><\/i><\/a><\/p>\n","protected":false},"author":1,"featured_media":0,"parent":26,"menu_order":5,"comment_status":"closed","ping_status":"closed","template":"","meta":{"footnotes":""},"class_list":["post-256","page","type-page","status-publish","hentry"],"_links":{"self":[{"href":"https:\/\/muzickasu.edu.rs\/index.php\/wp-json\/wp\/v2\/pages\/256","targetHints":{"allow":["GET"]}}],"collection":[{"href":"https:\/\/muzickasu.edu.rs\/index.php\/wp-json\/wp\/v2\/pages"}],"about":[{"href":"https:\/\/muzickasu.edu.rs\/index.php\/wp-json\/wp\/v2\/types\/page"}],"author":[{"embeddable":true,"href":"https:\/\/muzickasu.edu.rs\/index.php\/wp-json\/wp\/v2\/users\/1"}],"replies":[{"embeddable":true,"href":"https:\/\/muzickasu.edu.rs\/index.php\/wp-json\/wp\/v2\/comments?post=256"}],"version-history":[{"count":95,"href":"https:\/\/muzickasu.edu.rs\/index.php\/wp-json\/wp\/v2\/pages\/256\/revisions"}],"predecessor-version":[{"id":6858,"href":"https:\/\/muzickasu.edu.rs\/index.php\/wp-json\/wp\/v2\/pages\/256\/revisions\/6858"}],"up":[{"embeddable":true,"href":"https:\/\/muzickasu.edu.rs\/index.php\/wp-json\/wp\/v2\/pages\/26"}],"wp:attachment":[{"href":"https:\/\/muzickasu.edu.rs\/index.php\/wp-json\/wp\/v2\/media?parent=256"}],"curies":[{"name":"wp","href":"https:\/\/api.w.org\/{rel}","templated":true}]}}