{"id":252,"date":"2015-12-15T12:20:15","date_gmt":"2015-12-15T12:20:15","guid":{"rendered":"http:\/\/muzickasu.edu.rs\/test\/?page_id=252"},"modified":"2026-04-08T08:32:02","modified_gmt":"2026-04-08T08:32:02","slug":"elementary-school-of-music","status":"publish","type":"page","link":"https:\/\/muzickasu.edu.rs\/index.php\/entrance-exams\/elementary-school-of-music\/","title":{"rendered":"Osnovna muzi\u010dka \u0161kola"},"content":{"rendered":"<p><\/p>\n<h4><strong>PRIJEMNI ISPIT<\/strong><\/h4>\n<p><strong>Za upis u OSNOVNU MUZI\u010cKU \u0160KOLU portebno je polo\u017eiti PRIJEMNI ISPIT \u2013 proveru muzi\u010dkih sposobnosti.<\/strong><\/p>\n<p><strong>Izlo\u017ebu instrumenata<\/strong>, gde se deca mogu upoznati sa instrumentima koje mogu birati, odr\u017ea\u0107emo u dva termina 16. i 30. maja 2026. od 9 do 12h u koncertnoj sali na\u0161e \u0161kole<\/p>\n<p><strong>Prijemni ispit<\/strong> za upis u osnovnu muzi\u010dku \u0161kolu\u00a0odra\u0107e se <strong>01. i 02. juna 2026.<\/strong>\u00a0godine u u\u010dionici<strong> br.3<\/strong>.<\/p>\n<ul>\n<li>Nakon polo\u017eenog ispita u\u010denik bira instrument koji \u0107e svirati u narednoj \u0161kolskoj godini.<\/li>\n<\/ul>\n<p><strong>Program prijemnog ispita:<br \/>\n<\/strong><\/p>\n<ol>\n<li>pevanje jedne dec\u030cje pesmice po izboru,<\/li>\n<li>ponavljanje zadatog ritma tap\u0161anjem<\/li>\n<li>ponavljanje\/pevanje zadate melodije.<\/li>\n<\/ol>\n<p><strong><u>Potrebna dokumenta<\/u><\/strong><\/p>\n<p>Roditelji treba da donesu slede\u0107a dokumenata <strong>na dan polaganja prijemnog ispita<\/strong>:<\/p>\n<ol>\n<li>Formular prijave \u2013 mo\u017eete preuzeti ovde: <a href=\"http:\/\/muzickasu.edu.rs\/wp-content\/uploads\/2026\/04\/Prijava-za-I-OMS-202_-202_.pdf\">Prijava za proveru sposobnosti -I OM\u0160<\/a><\/li>\n<li>Dokaz o plac\u0301enim tro\u0161kovima prijemnog ispita u iznosu od 700,00 dinara<\/li>\n<\/ol>\n<p>&nbsp;<\/p>\n<p>*Konkurs za I razred osnovne muzi\u010dke \u0161kole je raspisan za instrumente svih odseka: gudac\u030cki, duvac\u030cki, trzac\u030cki, klavirski, odsek harmonike, tradicionalnog i solo pevanja, i orgulje.<\/p>\n<p><strong>Rezultati<\/strong> prijemnog ispita i raspored u\u010denika po instrumentima bi\u0107e objavljeni na oglasnim tablama \u0161kole\u00a0ili se interesovati na tel. 024\/553-837, ili putem e-po\u0161te &#8211; muzickasu@gmail.com<\/p>\n<p>Informacije ne mogu biti objavljene na sajtu \u0161kole na osnovu Zakona o za\u0161titi podataka o lic\u030cnosti \u2013 \u201eSlu\u017ebeni glasnik RS\u201c br. 97\/2008, 1004\/2009-dr.zakon, 68\/2012 \u2013 odluka USI 107\/2012.<\/p>\n<p><span style=\"color: #ff00ff;\"><strong>Nakon polo\u017eenog prijemnog ispita sledi UPIS<\/strong>.<\/span><\/p>\n<h4><strong><u>UPIS<\/u><\/strong><\/h4>\n<h5><strong>Upis u osnovnu <\/strong>muzi\u010dku \u0161kolu odr\u017ea\u0107e se <strong>29. i 30. juna<\/strong><em><strong> 2026. <\/strong>godine<strong> od 8 &#8211; 12 <\/strong><\/em><em>u sekretarijatu \u0161kole<\/em>.<\/h5>\n<p>U drugom upisnom roku mogu se upisati u\u010denici muzi\u010dke \u0161kole koji se jo\u0161 uvek nisu upisali, i kandidati koji polo\u017ee prijemni za harfu.<\/p>\n<p>&nbsp;<\/p>\n<p><strong>Potrebna dokumentacija za upis:<\/strong><\/p>\n<ol>\n<li>Prijava za upis uc\u030cenika (mo\u017eete preuzeti u sekretarijatu \u0161kole ili ga mo\u017eete preuzeti ovde: <a href=\"http:\/\/muzickasu.edu.rs\/wp-content\/uploads\/2026\/04\/\u041f\u0420\u0418\u0408\u0410\u0412\u0410-\u0417\u0410-\u0423\u041f\u0418\u0421.pdf\">\u041f\u0420\u0418\u0408\u0410\u0412\u0410-\u0417\u0410-\u0423\u041f\u0418\u0421<\/a><\/li>\n<li>\u0110a\u010dka knji\u017eica ili svedo\u010danstvo Muzi\u010dke \u0161kole (<strong><em>za pro\u0161logodi\u0161nje u\u010denike muzi\u010dke \u0161kole);<\/em><\/strong><\/li>\n<li>Fotokopija bilo kog slu\u017ebenog dokumenta koji sadr\u017ei JMBG jednog od roditelja\/staratelja i u\u010denika (samo za u\u010denike koji se prvi put upisuju u na\u0161u \u0161kolu)<\/li>\n<li>Dokaz o plac\u0301enim tro\u0161kovima upisa u iznosu od 2500,00 dinara<\/li>\n<\/ol>\n<p>&nbsp;<\/p>\n<p><strong>NAPOMENA:\u00a0<\/strong><strong>lekarsko uverenje specijaliste fonijatra \u2013 bic\u0301e potrebno samo kandidatima koji steknu pravo upisa na odsek za solo pevanje i tradicionalno pevanje, i nije potrebno prilo\u017eiti prilikom prijavljivanja za prijemni ispit, vec\u0301 pri upisu.<\/strong><\/p>\n<p>***<\/p>\n<p><strong>MESE\u010cNI TRO\u0160KOVI:<\/strong><\/p>\n<p>DONATORSKI DINAR\u2026\u2026\u2026\u2026\u2026\u2026\u2026\u2026\u2026\u2026\u2026\u2026\u2026.1200,00 dinara<\/p>\n<p>IZDAVANJE INSTRUMENTA\u2026\u2026\u2026\u2026\u2026\u2026\u2026\u2026\u2026\u2026\u2026\u2026\u2026\u2026\u20261000,00 dinara<\/p>\n<div>\n<h3 dir=\"ltr\" style=\"text-align: center;\"><span style=\"color: #ff0000;\"><strong>Va\u017eno obave\u0161tenje!<\/strong><\/span><\/h3>\n<h5>Muzi\u010dka \u0161kola je pre\u0161la na novi program poslovanja od 2024.godine i dobila nove ra\u010dune. Ono \u0161to je izuzetno va\u017eno jeste da ispravno popunite <b>model<\/b> i <b>poziv na broj<\/b> (odobrenje). Tako\u0111e, kao i do sada, na uplatnicu treba upisati ime i prezime deteta. Za sve dodatne informacije javite se ra\u010dunovodstvu \u0161kole.<\/h5>\n<\/div>\n<p><a href=\"https:\/\/muzickasu.edu.rs\/index.php\/instrukcije-za-placanje\/\">INSTRUKCIJE ZA PLA\u0106ANJE<\/a><\/p>\n<p><strong>*<\/strong><strong>OBAVE\u0160TENJE- UPIS U\u010cENIKA<\/strong><\/p>\n<p><strong>Donacije za tre\u0107e i svako naredno dete<\/strong>\u00a0ne napla\u0107uju se ni u osnovnoj, ni u srednjoj muzi\u010dkoj \u0161koli.<\/p>\n<p>Samohrani roditelji i roditelji dece iz osetljivih dru\u0161tvenih grupa i socijalno ugro\u017eenih porodica\u00a0<strong>mogu biti oslobo\u0111eni<\/strong>\u00a0obaveze pla\u0107anja roditeljskog dinara odlukom direktora \u0161kole, na svoj zahtev, uz koji podnose odgovaraju\u0107e dokaze.<\/p>\n<p>Roditelji\u00a0<strong>koji su oslobo\u0111eni pla\u0107anja<\/strong>\u00a0roditeljskog dinara<strong>\u00a0pla\u0107aju upis<\/strong>, \u0430\u00a0<strong>ne pla\u0107aju mese\u010dnu donaciju<\/strong>.<\/p>\n<p>Iznajmljivanje instrumenta se uvek napla\u0107uje.<\/p>\n<p>Iznajmljivanje instrumenta pla\u0107aju i oni roditelji koji su oslobo\u0111eni pla\u0107anja roditeljskog dinara.<\/p>\n<p><strong>\u00a0<\/strong><\/p>\n<p>&nbsp;<\/p>","protected":false},"excerpt":{"rendered":"<p>PRIJEMNI ISPIT Za upis u OSNOVNU MUZI\u010cKU \u0160KOLU portebno je polo\u017eiti PRIJEMNI ISPIT \u2013 proveru muzi\u010dkih sposobnosti. Izlo\u017ebu instrumenata, gde se deca mogu upoznati sa instrumentima koje mogu birati, odr\u017ea\u0107emo u dva termina 16. i 30. maja 2026. od 9 do 12h u koncertnoj sali na\u0161e \u0161kole Prijemni ispit za\u2026<\/p>\n<p class=\"continue-reading-button\"> <a class=\"continue-reading-link\" href=\"https:\/\/muzickasu.edu.rs\/index.php\/entrance-exams\/elementary-school-of-music\/\">Nastavite sa \u010ditanjem<i class=\"crycon-right-dir\"><\/i><\/a><\/p>\n","protected":false},"author":1,"featured_media":0,"parent":26,"menu_order":3,"comment_status":"closed","ping_status":"closed","template":"","meta":{"footnotes":""},"class_list":["post-252","page","type-page","status-publish","hentry"],"_links":{"self":[{"href":"https:\/\/muzickasu.edu.rs\/index.php\/wp-json\/wp\/v2\/pages\/252","targetHints":{"allow":["GET"]}}],"collection":[{"href":"https:\/\/muzickasu.edu.rs\/index.php\/wp-json\/wp\/v2\/pages"}],"about":[{"href":"https:\/\/muzickasu.edu.rs\/index.php\/wp-json\/wp\/v2\/types\/page"}],"author":[{"embeddable":true,"href":"https:\/\/muzickasu.edu.rs\/index.php\/wp-json\/wp\/v2\/users\/1"}],"replies":[{"embeddable":true,"href":"https:\/\/muzickasu.edu.rs\/index.php\/wp-json\/wp\/v2\/comments?post=252"}],"version-history":[{"count":139,"href":"https:\/\/muzickasu.edu.rs\/index.php\/wp-json\/wp\/v2\/pages\/252\/revisions"}],"predecessor-version":[{"id":6884,"href":"https:\/\/muzickasu.edu.rs\/index.php\/wp-json\/wp\/v2\/pages\/252\/revisions\/6884"}],"up":[{"embeddable":true,"href":"https:\/\/muzickasu.edu.rs\/index.php\/wp-json\/wp\/v2\/pages\/26"}],"wp:attachment":[{"href":"https:\/\/muzickasu.edu.rs\/index.php\/wp-json\/wp\/v2\/media?parent=252"}],"curies":[{"name":"wp","href":"https:\/\/api.w.org\/{rel}","templated":true}]}}