{"id":233,"date":"2015-12-15T09:50:00","date_gmt":"2015-12-15T09:50:00","guid":{"rendered":"http:\/\/muzickasu.edu.rs\/test\/?page_id=233"},"modified":"2022-10-11T13:39:33","modified_gmt":"2022-10-11T13:39:33","slug":"srpski-pomocno-tehnicko-osoblje","status":"publish","type":"page","link":"https:\/\/muzickasu.edu.rs\/index.php\/about-school\/staff\/srpski-pomocno-tehnicko-osoblje\/","title":{"rendered":"Pomo\u0107no-tehni\u010dko osoblje"},"content":{"rendered":"<h5>Beke\u0161 \u0110atkov Mirjana<br \/>\nKesegi Helena<br \/>\nMari\u010di\u0107 Jasmina<br \/>\nMali\u0107 Jelica<br \/>\n\u0160uti\u0107 Mirjana<br \/>\nVere\u0161 Magdolna<br \/>\nJuhas \u017dolt<\/h5>\n","protected":false},"excerpt":{"rendered":"<p>Beke\u0161 \u0110atkov Mirjana Kesegi Helena Mari\u010di\u0107 Jasmina Mali\u0107 Jelica \u0160uti\u0107 Mirjana Vere\u0161 Magdolna Juhas \u017dolt<\/p>\n<p class=\"continue-reading-button\"> <a class=\"continue-reading-link\" href=\"https:\/\/muzickasu.edu.rs\/index.php\/about-school\/staff\/srpski-pomocno-tehnicko-osoblje\/\">Nastavite sa \u010ditanjem<i class=\"crycon-right-dir\"><\/i><\/a><\/p>\n","protected":false},"author":1,"featured_media":0,"parent":20,"menu_order":5,"comment_status":"closed","ping_status":"closed","template":"","meta":{"footnotes":""},"class_list":["post-233","page","type-page","status-publish","hentry"],"_links":{"self":[{"href":"https:\/\/muzickasu.edu.rs\/index.php\/wp-json\/wp\/v2\/pages\/233","targetHints":{"allow":["GET"]}}],"collection":[{"href":"https:\/\/muzickasu.edu.rs\/index.php\/wp-json\/wp\/v2\/pages"}],"about":[{"href":"https:\/\/muzickasu.edu.rs\/index.php\/wp-json\/wp\/v2\/types\/page"}],"author":[{"embeddable":true,"href":"https:\/\/muzickasu.edu.rs\/index.php\/wp-json\/wp\/v2\/users\/1"}],"replies":[{"embeddable":true,"href":"https:\/\/muzickasu.edu.rs\/index.php\/wp-json\/wp\/v2\/comments?post=233"}],"version-history":[{"count":8,"href":"https:\/\/muzickasu.edu.rs\/index.php\/wp-json\/wp\/v2\/pages\/233\/revisions"}],"predecessor-version":[{"id":4906,"href":"https:\/\/muzickasu.edu.rs\/index.php\/wp-json\/wp\/v2\/pages\/233\/revisions\/4906"}],"up":[{"embeddable":true,"href":"https:\/\/muzickasu.edu.rs\/index.php\/wp-json\/wp\/v2\/pages\/20"}],"wp:attachment":[{"href":"https:\/\/muzickasu.edu.rs\/index.php\/wp-json\/wp\/v2\/media?parent=233"}],"curies":[{"name":"wp","href":"https:\/\/api.w.org\/{rel}","templated":true}]}}