{"id":205,"date":"2015-12-09T13:20:39","date_gmt":"2015-12-09T13:20:39","guid":{"rendered":"http:\/\/muzickasu.edu.rs\/test\/?page_id=205"},"modified":"2022-09-05T08:19:26","modified_gmt":"2022-09-05T08:19:26","slug":"srpski-nenastavno-osoblje","status":"publish","type":"page","link":"https:\/\/muzickasu.edu.rs\/index.php\/about-school\/staff\/srpski-nenastavno-osoblje\/","title":{"rendered":"Uprava"},"content":{"rendered":"<p>Nikoli\u0107 Dragana \u2013 direktor<\/p>\n<p>Milosavljevi\u0107 Nina \u2013 pomo\u0107nik direktora<\/p>\n<p>\u0160kobo Mirjana \u2013 pomo\u0107nik direktora<\/p>\n<p>Gu\u017evanj Lenard &#8211; pomo\u0107nik direktora<\/p>","protected":false},"excerpt":{"rendered":"<p>Nikoli\u0107 Dragana \u2013 direktor Milosavljevi\u0107 Nina \u2013 pomo\u0107nik direktora \u0160kobo Mirjana \u2013 pomo\u0107nik direktora Gu\u017evanj Lenard &#8211; pomo\u0107nik direktora<\/p>\n<p class=\"continue-reading-button\"> <a class=\"continue-reading-link\" href=\"https:\/\/muzickasu.edu.rs\/index.php\/about-school\/staff\/srpski-nenastavno-osoblje\/\">Nastavite sa \u010ditanjem<i class=\"crycon-right-dir\"><\/i><\/a><\/p>\n","protected":false},"author":1,"featured_media":0,"parent":20,"menu_order":1,"comment_status":"closed","ping_status":"closed","template":"","meta":{"footnotes":""},"class_list":["post-205","page","type-page","status-publish","hentry"],"_links":{"self":[{"href":"https:\/\/muzickasu.edu.rs\/index.php\/wp-json\/wp\/v2\/pages\/205","targetHints":{"allow":["GET"]}}],"collection":[{"href":"https:\/\/muzickasu.edu.rs\/index.php\/wp-json\/wp\/v2\/pages"}],"about":[{"href":"https:\/\/muzickasu.edu.rs\/index.php\/wp-json\/wp\/v2\/types\/page"}],"author":[{"embeddable":true,"href":"https:\/\/muzickasu.edu.rs\/index.php\/wp-json\/wp\/v2\/users\/1"}],"replies":[{"embeddable":true,"href":"https:\/\/muzickasu.edu.rs\/index.php\/wp-json\/wp\/v2\/comments?post=205"}],"version-history":[{"count":12,"href":"https:\/\/muzickasu.edu.rs\/index.php\/wp-json\/wp\/v2\/pages\/205\/revisions"}],"predecessor-version":[{"id":4822,"href":"https:\/\/muzickasu.edu.rs\/index.php\/wp-json\/wp\/v2\/pages\/205\/revisions\/4822"}],"up":[{"embeddable":true,"href":"https:\/\/muzickasu.edu.rs\/index.php\/wp-json\/wp\/v2\/pages\/20"}],"wp:attachment":[{"href":"https:\/\/muzickasu.edu.rs\/index.php\/wp-json\/wp\/v2\/media?parent=205"}],"curies":[{"name":"wp","href":"https:\/\/api.w.org\/{rel}","templated":true}]}}