{"id":180,"date":"2015-12-03T17:30:26","date_gmt":"2015-12-03T17:30:26","guid":{"rendered":"http:\/\/muzickasu.edu.rs\/test\/?page_id=180"},"modified":"2023-04-18T11:22:57","modified_gmt":"2023-04-18T11:22:57","slug":"srpski-vanredno-skolovanje","status":"publish","type":"page","link":"https:\/\/muzickasu.edu.rs\/index.php\/education\/srpski-vanredno-skolovanje\/","title":{"rendered":"Vanredno \u0161kolovanje"},"content":{"rendered":"<p><strong>Osnovna muzi\u010dka \u0161kola<\/strong><\/p>\n<p style=\"text-align: justify;\">U\u010denici mogu sticati osnovno muzi\u010dko obrazovanje i u svojstvu vanrednih u\u010denika.<\/p>\n<p style=\"text-align: justify;\">Oni pola\u017eu prijemni ispit \u2013 proveru sposobnosti, kao i redovni u\u010denici.<\/p>\n<p style=\"text-align: justify;\">Vanredni u\u010denici snose tro\u0161kove prijemnog ispita, upisa i ispita.<\/p>\n<p style=\"text-align: justify;\">Status vanrednog u\u010denika sti\u010de se upisom, a <strong>upis je obavezan za svaki razred<\/strong>. U\u010denici se upisuju pre po\u010detka \u0161kolske godine, odnosno, nakon zavr\u0161enog razreda u odre\u0111enom ispitnom roku.<\/p>\n<p style=\"text-align: justify;\">Vanredni u\u010denici ne poha\u0111aju nastavu, ali imaju pravo na konsultacije. Vanredni u\u010denik zavr\u0161ava razred polaganjem ispita iz svih predmeta odgovaraju\u0107eg razreda po planu i programu za Osnovne muzi\u010dke \u0161kole.<\/p>\n<p style=\"text-align: justify;\"><strong>Vanredni u\u010denici imaju pravo na nastupanje na javnim \u010dasovima. Oni mogu u\u010destvovati i na takmi\u010denjima, ali pre toga treba da program za takmi\u010denje odsviraju pred komisijom, koja \u0107e odlu\u010diti da li je u\u010denik zaista spreman za takmi\u010denje ili ne. <\/strong><\/p>\n<p>&nbsp;<\/p>\n<p><strong>Polaganje vanrednih ispita<\/strong><\/p>\n<p>Termini za polaganje vanrednih ispita:<\/p>\n<table width=\"614\">\n<tbody>\n<tr>\n<td width=\"213\"><strong>Ispitni rok<\/strong><\/td>\n<td width=\"203\"><strong>Prijave<\/strong><\/td>\n<td width=\"198\"><strong>Ispiti<\/strong><\/td>\n<\/tr>\n<tr>\n<td width=\"213\">januarski<\/td>\n<td width=\"203\"><\/td>\n<td width=\"198\"><\/td>\n<\/tr>\n<tr>\n<td width=\"213\">junski<\/td>\n<td width=\"203\"><\/td>\n<td width=\"198\"><\/td>\n<\/tr>\n<\/tbody>\n<\/table>\n<p>&nbsp;<\/p>\n<p><strong>Vi\u0161e o upisu <a href=\"http:\/\/muzickasu.edu.rs\/index.php\/entrance-exams\/correspondence-education\/\">OVDE<\/a><\/strong><\/p>\n<p>&nbsp;<\/p>\n<p style=\"text-align: center;\"><strong>Srednja muzi\u010dka \u0161kola<\/strong><\/p>\n<p><strong>Status redovnog i vanrednog u\u010denika u srednjoj muzi\u010dkoj \u0161koli<\/strong><\/p>\n<p style=\"text-align: justify;\">U\u010denik koji poha\u0111a srednju muzi\u010dku \u0161kolu ima svojstvo redovnog u\u010denika ako je prilikom upisivanja prvog razreda bio mla\u0111i od 17 godina.<br \/>\nVanredni u\u010denici su oni koji upisuju prvi razred srednje \u0161kole i stariji su od 17 godina. (Zakon o osnovama sistema obrazovanja i vaspitanja \u010dl. 91. st. 2.) Izuzeci su lica iz osetljivih dru\u0161tvenih grupa i sa izuzetnim sposobnostima mla\u0111i od 17 godina. Oni mogu da sti\u010du srednje obrazovanje u svojstvu vanrednog u\u010denika, ako opravdaju nemogu\u0107nost redovnog poha\u0111anja nastave, uz saglasnost ministra. (Zakon o osnovama sistema obrazovanja i vaspitanja \u010dl. 91. st. 3.)<br \/>\nRedovan u\u010denik u srednjoj muzi\u010dkoj \u0161koli mo\u017ee uporedo da poha\u0111a i drugi obrazovni profil, ali samo kao vanredan u\u010denik, uz obavezu pla\u0107anja naknade stvarnih tro\u0161kova. (Zakon o srednjem obrazovanju \u010dl. 42. st. 2.)<br \/>\nU\u010denici koji se pored srednje muzi\u010dke \u0161kole uporedo \u0161koluju i u drugoj srednjoj \u0161koli, imaju status redovnog u\u010denika u obe \u0161kole. (Zakon o srednjem obrazovanju \u010dl. 42. st. 1.)<\/p>\n<p style=\"text-align: center;\">\u266b<\/p>\n<p style=\"text-align: justify;\">Vanredni u\u010denici srednje \u0161kole upisuju se u prvi razred isto kao i redovni u\u010denici \u2013 moraju polo\u017eiti prijemni ispit prema istom kalendaru kad i redovni u\u010denici. Upis je obavezan za svaki slede\u0107i razred.<br \/>\nVanredni u\u010denici snose tro\u0161kove upisa i tro\u0161kove ispita.<br \/>\nVanredni u\u010denici ne poha\u0111aju nastavu, ali imaju pravo na konsultacije. Vanredni u\u010denik zavr\u0161ava razred polaganjem ispita iz svih predmeta odgovaraju\u0107eg razreda po planu i programu za Srednju muzi\u010dku \u0161kolu.<br \/>\nVanredni u\u010denici srednje \u0161kole imaju pravo u\u010de\u0161\u0107a na javnim \u010dasovima i takmi\u010denjima, pod istim ulovima kao i vanredni u\u010denici osnovne \u0161kole.<\/p>\n<p><strong>Polaganje vanrednih ispita<\/strong><\/p>\n<p>U jednom ispitnom roku mo\u017ee se prijaviti najvi\u0161e tri predmeta.<br \/>\nRokovi za polaganje vanrednih ispita:<\/p>\n<table>\n<tbody>\n<tr>\n<td width=\"213\"><strong>Ispitni rok<\/strong><\/td>\n<td width=\"213\"><strong>Prijava ispita<\/strong><\/td>\n<td width=\"213\"><strong>Ispiti<\/strong><\/td>\n<\/tr>\n<tr>\n<td width=\"213\">oktobarski<\/td>\n<td width=\"213\"><\/td>\n<td width=\"213\"><\/td>\n<\/tr>\n<tr>\n<td width=\"213\">februarski<\/td>\n<td width=\"213\"><\/td>\n<td width=\"213\"><\/td>\n<\/tr>\n<tr>\n<td width=\"213\">aprilski<\/td>\n<td width=\"213\"><\/td>\n<td width=\"213\"><\/td>\n<\/tr>\n<tr>\n<td width=\"213\">junski<\/td>\n<td width=\"213\"><\/td>\n<td width=\"213\"><\/td>\n<\/tr>\n<tr>\n<td width=\"213\">avgustovski<\/td>\n<td width=\"213\"><\/td>\n<td width=\"213\">o<\/td>\n<\/tr>\n<\/tbody>\n<\/table>\n<p><strong>Vi\u0161e o upisu <a href=\"http:\/\/muzickasu.edu.rs\/index.php\/entrance-exams\/correspondence-education\/\">OVDE<\/a><\/strong><\/p>\n<p>&nbsp;<\/p>\n<p>&nbsp;<\/p>","protected":false},"excerpt":{"rendered":"<p>Osnovna muzi\u010dka \u0161kola U\u010denici mogu sticati osnovno muzi\u010dko obrazovanje i u svojstvu vanrednih u\u010denika. Oni pola\u017eu prijemni ispit \u2013 proveru sposobnosti, kao i redovni u\u010denici. Vanredni u\u010denici snose tro\u0161kove prijemnog ispita, upisa i ispita. Status vanrednog u\u010denika sti\u010de se upisom, a upis je obavezan za svaki razred. U\u010denici se upisuju\u2026<\/p>\n<p class=\"continue-reading-button\"> <a class=\"continue-reading-link\" href=\"https:\/\/muzickasu.edu.rs\/index.php\/education\/srpski-vanredno-skolovanje\/\">Nastavite sa \u010ditanjem<i class=\"crycon-right-dir\"><\/i><\/a><\/p>\n","protected":false},"author":1,"featured_media":0,"parent":24,"menu_order":5,"comment_status":"closed","ping_status":"closed","template":"","meta":{"footnotes":""},"class_list":["post-180","page","type-page","status-publish","hentry"],"_links":{"self":[{"href":"https:\/\/muzickasu.edu.rs\/index.php\/wp-json\/wp\/v2\/pages\/180","targetHints":{"allow":["GET"]}}],"collection":[{"href":"https:\/\/muzickasu.edu.rs\/index.php\/wp-json\/wp\/v2\/pages"}],"about":[{"href":"https:\/\/muzickasu.edu.rs\/index.php\/wp-json\/wp\/v2\/types\/page"}],"author":[{"embeddable":true,"href":"https:\/\/muzickasu.edu.rs\/index.php\/wp-json\/wp\/v2\/users\/1"}],"replies":[{"embeddable":true,"href":"https:\/\/muzickasu.edu.rs\/index.php\/wp-json\/wp\/v2\/comments?post=180"}],"version-history":[{"count":10,"href":"https:\/\/muzickasu.edu.rs\/index.php\/wp-json\/wp\/v2\/pages\/180\/revisions"}],"predecessor-version":[{"id":5360,"href":"https:\/\/muzickasu.edu.rs\/index.php\/wp-json\/wp\/v2\/pages\/180\/revisions\/5360"}],"up":[{"embeddable":true,"href":"https:\/\/muzickasu.edu.rs\/index.php\/wp-json\/wp\/v2\/pages\/24"}],"wp:attachment":[{"href":"https:\/\/muzickasu.edu.rs\/index.php\/wp-json\/wp\/v2\/media?parent=180"}],"curies":[{"name":"wp","href":"https:\/\/api.w.org\/{rel}","templated":true}]}}