{"id":178,"date":"2015-12-03T17:29:58","date_gmt":"2015-12-03T17:29:58","guid":{"rendered":"http:\/\/muzickasu.edu.rs\/test\/?page_id=178"},"modified":"2023-03-01T14:02:57","modified_gmt":"2023-03-01T14:02:57","slug":"srpski-srednja-skola","status":"publish","type":"page","link":"https:\/\/muzickasu.edu.rs\/index.php\/education\/srpski-srednja-skola\/","title":{"rendered":"Srednja \u0161kola"},"content":{"rendered":"<p>Srednja muzi\u010dka \u0161kola traje \u010detiri godine i nudi mogu\u0107nost upisa na slede\u0107e obrazovne profile <em>(detaljniji opis mo\u017eete dobiti klikom na dati obrazovni profil):<\/em><\/p>\n<p><strong>\u00a0<\/strong><\/p>\n<p><strong>Obrazovni profil: <a href=\"http:\/\/muzickasu.edu.rs\/index.php\/education\/srpski-srednja-skola\/srpski-muzicki-izvodac-klasicne-muzike-2\/?lang=rs\">Muzi\u010dki izvo\u0111a\u010d \u2013 klasi\u010dna muzika<\/a><\/strong><\/p>\n<ul>\n<li>ODSEK VOKALNO-INSTRUMENTALNI<\/li>\n<\/ul>\n<p>Glavni predmet je INSTRUMENT ili SOLO PEVANJE.<\/p>\n<p>&nbsp;<\/p>\n<p><strong>Obrazovni profil: <a href=\"http:\/\/muzickasu.edu.rs\/index.php\/education\/srpski-srednja-skola\/srpski-muzicki-saradnik-teoreticar\/?lang=rs\">Muzi\u010dki saradnik &#8211; teoreti\u010dar<\/a><\/strong><\/p>\n<ul>\n<li>ODSEK TEORIJA MUZIKE<\/li>\n<\/ul>\n<p>Glavni predmet je SOLFE\u0110O.<\/p>\n<p>&nbsp;<\/p>\n<p><strong>Obrazovni profil: <a href=\"http:\/\/muzickasu.edu.rs\/index.php\/education\/srpski-srednja-skola\/srpski-muzicki-saradnik-etnomuzikolog-2\/?lang=rs\">Muzi\u010dki izvo\u0111a\u010d &#8211; tradicionalna muzika<\/a><\/strong><\/p>\n<ul>\n<li>ODSEK\u00a0 TRADICIONALNE MUZIKE<\/li>\n<\/ul>\n<p>Glavni predmet je TRADICIONALNO PEVANJE ili SVIRANJE.<\/p>\n<p><strong>\u00a0<\/strong><\/p>\n<p><strong>Obrazovni profil: <a href=\"http:\/\/muzickasu.edu.rs\/index.php\/education\/srpski-srednja-skola\/srpski-muzicki-izvodac-dzez-muzike\/?lang=rs\">Muzi\u010dki izvo\u0111a\u010d \u2013 d\u017eez muzika<\/a><br \/>\n<\/strong><\/p>\n<ul>\n<li>D\u017dEZ ODSEK<\/li>\n<\/ul>\n<p>Glavni predmet je INSTRUMENT (gitara, bas gitara, klavir, saksofon-klarinet, trombon, d\u017eez bubnjevi) ili D\u017dEZ PEVANJE.<\/p>","protected":false},"excerpt":{"rendered":"<p>Srednja muzi\u010dka \u0161kola traje \u010detiri godine i nudi mogu\u0107nost upisa na slede\u0107e obrazovne profile (detaljniji opis mo\u017eete dobiti klikom na dati obrazovni profil): \u00a0 Obrazovni profil: Muzi\u010dki izvo\u0111a\u010d \u2013 klasi\u010dna muzika ODSEK VOKALNO-INSTRUMENTALNI Glavni predmet je INSTRUMENT ili SOLO PEVANJE. &nbsp; Obrazovni profil: Muzi\u010dki saradnik &#8211; teoreti\u010dar ODSEK TEORIJA MUZIKE\u2026<\/p>\n<p class=\"continue-reading-button\"> <a class=\"continue-reading-link\" href=\"https:\/\/muzickasu.edu.rs\/index.php\/education\/srpski-srednja-skola\/\">Nastavite sa \u010ditanjem<i class=\"crycon-right-dir\"><\/i><\/a><\/p>\n","protected":false},"author":1,"featured_media":0,"parent":24,"menu_order":4,"comment_status":"closed","ping_status":"closed","template":"","meta":{"footnotes":""},"class_list":["post-178","page","type-page","status-publish","hentry"],"_links":{"self":[{"href":"https:\/\/muzickasu.edu.rs\/index.php\/wp-json\/wp\/v2\/pages\/178","targetHints":{"allow":["GET"]}}],"collection":[{"href":"https:\/\/muzickasu.edu.rs\/index.php\/wp-json\/wp\/v2\/pages"}],"about":[{"href":"https:\/\/muzickasu.edu.rs\/index.php\/wp-json\/wp\/v2\/types\/page"}],"author":[{"embeddable":true,"href":"https:\/\/muzickasu.edu.rs\/index.php\/wp-json\/wp\/v2\/users\/1"}],"replies":[{"embeddable":true,"href":"https:\/\/muzickasu.edu.rs\/index.php\/wp-json\/wp\/v2\/comments?post=178"}],"version-history":[{"count":30,"href":"https:\/\/muzickasu.edu.rs\/index.php\/wp-json\/wp\/v2\/pages\/178\/revisions"}],"predecessor-version":[{"id":5203,"href":"https:\/\/muzickasu.edu.rs\/index.php\/wp-json\/wp\/v2\/pages\/178\/revisions\/5203"}],"up":[{"embeddable":true,"href":"https:\/\/muzickasu.edu.rs\/index.php\/wp-json\/wp\/v2\/pages\/24"}],"wp:attachment":[{"href":"https:\/\/muzickasu.edu.rs\/index.php\/wp-json\/wp\/v2\/media?parent=178"}],"curies":[{"name":"wp","href":"https:\/\/api.w.org\/{rel}","templated":true}]}}