{"id":175,"date":"2015-12-03T17:27:39","date_gmt":"2015-12-03T17:27:39","guid":{"rendered":"http:\/\/muzickasu.edu.rs\/test\/?page_id=175"},"modified":"2024-02-14T11:08:23","modified_gmt":"2024-02-14T11:08:23","slug":"srpski-osnovna-muzicka-skola","status":"publish","type":"page","link":"https:\/\/muzickasu.edu.rs\/index.php\/education\/srpski-osnovna-muzicka-skola\/","title":{"rendered":"Osnovna muzi\u010dka \u0161kola"},"content":{"rendered":"<p>U osnovnoj muzi\u010dkoj \u0161koli, nakon polaganja provere sposobnosti, u zavisnosti od uzrasta deteta, u\u010denici mogu da se opredele za \u017eeljeni instrument ili pevanje.<\/p>\n<p style=\"text-align: center;\"><strong>OBAVEZNI ODSECI<\/strong><\/p>\n<p><strong>1.ODSEK ZA KLASI\u010cNU MUZIKU<\/strong><\/p>\n<p>U okviru \u0161estogodi\u0161njeg osnovnog muzi\u010dkog obrazovanja i vaspitanja izu\u010davaju se slede\u0107i instrumenti: <strong>violina, viola, violon\u010delo, gitara, tambura E-prim, tambura A-bas prim, klavir, harmonika, flauta, oboa, klarinet, saksofon, fagot, horna, truba, trombon i udaraljke.<\/strong><\/p>\n<p>U okviru \u010detvorogodi\u0161njeg osnovnog muzi\u010dkog obrazovanja i vaspitanja izu\u010davaju se slede\u0107i instrumenti: <strong>solo pevanje i kontrabas.<\/strong><\/p>\n<p>Detaljniji opis svakog odseka mo\u017eete na\u0107i:<\/p>\n<ul>\n<li><a href=\"http:\/\/muzickasu.edu.rs\/?p=374\">Guda\u010dki odsek: violina, viola, violon\u010delo, kontrabas<\/a><\/li>\n<li><a href=\"http:\/\/muzickasu.edu.rs\/index.php\/education\/srpski-osnovna-muzicka-skola\/srpski-duvacki-odsek\/?lang=rs\">Duva\u010dki odsek: flauta, oboa, klarinet, saksofon, fagot, horna, truba, trombon, tuba<\/a><\/li>\n<li><a href=\"http:\/\/muzickasu.edu.rs\/index.php\/education\/srpski-osnovna-muzicka-skola\/srpski-odsek-udaraljki\/?lang=rs\">Odsek udaraljki: udaraljke<\/a><\/li>\n<li><a href=\"http:\/\/muzickasu.edu.rs\/index.php\/education\/srpski-osnovna-muzicka-skola\/srpski-klavirski-odsek\/?lang=rs\">Klavirski odsek: klavir<\/a><\/li>\n<li><a href=\"http:\/\/muzickasu.edu.rs\/index.php\/education\/srpski-osnovna-muzicka-skola\/srpski-odsek-harmonike\/?lang=rs\">Odsek harmonike: harmonika<\/a><\/li>\n<li><a href=\"http:\/\/muzickasu.edu.rs\/index.php\/education\/srpski-osnovna-muzicka-skola\/srpski-trzacki-odsek\/?lang=rs\">Trza\u010dki odsek: gitara, tambura<\/a><\/li>\n<li><a href=\"http:\/\/muzickasu.edu.rs\/?p=377\">Odsek solo pevanja<\/a><\/li>\n<\/ul>\n<p>&nbsp;<\/p>\n<p><strong>2. ODSEK ZA TRADICIONALNO PEVANJE I SVIRANJE<\/strong><\/p>\n<p>Tradicionalno pevanje izu\u010dava se u okviru \u010detvorogodi\u0161njeg osnovnog muzi\u010dkog obrazovanja i vaspitanja.<\/p>\n<p>Detaljniji opis:<\/p>\n<ul>\n<li><a href=\"http:\/\/muzickasu.edu.rs\/index.php\/education\/srpski-osnovna-muzicka-skola\/srpski-odsek-za-tradicionalno-pevanje\/?lang=rs\">Tradicionalno pevanje<\/a><\/li>\n<\/ul>\n<p style=\"text-align: center;\"><strong>\u266a\u266b\u266a<\/strong><\/p>\n<p style=\"text-align: center;\"><strong>IZBOR INSTRUMENTA U ZAVISNOSTI OD UZRASTA DETETA<\/strong><\/p>\n<table width=\"686\">\n<tbody>\n<tr>\n<td width=\"225\">od <strong>9 godina<\/strong> i mla\u0111i:<\/p>\n<ul>\n<li><strong>harmonika,<\/strong><\/li>\n<li><strong>gitara,<\/strong><\/li>\n<li><strong>tambura E-prim,<\/strong><\/li>\n<li><strong>tambura A-bas prim,<\/strong><\/li>\n<li><strong>flauta,<\/strong><\/li>\n<li><strong>violina,<\/strong><\/li>\n<li><strong>violon\u010delo\u00a0<\/strong><\/li>\n<li><strong>klavir<\/strong><\/li>\n<\/ul>\n<p>&nbsp;<\/td>\n<td width=\"222\">od <strong>11 godina<\/strong> i mla\u0111i:<\/p>\n<ul>\n<li><strong>oboa,<\/strong><\/li>\n<li><strong>fagot,<\/strong><\/li>\n<li><strong>klarinet,<\/strong><\/li>\n<li><strong>saksofon,<\/strong><\/li>\n<li><strong>horna,<\/strong><\/li>\n<li><strong>truba,<\/strong><\/li>\n<li><strong>trombon,<\/strong><\/li>\n<li><strong>kontrabas,<\/strong><\/li>\n<li><strong>udaraljke<\/strong><\/li>\n<\/ul>\n<p>&nbsp;<\/td>\n<td width=\"219\">od<strong> 10<\/strong> godina i stariji:<strong><br \/>\n<\/strong><\/p>\n<ul>\n<li><strong>tradicionalno pevanje<br \/>\n<\/strong><\/li>\n<\/ul>\n<p>u\u010denik od<strong> 13 <\/strong>godina i stariji:<\/p>\n<ul>\n<li><strong>solo pevanje (\u017eenski glas) <\/strong><\/li>\n<\/ul>\n<p>u\u010denik od<strong> 16<\/strong> godina i stariji:<\/p>\n<ul>\n<li><strong>solo pevanje (mu\u0161ki glas)<\/strong><\/li>\n<\/ul>\n<p>&nbsp;<\/p>\n<p>&nbsp;<\/p>\n<p>&nbsp;<\/td>\n<\/tr>\n<\/tbody>\n<\/table>\n<p style=\"text-align: center;\"><strong>\u266a\u266b\u266a<\/strong><\/p>\n<p style=\"text-align: center;\"><strong>NASTAVNI PLAN ZA OSNOVNO MUZI\u010cKO OBRAZOVANJE I VASPITANJE<\/strong><\/p>\n<ul>\n<li>Odsek za klasi\u010dnu muziku \u2013 \u0161estogodi\u0161nje obrazovanje i vaspitanje:<\/li>\n<\/ul>\n<table style=\"height: 221px;\" width=\"986\">\n<tbody>\n<tr>\n<td width=\"231\"><strong>Predmet<\/strong><\/td>\n<td width=\"186\"><strong>Prvi ciklus (I-III razred)<\/strong><\/td>\n<td width=\"222\"><strong>Drugi ciklus (IV-VI razred)<\/strong><\/td>\n<\/tr>\n<tr>\n<td width=\"231\">Instrument<\/td>\n<td width=\"186\">2 \u010dasa nedeljno (30 min)<\/td>\n<td width=\"222\">2 \u010dasa nedeljno (45 min)<\/td>\n<\/tr>\n<tr>\n<td width=\"231\">Solfe\u0111o<\/td>\n<td width=\"186\">2 \u010dasa nedeljno (45 min)<\/td>\n<td width=\"222\">2 \u010dasa nedeljno (45 min)<\/td>\n<\/tr>\n<tr>\n<td width=\"231\">Teorija muzike<\/td>\n<td style=\"text-align: center;\" width=\"186\">&#8211;<\/td>\n<td width=\"222\">1 \u010das nedeljno u VI razredu<\/td>\n<\/tr>\n<tr>\n<td width=\"231\">Orkestar, hor, kamerna muzika<\/td>\n<td style=\"text-align: center;\" width=\"186\">&#8211;<\/td>\n<td width=\"222\">2 \u010dasa nedeljno (45 min)<\/td>\n<\/tr>\n<\/tbody>\n<\/table>\n<ul>\n<li>Odsek za klasi\u010dnu muziku \u2013 \u010detvorogodi\u0161nje obrazovanje i vaspitanje KLASI\u010cNOG INSTRUMENTA:<\/li>\n<\/ul>\n<table>\n<tbody>\n<tr>\n<td width=\"231\"><strong>Predmet<\/strong><\/td>\n<td width=\"186\"><strong>Prvi ciklus (I-II razred)<\/strong><\/td>\n<td width=\"222\"><strong>Drugi ciklus (III-IV razred)<\/strong><\/td>\n<\/tr>\n<tr>\n<td width=\"231\">Instrument<\/td>\n<td width=\"186\">2 \u010dasa nedeljno (30 min)<\/td>\n<td width=\"222\">2 \u010dasa nedeljno (45 min)<\/td>\n<\/tr>\n<tr>\n<td width=\"231\">Solfe\u0111o<\/td>\n<td width=\"186\">2 \u010dasa nedeljno (45 min)<\/td>\n<td width=\"222\">2 \u010dasa nedeljno (45 min)<\/td>\n<\/tr>\n<tr>\n<td width=\"231\">Teorija muzike<\/td>\n<td style=\"text-align: center;\" width=\"186\">&#8211;<\/td>\n<td width=\"222\">1 \u010das nedeljno (45 min) u IV razredu<\/td>\n<\/tr>\n<tr>\n<td width=\"231\">Orkestar, hor, kamerna muzika<\/td>\n<td style=\"text-align: center;\" width=\"186\">&#8211;<\/td>\n<td width=\"222\">2 \u010dasa nedeljno (45 min)<\/td>\n<\/tr>\n<\/tbody>\n<\/table>\n<ul>\n<li>Odsek za klasi\u010dnu muziku &#8211; \u010detvorogodi\u0161nje obrazovanje i vaspitanje SOLO PEVANJA:<\/li>\n<\/ul>\n<table>\n<tbody>\n<tr>\n<td width=\"231\"><strong>Predmet<\/strong><\/td>\n<td width=\"186\"><strong>Prvi ciklus (I-II razred)<\/strong><\/td>\n<td width=\"222\"><strong>Drugi ciklus (III-IV razred)<\/strong><\/td>\n<\/tr>\n<tr>\n<td width=\"231\">Solo pevanje<\/td>\n<td width=\"186\">2 \u010dasa nedeljno (30 min)<\/td>\n<td width=\"222\">2 \u010dasa nedeljno (45 min)<\/td>\n<\/tr>\n<tr>\n<td width=\"231\">Solfe\u0111o<\/td>\n<td width=\"186\">2 \u010dasa nedeljno (45 min)<\/td>\n<td width=\"222\">2 \u010dasa nedeljno (45 min)<\/td>\n<\/tr>\n<tr>\n<td width=\"231\">Teorija muzike<\/td>\n<td style=\"text-align: center;\" width=\"186\">&#8211;<\/td>\n<td width=\"222\">1 \u010das nedeljno (45 min) u IV razredu<\/td>\n<\/tr>\n<tr>\n<td width=\"231\">Uporedni klavir<\/td>\n<td width=\"186\">1 \u010das nedeljno (45 min)<\/td>\n<td width=\"222\">1 \u010das nedeljno (45 min)<\/td>\n<\/tr>\n<\/tbody>\n<\/table>\n<ul>\n<li style=\"text-align: left;\">Odsek za tradicionalno pevanje &#8211; \u010detvorogodi\u0161nje obrazovanje i vaspitanje:<\/li>\n<\/ul>\n<table>\n<tbody>\n<tr>\n<td width=\"231\"><strong>Predmet<\/strong><\/td>\n<td width=\"186\"><strong>Prvi ciklus (I-II razred)<\/strong><\/td>\n<td width=\"222\"><strong>Drugi ciklus (III-IV razred)<\/strong><\/td>\n<\/tr>\n<tr>\n<td width=\"231\">Tradicionalno pevanje<\/p>\n<p>Grupno pevanje<\/td>\n<td width=\"186\">1 \u010das nedeljno (30 min)<\/p>\n<p>1 \u010das nedeljno (30 min)<\/td>\n<td width=\"222\">1 \u010das nedeljno (45 min)<\/p>\n<p>1 \u010das nedeljno (30 min)<\/td>\n<\/tr>\n<tr>\n<td width=\"231\">Solfe\u0111o<\/td>\n<td width=\"186\">2 \u010dasa nedeljno (45 min)<\/td>\n<td width=\"222\">2 \u010dasa nedeljno (45 min)<\/td>\n<\/tr>\n<tr>\n<td width=\"231\">Teorija muzike<\/td>\n<td style=\"text-align: center;\" width=\"186\">&#8211;<\/td>\n<td width=\"222\">1 \u010das nedeljno (45 min) u IV razredu<\/td>\n<\/tr>\n<tr>\n<td width=\"231\">Uporedni klavir<\/td>\n<td width=\"186\">1 \u010das nedeljno (45 min)<\/td>\n<td width=\"222\">1 \u010das nedeljno (45 min)<\/td>\n<\/tr>\n<\/tbody>\n<\/table>\n<p style=\"text-align: center;\"><strong>\u266a\u266b\u266a<\/strong><\/p>\n<p style=\"text-align: center;\"><strong>IZBORNI ODSECI<br \/>\n<\/strong><\/p>\n<p>U\u010denici odseka klas\u010dne muzike imaju mogu\u0107nost da se opredele za jedan predmet sa Izbornih odseka, koji slu\u0161aju u okviru jednog \u010dasa nedeljeno (45 minuta).<\/p>\n<p><strong>1.ODSEK ZA D\u017dEZ MUZIKU<\/strong><\/p>\n<p>Uz klasic\u030can istrument postoji moguc\u0301nost za izborni predmet sa Odseka za d\u017eez muziku u drugom ciklusu osnovnog muzic\u030ckog obrazovanja, i to:<\/p>\n<ul>\n<li>kontrabas \u2013 u\u010denici III i IV razreda kontrabasa;<\/li>\n<li>bas gitara &#8211; u\u010denici III i IV razreda kontrabasa;<\/li>\n<li>gitara \u2013 u\u010denici V i VI razreda gitare;<\/li>\n<li>klavir \u2013 u\u010denici V i VI razreda klavira;<\/li>\n<li>saksofon \u2013 u\u010denici V i VI razreda saksofona, oboe, klarineta, fagota i flaute;<\/li>\n<li>truba \u2013 u\u010denici V i VI razreda trube;<\/li>\n<li>trombon \u2013 u\u010denici V i VI razreda trombona;<\/li>\n<li>bubnjevi \u2013 u\u010denici V i VI razreda udaraljki;<\/li>\n<li>d\u017eez pevanje &#8211; u\u010denici zavr\u0161nog razreda svih instrumenata i solo pevanja.<\/li>\n<\/ul>\n<p><strong>2. ODSEK ZA RANU MUZIKU<\/strong><\/p>\n<p>Uz klasic\u030can istrument postoji moguc\u0301nost za izborni predmet sa Odseka za ranu muziku u drugom ciklusu osnovnog muzic\u030ckog obrazovanja, i to:<\/p>\n<ul>\n<li>orgulje \u2013 u\u010denici V i VI razreda klasi\u010dne muzike.<\/li>\n<\/ul>\n<p style=\"text-align: center;\"><strong>\u00a0\u266a\u266b\u266a<\/strong><\/p>\n<p>Na osnovu Zakona o osnovnom obrazovanju i vaspitanju (\u201eSl.glasnik RS\u201c,br. 55\/2013) \u010dlan 57 stav 2 : U\u010denik koji nije zavr\u0161io prvi ciklus osnovne muzi\u010dke, odnosno osnovne baletske \u0161kole mo\u017ee da se upi\u0161e u drugi ciklus nakon polo\u017eenog ispita za proveru znanja.<\/p>","protected":false},"excerpt":{"rendered":"<p>U osnovnoj muzi\u010dkoj \u0161koli, nakon polaganja provere sposobnosti, u zavisnosti od uzrasta deteta, u\u010denici mogu da se opredele za \u017eeljeni instrument ili pevanje. OBAVEZNI ODSECI 1.ODSEK ZA KLASI\u010cNU MUZIKU U okviru \u0161estogodi\u0161njeg osnovnog muzi\u010dkog obrazovanja i vaspitanja izu\u010davaju se slede\u0107i instrumenti: violina, viola, violon\u010delo, gitara, tambura E-prim, tambura A-bas prim,\u2026<\/p>\n<p class=\"continue-reading-button\"> <a class=\"continue-reading-link\" href=\"https:\/\/muzickasu.edu.rs\/index.php\/education\/srpski-osnovna-muzicka-skola\/\">Nastavite sa \u010ditanjem<i class=\"crycon-right-dir\"><\/i><\/a><\/p>\n","protected":false},"author":1,"featured_media":0,"parent":24,"menu_order":3,"comment_status":"closed","ping_status":"closed","template":"","meta":{"footnotes":""},"class_list":["post-175","page","type-page","status-publish","hentry"],"_links":{"self":[{"href":"https:\/\/muzickasu.edu.rs\/index.php\/wp-json\/wp\/v2\/pages\/175","targetHints":{"allow":["GET"]}}],"collection":[{"href":"https:\/\/muzickasu.edu.rs\/index.php\/wp-json\/wp\/v2\/pages"}],"about":[{"href":"https:\/\/muzickasu.edu.rs\/index.php\/wp-json\/wp\/v2\/types\/page"}],"author":[{"embeddable":true,"href":"https:\/\/muzickasu.edu.rs\/index.php\/wp-json\/wp\/v2\/users\/1"}],"replies":[{"embeddable":true,"href":"https:\/\/muzickasu.edu.rs\/index.php\/wp-json\/wp\/v2\/comments?post=175"}],"version-history":[{"count":41,"href":"https:\/\/muzickasu.edu.rs\/index.php\/wp-json\/wp\/v2\/pages\/175\/revisions"}],"predecessor-version":[{"id":5785,"href":"https:\/\/muzickasu.edu.rs\/index.php\/wp-json\/wp\/v2\/pages\/175\/revisions\/5785"}],"up":[{"embeddable":true,"href":"https:\/\/muzickasu.edu.rs\/index.php\/wp-json\/wp\/v2\/pages\/24"}],"wp:attachment":[{"href":"https:\/\/muzickasu.edu.rs\/index.php\/wp-json\/wp\/v2\/media?parent=175"}],"curies":[{"name":"wp","href":"https:\/\/api.w.org\/{rel}","templated":true}]}}