{"id":171,"date":"2015-12-03T17:23:54","date_gmt":"2015-12-03T17:23:54","guid":{"rendered":"http:\/\/muzickasu.edu.rs\/test\/?page_id=171"},"modified":"2022-09-18T21:38:23","modified_gmt":"2022-09-18T21:38:23","slug":"srpski-muzicko-zabaviste","status":"publish","type":"page","link":"https:\/\/muzickasu.edu.rs\/index.php\/education\/srpski-muzicko-zabaviste\/","title":{"rendered":"Muzi\u010dko zabavi\u0161te"},"content":{"rendered":"<p><a href=\"http:\/\/muzickasu.edu.rs\/wp-content\/uploads\/2021\/02\/kindergarten-music-piano-2-gty-thg-180625_hpEmbed_3x2_992.jpg\"><img loading=\"lazy\" decoding=\"async\" class=\"size-full wp-image-4038 aligncenter\" src=\"http:\/\/muzickasu.edu.rs\/wp-content\/uploads\/2021\/02\/kindergarten-music-piano-2-gty-thg-180625_hpEmbed_3x2_992.jpg\" alt=\"\" width=\"992\" height=\"660\" srcset=\"https:\/\/muzickasu.edu.rs\/wp-content\/uploads\/2021\/02\/kindergarten-music-piano-2-gty-thg-180625_hpEmbed_3x2_992.jpg 992w, https:\/\/muzickasu.edu.rs\/wp-content\/uploads\/2021\/02\/kindergarten-music-piano-2-gty-thg-180625_hpEmbed_3x2_992-300x200.jpg 300w, https:\/\/muzickasu.edu.rs\/wp-content\/uploads\/2021\/02\/kindergarten-music-piano-2-gty-thg-180625_hpEmbed_3x2_992-768x511.jpg 768w, https:\/\/muzickasu.edu.rs\/wp-content\/uploads\/2021\/02\/kindergarten-music-piano-2-gty-thg-180625_hpEmbed_3x2_992-150x100.jpg 150w\" sizes=\"auto, (max-width: 992px) 100vw, 992px\" \/><\/a><\/p>\n<p style=\"text-align: justify;\">Muzi\u010dko zabavi\u0161te u Muzi\u010dkoj \u0161koli postoji kako bi mali\u0161ani \u010dinili svoje prve korake u svetu muzike, da im pribli\u017eimo muziku. Temeljno osmi\u0161ljenim programom, kroz brojalice, pesme i muzi\u010dke igre upoznaju se sa svetom muzike, sa osnovnim muzi\u010dkim ve\u0161tinama.<\/p>\n<p>Nastavu dr\u017ei Eva Taka\u010d.<\/p>\n<p style=\"text-align: justify;\">Upis se vr\u0161i nakon provere muzi\u010dkih sposobnosti, a broj polaznika je ograni\u010den. Muzi\u010dko zabavi\u0161te mogu da upi\u0161u deca pred\u0161kolskog uzrasta (6 godina starosti).<\/p>\n<p style=\"text-align: justify;\">Rad u muzi\u010dkom zabavi\u0161tu se odvija u grupama, dva puta nedeljno. \u010casovi traju 45 minuta.<\/p>\n<p style=\"text-align: justify;\">Nakon zavr\u0161ene godine muzi\u010dkog zabavi\u0161ta, deca nastavljaju \u0161kolovanje u I pripremnom razredu.<\/p>\n<p>&nbsp;<\/p>","protected":false},"excerpt":{"rendered":"<p>Muzi\u010dko zabavi\u0161te u Muzi\u010dkoj \u0161koli postoji kako bi mali\u0161ani \u010dinili svoje prve korake u svetu muzike, da im pribli\u017eimo muziku. Temeljno osmi\u0161ljenim programom, kroz brojalice, pesme i muzi\u010dke igre upoznaju se sa svetom muzike, sa osnovnim muzi\u010dkim ve\u0161tinama. Nastavu dr\u017ei Eva Taka\u010d. Upis se vr\u0161i nakon provere muzi\u010dkih sposobnosti, a\u2026<\/p>\n<p class=\"continue-reading-button\"> <a class=\"continue-reading-link\" href=\"https:\/\/muzickasu.edu.rs\/index.php\/education\/srpski-muzicko-zabaviste\/\">Nastavite sa \u010ditanjem<i class=\"crycon-right-dir\"><\/i><\/a><\/p>\n","protected":false},"author":1,"featured_media":0,"parent":24,"menu_order":1,"comment_status":"closed","ping_status":"closed","template":"","meta":{"footnotes":""},"class_list":["post-171","page","type-page","status-publish","hentry"],"_links":{"self":[{"href":"https:\/\/muzickasu.edu.rs\/index.php\/wp-json\/wp\/v2\/pages\/171","targetHints":{"allow":["GET"]}}],"collection":[{"href":"https:\/\/muzickasu.edu.rs\/index.php\/wp-json\/wp\/v2\/pages"}],"about":[{"href":"https:\/\/muzickasu.edu.rs\/index.php\/wp-json\/wp\/v2\/types\/page"}],"author":[{"embeddable":true,"href":"https:\/\/muzickasu.edu.rs\/index.php\/wp-json\/wp\/v2\/users\/1"}],"replies":[{"embeddable":true,"href":"https:\/\/muzickasu.edu.rs\/index.php\/wp-json\/wp\/v2\/comments?post=171"}],"version-history":[{"count":14,"href":"https:\/\/muzickasu.edu.rs\/index.php\/wp-json\/wp\/v2\/pages\/171\/revisions"}],"predecessor-version":[{"id":4848,"href":"https:\/\/muzickasu.edu.rs\/index.php\/wp-json\/wp\/v2\/pages\/171\/revisions\/4848"}],"up":[{"embeddable":true,"href":"https:\/\/muzickasu.edu.rs\/index.php\/wp-json\/wp\/v2\/pages\/24"}],"wp:attachment":[{"href":"https:\/\/muzickasu.edu.rs\/index.php\/wp-json\/wp\/v2\/media?parent=171"}],"curies":[{"name":"wp","href":"https:\/\/api.w.org\/{rel}","templated":true}]}}