{"id":908,"date":"2016-03-22T19:52:46","date_gmt":"2016-03-22T19:52:46","guid":{"rendered":"http:\/\/muzickasu.edu.rs\/?page_id=908"},"modified":"2025-06-27T07:29:47","modified_gmt":"2025-06-27T07:29:47","slug":"srpski-pripreme-za-prijemni-ispit","status":"publish","type":"page","link":"http:\/\/muzickasu.edu.rs\/index.php\/for-students\/srpski-pripreme-za-prijemni-ispit\/","title":{"rendered":"U\u010denik generacije"},"content":{"rendered":"<p><a href=\"http:\/\/muzickasu.edu.rs\/wp-content\/uploads\/2021\/06\/u\u010denik-generacije.png\"><img loading=\"lazy\" decoding=\"async\" class=\"size-full wp-image-6529 aligncenter\" src=\"http:\/\/muzickasu.edu.rs\/wp-content\/uploads\/2025\/06\/Screenshot_8-removebg-preview.png\" alt=\"\" width=\"764\" height=\"326\" srcset=\"http:\/\/muzickasu.edu.rs\/wp-content\/uploads\/2025\/06\/Screenshot_8-removebg-preview.png 764w, http:\/\/muzickasu.edu.rs\/wp-content\/uploads\/2025\/06\/Screenshot_8-removebg-preview-500x213.png 500w, http:\/\/muzickasu.edu.rs\/wp-content\/uploads\/2025\/06\/Screenshot_8-removebg-preview-150x64.png 150w\" sizes=\"auto, (max-width: 764px) 100vw, 764px\" \/><\/a><\/p>\n<p style=\"margin: 0mm; margin-bottom: .0001pt; text-align: center;\" align=\"center\"><strong>U\u010denik generacije u \u0161kolskoj 2024\/25. godini u srednjoj muzi\u010dkoj \u0161koli<\/strong><\/p>\n<p style=\"margin: 0mm; margin-bottom: .0001pt; text-align: center;\" align=\"center\"><strong>na srpskom nastavnom jeziku: <\/strong><\/p>\n<p style=\"margin: 0mm; margin-bottom: .0001pt; text-align: center;\" align=\"center\"><span class=\"x193iq5w\"><b>Sara Jovi\u0107<\/b><\/span><strong>, klasa <\/strong><span class=\"x193iq5w\"><b>Tara Glon\u010dak Karapand\u017ei\u0107<\/b><\/span><\/p>\n<p style=\"margin: 0mm; margin-bottom: .0001pt; text-align: center;\" align=\"center\"><span class=\"x193iq5w\"><b>\u00a0<\/b><\/span><\/p>\n<p style=\"margin: 0mm; margin-bottom: .0001pt; text-align: center;\" align=\"center\"><strong>U\u010denik generacije u \u0161kolskoj 2024\/25. godini u srednjoj muzi\u010dkoj \u0161koli<\/strong><\/p>\n<p style=\"margin: 0mm; margin-bottom: .0001pt; text-align: center;\" align=\"center\"><strong>na ma\u0111arskom nastavnom jeziku: <\/strong><\/p>\n<p style=\"margin: 0mm; margin-bottom: .0001pt; text-align: center;\" align=\"center\"><span class=\"x193iq5w\"><b>Juhas Leona<\/b><\/span><strong>, klasa <\/strong><span class=\"x193iq5w\"><b>Papilion Judit<\/b><\/span><\/p>\n<p style=\"margin: 0mm; margin-bottom: .0001pt; text-align: center;\" align=\"center\"><strong>U\u010denik generacije u \u0161kolskoj 2024\/25. godini u osnovnoj muzi\u010dkoj \u0161koli<\/strong><\/p>\n<p style=\"margin: 0mm; margin-bottom: .0001pt; text-align: center;\" align=\"center\"><strong>na srpskom nastavnom jeziku: <\/strong><\/p>\n<p style=\"margin: 0mm; margin-bottom: .0001pt; text-align: center;\" align=\"center\"><span class=\"x193iq5w\"><b>Marija Milanko<\/b><\/span><strong>, klasa <\/strong><span class=\"x193iq5w\"><b>Tara Glon\u010dak Karapand\u017ei\u0107<\/b><\/span><\/p>\n<p style=\"margin: 0mm; margin-bottom: .0001pt; text-align: center;\" align=\"center\"><strong>U\u010denik generacije u \u0161kolskoj 2024\/25. godini u srednjoj muzi\u010dkoj \u0161koli<\/strong><\/p>\n<p style=\"margin: 0mm; margin-bottom: .0001pt; text-align: center;\" align=\"center\"><strong>na ma\u0111arskom nastavnom jeziku: <\/strong><\/p>\n<p style=\"margin: 0mm; margin-bottom: .0001pt; text-align: center;\" align=\"center\"><span class=\"x193iq5w\"><b>Bakota \u00c1ron<\/b><\/span><strong>, klasa <\/strong><span class=\"x193iq5w\"><b>Zita Bi\u010dkei<\/b><\/span><\/p>\n<p style=\"text-align: center;\"><strong>U\u010denik generacije u \u0161kolskoj 2023\/24. godini u srednjoj muzi\u010dkoj \u0161koli:<br \/>\n<\/strong><strong>Lucija Vukov, klasa Molnar Kristina<br \/>\n<\/strong><\/p>\n<p style=\"text-align: center;\"><strong>U\u010denik generacije u \u0161kolskoj 2023\/24. godini u osnovnoj muzi\u010dkoj \u0161koli:<br \/>\n<\/strong><strong>Jovana Buha, klasa Der Andrea<br \/>\n<\/strong><\/p>\n<p style=\"text-align: center;\"><strong>U\u010denik generacije u \u0161kolskoj 2023\/24. godini u osnovnoj muzi\u010dkoj \u0161koli:<br \/>\n<\/strong><strong>Vivien Domani\u0107, klasa Lazar Kondi\u0107<br \/>\n<\/strong><\/p>\n<p style=\"text-align: center;\"><strong>U\u010denik generacije u \u0161kolskoj 2022\/23. godini u srednjoj muzi\u010dkoj \u0161koli:<br \/>\n<\/strong><strong>Katarina Ivankovi\u0107 Radakovi\u0107, klasa \u010ciko\u0161 Kristina<br \/>\n<\/strong><\/p>\n<p style=\"text-align: center;\"><strong>U\u010denik generacije u \u0161kolskoj 2022\/23. godini u osnovnoj muzi\u010dkoj \u0161koli:<br \/>\n<\/strong><strong>Jelena Popovi\u0107, klasa Mate Kristina<br \/>\n<\/strong><\/p>\n<p style=\"text-align: center;\"><strong>U\u010denik generacije u \u0161kolskoj 2021\/22. godini u srednjoj muzi\u010dkoj \u0161koli:<br \/>\n<\/strong><strong>Zveki\u0107 Danijela, klasa Emeke \u0160oti Sobonja<br \/>\n<\/strong><\/p>\n<p style=\"text-align: center;\"><strong>U\u010denik generacije u \u0161kolskoj 2021\/22. godini u osnovnoj muzi\u010dkoj \u0161koli:<br \/>\n<\/strong><strong>Jovi\u0107 Sara, klasa Tara Glon\u010dak Karapand\u017ei\u0107<br \/>\n<\/strong><\/p>\n<p style=\"text-align: center;\"><strong>U\u010denik generacije u \u0161kolskoj 2020\/21. godini u srednjoj muzi\u010dkoj \u0161koli:<br \/>\n<\/strong><strong>Mate Coli\u0107, klasa Gu\u017evanj Lenard<br \/>\n<\/strong><\/p>\n<p style=\"text-align: center;\"><strong>U\u010denik generacije u \u0161kolskoj 2020\/21. godini u osnovnoj muzi\u010dkoj \u0161koli:<br \/>\n<\/strong><strong>Jovan Tomi\u0107, klasa Papilion Judita<br \/>\n<\/strong><\/p>\n<p class=\"entry-content\" style=\"text-align: center;\"><strong>U\u010denica generacije u \u0161kolskoj 2019\/20 godini u srednjoj muzi\u010dkoj \u0161koli:<br \/>\n<\/strong><strong>Ma\u010dkovi\u0107 Ivana, klasa Sonja Berta<\/strong><\/p>\n<p style=\"text-align: center;\"><strong>U\u010denica generacije u \u0161kolskoj 2019\/20 godini u osnovnoj muzi\u010dkoj \u0161koli:<\/strong><br \/>\n<strong>Vukov Lucija, klasa Kristina Molnar<\/strong><\/p>\n<p class=\"entry-content\" style=\"text-align: center;\"><strong>U\u010denica generacije u \u0161kolskoj 2018\/19 godini u srednjoj muzi\u010dkoj \u0161koli:<br \/>\n<\/strong><strong>Matkovi\u0107 Kristina, klasa Mate Kristina<\/strong><\/p>\n<p style=\"text-align: center;\"><strong>U\u010denica generacije u \u0161kolskoj 2018\/19 godini u osnovnoj muzi\u010dkoj \u0161koli:<\/strong><br \/>\n<strong>Ana Kerleta, klasa Mirna Mirkov Stes<\/strong><\/p>\n<p class=\"entry-content\" style=\"text-align: center;\"><strong>U\u010denica generacije u \u0161kolskoj 2017\/18 godini u srednjoj muzi\u010dkoj \u0161koli:<br \/>\nBalint Anita, klasa Ildiko Biro Tirjung<br \/>\n<\/strong><\/p>\n<p style=\"text-align: center;\"><strong>U\u010denica generacije u \u0161kolskoj 2017\/18 godini u osnovnoj muzi\u010dkoj \u0161koli:<br \/>\nZveki\u0107 Danijela, klasa, Emeke \u0160oti Sobonja<br \/>\n<\/strong><\/p>\n<p><\/p>","protected":false},"excerpt":{"rendered":"<p>U\u010denik generacije u \u0161kolskoj 2024\/25. godini u srednjoj muzi\u010dkoj \u0161koli na srpskom nastavnom jeziku: Sara Jovi\u0107, klasa Tara Glon\u010dak Karapand\u017ei\u0107 \u00a0 U\u010denik generacije u \u0161kolskoj 2024\/25. godini u srednjoj muzi\u010dkoj \u0161koli na ma\u0111arskom nastavnom jeziku: Juhas Leona, klasa Papilion Judit U\u010denik generacije u \u0161kolskoj 2024\/25. godini u osnovnoj muzi\u010dkoj \u0161koli\u2026<\/p>\n<p class=\"continue-reading-button\"> <a class=\"continue-reading-link\" href=\"http:\/\/muzickasu.edu.rs\/index.php\/for-students\/srpski-pripreme-za-prijemni-ispit\/\">Nastavite sa \u010ditanjem<i class=\"crycon-right-dir\"><\/i><\/a><\/p>\n","protected":false},"author":2,"featured_media":0,"parent":220,"menu_order":1,"comment_status":"closed","ping_status":"closed","template":"","meta":{"footnotes":""},"class_list":["post-908","page","type-page","status-publish","hentry"],"_links":{"self":[{"href":"http:\/\/muzickasu.edu.rs\/index.php\/wp-json\/wp\/v2\/pages\/908","targetHints":{"allow":["GET"]}}],"collection":[{"href":"http:\/\/muzickasu.edu.rs\/index.php\/wp-json\/wp\/v2\/pages"}],"about":[{"href":"http:\/\/muzickasu.edu.rs\/index.php\/wp-json\/wp\/v2\/types\/page"}],"author":[{"embeddable":true,"href":"http:\/\/muzickasu.edu.rs\/index.php\/wp-json\/wp\/v2\/users\/2"}],"replies":[{"embeddable":true,"href":"http:\/\/muzickasu.edu.rs\/index.php\/wp-json\/wp\/v2\/comments?post=908"}],"version-history":[{"count":24,"href":"http:\/\/muzickasu.edu.rs\/index.php\/wp-json\/wp\/v2\/pages\/908\/revisions"}],"predecessor-version":[{"id":6536,"href":"http:\/\/muzickasu.edu.rs\/index.php\/wp-json\/wp\/v2\/pages\/908\/revisions\/6536"}],"up":[{"embeddable":true,"href":"http:\/\/muzickasu.edu.rs\/index.php\/wp-json\/wp\/v2\/pages\/220"}],"wp:attachment":[{"href":"http:\/\/muzickasu.edu.rs\/index.php\/wp-json\/wp\/v2\/media?parent=908"}],"curies":[{"name":"wp","href":"https:\/\/api.w.org\/{rel}","templated":true}]}}