{"id":6763,"date":"2026-03-10T14:28:42","date_gmt":"2026-03-10T14:28:42","guid":{"rendered":"https:\/\/muzickasu.edu.rs\/?page_id=6763"},"modified":"2026-03-11T14:02:14","modified_gmt":"2026-03-11T14:02:14","slug":"ponuda-smestaja","status":"publish","type":"page","link":"http:\/\/muzickasu.edu.rs\/index.php\/68-republicki-festival-zmbss\/ponuda-smestaja\/","title":{"rendered":"ponuda sme\u0161taja"},"content":{"rendered":"<p><\/p>\n<div>DOM U\u010cENIKA <a href=\"https:\/\/www.internatsu.edu.rs\/\">https:\/\/www.internatsu.edu.rs\/<\/a><\/div>\n<div>(oni mogu da primaju petak no\u0107 i subota no\u0107 <strong>8. maj i 9.maj<\/strong> kada su <strong>horovi i orkestri<\/strong>)<\/div>\n<div>Kontakt telefon: Tanja Antunovi\u0107 0642478873<\/div>\n<div><\/div>\n<div>&#8211; VILA SENT ANDREJA <a href=\"https:\/\/vilasentandreja.com\/\">https:\/\/vilasentandreja.com\/<\/a><\/div>\n<div><\/div>\n<div>&#8211; VILA MODENA <a href=\"http:\/\/vilamodena.rs\/\">http:\/\/vilamodena.rs\/<\/a><\/div>\n<div><\/div>\n<div>&#8211; STUDENTSKI DOM <a href=\"https:\/\/scsu.org.rs\/\" target=\"_blank\" rel=\"noopener\" data-saferedirecturl=\"https:\/\/www.google.com\/url?q=https:\/\/scsu.org.rs\/&amp;source=gmail&amp;ust=1773238549496000&amp;usg=AOvVaw0t2DcboZiqDWvP0oYCAR4c\">https:\/\/scsu.org.<wbr \/>rs\/<\/a><\/div>\n<div>Kontakt TELEFON: \u0110or\u0111e Mici\u0107 0692605784<\/div>\n<p><\/p>","protected":false},"excerpt":{"rendered":"<p>DOM U\u010cENIKA https:\/\/www.internatsu.edu.rs\/ (oni mogu da primaju petak no\u0107 i subota no\u0107 8. maj i 9.maj kada su horovi i orkestri) Kontakt telefon: Tanja Antunovi\u0107 0642478873 &#8211; VILA SENT ANDREJA https:\/\/vilasentandreja.com\/ &#8211; VILA MODENA http:\/\/vilamodena.rs\/ &#8211; STUDENTSKI DOM https:\/\/scsu.org.rs\/ Kontakt TELEFON: \u0110or\u0111e Mici\u0107 0692605784<\/p>\n<p class=\"continue-reading-button\"> <a class=\"continue-reading-link\" href=\"http:\/\/muzickasu.edu.rs\/index.php\/68-republicki-festival-zmbss\/ponuda-smestaja\/\">Nastavite sa \u010ditanjem<i class=\"crycon-right-dir\"><\/i><\/a><\/p>\n","protected":false},"author":1,"featured_media":0,"parent":6252,"menu_order":0,"comment_status":"closed","ping_status":"closed","template":"","meta":{"footnotes":""},"class_list":["post-6763","page","type-page","status-publish","hentry"],"_links":{"self":[{"href":"http:\/\/muzickasu.edu.rs\/index.php\/wp-json\/wp\/v2\/pages\/6763","targetHints":{"allow":["GET"]}}],"collection":[{"href":"http:\/\/muzickasu.edu.rs\/index.php\/wp-json\/wp\/v2\/pages"}],"about":[{"href":"http:\/\/muzickasu.edu.rs\/index.php\/wp-json\/wp\/v2\/types\/page"}],"author":[{"embeddable":true,"href":"http:\/\/muzickasu.edu.rs\/index.php\/wp-json\/wp\/v2\/users\/1"}],"replies":[{"embeddable":true,"href":"http:\/\/muzickasu.edu.rs\/index.php\/wp-json\/wp\/v2\/comments?post=6763"}],"version-history":[{"count":6,"href":"http:\/\/muzickasu.edu.rs\/index.php\/wp-json\/wp\/v2\/pages\/6763\/revisions"}],"predecessor-version":[{"id":6803,"href":"http:\/\/muzickasu.edu.rs\/index.php\/wp-json\/wp\/v2\/pages\/6763\/revisions\/6803"}],"up":[{"embeddable":true,"href":"http:\/\/muzickasu.edu.rs\/index.php\/wp-json\/wp\/v2\/pages\/6252"}],"wp:attachment":[{"href":"http:\/\/muzickasu.edu.rs\/index.php\/wp-json\/wp\/v2\/media?parent=6763"}],"curies":[{"name":"wp","href":"https:\/\/api.w.org\/{rel}","templated":true}]}}