{"id":6700,"date":"2026-01-13T11:51:14","date_gmt":"2026-01-13T11:51:14","guid":{"rendered":"https:\/\/muzickasu.edu.rs\/?page_id=6700"},"modified":"2026-01-15T09:26:58","modified_gmt":"2026-01-15T09:26:58","slug":"skolska-2019-20-godina","status":"publish","type":"page","link":"http:\/\/muzickasu.edu.rs\/index.php\/events\/takmicenja\/skolska-2019-20-godina\/","title":{"rendered":"\u0160kolska 2019\/20. godina"},"content":{"rendered":"<p><\/p>\n<h1>2019\/2020<\/h1>\n<p><strong>REZULTATI SA REPUBLI\u010cKOG TAKMI\u010cENJA IZ SOLFE\u0110A I TEORIJE MUZIKE<\/strong><\/p>\n<p><strong>7 I 8 DECEMBAR 2019. BEOGRAD<\/strong><\/p>\n<p><strong>SOLFE\u0110O SM\u0160<\/strong><\/p>\n<table width=\"623\">\n<tbody>\n<tr>\n<td width=\"125\">Zveki\u0107\u00a0 Danijela<\/td>\n<td width=\"125\">II A<\/td>\n<td width=\"125\"><strong>III NAGRADA<\/strong>&nbsp;<\/p>\n<p>\/87,67 bodova\/<\/td>\n<td width=\"249\">Branko Ivankovi\u0107 Radakovi\u0107<\/td>\n<\/tr>\n<tr>\n<td width=\"125\">Stokin Anastasija<\/td>\n<td width=\"125\">IVA<\/td>\n<td width=\"125\"><strong>POHVALA<\/strong>&nbsp;<\/p>\n<p>\/82 boda\/<\/td>\n<td width=\"249\">Branko Ivankovi\u0107 Radakovi\u0107<\/td>\n<\/tr>\n<tr>\n<td width=\"125\">Ma\u010dkovi\u0107\u00a0 Ivana<\/td>\n<td width=\"125\">IVA<\/td>\n<td width=\"125\"><strong>I NAGRADA<\/strong>&nbsp;<\/p>\n<p>\/100 bodova\/<\/td>\n<td width=\"249\">Branko Ivankovi\u0107 Radakovi\u0107<\/td>\n<\/tr>\n<tr>\n<td width=\"125\"><\/td>\n<td width=\"125\"><\/td>\n<td width=\"125\"><\/td>\n<td width=\"249\"><\/td>\n<\/tr>\n<\/tbody>\n<\/table>\n<p><strong>TEORIJA MUZIKE SM\u0160<\/strong><\/p>\n<table width=\"821\">\n<tbody>\n<tr>\n<td width=\"156\">Ivankovi\u0107 Radakovi\u0107 Katarina&nbsp;<\/p>\n<p>Zveki\u0107 Danijela<\/td>\n<td width=\"156\">IA&nbsp;<\/p>\n<p>IIA<\/td>\n<td width=\"156\"><strong>I NAGRADA<br \/>\n<\/strong>\/98 bodova\/<strong><br \/>\nII\u00a0<\/strong><strong>NAGRADA<br \/>\n<\/strong>\/90 bodova\/<\/td>\n<td width=\"156\">Nina Milosavljevi\u0107&nbsp;<\/p>\n<p>Nina Milosavljevi\u0107<\/td>\n<\/tr>\n<tr>\n<td width=\"156\"><\/td>\n<td width=\"156\"><\/td>\n<td width=\"156\"><\/td>\n<td width=\"156\"><\/td>\n<\/tr>\n<tr>\n<td width=\"156\">Nyers Bak\u00f3 Ram\u00f3na&nbsp;<\/p>\n<p>Jerasz Korn\u00e9l<\/td>\n<td width=\"156\">IB&nbsp;<\/p>\n<p>IIB<\/td>\n<td width=\"156\"><strong>III NAGRADA<br \/>\n<\/strong>\/85,5 bodova\/<strong><br \/>\nII\u00a0<\/strong><strong>NAGRADA<br \/>\n<\/strong>\/94 boda\/<\/td>\n<td width=\"156\">Kristina \u010ciko\u0161&nbsp;<\/p>\n<p>Kristina \u010ciko\u0161<\/td>\n<\/tr>\n<\/tbody>\n<\/table>\n<p><strong>\u00a0 \u00a0 \u00a0 \u00a0 \u00a0 \u00a0<\/strong>\u00a0 <strong>\u00a0 \u00a0 \u00a0 \u00a0\u00a0<\/strong><\/p>\n<p>&nbsp;<\/p>\n<p><strong>TEORIJA MUZIKE OM\u0160<\/strong><\/p>\n<table>\n<tbody>\n<tr>\n<td width=\"156\">Juh\u00e1sz Leona<\/td>\n<td width=\"156\">V NI\u017dI<\/td>\n<td width=\"156\"><strong>I NAGRADA <\/strong>\/99 bodova\/<\/td>\n<td width=\"156\">Nata\u0161a Kostadinovi\u0107<\/td>\n<\/tr>\n<tr>\n<td width=\"156\"><\/td>\n<td width=\"156\"><\/td>\n<td width=\"156\"><\/td>\n<td width=\"156\"><\/td>\n<\/tr>\n<tr>\n<td width=\"156\">Maja Milovi\u0107&nbsp;<\/p>\n<p>&nbsp;<\/p>\n<p>Jelena Kosi\u0107<\/p>\n<p>&nbsp;<\/p>\n<p>Lucia Vukov<\/td>\n<td width=\"156\">VI NI\u017dI&nbsp;<\/p>\n<p>&nbsp;<\/p>\n<p>VI NI\u017dI<\/p>\n<p>&nbsp;<\/p>\n<p>VI NI\u017dI<\/td>\n<td width=\"156\"><strong>I NAGRADA<\/strong>&nbsp;<\/p>\n<p>\/99 bodova\/<\/p>\n<p><strong>I NAGRADA<\/strong><\/p>\n<p>\/95 bodova\/<\/p>\n<p><strong>POHVALA<br \/>\n<\/strong>\/63 boda\/<\/p>\n<p>&nbsp;<\/td>\n<td width=\"156\">Melanija Jak\u0161i\u0107&nbsp;<\/p>\n<p>&nbsp;<\/p>\n<p>Melanija Jak\u0161i\u0107<\/p>\n<p>&nbsp;<\/p>\n<p>Melanija Jak\u0161i\u0107<\/td>\n<\/tr>\n<\/tbody>\n<\/table>\n<h1>\u00a0Ostala takmi\u010denja 2019\/2020<\/h1>\n<table width=\"993\">\n<tbody>\n<tr>\n<td width=\"25\"><\/td>\n<td width=\"171\">Ime i prezime<\/td>\n<td width=\"345\">ime takmi\u010denja<\/td>\n<td width=\"113\">mesto<\/td>\n<td width=\"66\">razred<\/td>\n<td width=\"165\">profesor-mentor<\/td>\n<td width=\"108\">korepetitor<\/td>\n<\/tr>\n<tr>\n<td>1.<\/td>\n<td>Ivan Ivankovi\u0107 Radak<\/td>\n<td>okru\u017eno takmi\u010denje u atletici- 100m<\/td>\n<td>4<\/td>\n<td>III SM\u0160<\/td>\n<td width=\"165\">Vladimir Katan\u010di\u0107<br \/>\nDejan Vukovi\u0107<\/td>\n<td><\/td>\n<\/tr>\n<tr>\n<td>2.<\/td>\n<td>\u017darko Pribakovi\u0107<\/td>\n<td>okru\u017eno takmi\u010denje u atletici-400m<\/td>\n<td>5<\/td>\n<td>III SM\u0160<\/td>\n<td width=\"165\">Vladimir Katan\u010di\u0107<br \/>\nDejan Vukovi\u0107<\/td>\n<td><\/td>\n<\/tr>\n<tr>\n<td>3.<\/td>\n<td>Marko Grmi\u0107<\/td>\n<td>okru\u017eno takmi\u010denje u atletici-1000m<\/td>\n<td>8<\/td>\n<td>IV SM\u0160<\/td>\n<td width=\"165\">Vladimir Katan\u010di\u0107<br \/>\nDejan Vukovi\u0107<\/td>\n<td><\/td>\n<\/tr>\n<tr>\n<td>4.<\/td>\n<td>Zveki\u0107 Pavle<\/td>\n<td>skok u dalj<\/td>\n<td>2<\/td>\n<td>IV SM\u0160<\/td>\n<td width=\"165\">Vladimir Katan\u010di\u0107<br \/>\nDejan Vukovi\u0107<\/td>\n<td><\/td>\n<\/tr>\n<tr>\n<td>5.<\/td>\n<td>Aleksandar Na\u0111<\/td>\n<td>skok u dalj<\/td>\n<td>4<\/td>\n<td>II SM\u0160<\/td>\n<td width=\"165\">Vladimir Katan\u010di\u0107<br \/>\nDejan Vukovi\u0107<\/td>\n<td><\/td>\n<\/tr>\n<tr>\n<td>6.<\/td>\n<td>I\u0161tvan Saka\u010d<\/td>\n<td>skok u vis<\/td>\n<td>2<\/td>\n<td>II SM\u0160<\/td>\n<td width=\"165\">Vladimir Katan\u010di\u0107<br \/>\nDejan Vukovi\u0107<\/td>\n<td><\/td>\n<\/tr>\n<tr>\n<td>7.<\/td>\n<td>Milo\u0161 Jovanovi\u0107<\/td>\n<td>bacanje kugle<\/td>\n<td>4<\/td>\n<td>III SM\u0160<\/td>\n<td width=\"165\">Vladimir Katan\u010di\u0107<br \/>\nDejan Vukovi\u0107<\/td>\n<td><\/td>\n<\/tr>\n<tr>\n<td>8.<\/td>\n<td width=\"171\">Aleksandar Na\u0111,<br \/>\nIvan Ivankovi\u0107 Radak,<br \/>\nPavle Zveki\u0107, Milo\u0161 Jovanovi\u0107<\/td>\n<td>\u0161tafeta 4x100m<\/td>\n<td>3<\/td>\n<td><\/td>\n<td width=\"165\">Vladimir Katan\u010di\u0107<br \/>\nDejan Vukovi\u0107<\/td>\n<td><\/td>\n<\/tr>\n<tr>\n<td>9.<\/td>\n<td>Anja Gale\u0161ev<\/td>\n<td>okru\u017eno takmi\u010denje u atletici \u2013 100 m<\/td>\n<td>7<\/td>\n<td>II SM\u0160<\/td>\n<td width=\"165\">Vladimir Katan\u010di\u0107<br \/>\nDejan Vukovi\u0107<\/td>\n<td><\/td>\n<\/tr>\n<tr>\n<td>10.<\/td>\n<td>Katarina \u017divanovi\u0107<\/td>\n<td>okru\u017eno takmi\u010denje u atletici-400m<\/td>\n<td>6<\/td>\n<td>III SM\u0160<\/td>\n<td width=\"165\">Vladimir Katan\u010di\u0107<br \/>\nDejan Vukovi\u0107<\/td>\n<td><\/td>\n<\/tr>\n<tr>\n<td>11.<\/td>\n<td>Anastasija Stokin<\/td>\n<td>skok u dalj<\/td>\n<td>3<\/td>\n<td>IV SM\u0160<\/td>\n<td width=\"165\">Vladimir Katan\u010di\u0107<br \/>\nDejan Vukovi\u0107<\/td>\n<td><\/td>\n<\/tr>\n<tr>\n<td>12.<\/td>\n<td>Dora Mako<\/td>\n<td>bacanje kugle<\/td>\n<td>2<\/td>\n<td>I SM\u0160<\/td>\n<td width=\"165\">Vladimir Katan\u010di\u0107<br \/>\nDejan Vukovi\u0107<\/td>\n<td><\/td>\n<\/tr>\n<tr>\n<td>13.<\/td>\n<td>Anja Gale\u0161ev<\/td>\n<td>Smotra muzi\u010dkih talenata Srbije<\/td>\n<td>5<\/td>\n<td>II SM\u0160<\/td>\n<td>Tamara Markovi\u0107<\/td>\n<td>Nemet \u0110er\u0111<\/td>\n<\/tr>\n<tr>\n<td>14.<\/td>\n<td>Virag Reka<\/td>\n<td>Szarvas Gabor Nyelvmuvel Napok<\/td>\n<td>pohvala<\/td>\n<td><\/td>\n<td>Atila Varga<\/td>\n<td><\/td>\n<\/tr>\n<tr>\n<td>15.<\/td>\n<td>Toth Zsuzsana<\/td>\n<td><\/td>\n<td>posebna nagrada<\/td>\n<td>II SM\u0160<\/td>\n<td>Atila Varga<\/td>\n<td><\/td>\n<\/tr>\n<tr>\n<td>16.<\/td>\n<td>Bagi Lea<\/td>\n<td>Kodaly Zoltan Muvelodesi Egyesulet<\/td>\n<td>posebna nagrada<\/td>\n<td>I SM\u0160<\/td>\n<td>Atila Varga<\/td>\n<td><\/td>\n<\/tr>\n<tr>\n<td>17.<\/td>\n<td>Sara Jovi\u0107<\/td>\n<td>Pokrajinski sekretarijat- najuspe\u0161niji daroviti u\u010denici<\/td>\n<td><\/td>\n<td>IV OM\u0160<\/td>\n<td>Tara Glon\u010dak Karapand\u017ei\u0107<\/td>\n<td><\/td>\n<\/tr>\n<tr>\n<td>18.<\/td>\n<td>Mirela Vere\u0161<\/td>\n<td>Srpska tradicionalna pesma \u2013 Mladenovac<\/td>\n<td>1<\/td>\n<td>I SM\u0160<\/td>\n<td>Tamara \u0160tricki Seg<\/td>\n<td><\/td>\n<\/tr>\n<tr>\n<td>19.<\/td>\n<td>Stefana Lazi\u0107<\/td>\n<td>Srpska tradicionalna pesma \u2013 Mladenovac<\/td>\n<td>1<\/td>\n<td>II SM\u0160<\/td>\n<td>Tamara \u0160tricki Seg<\/td>\n<td><\/td>\n<\/tr>\n<tr>\n<td>20.<\/td>\n<td>Dora Mako<\/td>\n<td>Srpska tradicionalna pesma \u2013 Mladenovac<\/td>\n<td>laureat<\/td>\n<td>I SM\u0160<\/td>\n<td>Tamara \u0160tricki Seg<\/td>\n<td><\/td>\n<\/tr>\n<tr>\n<td>21.<\/td>\n<td>Sara Jovi\u0107<\/td>\n<td width=\"345\">6. me\u0111unarodno takmi\u010denje pijanista Bela Bartok<br \/>\nu Gracu<\/td>\n<td>7<\/td>\n<td>IV OM\u0160<\/td>\n<td>Tara Glon\u010dak Karapand\u017ei\u0107<\/td>\n<td><\/td>\n<\/tr>\n<tr>\n<td>22.<\/td>\n<td>Lazi\u0107 Stefana<\/td>\n<td>okru\u017eno takmi\u010denje u plivanju \u2013 100m slobodno<\/td>\n<td>4<\/td>\n<td>II SM\u0160<\/td>\n<td width=\"165\">Vladimir Katan\u010di\u0107<br \/>\nDejan Vukovi\u0107<\/td>\n<td><\/td>\n<\/tr>\n<tr>\n<td>23.<\/td>\n<td>Kocsis Zsanet<\/td>\n<td>okru\u017eno takmi\u010denje u plivanju \u2013 100m prsno<\/td>\n<td>2<\/td>\n<td>II SM\u0160<\/td>\n<td width=\"165\">Vladimir Katan\u010di\u0107<br \/>\nDejan Vukovi\u0107<\/td>\n<td><\/td>\n<\/tr>\n<tr>\n<td>24.<\/td>\n<td>\u017deljana Simi\u0107<\/td>\n<td>okru\u017eno takmi\u010denje u plivanju \u2013 100m prsno<\/td>\n<td>3<\/td>\n<td>I SM\u0160<\/td>\n<td width=\"165\">Vladimir Katan\u010di\u0107<br \/>\nDejan Vukovi\u0107<\/td>\n<td><\/td>\n<\/tr>\n<tr>\n<td>25.<\/td>\n<td>Anett Szabo Batancs<\/td>\n<td width=\"345\">Takmi\u010denje u narodnom pevanju u Ba\u010dkoj Topoli<\/td>\n<td>zlato<\/td>\n<td>IV SM\u0160<\/td>\n<td>Anna Csizmadia<\/td>\n<td><\/td>\n<\/tr>\n<tr>\n<td>26.<\/td>\n<td>Anna Fogarassy<\/td>\n<td width=\"345\">Takmi\u010denje u narodnom pevanju u Ba\u010dkoj Topoli<\/td>\n<td>srebro<\/td>\n<td>I SM\u0160<\/td>\n<td>Anna Csizmadia<\/td>\n<td><\/td>\n<\/tr>\n<tr>\n<td>27.<\/td>\n<td>Klima Doniz<\/td>\n<td width=\"345\">Takmi\u010denje u narodnom pevanju u Ba\u010dkoj Topoli<\/td>\n<td>bronza<\/td>\n<td>IV SM\u0160<\/td>\n<td>Anna Csizmadia<\/td>\n<td><\/td>\n<\/tr>\n<tr>\n<td>28.<\/td>\n<td>Dalk\u00f6t\u0151 le\u00e1nykar<\/td>\n<td width=\"345\">Takmi\u010denje u narodnom pevanju u Ba\u010dkoj Topoli<\/td>\n<td>zlato<\/td>\n<td><\/td>\n<td>Anna Csizmadia<\/td>\n<td><\/td>\n<\/tr>\n<tr>\n<td>29.<\/td>\n<td>Lazar Askovi\u0107<\/td>\n<td>Pianissimo<\/td>\n<td>1 (94)<\/td>\n<td>I OM\u0160<\/td>\n<td>Biro Tirjung Ildiko<\/td>\n<td><\/td>\n<\/tr>\n<tr>\n<td>30.<\/td>\n<td>Katarina Goli\u0107<\/td>\n<td>Pianissimo<\/td>\n<td>1 (93)<\/td>\n<td>I OM\u0160<\/td>\n<td>Milodanovi\u0107 Der Andrea<\/td>\n<td><\/td>\n<\/tr>\n<tr>\n<td>31.<\/td>\n<td>Elena \u0110ur\u0111evski<\/td>\n<td>Pianissimo<\/td>\n<td>1 (93)<\/td>\n<td>II Pripremni<\/td>\n<td>Ba\u010dlia T. Brigita<\/td>\n<td><\/td>\n<\/tr>\n<tr>\n<td>32.<\/td>\n<td>Marija Milanko<\/td>\n<td>Pianissimo<\/td>\n<td>1 (93)<\/td>\n<td>I OM\u0160<\/td>\n<td>Glon\u010dak K. Tara<\/td>\n<td><\/td>\n<\/tr>\n<tr>\n<td>33.<\/td>\n<td>Helena Vojni\u0107 Tuni\u0107<\/td>\n<td>Pianissimo<\/td>\n<td>1 (93)<\/td>\n<td><\/td>\n<td><\/td>\n<td><\/td>\n<\/tr>\n<tr>\n<td>34.<\/td>\n<td>Uro\u0161 Babi\u0107<\/td>\n<td>Pianissimo<\/td>\n<td>1 (96)<\/td>\n<td>I OM\u0160<\/td>\n<td>Milodanovi\u0107 Der Andrea<\/td>\n<td><\/td>\n<\/tr>\n<tr>\n<td>35.<\/td>\n<td>An\u0111ela Bogdanovi\u0107<\/td>\n<td>Pianissimo<\/td>\n<td>1 (95)<\/td>\n<td>I OM\u0160<\/td>\n<td>Papilion Judit<\/td>\n<td><\/td>\n<\/tr>\n<tr>\n<td>36.<\/td>\n<td>Huber Zalan<\/td>\n<td>Pianissimo<\/td>\n<td>1 (94)<\/td>\n<td>II OM\u0160<\/td>\n<td>Biro Tirjung Ildiko<\/td>\n<td><\/td>\n<\/tr>\n<tr>\n<td>37.<\/td>\n<td>Lana Popov<\/td>\n<td>Pianissimo<\/td>\n<td>1(92)<\/td>\n<td>I OM\u0160<\/td>\n<td>Glon\u010dak K. Tara<\/td>\n<td><\/td>\n<\/tr>\n<tr>\n<td>38.<\/td>\n<td>Jovana Buha<\/td>\n<td>Pianissimo<\/td>\n<td>1 (90)<\/td>\n<td>II OM\u0160<\/td>\n<td>Milodanovi\u0107 Der Andrea<\/td>\n<td><\/td>\n<\/tr>\n<tr>\n<td>39.<\/td>\n<td>Jelena Popovi\u0107<\/td>\n<td>Pianissimo<\/td>\n<td>1 (95)<\/td>\n<td>III OM\u0160<\/td>\n<td>Mate Kristina<\/td>\n<td><\/td>\n<\/tr>\n<tr>\n<td>40.<\/td>\n<td>Bozsity Noemi<\/td>\n<td>Pianissimo<\/td>\n<td>3 (75)<\/td>\n<td>III OM\u0160<\/td>\n<td>Biro Tirjung Ildiko<\/td>\n<td><\/td>\n<\/tr>\n<tr>\n<td>41.<\/td>\n<td>Bunford Nora<\/td>\n<td>Pianissimo<\/td>\n<td>2(82)<\/td>\n<td>III OM\u0160<\/td>\n<td>Biro Tirjung Ildiko<\/td>\n<td><\/td>\n<\/tr>\n<tr>\n<td>42.<\/td>\n<td>Nikolina Sedlak<\/td>\n<td>Pianissimo<\/td>\n<td>3(72)<\/td>\n<td>III OM\u0160<\/td>\n<td>Papilion Judit<\/td>\n<td><\/td>\n<\/tr>\n<tr>\n<td>43.<\/td>\n<td>Goli Zsuzsana<\/td>\n<td>Pianissimo<\/td>\n<td>3(75)<\/td>\n<td>III OM\u0160<\/td>\n<td>Ba\u010dlia T. Brigita<\/td>\n<td><\/td>\n<\/tr>\n<tr>\n<td>44.<\/td>\n<td>Mila Pavi\u0107<\/td>\n<td>Pianissimo<\/td>\n<td>3(73)<\/td>\n<td>III OM\u0160<\/td>\n<td>Glon\u010dak K. Tara<\/td>\n<td><\/td>\n<\/tr>\n<tr>\n<td>45.<\/td>\n<td>Teodora Popovi\u0107<\/td>\n<td>Pianissimo<\/td>\n<td>3(74)<\/td>\n<td>III OM\u0160<\/td>\n<td>Mandari\u0107 Nata\u0161a<\/td>\n<td><\/td>\n<\/tr>\n<tr>\n<td>46.<\/td>\n<td>Kova\u010d Kiti<\/td>\n<td>Pianissimo<\/td>\n<td>3(74)<\/td>\n<td>III OM\u0160<\/td>\n<td>Ba\u010dlia T. Brigita<\/td>\n<td><\/td>\n<\/tr>\n<tr>\n<td>47.<\/td>\n<td>Sara Jovi\u0107<\/td>\n<td>Pianissimo<\/td>\n<td>1 (98)<\/td>\n<td>IV OM\u0160<\/td>\n<td>Glon\u010dak K. Tara<\/td>\n<td><\/td>\n<\/tr>\n<tr>\n<td>48.<\/td>\n<td>Juhas Leona<\/td>\n<td>Pianissimo<\/td>\n<td>2 (82)<\/td>\n<td>V OM\u0160<\/td>\n<td>Papilion Judit<\/td>\n<td><\/td>\n<\/tr>\n<tr>\n<td>49.<\/td>\n<td>Jovan Tomi\u0107<\/td>\n<td>Pianissimo<\/td>\n<td>1 (92)<\/td>\n<td>V OM\u0160<\/td>\n<td>Papilion Judit<\/td>\n<td><\/td>\n<\/tr>\n<tr>\n<td>50.<\/td>\n<td>Maja Milovi\u0107<\/td>\n<td>Pianissimo<\/td>\n<td>3(76)<\/td>\n<td>VI OM\u0160<\/td>\n<td>Mirna Mirkov Stes<\/td>\n<td><\/td>\n<\/tr>\n<tr>\n<td>51.<\/td>\n<td>Virag Reka<\/td>\n<td>Pianissimo<\/td>\n<td>3 (74)<\/td>\n<td>I SM\u0160<\/td>\n<td>Biro Tirjung Ildiko<\/td>\n<td><\/td>\n<\/tr>\n<tr>\n<td>52.<\/td>\n<td>Danijela Zveki\u0107<\/td>\n<td>Pianissimo<\/td>\n<td>1 (92)<\/td>\n<td>II SM\u0160<\/td>\n<td>\u0160oti Sobonja Emoke<\/td>\n<td><\/td>\n<\/tr>\n<tr>\n<td>53.<\/td>\n<td>Stankovi\u0107 Andrej<\/td>\n<td>Femus<\/td>\n<td>2<\/td>\n<td>III OM\u0160<\/td>\n<td>Nikola Macura<\/td>\n<td>Nemet \u0110er\u0111<\/td>\n<\/tr>\n<tr>\n<td>54.<\/td>\n<td>Vukov Lucija<\/td>\n<td>Femus<\/td>\n<td>3<\/td>\n<td>VI OM\u0160<\/td>\n<td>Molnar Kristina<\/td>\n<td><\/td>\n<\/tr>\n<tr>\n<td>55.<\/td>\n<td>Toli\u0107 Aleksandra<\/td>\n<td>Femus<\/td>\n<td>3<\/td>\n<td>IV SM\u0160<\/td>\n<td>Molnar Kristina<\/td>\n<td><\/td>\n<\/tr>\n<tr>\n<td>56.<\/td>\n<td>Jankovi\u0107 Akacija<\/td>\n<td>24. Me\u0111unarodno takmi\u010denje mladih pijanista \u2013 \u0160abac<\/td>\n<td>I\/3( 97)<\/td>\n<td>II OM\u0160<\/td>\n<td>\u0160oti Sobonja Emoke<\/td>\n<td><\/td>\n<\/tr>\n<tr>\n<td>57.<\/td>\n<td>Tomi\u0107 Jovan<\/td>\n<td>24. Me\u0111unarodno takmi\u010denje mladih pijanista \u2013 \u0160abac<\/td>\n<td>II\/1 (94,33)<\/td>\n<td>V OM\u0160<\/td>\n<td>Papilion Judit<\/td>\n<td><\/td>\n<\/tr>\n<tr>\n<td>58.<\/td>\n<td>An\u0111ela Horvacki<\/td>\n<td>17. festival vojvo\u0111anske tambure \u2013 Kikinda<\/td>\n<td>I\/7 (90)<\/td>\n<td>II OM\u0160<\/td>\n<td>Mira Temunovi\u0107<\/td>\n<td>Sa\u0161ka Pankaluji\u0107<\/td>\n<\/tr>\n<tr>\n<td>59.<\/td>\n<td>Marija Cvijin<\/td>\n<td>17. festival vojvo\u0111anske tambure \u2013 Kikinda<\/td>\n<td>I\/1 (95)<\/td>\n<td>III OM\u0160<\/td>\n<td>Sonja Berta<\/td>\n<td>Sa\u0161ka Pankaluji\u0107<\/td>\n<\/tr>\n<tr>\n<td>60.<\/td>\n<td>Bo\u017eidar Cvijin<\/td>\n<td>17. festival vojvo\u0111anske tambure \u2013 Kikinda<\/td>\n<td>I\/2 (92,66)<\/td>\n<td>III OM\u0160<\/td>\n<td>Sonja Berta<\/td>\n<td>Sa\u0161ka Pankaluji\u0107<\/td>\n<\/tr>\n<tr>\n<td>61.<\/td>\n<td>Lea Molnar<\/td>\n<td>17. festival vojvo\u0111anske tambure \u2013 Kikinda<\/td>\n<td>I\/3 (92)<\/td>\n<td>III OM\u0160<\/td>\n<td>Mira Temunovi\u0107<\/td>\n<td>Sa\u0161ka Pankaluji\u0107<\/td>\n<\/tr>\n<tr>\n<td>62.<\/td>\n<td>Matija ivkovi\u0107 Ivandeki\u0107<\/td>\n<td>17. festival vojvo\u0111anske tambure \u2013 Kikinda<\/td>\n<td>I\/3 (91,33)<\/td>\n<td>V OM\u0160<\/td>\n<td>Vojislav Temunovi\u0107<\/td>\n<td>Sa\u0161ka Pankaluji\u0107<\/td>\n<\/tr>\n<tr>\n<td>63.<\/td>\n<td>Barbara Piukovi\u0107<\/td>\n<td>17. festival vojvo\u0111anske tambure \u2013 Kikinda<\/td>\n<td>I\/4 (91)<\/td>\n<td>V OM\u0160<\/td>\n<td>Sonja Berta<\/td>\n<td>Emina Tikvicki<\/td>\n<\/tr>\n<tr>\n<td>64.<\/td>\n<td>Iva Molnar<\/td>\n<td>17. festival vojvo\u0111anske tambure \u2013 Kikinda<\/td>\n<td>I\/5 (90,66)<\/td>\n<td>V OM\u0160<\/td>\n<td>Mira Temunovi\u0107<\/td>\n<td>Sa\u0161ka Pankaluji\u0107<\/td>\n<\/tr>\n<tr>\n<td>65.<\/td>\n<td>Lucija Horvacki<\/td>\n<td>17. festival vojvo\u0111anske tambure \u2013 Kikinda<\/td>\n<td>II\/1 (87,66)<\/td>\n<td>V OM\u0160<\/td>\n<td>Vojislav Temunovi\u0107<\/td>\n<td>Sa\u0161ka Pankaluji\u0107<\/td>\n<\/tr>\n<tr>\n<td>66.<\/td>\n<td>Iva Gabri\u0107<\/td>\n<td>17. festival vojvo\u0111anske tambure \u2013 Kikinda<\/td>\n<td>II\/2 (85,66)<\/td>\n<td>V OM\u0160<\/td>\n<td>Mira Temunovi\u0107<\/td>\n<td>Sa\u0161ka Pankaluji\u0107<\/td>\n<\/tr>\n<tr>\n<td>67.<\/td>\n<td>Ena Kujund\u017ei\u0107<\/td>\n<td>17. festival vojvo\u0111anske tambure \u2013 Kikinda<\/td>\n<td>I \/2 (91)<\/td>\n<td>VI OM\u0160<\/td>\n<td>Sonja Berta<\/td>\n<td>Emina Tikvicki<\/td>\n<\/tr>\n<tr>\n<td>68.<\/td>\n<td>Marko Kujund\u017ei\u0107<\/td>\n<td>17. festival vojvo\u0111anske tambure \u2013 Kikinda<\/td>\n<td>I\/1 (95,33)<\/td>\n<td>I SM\u0160<\/td>\n<td>Mira Temunovi\u0107<\/td>\n<td>Sa\u0161ka Pankaluji\u0107<\/td>\n<\/tr>\n<tr>\n<td>69.<\/td>\n<td>Strahinja Segedinski<\/td>\n<td>17. festival vojvo\u0111anske tambure \u2013 Kikinda<\/td>\n<td>I\/2 (92,66)<\/td>\n<td>II SM\u0160<\/td>\n<td>Milan Pridra\u0161ki<\/td>\n<td>Sa\u0161ka Pankaluji\u0107<\/td>\n<\/tr>\n<tr>\n<td>70.<\/td>\n<td>Magdalena Temunovi\u0107<\/td>\n<td>17. festival vojvo\u0111anske tambure \u2013 Kikinda<\/td>\n<td>I\/3 (91,33)<\/td>\n<td>III SM\u0160<\/td>\n<td>Mira Temunovi\u0107<\/td>\n<td>Sa\u0161ka Pankaluji\u0107<\/td>\n<\/tr>\n<tr>\n<td>71.<\/td>\n<td>Marko Grmi\u0107<\/td>\n<td>17. festival vojvo\u0111anske tambure \u2013 Kikinda<\/td>\n<td>I\/2 (93,66)<\/td>\n<td>IV SM\u0160<\/td>\n<td>Vojislav Temunovi\u0107<\/td>\n<td>Sa\u0161ka Pankaluji\u0107<\/td>\n<\/tr>\n<tr>\n<td>72.<\/td>\n<td width=\"171\">Kamerna grupa<br \/>\ntriola<\/td>\n<td>17. festival vojvo\u0111anske tambure \u2013 Kikinda<\/td>\n<td>I (96,66)<\/td>\n<td><\/td>\n<td>Milan Pridra\u0161ki<\/td>\n<td><\/td>\n<\/tr>\n<tr>\n<td>73.<\/td>\n<td>De\u010diji tambura\u0161ki orkestar<\/td>\n<td>17. festival vojvo\u0111anske tambure \u2013 Kikinda<\/td>\n<td>I (97,66)<\/td>\n<td><\/td>\n<td>Mira Temunovi\u0107<\/td>\n<td><\/td>\n<\/tr>\n<\/tbody>\n<\/table>\n<p>74. klavirski duo \u2013 Zene Var\u00e1zslat 2020, Kapo\u0161var, Ma\u0111arska, najvi\u0161a nagradu \u2013 NIVO, Popovi\u0107 Jelena (III OM\u0160) Jovi\u0107 Sara (IV OM\u0160) Klasa: Mate Kristina i Tara Glon\u010dak Karapand\u017ei\u0107.<\/p>\n<p>75. solfe\u0111o \u2013 Festival solfe\u0111a \u201cIsidor Baji\u0107\u201d u Novom Sadu, 1. mesto \u2013 Luka Ivazovi\u0107 (I OM\u0160). Klasa: Lejla Rustemovi\u0107.<\/p>\n<p>76. solfe\u0111o \u2013 Festival solfe\u0111a \u201cIsidor Baji\u0107\u201d u Novom Sadu, 3. mesto \u2013 Marija Milanko (I OM\u0160). Klasa: Lejla Rustemovi\u0107.<\/p>\n<p>77.\u00a0 ma\u0111arsko tradicionalno pevanje, polufinale Republi\u010dkog takmi\u010denja Ma\u0111arske, Anna Fogarassy (I SM\u0160), zlatna kvalifikacija, klasa: Anna Csizmadia.<\/p>\n<p>78. ma\u0111arsko tradicionalno pevanje, Dalk\u00f6t\u0151 le\u00e1nykar (SM\u0160), izvanredna zlatna kvalifikacija. Klasa: Anna Csizmadia.<\/p>\n<p>79. solo pevanje \u2013 Me\u0111unarodno takmi\u010denje Vera Kova\u010d Vitkai, Novi Sad, I nagrada (100 bodova) Anja Gale\u0161ev, korepetitor: Nemet \u0110er\u0111, klasa: Tamara Markovi\u0107.<\/p>\n<p>80. solo pevanje \u2013 Me\u0111unarodno takmi\u010denje Vera Kova\u010d Vitkai, Novi Sad, I nagrada (95 bodova) Mate Coli\u0107, korepetitor: Sonja Mu\u0161iki\u0107, klasa: Tamara Markov\u0107.<\/p>","protected":false},"excerpt":{"rendered":"<p>2019\/2020 REZULTATI SA REPUBLI\u010cKOG TAKMI\u010cENJA IZ SOLFE\u0110A I TEORIJE MUZIKE 7 I 8 DECEMBAR 2019. BEOGRAD SOLFE\u0110O SM\u0160 Zveki\u0107\u00a0 Danijela II A III NAGRADA&nbsp; \/87,67 bodova\/ Branko Ivankovi\u0107 Radakovi\u0107 Stokin Anastasija IVA POHVALA&nbsp; \/82 boda\/ Branko Ivankovi\u0107 Radakovi\u0107 Ma\u010dkovi\u0107\u00a0 Ivana IVA I NAGRADA&nbsp; \/100 bodova\/ Branko Ivankovi\u0107 Radakovi\u0107 TEORIJA MUZIKE\u2026<\/p>\n<p class=\"continue-reading-button\"> <a class=\"continue-reading-link\" href=\"http:\/\/muzickasu.edu.rs\/index.php\/events\/takmicenja\/skolska-2019-20-godina\/\">Nastavite sa \u010ditanjem<i class=\"crycon-right-dir\"><\/i><\/a><\/p>\n","protected":false},"author":1,"featured_media":0,"parent":6719,"menu_order":0,"comment_status":"closed","ping_status":"closed","template":"","meta":{"footnotes":""},"class_list":["post-6700","page","type-page","status-publish","hentry"],"_links":{"self":[{"href":"http:\/\/muzickasu.edu.rs\/index.php\/wp-json\/wp\/v2\/pages\/6700","targetHints":{"allow":["GET"]}}],"collection":[{"href":"http:\/\/muzickasu.edu.rs\/index.php\/wp-json\/wp\/v2\/pages"}],"about":[{"href":"http:\/\/muzickasu.edu.rs\/index.php\/wp-json\/wp\/v2\/types\/page"}],"author":[{"embeddable":true,"href":"http:\/\/muzickasu.edu.rs\/index.php\/wp-json\/wp\/v2\/users\/1"}],"replies":[{"embeddable":true,"href":"http:\/\/muzickasu.edu.rs\/index.php\/wp-json\/wp\/v2\/comments?post=6700"}],"version-history":[{"count":1,"href":"http:\/\/muzickasu.edu.rs\/index.php\/wp-json\/wp\/v2\/pages\/6700\/revisions"}],"predecessor-version":[{"id":6701,"href":"http:\/\/muzickasu.edu.rs\/index.php\/wp-json\/wp\/v2\/pages\/6700\/revisions\/6701"}],"up":[{"embeddable":true,"href":"http:\/\/muzickasu.edu.rs\/index.php\/wp-json\/wp\/v2\/pages\/6719"}],"wp:attachment":[{"href":"http:\/\/muzickasu.edu.rs\/index.php\/wp-json\/wp\/v2\/media?parent=6700"}],"curies":[{"name":"wp","href":"https:\/\/api.w.org\/{rel}","templated":true}]}}