{"id":60,"date":"2015-11-19T20:58:37","date_gmt":"2015-11-19T20:58:37","guid":{"rendered":"http:\/\/localhost\/WP_muzicka\/?page_id=60"},"modified":"2017-10-13T12:30:17","modified_gmt":"2017-10-13T12:30:17","slug":"professional-bodies","status":"publish","type":"page","link":"http:\/\/muzickasu.edu.rs\/index.php\/about-school\/school-organisation\/professional-bodies\/","title":{"rendered":"Stru\u010dni organi"},"content":{"rendered":"<p><strong>Pedago\u0161ki kolegijum<\/strong><\/p>\n<p><a href=\"http:\/\/muzickasu.edu.rs\/wp-content\/uploads\/2015\/11\/1.-\u010clanovi-Pedago\u0161kog-kolegijuma.pdf\">\u010clanovi<\/a><\/p>\n<p>&nbsp;<\/p>\n<p><strong>Stru\u010dna ve\u0107a<\/strong><\/p>\n<p>Nastavni\u010dko ve\u0107e<\/p>\n<p><a href=\"http:\/\/muzickasu.edu.rs\/wp-content\/uploads\/2015\/11\/Odeljensko-ve\u0107e-u-Muzi\u010dkoj-\u0161koli.pdf\">Odeljensko ve\u0107e<\/a><\/p>\n<p>&nbsp;<\/p>\n<p><strong>Stru\u010dna ve\u0107a za instrumente i teoretske predmete<\/strong><\/p>\n<p>Stru\u010dno ve\u0107e nastavnika teoretskih predmeta<\/p>\n<p>Stru\u010dno ve\u0107e nastavnika klavira<\/p>\n<p>Stru\u010dno ve\u0107e nastavnika guda\u010dkih instrumenata<\/p>\n<p>Stru\u010dno ve\u0107e nastavnika trza\u010dkih instrumenata<\/p>\n<p>Stru\u010dno ve\u0107e nastavnika harmonike<\/p>\n<p>Stru\u010dnog ve\u0107a nastavnika duva\u010dkih instrumenata, solo i tradicionalnog pevanja<\/p>\n<p>Stru\u010dnog ve\u0107a nastavnika udara\u010dkih instrumenata i d\u017eez muzike<\/p>\n<p>&nbsp;<\/p>\n<p>&nbsp;<\/p>\n<p><strong>Timovi<\/strong><\/p>\n<p>Tim za izradu godi\u0161njeg programa rada \u0161kole<\/p>\n<p><a href=\"http:\/\/muzickasu.edu.rs\/wp-content\/uploads\/2015\/11\/3.Tim-za-izradu-godisnjeg-programa-rada-skole.pdf\">\u010clanovi<\/a><\/p>\n<p><a href=\"http:\/\/muzickasu.edu.rs\/wp-content\/uploads\/2015\/11\/GODI\u0160NJI-PROGRAM-RADA-17181.pdf\">Godi\u0161nji program rada 2017\/18<\/a><\/p>\n<p>&nbsp;<\/p>\n<p>Tim za samovrednovanje<\/p>\n<p><a href=\"http:\/\/muzickasu.edu.rs\/wp-content\/uploads\/2015\/11\/5.Tim-za-samovrednovanje.pdf\">\u010clanovi<\/a><\/p>\n<p>Regulativa<\/p>\n<p>&nbsp;<\/p>\n<p>Tim za za\u0161titu u\u010denika od nasilja, zlostavljanja i zanemarivanja<\/p>\n<p>Koordinator: Vere\u0161 Karolina<\/p>\n<p><a href=\"http:\/\/muzickasu.edu.rs\/wp-content\/uploads\/2015\/11\/6.-Tim-za-zastitu-ucenika.pdf\">\u010clanovi<\/a><\/p>\n<p>Regulativa<\/p>\n<p>&nbsp;<\/p>\n<p>Tim za inkluzivno obrazovanje dece sa posebnim potrebama<\/p>\n<p>Koordinator: Jovanovi\u0107 \u017daki Alisa<\/p>\n<p><a href=\"http:\/\/muzickasu.edu.rs\/wp-content\/uploads\/2015\/11\/7.-Tim-za-inkluziju.pdf\">\u010clanovi<\/a><\/p>\n<p>&nbsp;<\/p>\n<p>Tim za podr\u0161ku u\u010denicima i prilago\u0111avanju \u0161kolskom \u017eivotu<\/p>\n<p>Koordinator: Vere\u0161 Karolina<\/p>\n<p><a href=\"http:\/\/muzickasu.edu.rs\/wp-content\/uploads\/2015\/11\/8.-Tim-za-prilagodjavanje.pdf\">\u010clanovi<\/a><\/p>\n<p>&nbsp;<\/p>\n<p>Tim za karijerno vo\u0111enje i savetovanje<\/p>\n<p>Koordinator<\/p>\n<p><a href=\"http:\/\/muzickasu.edu.rs\/wp-content\/uploads\/2015\/11\/9.-Tim-za-karijerno.pdf\">\u010clanovi<\/a><\/p>\n<p>&nbsp;<\/p>\n<p>Tim za izradu programa saradnje sa porodicom<\/p>\n<p>Koordinator<\/p>\n<p><a href=\"http:\/\/muzickasu.edu.rs\/wp-content\/uploads\/2015\/11\/10.-Tim-za-porodicu.pdf\">\u010clanovi<\/a><\/p>\n<p>&nbsp;<\/p>\n<p>Tim za izradu programa za\u0161tite \u017eivotne sredine<\/p>\n<p>Koordinator: Njari Erika<\/p>\n<p><a href=\"http:\/\/muzickasu.edu.rs\/wp-content\/uploads\/2015\/11\/11.-Tim-za-zivotnu-sredinu.pdf\">\u010clanovi<\/a><\/p>\n<p>&nbsp;<\/p>\n<p>Tim za izradu programa \u0161kolskog sporta<\/p>\n<p>Koordinator: Torbica Vojka<\/p>\n<p><a href=\"http:\/\/muzickasu.edu.rs\/wp-content\/uploads\/2015\/11\/12.-Tim-za-sport.pdf\">\u010clanovi<\/a><\/p>\n<p>&nbsp;<\/p>\n<p>Tim za izradu programa izleta i ekskurzija SM\u0160<\/p>\n<p><a href=\"http:\/\/muzickasu.edu.rs\/wp-content\/uploads\/2015\/11\/13.-Tim-za-ekskurziju-SM\u0160.pdf\">\u010clanovi<\/a><\/p>\n<p>&nbsp;<\/p>\n<p>Tim za izradu programa izleta i ekskurzija OM\u0160<\/p>\n<p><a href=\"http:\/\/muzickasu.edu.rs\/wp-content\/uploads\/2015\/11\/14.-Tim-za-ekskurziju-OM\u0160.pdf\">\u010clanovi<\/a><\/p>\n<p>&nbsp;<\/p>\n<p>Tim za izradu programa saradnje sa lokalnom samoupravom<\/p>\n<p>Koordinator: Dragana Nikoli\u0107<\/p>\n<p><a href=\"http:\/\/muzickasu.edu.rs\/wp-content\/uploads\/2015\/11\/15.-Tim-za-lokalnu-samoupravu.pdf\">\u010clanovi<\/a><\/p>\n<p><strong>\u00a0<\/strong><\/p>\n<p><strong>Stru\u010dni aktivi<\/strong><\/p>\n<p>Stru\u010dni aktiv za razvojno planiranje<\/p>\n<p>Koordinator: Jovani\u0107 \u017daki Alisa<\/p>\n<p><a href=\"http:\/\/muzickasu.edu.rs\/wp-content\/uploads\/2015\/11\/16.-Stru\u010dni-aktiv-za-razvojno-planiranje.pdf\">\u010clanovi<\/a><\/p>\n<p>\u0160kolski razvojni plan<\/p>\n<p>&nbsp;<\/p>\n<p>Stru\u010dni aktiv za razvoj \u0160kolskog programa<\/p>\n<p>Koordinator: Vere\u0161 Karolina<\/p>\n<p><a href=\"http:\/\/muzickasu.edu.rs\/wp-content\/uploads\/2015\/11\/17.-Stru\u010dni-aktiv-za-razvoj-\u0160kolskog-programa.pdf\">\u010clanovi<\/a><\/p>","protected":false},"excerpt":{"rendered":"<p>Pedago\u0161ki kolegijum \u010clanovi &nbsp; Stru\u010dna ve\u0107a Nastavni\u010dko ve\u0107e Odeljensko ve\u0107e &nbsp; Stru\u010dna ve\u0107a za instrumente i teoretske predmete Stru\u010dno ve\u0107e nastavnika teoretskih predmeta Stru\u010dno ve\u0107e nastavnika klavira Stru\u010dno ve\u0107e nastavnika guda\u010dkih instrumenata Stru\u010dno ve\u0107e nastavnika trza\u010dkih instrumenata Stru\u010dno ve\u0107e nastavnika harmonike Stru\u010dnog ve\u0107a nastavnika duva\u010dkih instrumenata, solo i tradicionalnog pevanja\u2026<\/p>\n<p class=\"continue-reading-button\"> <a class=\"continue-reading-link\" href=\"http:\/\/muzickasu.edu.rs\/index.php\/about-school\/school-organisation\/professional-bodies\/\">Nastavite sa \u010ditanjem<i class=\"crycon-right-dir\"><\/i><\/a><\/p>\n","protected":false},"author":1,"featured_media":0,"parent":22,"menu_order":3,"comment_status":"closed","ping_status":"closed","template":"","meta":{"footnotes":""},"class_list":["post-60","page","type-page","status-publish","hentry"],"_links":{"self":[{"href":"http:\/\/muzickasu.edu.rs\/index.php\/wp-json\/wp\/v2\/pages\/60","targetHints":{"allow":["GET"]}}],"collection":[{"href":"http:\/\/muzickasu.edu.rs\/index.php\/wp-json\/wp\/v2\/pages"}],"about":[{"href":"http:\/\/muzickasu.edu.rs\/index.php\/wp-json\/wp\/v2\/types\/page"}],"author":[{"embeddable":true,"href":"http:\/\/muzickasu.edu.rs\/index.php\/wp-json\/wp\/v2\/users\/1"}],"replies":[{"embeddable":true,"href":"http:\/\/muzickasu.edu.rs\/index.php\/wp-json\/wp\/v2\/comments?post=60"}],"version-history":[{"count":17,"href":"http:\/\/muzickasu.edu.rs\/index.php\/wp-json\/wp\/v2\/pages\/60\/revisions"}],"predecessor-version":[{"id":2178,"href":"http:\/\/muzickasu.edu.rs\/index.php\/wp-json\/wp\/v2\/pages\/60\/revisions\/2178"}],"up":[{"embeddable":true,"href":"http:\/\/muzickasu.edu.rs\/index.php\/wp-json\/wp\/v2\/pages\/22"}],"wp:attachment":[{"href":"http:\/\/muzickasu.edu.rs\/index.php\/wp-json\/wp\/v2\/media?parent=60"}],"curies":[{"name":"wp","href":"https:\/\/api.w.org\/{rel}","templated":true}]}}