{"id":5896,"date":"2024-04-05T11:57:52","date_gmt":"2024-04-05T11:57:52","guid":{"rendered":"http:\/\/muzickasu.edu.rs\/?page_id=5896"},"modified":"2024-04-05T11:58:09","modified_gmt":"2024-04-05T11:58:09","slug":"glasni-dan","status":"publish","type":"page","link":"http:\/\/muzickasu.edu.rs\/index.php\/events\/takmicenja\/takmicenja-u-nasoj-skoli\/glasni-dan\/","title":{"rendered":"GLASni DAN"},"content":{"rendered":"<p>Rezultate prvog regionalnog takmi\u010denja iz solo pevanja i tradicionalnog pevanja mo\u017eete pogledati ovde. Takmi\u010denje je odr\u017eano 20. marta u na\u0161oj \u0161koli, a takmi\u010dili su se \u0111aci iz Sombora, Kanji\u017ee, Novog Kne\u017eevca i Subotice.<br \/>\n\u010cestitamo vrednim u\u010denicima i njihovim nastavnicima na osvojenim nagradama!<br \/>\nNagradu publike na Otvorenom \u010dasu za glas, ponela je Vasilija Aleksi\u0107, u\u010denica Muzi\u010dke \u0161kole &#8222;Petar Konjovi\u0107&#8220; Sombor, na odseku za tradicionalno pevanje.<\/p>\n<p>Az els\u0151 region\u00e1lis sz\u00f3l\u00f3 \u00e9nek \u00e9s n\u00e9pi \u00e9nek verseny eredm\u00e9nyeit itt tekintheti meg. M\u00e1rcius 20-\u00e1n rendezt\u00e9k meg iskol\u00e1nkban a versenyt, melyen zombori, magyarkanizsai, t\u00f6r\u00f6kkanizsai \u00e9s szabadkai tanul\u00f3k m\u00e9rt\u00e9k \u00f6ssze tud\u00e1sukat.<br \/>\nGratul\u00e1lunk a szorgalmas tanul\u00f3knak \u00e9s tan\u00e1raiknak az el\u00e9rt eredm\u00e9nyekhez!<br \/>\nA HANGos nap k\u00f6z\u00f6ns\u00e9gd\u00edj\u00e1t Vasilija Aleksi\u0107, a zombori &#8222;Petar Konjovi\u0107&#8220; Zeneiskola hagyom\u00e1nyos \u00e9nek szak\u00e1nak n\u00f6vend\u00e9ke vehette \u00e1t.<\/p>\n<p style=\"text-align: center;\"><strong>GLASNI DAN &#8211; HANGOS NAP<\/strong><\/p>\n<p style=\"text-align: center;\">20. MART 2024.<\/p>\n<p style=\"text-align: center;\"><strong>TRADICIONALNO PEVANJE 1. KATEGORIJA<\/strong><\/p>\n<table width=\"480\">\n<tbody>\n<tr>\n<td width=\"64\"><b>Redni<\/b> <b>broj<\/b><\/td>\n<td width=\"256\"><b>Ime<\/b><b> I <\/b><b>prezime<\/b> <b>u\u010denika<\/b><\/td>\n<td width=\"160\"><b>nagrada<\/b><\/td>\n<\/tr>\n<tr>\n<td width=\"64\">1.<\/td>\n<td width=\"256\">Nina Pei\u0107<\/td>\n<td width=\"160\">1. NAGRADA<\/td>\n<\/tr>\n<tr>\n<td width=\"64\">2.<\/td>\n<td width=\"256\">Anja Simonovi\u0107<\/td>\n<td width=\"160\">3. NAGRADA<\/td>\n<\/tr>\n<tr>\n<td width=\"64\">3.<\/td>\n<td width=\"256\">G\u00f3li Zsuzsanna<\/td>\n<td width=\"160\">2. NAGRADA<\/td>\n<\/tr>\n<tr>\n<td width=\"64\">4.<\/td>\n<td width=\"256\">Emanuela Vukmanov \u0160imokov<\/td>\n<td width=\"160\">1. NAGRADA<\/td>\n<\/tr>\n<tr>\n<td width=\"64\">5.<\/td>\n<td width=\"256\">Nikolina \u0106ali\u0107<\/td>\n<td width=\"160\">1. NAGRADA<\/td>\n<\/tr>\n<tr>\n<td width=\"64\">6.<\/td>\n<td width=\"256\">N\u00e1di Katalin<\/td>\n<td width=\"160\">1. LAUREAT<\/td>\n<\/tr>\n<tr>\n<td width=\"64\">7.<\/td>\n<td width=\"256\">Milica Stjepanovi\u0107<\/td>\n<td width=\"160\">2. NAGRADA<\/td>\n<\/tr>\n<tr>\n<td width=\"64\">8.<\/td>\n<td width=\"256\">An\u0111ela Bogdanovi\u0107<\/td>\n<td width=\"160\">1. NAGRADA<\/td>\n<\/tr>\n<tr>\n<td width=\"64\">9.<\/td>\n<td width=\"256\">Sta\u0161a Mitri\u0107<\/td>\n<td width=\"160\">2. NAGRADA<\/td>\n<\/tr>\n<tr>\n<td width=\"64\">10.<\/td>\n<td width=\"256\">Dunja Vujovi\u0107<\/td>\n<td width=\"160\">2. NAGRADA<\/td>\n<\/tr>\n<\/tbody>\n<\/table>\n<p>\u010clanovi komisije: Ivana Jovanovi\u0107, Milica Nenadi\u0107, Tamara \u0160tricki Seg, Sibila Mora Mezneri\u0107, Lea Ledenjak<\/p>\n<p style=\"text-align: center;\"><strong>SOLO PEVANJE 1. KATEGORIJA<\/strong><\/p>\n<table width=\"480\">\n<tbody>\n<tr>\n<td width=\"64\"><b>Redni<\/b> <b>broj<\/b><\/td>\n<td width=\"256\"><b>Ime<\/b><b> I <\/b><b>prezime<\/b> <b>u\u010denika<\/b><\/td>\n<td width=\"160\"><b>nagrada<\/b><\/td>\n<\/tr>\n<tr>\n<td width=\"64\">1.<\/td>\n<td width=\"256\">Alisa \u0160itikova<\/td>\n<td width=\"160\">1. NAGRADA<\/td>\n<\/tr>\n<tr>\n<td width=\"64\">2.<\/td>\n<td width=\"256\">Dunja Skajovski<\/td>\n<td width=\"160\"><\/td>\n<\/tr>\n<tr>\n<td width=\"64\">3.<\/td>\n<td width=\"256\">\u017denet Ba\u010do<\/td>\n<td width=\"160\">1. NAGRADA<\/td>\n<\/tr>\n<tr>\n<td width=\"64\">4.<\/td>\n<td width=\"256\">Lengyel L\u00e1szl\u00f3<\/td>\n<td width=\"160\">1. LAUREAT<\/td>\n<\/tr>\n<tr>\n<td width=\"64\">5.<\/td>\n<td width=\"256\">Nyomtat\u00f3 Angelika<\/td>\n<td width=\"160\">2. NAGRADA<\/td>\n<\/tr>\n<tr>\n<td width=\"64\">6.<\/td>\n<td width=\"256\">Arijana Milodanovi\u0107<\/td>\n<td width=\"160\">2. NAGRADA<\/td>\n<\/tr>\n<tr>\n<td width=\"64\">7.<\/td>\n<td width=\"256\">Erd\u00e9lyi Eszter<\/td>\n<td width=\"160\"><\/td>\n<\/tr>\n<tr>\n<td width=\"64\">8.<\/td>\n<td width=\"256\">Mia Arseov<\/td>\n<td width=\"160\">1. NAGRADA<\/td>\n<\/tr>\n<tr>\n<td width=\"64\">9.<\/td>\n<td width=\"256\">Ivan Tomas<\/td>\n<td width=\"160\">1. LAUREAT<\/td>\n<\/tr>\n<\/tbody>\n<\/table>\n<p>\u010clanovi komisije: \u010cila Molnar, Du\u010dica Vucelja, Eva Herodek, Aleksandra U\u0161umovi\u0107<\/p>\n<p style=\"text-align: center;\"><strong>TRADICIONALNO PEVANJE 2. KATEGORIJA<\/strong><\/p>\n<table width=\"480\">\n<tbody>\n<tr>\n<td width=\"64\"><b>Redni<\/b> <b>broj<\/b><\/td>\n<td width=\"256\"><b>Ime<\/b><b> I <\/b><b>prezime<\/b> <b>u\u010denika<\/b><\/td>\n<td width=\"160\"><b>nagrada<\/b><\/td>\n<\/tr>\n<tr>\n<td width=\"64\">1.<\/td>\n<td width=\"256\">Hajvert Zal\u00e1n<\/td>\n<td width=\"160\">2. NAGRADA<\/td>\n<\/tr>\n<tr>\n<td width=\"64\">2.<\/td>\n<td width=\"256\">An\u0111ela Drakuli\u0107<\/td>\n<td width=\"160\">2. NAGRADA<\/td>\n<\/tr>\n<tr>\n<td width=\"64\">3.<\/td>\n<td width=\"256\">Nagy Zs\u00f3ko<\/td>\n<td width=\"160\">3. NAGRADA<\/td>\n<\/tr>\n<tr>\n<td width=\"64\">4.<\/td>\n<td width=\"256\">Mirna \u0160e\u0161um<\/td>\n<td width=\"160\">2. NAGRADA<\/td>\n<\/tr>\n<tr>\n<td width=\"64\">5.<\/td>\n<td width=\"256\">An\u0111ela Marinkovi\u0107<\/td>\n<td width=\"160\">1. LAUREAT<\/td>\n<\/tr>\n<tr>\n<td width=\"64\">6.<\/td>\n<td width=\"256\">Jana Kulji\u0107<\/td>\n<td width=\"160\">2. NAGRADA<\/td>\n<\/tr>\n<tr>\n<td width=\"64\">7.<\/td>\n<td width=\"256\">Nikolina Laketa<\/td>\n<td width=\"160\">1. NAGRADA<\/td>\n<\/tr>\n<tr>\n<td width=\"64\">8.<\/td>\n<td width=\"256\">Apr\u00f3 Boglr\u00e1ka<\/td>\n<td width=\"160\">1. NAGRADA<\/td>\n<\/tr>\n<tr>\n<td width=\"64\">9.<\/td>\n<td width=\"256\">Anamarija Kunti\u0107<\/td>\n<td width=\"160\">2. NAGRADA<\/td>\n<\/tr>\n<tr>\n<td width=\"64\">10.<\/td>\n<td width=\"256\">Anastasija Simunovi\u0107<\/td>\n<td width=\"160\">1. NAGRADA<\/td>\n<\/tr>\n<\/tbody>\n<\/table>\n<p>\u010clanovi komisije: Ivana Jovanovi\u0107, Milica Nenadi\u0107, Tamara \u0160tricki Seg, Sibila Mora Mezneri\u0107, Lea Ledenjak<\/p>\n<p style=\"text-align: center;\"><strong>SOLO PEVANJE 2. KATEGORIJA<\/strong><\/p>\n<table width=\"480\">\n<tbody>\n<tr>\n<td width=\"64\"><b>Redni<\/b> <b>broj<\/b><\/td>\n<td width=\"256\"><b>Ime<\/b><b> I <\/b><b>prezime<\/b> <b>u\u010denika<\/b><\/td>\n<td width=\"160\"><b>nagrada<\/b><\/td>\n<\/tr>\n<tr>\n<td width=\"64\">1.<\/td>\n<td width=\"256\">Danijela Mijatov<\/td>\n<td width=\"160\">1. LAUREAT<\/td>\n<\/tr>\n<tr>\n<td width=\"64\">2.<\/td>\n<td width=\"256\">Iva Molnar<\/td>\n<td width=\"160\">1. NAGRADA<\/td>\n<\/tr>\n<tr>\n<td width=\"64\">3.<\/td>\n<td width=\"256\">Szebenyi Ant\u00f3nia<\/td>\n<td width=\"160\">2. NAGRADA<\/td>\n<\/tr>\n<tr>\n<td width=\"64\">4.<\/td>\n<td width=\"256\">Lengyel L\u00e1szl\u00f3<\/td>\n<td width=\"160\">1. LAUREAT<\/td>\n<\/tr>\n<tr>\n<td width=\"64\">5.<\/td>\n<td width=\"256\">S\u0151reg No\u00e9mi<\/td>\n<td width=\"160\"><\/td>\n<\/tr>\n<tr>\n<td width=\"64\">6.<\/td>\n<td width=\"256\">Majda Tumbas<\/td>\n<td width=\"160\">2. NAGRADA<\/td>\n<\/tr>\n<tr>\n<td width=\"64\">7.<\/td>\n<td width=\"256\">Teodora Jankovi\u0107<\/td>\n<td width=\"160\">1. LAUREAT<\/td>\n<\/tr>\n<\/tbody>\n<\/table>\n<p>\u010clanovi komisije: \u010cila Molnar, Du\u010dica Vucelja, Eva Herodek, Aleksandra U\u0161umovi\u0107<\/p>\n<p style=\"text-align: center;\"><strong>TRADICIONALNO PEVANJE 3. KATEGORIJA<\/strong><\/p>\n<table width=\"480\">\n<tbody>\n<tr>\n<td width=\"64\"><b>Redni<\/b> <b>broj<\/b><\/td>\n<td width=\"256\"><b>Ime<\/b><b> I <\/b><b>prezime<\/b> <b>u\u010denika<\/b><\/td>\n<td width=\"160\"><b>nagrada<\/b><\/td>\n<\/tr>\n<tr>\n<td width=\"64\">1.<\/td>\n<td width=\"256\">Luka Rkman<\/td>\n<td width=\"160\">POHVALA<\/td>\n<\/tr>\n<tr>\n<td width=\"64\">2.<\/td>\n<td width=\"256\">Marija Luki\u0107<\/td>\n<td width=\"160\">POHVALA<\/td>\n<\/tr>\n<tr>\n<td width=\"64\">3.<\/td>\n<td width=\"256\">Bo\u017eica Torbica<\/td>\n<td width=\"160\">2. NAGRADA<\/td>\n<\/tr>\n<tr>\n<td width=\"64\">4.<\/td>\n<td width=\"256\">Nevena Jovanovi\u0107<\/td>\n<td width=\"160\">POHVALA<\/td>\n<\/tr>\n<tr>\n<td width=\"64\">5.<\/td>\n<td width=\"256\">Jana Crnomarkovi\u0107<\/td>\n<td width=\"160\">1. NAGRADA<\/td>\n<\/tr>\n<tr>\n<td width=\"64\">6.<\/td>\n<td width=\"256\">Bozsik Kitti<\/td>\n<td width=\"160\">3. NAGRADA<\/td>\n<\/tr>\n<tr>\n<td width=\"64\">7.<\/td>\n<td width=\"256\">Aleksandra Je\u017e<\/td>\n<td width=\"160\">2. NAGRADA<\/td>\n<\/tr>\n<tr>\n<td width=\"64\">8.<\/td>\n<td width=\"256\">Vasilija Aleksi\u0107<\/td>\n<td width=\"160\">1. LAUREAT<\/td>\n<\/tr>\n<tr>\n<td width=\"64\">9.<\/td>\n<td width=\"256\">Irina Nikoli\u0107<\/td>\n<td width=\"160\">1. NAGRADA<\/td>\n<\/tr>\n<tr>\n<td width=\"64\">10.<\/td>\n<td width=\"256\">Tamara Bani\u0107<\/td>\n<td width=\"160\">2. NAGRADA<\/td>\n<\/tr>\n<tr>\n<td width=\"64\"><\/td>\n<td width=\"256\">Valentina Kuni\u0107<\/td>\n<td width=\"160\">1. NAGRADA<\/td>\n<\/tr>\n<tr>\n<td width=\"64\"><\/td>\n<td width=\"256\">Kov\u00e1cs Krist\u00f3f<\/td>\n<td width=\"160\">2. NAGRADA<\/td>\n<\/tr>\n<\/tbody>\n<\/table>\n<p>\u010clanovi komisije: Ivana Jovanovi\u0107, Milica Nenadi\u0107, Tamara \u0160tricki Seg, Sibila Mora Mezneri\u0107, Lea Ledenjak<\/p>\n<p>&nbsp;<\/p>\n<p style=\"text-align: center;\"><strong>4. KATEGORIJA &#8211; KAMERNI ANSAMBLI<\/strong><\/p>\n<table width=\"480\">\n<tbody>\n<tr>\n<td width=\"64\"><b>Redni<\/b> <b>broj<\/b><\/td>\n<td width=\"256\"><b>Ime<\/b><b> I <\/b><b>prezime<\/b> <b>u\u010denika<\/b><\/td>\n<td width=\"160\"><b>nagrada<\/b><\/td>\n<\/tr>\n<tr>\n<td width=\"64\">1.<\/td>\n<td width=\"256\">Liliom grupa<\/td>\n<td width=\"160\">1 NAGRADA<\/td>\n<\/tr>\n<tr>\n<td width=\"64\">2.<\/td>\n<td width=\"256\">Biser<\/td>\n<td width=\"160\">2. NAGRADA<\/td>\n<\/tr>\n<tr>\n<td width=\"64\">3.<\/td>\n<td width=\"256\">IL FIORE<\/td>\n<td width=\"160\">1. NAGRADA<\/td>\n<\/tr>\n<tr>\n<td width=\"64\">4.<\/td>\n<td width=\"256\">Zlatovez<\/td>\n<td width=\"160\">2. NAGRADA<\/td>\n<\/tr>\n<tr>\n<td width=\"64\">5.<\/td>\n<td width=\"256\">Dalk\u00f6t\u0151<\/td>\n<td width=\"160\">1. LAUREAT<\/td>\n<\/tr>\n<tr>\n<td width=\"64\">6.<\/td>\n<td width=\"256\">BOMBONA<\/td>\n<td width=\"160\">1. LAUREAT<\/td>\n<\/tr>\n<\/tbody>\n<\/table>\n<p>\u010clanovi komisije: Eva Herodek, Aleksandra U\u0161umovi, Tamara \u0160tricki Seg, Lea Ledenjak<\/p>\n<p>&nbsp;<\/p>","protected":false},"excerpt":{"rendered":"<p>Rezultate prvog regionalnog takmi\u010denja iz solo pevanja i tradicionalnog pevanja mo\u017eete pogledati ovde. Takmi\u010denje je odr\u017eano 20. marta u na\u0161oj \u0161koli, a takmi\u010dili su se \u0111aci iz Sombora, Kanji\u017ee, Novog Kne\u017eevca i Subotice. \u010cestitamo vrednim u\u010denicima i njihovim nastavnicima na osvojenim nagradama! Nagradu publike na Otvorenom \u010dasu za glas, ponela\u2026<\/p>\n<p class=\"continue-reading-button\"> <a class=\"continue-reading-link\" href=\"http:\/\/muzickasu.edu.rs\/index.php\/events\/takmicenja\/takmicenja-u-nasoj-skoli\/glasni-dan\/\">Nastavite sa \u010ditanjem<i class=\"crycon-right-dir\"><\/i><\/a><\/p>\n","protected":false},"author":1,"featured_media":0,"parent":5649,"menu_order":0,"comment_status":"closed","ping_status":"closed","template":"","meta":{"footnotes":""},"class_list":["post-5896","page","type-page","status-publish","hentry"],"_links":{"self":[{"href":"http:\/\/muzickasu.edu.rs\/index.php\/wp-json\/wp\/v2\/pages\/5896","targetHints":{"allow":["GET"]}}],"collection":[{"href":"http:\/\/muzickasu.edu.rs\/index.php\/wp-json\/wp\/v2\/pages"}],"about":[{"href":"http:\/\/muzickasu.edu.rs\/index.php\/wp-json\/wp\/v2\/types\/page"}],"author":[{"embeddable":true,"href":"http:\/\/muzickasu.edu.rs\/index.php\/wp-json\/wp\/v2\/users\/1"}],"replies":[{"embeddable":true,"href":"http:\/\/muzickasu.edu.rs\/index.php\/wp-json\/wp\/v2\/comments?post=5896"}],"version-history":[{"count":1,"href":"http:\/\/muzickasu.edu.rs\/index.php\/wp-json\/wp\/v2\/pages\/5896\/revisions"}],"predecessor-version":[{"id":5903,"href":"http:\/\/muzickasu.edu.rs\/index.php\/wp-json\/wp\/v2\/pages\/5896\/revisions\/5903"}],"up":[{"embeddable":true,"href":"http:\/\/muzickasu.edu.rs\/index.php\/wp-json\/wp\/v2\/pages\/5649"}],"wp:attachment":[{"href":"http:\/\/muzickasu.edu.rs\/index.php\/wp-json\/wp\/v2\/media?parent=5896"}],"curies":[{"name":"wp","href":"https:\/\/api.w.org\/{rel}","templated":true}]}}