{"id":5649,"date":"2023-12-17T19:50:13","date_gmt":"2023-12-17T19:50:13","guid":{"rendered":"http:\/\/muzickasu.edu.rs\/?page_id=5649"},"modified":"2026-01-15T09:30:06","modified_gmt":"2026-01-15T09:30:06","slug":"takmicenja-u-nasoj-skoli","status":"publish","type":"page","link":"http:\/\/muzickasu.edu.rs\/index.php\/events\/takmicenja\/takmicenja-u-nasoj-skoli\/","title":{"rendered":"Takmi\u010denja u na\u0161oj \u0161koli"},"content":{"rendered":"<p><\/p>\n<div>\n<div>\n<div><\/div>\n<div>\n<p><a href=\"https:\/\/muzickasu.edu.rs\/index.php\/events\/competitions\/takmicenja-u-nasoj-skoli\/takmicenje-za-udaraljke\/\" target=\"_blank\" rel=\"noopener\"><img loading=\"lazy\" decoding=\"async\" class=\"alignnone wp-image-5828 \" src=\"http:\/\/muzickasu.edu.rs\/wp-content\/uploads\/2024\/03\/431199003_10232105062792011_6073450854965298955_n.jpg\" alt=\"\" width=\"219\" height=\"310\" srcset=\"http:\/\/muzickasu.edu.rs\/wp-content\/uploads\/2024\/03\/431199003_10232105062792011_6073450854965298955_n.jpg 509w, http:\/\/muzickasu.edu.rs\/wp-content\/uploads\/2024\/03\/431199003_10232105062792011_6073450854965298955_n-212x300.jpg 212w, http:\/\/muzickasu.edu.rs\/wp-content\/uploads\/2024\/03\/431199003_10232105062792011_6073450854965298955_n-106x150.jpg 106w\" sizes=\"auto, (max-width: 219px) 100vw, 219px\" \/><\/a><\/p>\n<div><a href=\"https:\/\/muzickasu.edu.rs\/index.php\/events\/competitions\/takmicenja-u-nasoj-skoli\/glasni-dan\/\" target=\"_blank\" rel=\"https:\/\/muzickasu.edu.rs\/index.php\/events\/competitions\/takmicenja-u-nasoj-skoli\/glasni-dan\/ noopener\"><img loading=\"lazy\" decoding=\"async\" class=\"alignnone wp-image-6715\" src=\"http:\/\/muzickasu.edu.rs\/wp-content\/uploads\/2026\/01\/487189782_1145133834290638_5193115332277451537_n.jpg\" alt=\"\" width=\"217\" height=\"272\" srcset=\"http:\/\/muzickasu.edu.rs\/wp-content\/uploads\/2026\/01\/487189782_1145133834290638_5193115332277451537_n.jpg 1080w, http:\/\/muzickasu.edu.rs\/wp-content\/uploads\/2026\/01\/487189782_1145133834290638_5193115332277451537_n-400x500.jpg 400w, http:\/\/muzickasu.edu.rs\/wp-content\/uploads\/2026\/01\/487189782_1145133834290638_5193115332277451537_n-1040x1300.jpg 1040w, http:\/\/muzickasu.edu.rs\/wp-content\/uploads\/2026\/01\/487189782_1145133834290638_5193115332277451537_n-768x960.jpg 768w, http:\/\/muzickasu.edu.rs\/wp-content\/uploads\/2026\/01\/487189782_1145133834290638_5193115332277451537_n-120x150.jpg 120w\" sizes=\"auto, (max-width: 217px) 100vw, 217px\" \/><\/a><\/div>\n<\/div>\n<div><\/div>\n<\/div>\n<\/div>\n<p><\/p>","protected":false},"excerpt":{"rendered":"<p class=\"continue-reading-button\"> <a class=\"continue-reading-link\" href=\"http:\/\/muzickasu.edu.rs\/index.php\/events\/takmicenja\/takmicenja-u-nasoj-skoli\/\">Nastavite sa \u010ditanjem<i class=\"crycon-right-dir\"><\/i><\/a><\/p>\n","protected":false},"author":1,"featured_media":0,"parent":6719,"menu_order":0,"comment_status":"closed","ping_status":"closed","template":"","meta":{"footnotes":""},"class_list":["post-5649","page","type-page","status-publish","hentry"],"_links":{"self":[{"href":"http:\/\/muzickasu.edu.rs\/index.php\/wp-json\/wp\/v2\/pages\/5649","targetHints":{"allow":["GET"]}}],"collection":[{"href":"http:\/\/muzickasu.edu.rs\/index.php\/wp-json\/wp\/v2\/pages"}],"about":[{"href":"http:\/\/muzickasu.edu.rs\/index.php\/wp-json\/wp\/v2\/types\/page"}],"author":[{"embeddable":true,"href":"http:\/\/muzickasu.edu.rs\/index.php\/wp-json\/wp\/v2\/users\/1"}],"replies":[{"embeddable":true,"href":"http:\/\/muzickasu.edu.rs\/index.php\/wp-json\/wp\/v2\/comments?post=5649"}],"version-history":[{"count":20,"href":"http:\/\/muzickasu.edu.rs\/index.php\/wp-json\/wp\/v2\/pages\/5649\/revisions"}],"predecessor-version":[{"id":6717,"href":"http:\/\/muzickasu.edu.rs\/index.php\/wp-json\/wp\/v2\/pages\/5649\/revisions\/6717"}],"up":[{"embeddable":true,"href":"http:\/\/muzickasu.edu.rs\/index.php\/wp-json\/wp\/v2\/pages\/6719"}],"wp:attachment":[{"href":"http:\/\/muzickasu.edu.rs\/index.php\/wp-json\/wp\/v2\/media?parent=5649"}],"curies":[{"name":"wp","href":"https:\/\/api.w.org\/{rel}","templated":true}]}}