{"id":536,"date":"2016-02-17T17:28:28","date_gmt":"2016-02-17T17:28:28","guid":{"rendered":"http:\/\/muzickasu.edu.rs\/?page_id=536"},"modified":"2022-10-25T11:58:47","modified_gmt":"2022-10-25T11:58:47","slug":"srpski-muzicki-saradnik-etnomuzikolog-2","status":"publish","type":"page","link":"http:\/\/muzickasu.edu.rs\/index.php\/education\/srpski-srednja-skola\/srpski-muzicki-saradnik-etnomuzikolog-2\/","title":{"rendered":"Muzi\u010dki izvo\u0111a\u010d srpskog tradicionalnog pevanja i sviranja"},"content":{"rendered":"<p><em>\u266a Kako upisati obrazovni profil muzi\u010dki izvo\u0111a\u010d \u2013 tradicionalna muzika?<\/em><\/p>\n<p style=\"text-align: justify;\">Svaki u\u010denik koji zavr\u0161i osnovnu muzi\u010dku \u0161kolu na odseku tradicionalne muzike, mo\u017ee da pola\u017ee prijemni ispit za ovaj obrazovni profil. Postoji mogu\u0107nost upisa i bez prethodno zavr\u0161ene osnovne muzi\u010dke \u0161kole ili sa nepotpunom osnovnom muzi\u010dkom \u0161kolom. U tom slu\u010daju se prvo pola\u017ee ispit za <strong>nivo osnovnog muzi\u010dkog obrazovanja<\/strong> (diferencijalni ispit) po planu i programu za osnovnu muzi\u010dku \u0161kolu.<br \/>\nSvake godine \u0161kola organizuje <a href=\"http:\/\/muzickasu.edu.rs\/index.php\/2020\/02\/04\/srpski-besplatna-pripremna-nastava-za-buduce-ucenike-srednje-muzicke-skole-subotica\/?lang=rs\">pripreme za prijemni ispit<\/a> iz solfe\u0111a i teorije muzike. Informacije mo\u017eete dobiti telefonskim putem od slu\u017ebe za u\u010deni\u010dka pitanja ili na web stranici \u0161kole.<br \/>\nPrijemni ispit obuhvata dva predmeta:<br \/>\n\u2022 glavni predmet (instrument ili pevanje) i<br \/>\n\u2022 solfe\u0111o.<br \/>\nGradivo za polaganje prijemnog ispita obuhvata slede\u0107e: za glavni predmet &#8211; ispitno gradivo zavr\u0161nog razreda osnovne muzi\u010dke \u0161kole, koje je propisano planom i programom, dok za solfe\u0111o obuhvata gradivo cele osnovne muzi\u010dke \u0161kole.<\/p>\n<p>&nbsp;<\/p>\n<p><em>\u266a Koje su karakteristike obrazovnog profila muzi\u010dki izvo\u0111a\u010d \u2013 tradicionalna muzika?<\/em><\/p>\n<p style=\"text-align: justify;\">\u0160kolovanje na ovom obrazovnom profilu u srednjoj muzi\u010dkoj \u0161koli traje \u010detiri godine.<br \/>\nGlavni predmet je <strong>tradicionalno pevanje ili sviranje<\/strong>.<br \/>\nU\u017eestru\u010dni predmeti su jo\u0161 i etnomuzikologija, etnologija, narodne igre i narodni ansambli. U\u010denici odseka tradicionalne muzike u\u010de o tradicionalnoj muzici i plesu Srbije i drugih naroda Balkana i sveta. Osim teoretskog izu\u010davanja ovih tema, prakti\u010dna izvo\u0111enja su prisutna u okviru svih stru\u010dnih predmeta ovog obrazovnog profila. U okviru predmeta tradicionalno pevanje, u\u010denik se upoznaje sa vokalnom tradicijom svih folklornih zona Srbije, ali tako\u0111e i susednih zemalja i sli\u010dnih govornih podru\u010dja. U\u010denici savladavaju zapisivanje vokalnih muzi\u010dkih primera \u2013 melografiju, u\u010de o principima sakupljanja muzi\u010dke tradicije, slu\u0161aju terenske snimke, te na osnovu svega ovoga, savladavaju stilske karakteristike razli\u010ditih oblasti.<br \/>\nU toku \u0161kolovanja imaju priliku da u\u010destvuju na razli\u010ditim manifestacijama, festivalima, smotrama i takmi\u010denjima iz oblasti negovanja tradicionalne muzike.<\/p>\n<p>&nbsp;<\/p>\n<p><em>\u266a Koje su mogu\u0107nosti nakon zavr\u0161ene srednje \u0161kole?<\/em><\/p>\n<p style=\"text-align: justify;\">Uspe\u0161nim polaganjem maturskog ispita u\u010denik sti\u010de zvanje:<br \/>\n<strong>muzi\u010dki izvo\u0111a\u010d \u2013 tradicionalna muzika<\/strong>.<br \/>\nNakon zavr\u0161etka srednje \u0161kole, u\u010denici se naj\u010de\u0161\u0107e opredeljuju za polaganje prijemnog ispita na muzi\u010dkim akademijama za studijski program etnomuzikologija (Beograd, Novi Sad).<br \/>\nDalje \u0161kolovanje je mogu\u0107e nastaviti i na drugim fakultetima uz polaganje prijemnih ispita.<\/p>\n<p style=\"text-align: justify;\">Po zavr\u0161etku studija, u\u010denici se mogu da se zaposle kao muzi\u010dki saradnici u kulturnim udru\u017eenjima, u kulturnim programima u medijima, tako\u0111e mogu da budu saradnici u institucijama koje se bave o\u010duvanjem tradicionalne muzi\u010dke ba\u0161tine, ili da se bave pedago\u0161kim radom.<\/p>\n<p><\/p>","protected":false},"excerpt":{"rendered":"<p>\u266a Kako upisati obrazovni profil muzi\u010dki izvo\u0111a\u010d \u2013 tradicionalna muzika? Svaki u\u010denik koji zavr\u0161i osnovnu muzi\u010dku \u0161kolu na odseku tradicionalne muzike, mo\u017ee da pola\u017ee prijemni ispit za ovaj obrazovni profil. Postoji mogu\u0107nost upisa i bez prethodno zavr\u0161ene osnovne muzi\u010dke \u0161kole ili sa nepotpunom osnovnom muzi\u010dkom \u0161kolom. U tom slu\u010daju se\u2026<\/p>\n<p class=\"continue-reading-button\"> <a class=\"continue-reading-link\" href=\"http:\/\/muzickasu.edu.rs\/index.php\/education\/srpski-srednja-skola\/srpski-muzicki-saradnik-etnomuzikolog-2\/\">Nastavite sa \u010ditanjem<i class=\"crycon-right-dir\"><\/i><\/a><\/p>\n","protected":false},"author":2,"featured_media":0,"parent":178,"menu_order":4,"comment_status":"closed","ping_status":"closed","template":"","meta":{"footnotes":""},"class_list":["post-536","page","type-page","status-publish","hentry"],"_links":{"self":[{"href":"http:\/\/muzickasu.edu.rs\/index.php\/wp-json\/wp\/v2\/pages\/536","targetHints":{"allow":["GET"]}}],"collection":[{"href":"http:\/\/muzickasu.edu.rs\/index.php\/wp-json\/wp\/v2\/pages"}],"about":[{"href":"http:\/\/muzickasu.edu.rs\/index.php\/wp-json\/wp\/v2\/types\/page"}],"author":[{"embeddable":true,"href":"http:\/\/muzickasu.edu.rs\/index.php\/wp-json\/wp\/v2\/users\/2"}],"replies":[{"embeddable":true,"href":"http:\/\/muzickasu.edu.rs\/index.php\/wp-json\/wp\/v2\/comments?post=536"}],"version-history":[{"count":16,"href":"http:\/\/muzickasu.edu.rs\/index.php\/wp-json\/wp\/v2\/pages\/536\/revisions"}],"predecessor-version":[{"id":4966,"href":"http:\/\/muzickasu.edu.rs\/index.php\/wp-json\/wp\/v2\/pages\/536\/revisions\/4966"}],"up":[{"embeddable":true,"href":"http:\/\/muzickasu.edu.rs\/index.php\/wp-json\/wp\/v2\/pages\/178"}],"wp:attachment":[{"href":"http:\/\/muzickasu.edu.rs\/index.php\/wp-json\/wp\/v2\/media?parent=536"}],"curies":[{"name":"wp","href":"https:\/\/api.w.org\/{rel}","templated":true}]}}