{"id":44,"date":"2015-11-08T22:44:33","date_gmt":"2015-11-08T22:44:33","guid":{"rendered":"http:\/\/localhost\/WP_muzicka\/?page_id=44"},"modified":"2026-04-08T08:29:56","modified_gmt":"2026-04-08T08:29:56","slug":"secondary-school","status":"publish","type":"page","link":"http:\/\/muzickasu.edu.rs\/index.php\/entrance-exams\/secondary-school\/","title":{"rendered":"II pripremni razred"},"content":{"rendered":"<p><\/p>\n<h4 style=\"text-align: left;\"><strong><u>Pre upisa:<\/u><\/strong><\/h4>\n<p style=\"text-align: left;\"><strong>Za upis u II pripremni razred portebno je polo\u017eiti PRIJEMNI ISPIT &#8211; proveru muzi\u010dkih sposobnosti.<\/strong><\/p>\n<p><strong>Izlo\u017ebu instrumenata<\/strong>, gde se deca mogu upoznati sa instrumentima koje mogu birati, odr\u017ea\u0107emo u dva termina 16. i 30. maja 2026. od 9 do 12h u koncertnoj sali na\u0161e \u0161kole.<\/p>\n<p><em>Provera\u00a0<\/em><em>muzi\u010dkih sposobnosti za II pripremni i 1.razred<strong> osnovne muzi\u010dke<\/strong> \u0161kole<\/em><em>\u00a0obavi\u0107e se <strong>01. i 02. jun 2026. godine<\/strong><\/em><em>,\u00a0 od <strong>8-12.<\/strong><\/em><em> u <strong>u\u010dionici br.2.<\/strong><br \/>\n<\/em><\/p>\n<p><strong>Program prijemnog ispita:\u00a0\u00a0\u00a0\u00a0 <a href=\"http:\/\/muzickasu.edu.rs\/index.php\/entrance-exams\/secondary-school\/upis\/\" rel=\"attachment wp-att-4018\"><img loading=\"lazy\" decoding=\"async\" class=\"alignright wp-image-4018\" src=\"http:\/\/muzickasu.edu.rs\/wp-content\/uploads\/2021\/02\/upis.jpg\" alt=\"\" width=\"450\" height=\"338\" srcset=\"http:\/\/muzickasu.edu.rs\/wp-content\/uploads\/2021\/02\/upis.jpg 960w, http:\/\/muzickasu.edu.rs\/wp-content\/uploads\/2021\/02\/upis-300x225.jpg 300w, http:\/\/muzickasu.edu.rs\/wp-content\/uploads\/2021\/02\/upis-768x576.jpg 768w, http:\/\/muzickasu.edu.rs\/wp-content\/uploads\/2021\/02\/upis-150x113.jpg 150w\" sizes=\"auto, (max-width: 450px) 100vw, 450px\" \/><\/a><br \/>\n<\/strong><\/p>\n<ol>\n<li>pevanje jedne dec\u030cje pesmice po izboru,<\/li>\n<li>ponavljanje zadatog ritma tap\u0161anjem<\/li>\n<li>ponavljanje\/pevanje zadate melodije.<\/li>\n<\/ol>\n<p><strong><u>Potrebna dokumenta<\/u><\/strong><\/p>\n<p>Roditelji treba da donesu slede\u0107a dokumenata<strong> na dan polaganja prijemnog ispita<\/strong>:<\/p>\n<ol>\n<li>Formular prijave mo\u017eete preuzeti ovde: <a href=\"http:\/\/muzickasu.edu.rs\/wp-content\/uploads\/2026\/04\/Prijava-u-drugi-pripremni-202_-202_.pdf\">Prijava za prijemni ispit -drugi pripremni<\/a><\/li>\n<li>Dokaz o plac\u0301enim tro\u0161kovima prijemnog ispita u iznosu od 700,00 dinara<\/li>\n<\/ol>\n<p>&nbsp;<\/p>\n<p>*Konkurs za II pripremni razred je raspisan za instrumente svih odseka: gudac\u030cki, duvac\u030cki, trzac\u030cki, klavirski, odsek harmonike i orgulje.<\/p>\n<p><strong>Rezultati<\/strong> prijemnih ispita i raspored u\u010denika po instrumentima bi\u0107e objavljeni na oglasnim tablama u \u0161koli, ili se interesovati na telefon 024\/553-837 i na muzickasu@gmail.com<\/p>\n<p>Informacije ne mogu biti objavljene na sajtu \u0161kole na osnovu Zakona o za\u0161titi podataka o lic\u030cnosti \u2013 \u201eSlu\u017ebeni glasnik RS\u201c br. 97\/2008, 1004\/2009-dr.zakon, 68\/2012 \u2013 odluka USI 107\/2012.<\/p>\n<p><span style=\"color: #ff00ff;\">Nakon rezultata prijemnog ispita sledi upis.<\/span><\/p>\n<h4><strong><u>Upis:<\/u><\/strong><\/h4>\n<p><strong>Upis u narednu \u0161kolsku godinu<\/strong>\u00a0 obavi\u0107e se<strong> 29-30. juna<\/strong><em><strong> 2026. od 8-12h <\/strong>\u00a0u sekretarijatu \u0161kole.\u00a0<\/em><\/p>\n<p><strong>Potrebna dokumentacija za upis:<\/strong><\/p>\n<ol>\n<li>Prijava za upis uc\u030cenika (mo\u017eete preuzeti ovde: <a href=\"http:\/\/muzickasu.edu.rs\/wp-content\/uploads\/2026\/04\/\u041f\u0420\u0418\u0408\u0410\u0412\u0410-\u0417\u0410-\u0423\u041f\u0418\u0421.pdf\">\u041f\u0420\u0418\u0408\u0410\u0412\u0410-\u0417\u0410-\u0423\u041f\u0418\u0421<\/a><\/li>\n<li>Fotokopija bilo kog slu\u017ebenog dokumenta koji sadr\u017ei JMBG jednog od roditelja\/staratelja i u\u010denika (samo za u\u010denike koji se prvi put upisuju u na\u0161u \u0161kolu)<\/li>\n<li>Dokaz o plac\u0301enim tro\u0161kovima upisa u iznosu od 2500,00 dinara<\/li>\n<\/ol>\n<p>&nbsp;<\/p>\n<p><strong>NAPOMENA: <\/strong><strong>lekarsko uverenje specijaliste fonijatra \u2013 bic\u0301e potrebno samo kandidatima koji steknu pravo upisa na odsek za solo pevanje i tradicionalno pevanje, i nije potrebno prilo\u017eiti prilikom prijavljivanja za prijemni ispit, vec\u0301 pri upisu.<\/strong>***<\/p>\n<p>&nbsp;<\/p>\n<p><strong>MESE\u010cNI TRO\u0160KOVI \u2013 II PRIPREMNI RAZRED:<\/strong><\/p>\n<p>DONATORSKI DINAR\u2026\u2026\u2026\u2026\u2026\u2026\u2026\u2026\u2026\u2026\u2026\u2026\u2026.1200,00 dinara<\/p>\n<p>IZDAVANJE INSTRUMENTA\u2026\u2026\u2026\u2026\u2026\u2026\u2026\u2026\u2026\u2026\u2026\u2026\u2026\u2026\u20261000,00 dinara<\/p>\n<div>\n<h3 dir=\"ltr\" style=\"text-align: center;\"><strong><span style=\"color: #ff0000;\">Va\u017eno obave\u0161tenje!<\/span><\/strong><\/h3>\n<h5>Muzi\u010dka \u0161kola je pre\u0161la na novi program poslovanja od 2024.godine i dobila nove ra\u010dune. Ono \u0161to je izuzetno va\u017eno jeste da ispravno popunite <b>model<\/b> i <b>poziv na broj<\/b> (odobrenje). Tako\u0111e, kao i do sada, na uplatnicu treba upisati ime i prezime deteta. Za sve dodatne informacije javite se ra\u010dunovodstvu \u0161kole.<\/h5>\n<h5 dir=\"ltr\"><span style=\"color: #000000;\">\u00a0<a href=\"https:\/\/muzickasu.edu.rs\/index.php\/instrukcije-za-placanje\/\">INSTRUKCIJE ZA PLA\u0106ANJE<\/a><\/span><\/h5>\n<\/div>\n<p>&nbsp;<\/p>\n<p><strong>*<\/strong><strong>OBAVE\u0160TENJE- UPIS U\u010cENIKA<\/strong><\/p>\n<p><strong>Donacije za tre\u0107e i svako naredno dete<\/strong>\u00a0ne napla\u0107uju se ni u osnovnoj, ni u srednjoj muzi\u010dkoj \u0161koli.<\/p>\n<p>Samohrani roditelji i roditelji dece iz osetljivih dru\u0161tvenih grupa i socijalno ugro\u017eenih porodica\u00a0<strong>mogu biti oslobo\u0111eni<\/strong>\u00a0obaveze pla\u0107anja roditeljskog dinara odlukom direktora \u0161kole, na svoj zahtev, uz koji podnose odgovaraju\u0107e dokaze.<\/p>\n<p>Roditelji\u00a0<strong>koji su oslobo\u0111eni pla\u0107anja<\/strong>\u00a0roditeljskog dinara<strong>\u00a0pla\u0107aju upis<\/strong>, \u0430\u00a0<strong>ne pla\u0107aju mese\u010dnu donaciju<\/strong>.<\/p>\n<p>Iznajmljivanje instrumenta se uvek napla\u0107uje.<\/p>\n<p>Iznajmljivanje instrumenta pla\u0107aju i oni roditelji koji su oslobo\u0111eni pla\u0107anja roditeljskog dinara.<\/p>\n<p><strong>U sluc\u030caju slobodnih mesta u pripremnom razredu organizovac\u0301e se drugi krug prijemnog ispita u toku avgusta teku\u0107e godine.<\/strong><\/p>\n<h3>Srda\u010dno vas o\u010dekujemo!<\/h3>\n<p><\/p>","protected":false},"excerpt":{"rendered":"<p>Pre upisa: Za upis u II pripremni razred portebno je polo\u017eiti PRIJEMNI ISPIT &#8211; proveru muzi\u010dkih sposobnosti. Izlo\u017ebu instrumenata, gde se deca mogu upoznati sa instrumentima koje mogu birati, odr\u017ea\u0107emo u dva termina 16. i 30. maja 2026. od 9 do 12h u koncertnoj sali na\u0161e \u0161kole. Provera\u00a0muzi\u010dkih sposobnosti za\u2026<\/p>\n<p class=\"continue-reading-button\"> <a class=\"continue-reading-link\" href=\"http:\/\/muzickasu.edu.rs\/index.php\/entrance-exams\/secondary-school\/\">Nastavite sa \u010ditanjem<i class=\"crycon-right-dir\"><\/i><\/a><\/p>\n","protected":false},"author":1,"featured_media":0,"parent":26,"menu_order":2,"comment_status":"closed","ping_status":"closed","template":"","meta":{"footnotes":""},"class_list":["post-44","page","type-page","status-publish","hentry"],"_links":{"self":[{"href":"http:\/\/muzickasu.edu.rs\/index.php\/wp-json\/wp\/v2\/pages\/44","targetHints":{"allow":["GET"]}}],"collection":[{"href":"http:\/\/muzickasu.edu.rs\/index.php\/wp-json\/wp\/v2\/pages"}],"about":[{"href":"http:\/\/muzickasu.edu.rs\/index.php\/wp-json\/wp\/v2\/types\/page"}],"author":[{"embeddable":true,"href":"http:\/\/muzickasu.edu.rs\/index.php\/wp-json\/wp\/v2\/users\/1"}],"replies":[{"embeddable":true,"href":"http:\/\/muzickasu.edu.rs\/index.php\/wp-json\/wp\/v2\/comments?post=44"}],"version-history":[{"count":165,"href":"http:\/\/muzickasu.edu.rs\/index.php\/wp-json\/wp\/v2\/pages\/44\/revisions"}],"predecessor-version":[{"id":6883,"href":"http:\/\/muzickasu.edu.rs\/index.php\/wp-json\/wp\/v2\/pages\/44\/revisions\/6883"}],"up":[{"embeddable":true,"href":"http:\/\/muzickasu.edu.rs\/index.php\/wp-json\/wp\/v2\/pages\/26"}],"wp:attachment":[{"href":"http:\/\/muzickasu.edu.rs\/index.php\/wp-json\/wp\/v2\/media?parent=44"}],"curies":[{"name":"wp","href":"https:\/\/api.w.org\/{rel}","templated":true}]}}