{"id":4171,"date":"2021-04-07T11:55:00","date_gmt":"2021-04-07T11:55:00","guid":{"rendered":"http:\/\/muzickasu.edu.rs\/?page_id=4171"},"modified":"2025-05-14T13:57:59","modified_gmt":"2025-05-14T13:57:59","slug":"4171-2","status":"publish","type":"page","link":"http:\/\/muzickasu.edu.rs\/index.php\/entrance-exams\/secondary-school-of-music\/4171-2\/","title":{"rendered":"Pravilnik o upisu u\u010denika u srednju \u0161kolu"},"content":{"rendered":"<p><\/p>\n<h4><u>UPIS<\/u><\/h4>\n<p><a href=\"http:\/\/muzickasu.edu.rs\/wp-content\/uploads\/2024\/04\/\u041f\u0440\u0430\u0432\u0438\u043b\u043d\u0438\u043a-\u043e-\u0443\u043f\u0438\u0441\u0443-\u0443\u0447\u0435\u043d\u0438\u043a\u0430-\u0443-\u0441\u0440\u0435\u0434\u045a\u0443-\u0448\u043a\u043e\u043b\u0443-2024.pdf\">\u041f\u0440\u0430\u0432\u0438\u043b\u043d\u0438\u043a \u043e \u0443\u043f\u0438\u0441\u0443 \u0443\u0447\u0435\u043d\u0438\u043a\u0430 \u0443 \u0441\u0440\u0435\u0434\u045a\u0443 \u0448\u043a\u043e\u043b\u0443 2025<\/a><\/p>\n<p><a href=\"http:\/\/muzickasu.edu.rs\/wp-content\/uploads\/2025\/05\/Resenje-komisija.pdf\">Re\u0161enje &#8211; komisija<\/a><\/p>\n<h5>AKO SE UPISUJETE U I razred SREDNJE MUZI\u010cKE \u0160KOLE potrebno je da pratite obave\u0161tenja ministarstva prosvete ili na\u0161e dru\u0161tvene mre\u017ee u vezi sa terminima upisa.<\/h5>\n<p>&nbsp;<\/p>","protected":false},"excerpt":{"rendered":"<p>UPIS \u041f\u0440\u0430\u0432\u0438\u043b\u043d\u0438\u043a \u043e \u0443\u043f\u0438\u0441\u0443 \u0443\u0447\u0435\u043d\u0438\u043a\u0430 \u0443 \u0441\u0440\u0435\u0434\u045a\u0443 \u0448\u043a\u043e\u043b\u0443 2025 Re\u0161enje &#8211; komisija AKO SE UPISUJETE U I razred SREDNJE MUZI\u010cKE \u0160KOLE potrebno je da pratite obave\u0161tenja ministarstva prosvete ili na\u0161e dru\u0161tvene mre\u017ee u vezi sa terminima upisa. &nbsp;<\/p>\n<p class=\"continue-reading-button\"> <a class=\"continue-reading-link\" href=\"http:\/\/muzickasu.edu.rs\/index.php\/entrance-exams\/secondary-school-of-music\/4171-2\/\">Nastavite sa \u010ditanjem<i class=\"crycon-right-dir\"><\/i><\/a><\/p>\n","protected":false},"author":3,"featured_media":0,"parent":256,"menu_order":0,"comment_status":"closed","ping_status":"closed","template":"","meta":{"footnotes":""},"class_list":["post-4171","page","type-page","status-publish","hentry"],"_links":{"self":[{"href":"http:\/\/muzickasu.edu.rs\/index.php\/wp-json\/wp\/v2\/pages\/4171","targetHints":{"allow":["GET"]}}],"collection":[{"href":"http:\/\/muzickasu.edu.rs\/index.php\/wp-json\/wp\/v2\/pages"}],"about":[{"href":"http:\/\/muzickasu.edu.rs\/index.php\/wp-json\/wp\/v2\/types\/page"}],"author":[{"embeddable":true,"href":"http:\/\/muzickasu.edu.rs\/index.php\/wp-json\/wp\/v2\/users\/3"}],"replies":[{"embeddable":true,"href":"http:\/\/muzickasu.edu.rs\/index.php\/wp-json\/wp\/v2\/comments?post=4171"}],"version-history":[{"count":18,"href":"http:\/\/muzickasu.edu.rs\/index.php\/wp-json\/wp\/v2\/pages\/4171\/revisions"}],"predecessor-version":[{"id":6455,"href":"http:\/\/muzickasu.edu.rs\/index.php\/wp-json\/wp\/v2\/pages\/4171\/revisions\/6455"}],"up":[{"embeddable":true,"href":"http:\/\/muzickasu.edu.rs\/index.php\/wp-json\/wp\/v2\/pages\/256"}],"wp:attachment":[{"href":"http:\/\/muzickasu.edu.rs\/index.php\/wp-json\/wp\/v2\/media?parent=4171"}],"curies":[{"name":"wp","href":"https:\/\/api.w.org\/{rel}","templated":true}]}}