{"id":374,"date":"2016-01-15T09:16:11","date_gmt":"2016-01-15T09:16:11","guid":{"rendered":"http:\/\/muzickasu.edu.rs\/?page_id=374"},"modified":"2023-11-23T10:35:17","modified_gmt":"2023-11-23T10:35:17","slug":"srpski-gudacki-odsek","status":"publish","type":"page","link":"http:\/\/muzickasu.edu.rs\/index.php\/education\/srpski-osnovna-muzicka-skola\/srpski-gudacki-odsek\/","title":{"rendered":"Guda\u010dki odsek"},"content":{"rendered":"<p>\u0160kolovanje u osnovnoj muzi\u010dkoj \u0161koli traje:<\/p>\n<ul>\n<li>za <strong>violinu i violon\u010delo<\/strong> 6 godina, od 9-e godine u\u010denika (pre toga, sa 8 godina preporu\u010dljivo je poha\u0111anje pripremnog razreda u muzi\u010dkoj \u0161koli)<\/li>\n<li>za <strong>violu<\/strong> tako\u0111e 6 godina traje, pri \u010demu u\u010denici prve tri godine poha\u0111aju violinu, zatim u 4. razredu se opredeljuju za violu<\/li>\n<li>za\u00a0 <strong>kontrabas<\/strong> 4 godine, od 11-e godine u\u010denika (pre toga preporu\u010dljivo je poha\u0111anje drugog guda\u010dkog instrumenta)<\/li>\n<\/ul>\n<p>Za ovo vreme u\u010denici se osposobljavaju za bavljenje muzikom na nivou osnovno\u0161kolskog znanja i za mogu\u0107i nastavak \u0161kolovanja u srednjoj muzi\u010dkoj \u0161koli. Poha\u0111aju glavni predmet \u2013 odabrani instrument dva \u010dasa nedeljno i solfe\u0111o tako\u0111e dva \u010dasa nedeljno. U poslednjoj godini se u\u010di i teorija muzike. U drugom ciklusu (od 4. razreda) deca se uklju\u010duju u guda\u010dki orkestar.<\/p>\n<ul>\n<li><em>Zbog \u010dega da upi\u0161emo dete u Muzi\u010dku \u0161kolu?<\/em><\/li>\n<\/ul>\n<p>Bavljenje muzikom uti\u010de na formiranje li\u010dnosti: na stvaranje radnih navika i samodiscipline, ja\u010da volju i hrabrost, bistri ukus, pospe\u0161uje inteligenciju, uzdi\u017ee emocije, oplemenjuje du\u0161u.<\/p>\n<ul>\n<li><em>Gde nastupaju u\u010denici guda\u010dkog odseka?<\/em><\/li>\n<\/ul>\n<p>U\u010denici nastupaju kao solisti na javnim \u010dasovima klase, odseka i na u\u010deni\u010dkim koncertima u Koncertnoj sali \u0160kole. Oni u\u010destvuju i u kulturnom \u017eivotu grada Subotice (otvaranja izlo\u017ebi, nastupi u Biblioteci, na festivalima itd). Tako\u0111e, nastupaju i kao \u010dlanovi guda\u010dkog orkestra prilikom novogodi\u0161njeg koncerta osnovne muzi\u010dke \u0161kole.<\/p>\n<ul>\n<li><em>Da li idu na takmi\u010denja?<\/em><\/li>\n<\/ul>\n<p>Da, vredniji u\u010denici ovog odseka u\u010destvuju na takmi\u010denjima koja se organizuju u Vojvodini: Festival mladih guda\u010da &#8222;Kada cvr\u010dci cvr\u010de&#8220; (Ba\u010dka Topola), &#8222;Dani muzike&#8220; (Ba\u010dka Topola), Me\u0111unarodno takmi\u010denje &#8222;Fantast&#8220; (Be\u010dej), ali i na Republi\u010dkom takmi\u010denju.<\/p>\n<p>Pogledajte uspeh u\u010denika ovog odseka &#8211; <a href=\"http:\/\/muzickasu.edu.rs\/index.php\/events\/competitions\/?lang=rs\">Rezultati takmi\u010denja<\/a><\/p>\n<p><a href=\"http:\/\/muzickasu.edu.rs\/wp-content\/uploads\/2023\/11\/375571972_280571171385083_3186006354049345138_n.jpg\"><img loading=\"lazy\" decoding=\"async\" class=\"aligncenter wp-image-5626 size-full\" src=\"http:\/\/muzickasu.edu.rs\/wp-content\/uploads\/2023\/11\/375571972_280571171385083_3186006354049345138_n.jpg\" alt=\"\" width=\"1988\" height=\"754\" srcset=\"http:\/\/muzickasu.edu.rs\/wp-content\/uploads\/2023\/11\/375571972_280571171385083_3186006354049345138_n.jpg 1988w, http:\/\/muzickasu.edu.rs\/wp-content\/uploads\/2023\/11\/375571972_280571171385083_3186006354049345138_n-300x114.jpg 300w, http:\/\/muzickasu.edu.rs\/wp-content\/uploads\/2023\/11\/375571972_280571171385083_3186006354049345138_n-1024x388.jpg 1024w, http:\/\/muzickasu.edu.rs\/wp-content\/uploads\/2023\/11\/375571972_280571171385083_3186006354049345138_n-768x291.jpg 768w, http:\/\/muzickasu.edu.rs\/wp-content\/uploads\/2023\/11\/375571972_280571171385083_3186006354049345138_n-1536x583.jpg 1536w, http:\/\/muzickasu.edu.rs\/wp-content\/uploads\/2023\/11\/375571972_280571171385083_3186006354049345138_n-150x57.jpg 150w\" sizes=\"auto, (max-width: 1988px) 100vw, 1988px\" \/><\/a><\/p>\n<p><div id=\"attachment_1103\" style=\"width: 910px\" class=\"wp-caption aligncenter\"><a href=\"http:\/\/muzickasu.edu.rs\/wp-content\/uploads\/2016\/01\/12188220_1861251650767845_315725408701128078_o.jpg\"><img loading=\"lazy\" decoding=\"async\" aria-describedby=\"caption-attachment-1103\" class=\"wp-image-1103 size-large\" src=\"http:\/\/muzickasu.edu.rs\/wp-content\/uploads\/2016\/01\/12188220_1861251650767845_315725408701128078_o-1024x419.jpg\" alt=\"12188220_1861251650767845_315725408701128078_o\" width=\"900\" height=\"368\" srcset=\"http:\/\/muzickasu.edu.rs\/wp-content\/uploads\/2016\/01\/12188220_1861251650767845_315725408701128078_o-1024x419.jpg 1024w, http:\/\/muzickasu.edu.rs\/wp-content\/uploads\/2016\/01\/12188220_1861251650767845_315725408701128078_o-300x123.jpg 300w, http:\/\/muzickasu.edu.rs\/wp-content\/uploads\/2016\/01\/12188220_1861251650767845_315725408701128078_o-250x102.jpg 250w, http:\/\/muzickasu.edu.rs\/wp-content\/uploads\/2016\/01\/12188220_1861251650767845_315725408701128078_o-150x61.jpg 150w, http:\/\/muzickasu.edu.rs\/wp-content\/uploads\/2016\/01\/12188220_1861251650767845_315725408701128078_o.jpg 1917w\" sizes=\"auto, (max-width: 900px) 100vw, 900px\" \/><\/a><p id=\"caption-attachment-1103\" class=\"wp-caption-text\">Guda\u010dki orkestar<\/p><\/div><\/p>","protected":false},"excerpt":{"rendered":"<p>\u0160kolovanje u osnovnoj muzi\u010dkoj \u0161koli traje: za violinu i violon\u010delo 6 godina, od 9-e godine u\u010denika (pre toga, sa 8 godina preporu\u010dljivo je poha\u0111anje pripremnog razreda u muzi\u010dkoj \u0161koli) za violu tako\u0111e 6 godina traje, pri \u010demu u\u010denici prve tri godine poha\u0111aju violinu, zatim u 4. razredu se opredeljuju za\u2026<\/p>\n<p class=\"continue-reading-button\"> <a class=\"continue-reading-link\" href=\"http:\/\/muzickasu.edu.rs\/index.php\/education\/srpski-osnovna-muzicka-skola\/srpski-gudacki-odsek\/\">Nastavite sa \u010ditanjem<i class=\"crycon-right-dir\"><\/i><\/a><\/p>\n","protected":false},"author":1,"featured_media":0,"parent":175,"menu_order":1,"comment_status":"closed","ping_status":"closed","template":"","meta":{"footnotes":""},"class_list":["post-374","page","type-page","status-publish","hentry"],"_links":{"self":[{"href":"http:\/\/muzickasu.edu.rs\/index.php\/wp-json\/wp\/v2\/pages\/374","targetHints":{"allow":["GET"]}}],"collection":[{"href":"http:\/\/muzickasu.edu.rs\/index.php\/wp-json\/wp\/v2\/pages"}],"about":[{"href":"http:\/\/muzickasu.edu.rs\/index.php\/wp-json\/wp\/v2\/types\/page"}],"author":[{"embeddable":true,"href":"http:\/\/muzickasu.edu.rs\/index.php\/wp-json\/wp\/v2\/users\/1"}],"replies":[{"embeddable":true,"href":"http:\/\/muzickasu.edu.rs\/index.php\/wp-json\/wp\/v2\/comments?post=374"}],"version-history":[{"count":13,"href":"http:\/\/muzickasu.edu.rs\/index.php\/wp-json\/wp\/v2\/pages\/374\/revisions"}],"predecessor-version":[{"id":5627,"href":"http:\/\/muzickasu.edu.rs\/index.php\/wp-json\/wp\/v2\/pages\/374\/revisions\/5627"}],"up":[{"embeddable":true,"href":"http:\/\/muzickasu.edu.rs\/index.php\/wp-json\/wp\/v2\/pages\/175"}],"wp:attachment":[{"href":"http:\/\/muzickasu.edu.rs\/index.php\/wp-json\/wp\/v2\/media?parent=374"}],"curies":[{"name":"wp","href":"https:\/\/api.w.org\/{rel}","templated":true}]}}