{"id":357,"date":"2016-01-15T08:33:06","date_gmt":"2016-01-15T08:33:06","guid":{"rendered":"http:\/\/muzickasu.edu.rs\/?page_id=357"},"modified":"2026-04-07T08:09:55","modified_gmt":"2026-04-07T08:09:55","slug":"srpski-za-ucenike-koji-nisu-zavrsili-oms","status":"publish","type":"page","link":"http:\/\/muzickasu.edu.rs\/index.php\/entrance-exams\/secondary-school-of-music\/srpski-za-ucenike-koji-nisu-zavrsili-oms\/","title":{"rendered":"Za u\u010denike koji nisu zavr\u0161ili OM\u0160"},"content":{"rendered":"<p><\/p>\n<div style=\"text-align: center;\"><\/div>\n<p style=\"text-align: center;\"><strong>ISPIT ZA NIVO OSNOVNOG MUZI\u010cKOG OBRAZOVANJA (DIFERENCIJALNI ISPIT)<\/strong><\/p>\n<p style=\"text-align: center;\">Diferencijalni ispiti se odr\u017eava <strong>od 11. do 13.<\/strong>\u00a0<strong>maja 2026. <\/strong>Ispit po\u010dinje<strong> u 10h.<\/strong><\/p>\n<p>&nbsp;<\/p>\n<p>Ispit za nivo osnovnog muzi\u010dkog obrazovanja (diferencijalni ispit) pola\u017eu svi u\u010denici koji \u017eele da upi\u0161u srednju muzi\u010dku \u0161kolu, a nisu prethodno zavr\u0161ili osnovnu muzi\u010dku \u0161kolu. Polo\u017een diferencijalni ispit je preduslov za izlazak na prijemni ispit.<\/p>\n<p>&nbsp;<\/p>\n<p><strong>Za prijavu <\/strong><strong>ispita za nivo osnovnog muzi\u010dkog obrazovanja obavezna dokumentacija je:<\/strong><\/p>\n<p>1.Prijava za polaganje ispita za nivo osnovnog muzi\u010dkog obrazovanja (mo\u017eete preuzeti u sekretarijatu \u0161kole ili ga mo\u017eete preuzeti ovde:\u00a0 <a href=\"http:\/\/muzickasu.edu.rs\/wp-content\/uploads\/2026\/04\/prijava-za-diferencijalni-ispit-sr.pdf\">PRIJAVA ZA DIFERENCIJALNI ISPIT<\/a><\/p>\n<p>2. Dokaz o uplati tro\u0161kova diferencijalnog ispita u iznosu od 3.000 dinara<\/p>\n<p>&nbsp;<\/p>\n<p style=\"text-align: center;\"><span style=\"text-decoration: underline;\"><strong>POLAGANJE ISPITA za nivo osnovnog muzi\u010dkog obrazovanja<\/strong> <\/span><\/p>\n<p>Pola\u017eu se slede\u0107i predmeti:<\/p>\n<ul>\n<li>glavni predmet (instrument, solo ili tradicionalno pevanje)<\/li>\n<li>solfe\u0111o<\/li>\n<li>teorija muzike<\/li>\n<\/ul>\n<p style=\"text-align: center;\">***<\/p>\n<p style=\"text-align: center;\"><strong>PRIJAVA PRIJEMNOG ISPITA<\/strong><\/p>\n<p><strong>Za prijavu prijemnog ispita obavezna dokumentacija je:<\/strong><\/p>\n<p><strong>I \u00a0\u00a0Iz osnovne \u0161kole:<\/strong><\/p>\n<ol>\n<li>Svedo\u010danstvo o zavr\u0161enom VI razredu osnovne \u0161kole<\/li>\n<li>Svedo\u010danstvo o zavr\u0161enom VII razredu osnovne \u0161kole<\/li>\n<li>Potvrda da poha\u0111a VIII razred osnovne \u0161kole<\/li>\n<li>\u0160ifra u\u010denika <em>(izdaje se potvrdom u osnovnoj \u0161koli)<\/em><\/li>\n<\/ol>\n<p><strong><br \/>\nII \u00a0 <\/strong>Fotokopija bilo kog slu\u017ebenog dokumenta koji sadr\u017ei JMBG jednog od roditelja\/staratelja i u\u010denika<strong> (samo za u\u010denike koji se prvi put upisuju u na\u0161u \u0161kolu)<br \/>\n<\/strong><\/p>\n<p><strong>III Prijava za polaganje prijemnog ispita <\/strong><a href=\"http:\/\/muzickasu.edu.rs\/wp-content\/uploads\/2026\/04\/prijava-za-polaganje-prijemnog-ispita-za-upis-u-1.sms_-1.pdf\">prijava za polaganje prijemnog ispita za upis u 1.sm\u0161<\/a><\/p>\n<p><strong>IV Dokaz o uplati tro\u0161kova prijemnog ispita u iznosu od 2.000,00 dinara.<\/strong><\/p>\n<p>&nbsp;<\/p>\n<p style=\"text-align: center;\">KANDIDAT KOJI NE PODNESE NAVEDENU DOKUMENTACIJU NE MO\u017dE PRISTUPITI PRIJEMNOM ISPITU<\/p>\n<p style=\"text-align: center;\">*<\/p>\n<p style=\"text-align: center;\"><strong>PODNO\u0160ENJE PREOSTALE DOKUMENTACIJE<\/strong><\/p>\n<p><strong>I \u00a0\u00a0Iz osnovne \u0161kole:<\/strong><\/p>\n<ol>\n<li>Svedo\u010danstvo o zavr\u0161enom VIII razredu osnovne \u0161kole<\/li>\n<li>Uverenje o obavljenom poloz\u030cenom zavrs\u030cnom ispitu<\/li>\n<li>Svedoc\u030canstvo o zavrs\u030cenom osnovnom obrazovanju i vaspitanju<\/li>\n<\/ol>\n<p style=\"text-align: center;\">***<\/p>\n<p>Na obrazovnom profilu <strong>muzi\u010dki saradnik-teoreti\u010dar<\/strong> pola\u017eu se slede\u0107i predmeti:<\/p>\n<ul>\n<li>diktat iz solfe\u0111a,<\/li>\n<li>usmeni ispit iz solfe\u0111a,<\/li>\n<li>test iz teorije muzike.<\/li>\n<\/ul>\n<p>Na obrazovnim profilima <strong>muzi\u010dki izvo\u0111a\u010d-klasi\u010dna muzika, muzi\u010dki izvo\u0111a\u010d-d\u017eez muzika i muzi\u010dki izvo\u0111a\u010d-tradicionalna muzika<\/strong> pola\u017eu se slede\u0107i predmeti:<\/p>\n<ul>\n<li>usmeni ispit iz solfe\u0111a sa teorijom muzike,<\/li>\n<li>glavni predmet (instrument ili pevanje).<\/li>\n<\/ul>\n<p>* U\u010denici koji pola\u017eu <span style=\"text-decoration: underline;\">prijemni ispit na dva obrazovna profila<\/span>, prijavljuju dva ispita (dva prijavna lista i uplatnice).<\/p>\n<p style=\"text-align: center;\">***<\/p>\n<p style=\"text-align: center;\"><strong>\u00a0UPIS<\/strong><\/p>\n<h5><strong>Upis<\/strong> u muzi\u010dke i baletske \u0161kole obavi\u0107e se <strong>22. juna 2026<\/strong>.godine, od <strong>8-15h<\/strong>.<\/h5>\n<p><strong>Dokumentacija za upis za redovne u\u010denike:<\/strong><\/p>\n<ol>\n<li>Prijava za upis\u00a0<em>\u00a0<a href=\"http:\/\/muzickasu.edu.rs\/wp-content\/uploads\/2026\/04\/\u041f\u0420\u0418\u0408\u0410\u0412\u0410-\u0417\u0410-\u0423\u041f\u0418\u0421-24-25.pdf\">\u041f\u0420\u0418\u0408\u0410\u0412\u0410-\u0417\u0410-\u0423\u041f\u0418\u0421 pdf\u00a0 <\/a><a href=\"http:\/\/muzickasu.edu.rs\/wp-content\/uploads\/2026\/04\/\u041f\u0420\u0418\u0408\u0410\u0412\u0410-\u0417\u0410-\u0423\u041f\u0418\u0421-24-25.docx\">\u041f\u0420\u0418\u0408\u0410\u0412\u0410 \u0417\u0410 \u0423\u041f\u0418\u0421 word<\/a><\/em><\/li>\n<li>Lekarsko uverenje o ispunjavanju zdravstvenih uslova <em>(solo peva\u010di dodatno lekarsko uverenje otorinolaringologa-fonijatra)<\/em><\/li>\n<li>Dokaz o plac\u0301enim tro\u0161kovima upisa u iznosu od 4000,00 dinara<\/li>\n<\/ol>\n<p>&nbsp;<\/p>\n<p>***<\/p>\n<p><strong>MESE\u010cNI TRO\u0160KOVI:<\/strong><\/p>\n<p>DONATORSKI DINAR\u2026\u2026\u2026\u2026\u2026\u2026\u2026\u2026\u2026\u2026\u2026\u2026\u2026.800,00 dinara<\/p>\n<p>IZDAVANJE INSTRUMENTA\u2026\u2026\u2026\u2026\u2026\u2026\u2026\u2026\u2026\u2026\u2026\u2026\u2026\u2026\u20261000,00 dinara<\/p>\n<h3 dir=\"ltr\"><strong>Va\u017eno obave\u0161tenje!<\/strong><\/h3>\n<h5>Muzi\u010dka \u0161kola je pre\u0161la na novi program poslovanja od 2024.godine i dobila nove ra\u010dune. Ono \u0161to je izuzetno va\u017eno jeste da ispravno popunite <b>model<\/b> i <b>poziv na broj<\/b> (odobrenje). Tako\u0111e, kao i do sada, na uplatnicu treba upisati ime i prezime deteta. Za sve dodatne informacije javite se ra\u010dunovodstvu \u0161kole.<\/h5>\n<p><a href=\"http:\/\/muzickasu.edu.rs\/index.php\/instrukcije-za-placanje\/\">INSTRUKCIJE ZA PLA\u0106ANJE<\/a><\/p>\n<p>&nbsp;<\/p>\n<p><strong>*<\/strong><strong>OBAVE\u0160TENJE- UPIS U\u010cENIKA<\/strong><\/p>\n<p><strong>Donacije za tre\u0107e i svako naredno dete<\/strong> ne napla\u0107uju se ni u osnovnoj, ni u srednjoj muzi\u010dkoj \u0161koli.<\/p>\n<p>Samohrani roditelji i roditelji dece iz osetljivih dru\u0161tvenih grupa i socijalno ugro\u017eenih porodica <strong>mogu biti oslobo\u0111eni<\/strong> obaveze pla\u0107anja roditeljskog dinara odlukom direktora \u0161kole, na svoj zahtev, uz koji podnose odgovaraju\u0107e dokaze.<\/p>\n<p>Roditelji <strong>koji su oslobo\u0111eni pla\u0107anja<\/strong> roditeljskog dinara<strong> pla\u0107aju upis<\/strong>, \u0430 <strong>ne pla\u0107aju mese\u010dnu donaciju<\/strong>.<\/p>\n<p>Iznajmljivanje instrumenta se uvek napla\u0107uje.<\/p>\n<p>Iznajmljivanje instrumenta pla\u0107aju i oni roditelji koji su oslobo\u0111eni pla\u0107anja roditeljskog dinara.<\/p>\n<p>&nbsp;<\/p>\n<p>&nbsp;<\/p>\n<p>&nbsp;<\/p>\n<p>&nbsp;<\/p>\n<p>&nbsp;<\/p>\n<p><span style=\"border-radius: 2px; text-indent: 20px; width: auto; padding: 0px 4px 0px 0px; text-align: center; font: bold 11px\/20px 'Helvetica Neue',Helvetica,sans-serif; color: #ffffff; background: #bd081c no-repeat scroll 3px 50% \/ 14px 14px; position: absolute; opacity: 1; z-index: 8675309; display: none; cursor: pointer;\">Ment\u00e9s<\/span><\/p>\n<p><span style=\"border-radius: 2px; text-indent: 20px; width: auto; padding: 0px 4px 0px 0px; text-align: center; font: bold 11px\/20px 'Helvetica Neue',Helvetica,sans-serif; color: #ffffff; background: #bd081c no-repeat scroll 3px 50% \/ 14px 14px; position: absolute; opacity: 1; z-index: 8675309; display: none; cursor: pointer;\">Ment\u00e9s<\/span><\/p>\n<p><span style=\"border-radius: 2px; text-indent: 20px; width: auto; padding: 0px 4px 0px 0px; text-align: center; font: bold 11px\/20px 'Helvetica Neue',Helvetica,sans-serif; color: #ffffff; background: #bd081c no-repeat scroll 3px 50% \/ 14px 14px; position: absolute; opacity: 1; z-index: 8675309; display: none; cursor: pointer; top: 1900px; left: 443px;\">Ment\u00e9s<\/span><\/p>\n<p><span style=\"border-radius: 2px; text-indent: 20px; width: auto; padding: 0px 4px 0px 0px; text-align: center; font: bold 11px\/20px 'Helvetica Neue',Helvetica,sans-serif; color: #ffffff; background: #bd081c no-repeat scroll 3px 50% \/ 14px 14px; position: absolute; opacity: 1; z-index: 8675309; display: none; cursor: pointer; top: 2719px; left: 347px;\">Ment\u00e9s<\/span><\/p>\n<p><span style=\"border-radius: 2px; text-indent: 20px; width: auto; padding: 0px 4px 0px 0px; text-align: center; font: bold 11px\/20px 'Helvetica Neue',Helvetica,sans-serif; color: #ffffff; background: #bd081c no-repeat scroll 3px 50% \/ 14px 14px; position: absolute; opacity: 1; z-index: 8675309; display: none; cursor: pointer;\">Ment\u00e9s<\/span><\/p>\n<p><span style=\"border-radius: 2px; text-indent: 20px; width: auto; padding: 0px 4px 0px 0px; text-align: center; font: bold 11px\/20px 'Helvetica Neue',Helvetica,sans-serif; color: #ffffff; background: #bd081c no-repeat scroll 3px 50% \/ 14px 14px; position: absolute; opacity: 1; z-index: 8675309; display: none; cursor: pointer;\">Ment\u00e9s<\/span><\/p>","protected":false},"excerpt":{"rendered":"<p>ISPIT ZA NIVO OSNOVNOG MUZI\u010cKOG OBRAZOVANJA (DIFERENCIJALNI ISPIT) Diferencijalni ispiti se odr\u017eava od 11. do 13.\u00a0maja 2026. Ispit po\u010dinje u 10h. &nbsp; Ispit za nivo osnovnog muzi\u010dkog obrazovanja (diferencijalni ispit) pola\u017eu svi u\u010denici koji \u017eele da upi\u0161u srednju muzi\u010dku \u0161kolu, a nisu prethodno zavr\u0161ili osnovnu muzi\u010dku \u0161kolu. Polo\u017een diferencijalni ispit\u2026<\/p>\n<p class=\"continue-reading-button\"> <a class=\"continue-reading-link\" href=\"http:\/\/muzickasu.edu.rs\/index.php\/entrance-exams\/secondary-school-of-music\/srpski-za-ucenike-koji-nisu-zavrsili-oms\/\">Nastavite sa \u010ditanjem<i class=\"crycon-right-dir\"><\/i><\/a><\/p>\n","protected":false},"author":1,"featured_media":0,"parent":256,"menu_order":2,"comment_status":"closed","ping_status":"closed","template":"","meta":{"footnotes":""},"class_list":["post-357","page","type-page","status-publish","hentry"],"_links":{"self":[{"href":"http:\/\/muzickasu.edu.rs\/index.php\/wp-json\/wp\/v2\/pages\/357","targetHints":{"allow":["GET"]}}],"collection":[{"href":"http:\/\/muzickasu.edu.rs\/index.php\/wp-json\/wp\/v2\/pages"}],"about":[{"href":"http:\/\/muzickasu.edu.rs\/index.php\/wp-json\/wp\/v2\/types\/page"}],"author":[{"embeddable":true,"href":"http:\/\/muzickasu.edu.rs\/index.php\/wp-json\/wp\/v2\/users\/1"}],"replies":[{"embeddable":true,"href":"http:\/\/muzickasu.edu.rs\/index.php\/wp-json\/wp\/v2\/comments?post=357"}],"version-history":[{"count":120,"href":"http:\/\/muzickasu.edu.rs\/index.php\/wp-json\/wp\/v2\/pages\/357\/revisions"}],"predecessor-version":[{"id":6863,"href":"http:\/\/muzickasu.edu.rs\/index.php\/wp-json\/wp\/v2\/pages\/357\/revisions\/6863"}],"up":[{"embeddable":true,"href":"http:\/\/muzickasu.edu.rs\/index.php\/wp-json\/wp\/v2\/pages\/256"}],"wp:attachment":[{"href":"http:\/\/muzickasu.edu.rs\/index.php\/wp-json\/wp\/v2\/media?parent=357"}],"curies":[{"name":"wp","href":"https:\/\/api.w.org\/{rel}","templated":true}]}}