{"id":281,"date":"2015-12-16T21:44:24","date_gmt":"2015-12-16T21:44:24","guid":{"rendered":"http:\/\/muzickasu.edu.rs\/test\/?page_id=281"},"modified":"2022-09-19T09:02:27","modified_gmt":"2022-09-19T09:02:27","slug":"teams","status":"publish","type":"page","link":"http:\/\/muzickasu.edu.rs\/index.php\/about-school\/school-organisation\/professional-bodies\/teams\/","title":{"rendered":"Timovi"},"content":{"rendered":"<p><strong>Tim za samovrednovanje<\/strong><\/p>\n<p><a href=\"http:\/\/muzickasu.edu.rs\/wp-content\/uploads\/2022\/09\/Screenshot_6.png\"><img loading=\"lazy\" decoding=\"async\" class=\"alignnone size-full wp-image-4863\" src=\"http:\/\/muzickasu.edu.rs\/wp-content\/uploads\/2022\/09\/Screenshot_6.png\" alt=\"\" width=\"506\" height=\"155\" srcset=\"http:\/\/muzickasu.edu.rs\/wp-content\/uploads\/2022\/09\/Screenshot_6.png 506w, http:\/\/muzickasu.edu.rs\/wp-content\/uploads\/2022\/09\/Screenshot_6-300x92.png 300w, http:\/\/muzickasu.edu.rs\/wp-content\/uploads\/2022\/09\/Screenshot_6-150x46.png 150w\" sizes=\"auto, (max-width: 506px) 100vw, 506px\" \/><\/a><\/p>\n<p><a href=\"http:\/\/muzickasu.edu.rs\/wp-content\/uploads\/2015\/12\/izvestaj-samovrednovanje-odluka.pdf\">Izve\u0161taj o samovrednovanju<\/a><\/p>\n<p><strong>Tim za izradu projekata<\/strong><\/p>\n<p><a href=\"http:\/\/muzickasu.edu.rs\/wp-content\/uploads\/2022\/09\/Screenshot_14.png\"><img loading=\"lazy\" decoding=\"async\" class=\"alignnone size-full wp-image-4871\" src=\"http:\/\/muzickasu.edu.rs\/wp-content\/uploads\/2022\/09\/Screenshot_14.png\" alt=\"\" width=\"506\" height=\"115\" srcset=\"http:\/\/muzickasu.edu.rs\/wp-content\/uploads\/2022\/09\/Screenshot_14.png 506w, http:\/\/muzickasu.edu.rs\/wp-content\/uploads\/2022\/09\/Screenshot_14-300x68.png 300w, http:\/\/muzickasu.edu.rs\/wp-content\/uploads\/2022\/09\/Screenshot_14-150x34.png 150w\" sizes=\"auto, (max-width: 506px) 100vw, 506px\" \/><\/a><\/p>\n<p><strong>Tim za za\u0161titu od diskriminacije, nasillja, zlostavljanja i zanemarivanja<\/strong><\/p>\n<p><a href=\"http:\/\/muzickasu.edu.rs\/wp-content\/uploads\/2022\/09\/Screenshot_5.png\"><img loading=\"lazy\" decoding=\"async\" class=\"alignnone size-full wp-image-4862\" src=\"http:\/\/muzickasu.edu.rs\/wp-content\/uploads\/2022\/09\/Screenshot_5.png\" alt=\"\" width=\"511\" height=\"174\" srcset=\"http:\/\/muzickasu.edu.rs\/wp-content\/uploads\/2022\/09\/Screenshot_5.png 511w, http:\/\/muzickasu.edu.rs\/wp-content\/uploads\/2022\/09\/Screenshot_5-300x102.png 300w, http:\/\/muzickasu.edu.rs\/wp-content\/uploads\/2022\/09\/Screenshot_5-150x51.png 150w\" sizes=\"auto, (max-width: 511px) 100vw, 511px\" \/><\/a><\/p>\n<p><a href=\"http:\/\/muzickasu.edu.rs\/wp-content\/uploads\/2022\/09\/Protokoli.pdf\">Posebni protokol za za\u0161titu dece i u\u010denika od nasilja, zlostavljanja i uznemiravanja u obrazovno-vaspitnim ustanovama<\/a><\/p>\n<p><a href=\"http:\/\/muzickasu.edu.rs\/wp-content\/uploads\/2022\/09\/Pravilnik-o-bli\u017eim-kriterijumima-za-prepoznavanje-oblika-diskriminacije.pdf\">Pravilnik-o-bli\u017eim-kriterijumima-za-prepoznavanje-oblika-diskriminacije<\/a><\/p>\n<p><strong>Tim za inkluzivno obrazovanje\u00a0<\/strong><\/p>\n<p><a href=\"http:\/\/muzickasu.edu.rs\/wp-content\/uploads\/2022\/09\/Screenshot_4-1.png\"><img loading=\"lazy\" decoding=\"async\" class=\"alignnone size-full wp-image-4861\" src=\"http:\/\/muzickasu.edu.rs\/wp-content\/uploads\/2022\/09\/Screenshot_4-1.png\" alt=\"\" width=\"507\" height=\"142\" srcset=\"http:\/\/muzickasu.edu.rs\/wp-content\/uploads\/2022\/09\/Screenshot_4-1.png 507w, http:\/\/muzickasu.edu.rs\/wp-content\/uploads\/2022\/09\/Screenshot_4-1-300x84.png 300w, http:\/\/muzickasu.edu.rs\/wp-content\/uploads\/2022\/09\/Screenshot_4-1-150x42.png 150w\" sizes=\"auto, (max-width: 507px) 100vw, 507px\" \/><\/a><\/p>\n<p><strong>Tim za podr\u0161ku u\u010denicima i prilago\u0111avanju \u0161kolskom \u017eivotu<\/strong><\/p>\n<p><a href=\"http:\/\/muzickasu.edu.rs\/wp-content\/uploads\/2022\/09\/Screenshot_11.png\"><img loading=\"lazy\" decoding=\"async\" class=\"alignnone size-full wp-image-4868\" src=\"http:\/\/muzickasu.edu.rs\/wp-content\/uploads\/2022\/09\/Screenshot_11.png\" alt=\"\" width=\"510\" height=\"128\" srcset=\"http:\/\/muzickasu.edu.rs\/wp-content\/uploads\/2022\/09\/Screenshot_11.png 510w, http:\/\/muzickasu.edu.rs\/wp-content\/uploads\/2022\/09\/Screenshot_11-300x75.png 300w, http:\/\/muzickasu.edu.rs\/wp-content\/uploads\/2022\/09\/Screenshot_11-150x38.png 150w\" sizes=\"auto, (max-width: 510px) 100vw, 510px\" \/><\/a><\/p>\n<p><strong>Tim za profesionalni razvoj<\/strong><\/p>\n<p><a href=\"http:\/\/muzickasu.edu.rs\/wp-content\/uploads\/2022\/09\/Screenshot_9.png\"><img loading=\"lazy\" decoding=\"async\" class=\"alignnone size-full wp-image-4866\" src=\"http:\/\/muzickasu.edu.rs\/wp-content\/uploads\/2022\/09\/Screenshot_9.png\" alt=\"\" width=\"508\" height=\"131\" srcset=\"http:\/\/muzickasu.edu.rs\/wp-content\/uploads\/2022\/09\/Screenshot_9.png 508w, http:\/\/muzickasu.edu.rs\/wp-content\/uploads\/2022\/09\/Screenshot_9-300x77.png 300w, http:\/\/muzickasu.edu.rs\/wp-content\/uploads\/2022\/09\/Screenshot_9-150x39.png 150w\" sizes=\"auto, (max-width: 508px) 100vw, 508px\" \/><\/a><\/p>\n<p><strong>Tim za karijerno vo\u0111enje i savetovanje<\/strong><\/p>\n<p><a href=\"http:\/\/muzickasu.edu.rs\/wp-content\/uploads\/2022\/09\/Screenshot_10.png\"><img loading=\"lazy\" decoding=\"async\" class=\"alignnone size-full wp-image-4867\" src=\"http:\/\/muzickasu.edu.rs\/wp-content\/uploads\/2022\/09\/Screenshot_10.png\" alt=\"\" width=\"512\" height=\"138\" srcset=\"http:\/\/muzickasu.edu.rs\/wp-content\/uploads\/2022\/09\/Screenshot_10.png 512w, http:\/\/muzickasu.edu.rs\/wp-content\/uploads\/2022\/09\/Screenshot_10-300x81.png 300w, http:\/\/muzickasu.edu.rs\/wp-content\/uploads\/2022\/09\/Screenshot_10-150x40.png 150w\" sizes=\"auto, (max-width: 512px) 100vw, 512px\" \/><\/a><\/p>\n<p><strong>Tim za izradu programa izleta i ekskurzija SM\u0160<\/strong><\/p>\n<p><a href=\"http:\/\/muzickasu.edu.rs\/wp-content\/uploads\/2022\/09\/Screenshot_12.png\"><img loading=\"lazy\" decoding=\"async\" class=\"alignnone size-full wp-image-4869\" src=\"http:\/\/muzickasu.edu.rs\/wp-content\/uploads\/2022\/09\/Screenshot_12.png\" alt=\"\" width=\"507\" height=\"159\" srcset=\"http:\/\/muzickasu.edu.rs\/wp-content\/uploads\/2022\/09\/Screenshot_12.png 507w, http:\/\/muzickasu.edu.rs\/wp-content\/uploads\/2022\/09\/Screenshot_12-300x94.png 300w, http:\/\/muzickasu.edu.rs\/wp-content\/uploads\/2022\/09\/Screenshot_12-150x47.png 150w\" sizes=\"auto, (max-width: 507px) 100vw, 507px\" \/><\/a><\/p>\n<p><strong>Tim za izradu programa izleta i ekskurzija OM\u0160<\/strong><\/p>\n<p><a href=\"http:\/\/muzickasu.edu.rs\/wp-content\/uploads\/2022\/09\/Screenshot_13.png\"><img loading=\"lazy\" decoding=\"async\" class=\"alignnone size-full wp-image-4870\" src=\"http:\/\/muzickasu.edu.rs\/wp-content\/uploads\/2022\/09\/Screenshot_13.png\" alt=\"\" width=\"508\" height=\"117\" srcset=\"http:\/\/muzickasu.edu.rs\/wp-content\/uploads\/2022\/09\/Screenshot_13.png 508w, http:\/\/muzickasu.edu.rs\/wp-content\/uploads\/2022\/09\/Screenshot_13-300x69.png 300w, http:\/\/muzickasu.edu.rs\/wp-content\/uploads\/2022\/09\/Screenshot_13-150x35.png 150w\" sizes=\"auto, (max-width: 508px) 100vw, 508px\" \/><\/a><\/p>\n<p><strong>Tim za obezbe\u0111ivanje kvaliteta i razvoj ustanove<\/strong><\/p>\n<p><a href=\"http:\/\/muzickasu.edu.rs\/wp-content\/uploads\/2022\/09\/Screenshot_7.png\"><img loading=\"lazy\" decoding=\"async\" class=\"alignnone size-full wp-image-4864\" src=\"http:\/\/muzickasu.edu.rs\/wp-content\/uploads\/2022\/09\/Screenshot_7.png\" alt=\"\" width=\"506\" height=\"142\" srcset=\"http:\/\/muzickasu.edu.rs\/wp-content\/uploads\/2022\/09\/Screenshot_7.png 506w, http:\/\/muzickasu.edu.rs\/wp-content\/uploads\/2022\/09\/Screenshot_7-300x84.png 300w, http:\/\/muzickasu.edu.rs\/wp-content\/uploads\/2022\/09\/Screenshot_7-150x42.png 150w\" sizes=\"auto, (max-width: 506px) 100vw, 506px\" \/><\/a><\/p>\n<p><strong>Tim za razvoj me\u0111upredmetnih kompetencija i preduzetni\u0161tva<\/strong><\/p>\n<p><a href=\"http:\/\/muzickasu.edu.rs\/wp-content\/uploads\/2022\/09\/Screenshot_8.png\"><img loading=\"lazy\" decoding=\"async\" class=\"alignnone size-full wp-image-4865\" src=\"http:\/\/muzickasu.edu.rs\/wp-content\/uploads\/2022\/09\/Screenshot_8.png\" alt=\"\" width=\"510\" height=\"144\" srcset=\"http:\/\/muzickasu.edu.rs\/wp-content\/uploads\/2022\/09\/Screenshot_8.png 510w, http:\/\/muzickasu.edu.rs\/wp-content\/uploads\/2022\/09\/Screenshot_8-300x85.png 300w, http:\/\/muzickasu.edu.rs\/wp-content\/uploads\/2022\/09\/Screenshot_8-150x42.png 150w\" sizes=\"auto, (max-width: 510px) 100vw, 510px\" \/><\/a><\/p>","protected":false},"excerpt":{"rendered":"<p>Tim za samovrednovanje Izve\u0161taj o samovrednovanju Tim za izradu projekata Tim za za\u0161titu od diskriminacije, nasillja, zlostavljanja i zanemarivanja Posebni protokol za za\u0161titu dece i u\u010denika od nasilja, zlostavljanja i uznemiravanja u obrazovno-vaspitnim ustanovama Pravilnik-o-bli\u017eim-kriterijumima-za-prepoznavanje-oblika-diskriminacije Tim za inkluzivno obrazovanje\u00a0 Tim za podr\u0161ku u\u010denicima i prilago\u0111avanju \u0161kolskom \u017eivotu Tim za profesionalni\u2026<\/p>\n<p class=\"continue-reading-button\"> <a class=\"continue-reading-link\" href=\"http:\/\/muzickasu.edu.rs\/index.php\/about-school\/school-organisation\/professional-bodies\/teams\/\">Nastavite sa \u010ditanjem<i class=\"crycon-right-dir\"><\/i><\/a><\/p>\n","protected":false},"author":1,"featured_media":0,"parent":60,"menu_order":3,"comment_status":"closed","ping_status":"closed","template":"","meta":{"footnotes":""},"class_list":["post-281","page","type-page","status-publish","hentry"],"_links":{"self":[{"href":"http:\/\/muzickasu.edu.rs\/index.php\/wp-json\/wp\/v2\/pages\/281","targetHints":{"allow":["GET"]}}],"collection":[{"href":"http:\/\/muzickasu.edu.rs\/index.php\/wp-json\/wp\/v2\/pages"}],"about":[{"href":"http:\/\/muzickasu.edu.rs\/index.php\/wp-json\/wp\/v2\/types\/page"}],"author":[{"embeddable":true,"href":"http:\/\/muzickasu.edu.rs\/index.php\/wp-json\/wp\/v2\/users\/1"}],"replies":[{"embeddable":true,"href":"http:\/\/muzickasu.edu.rs\/index.php\/wp-json\/wp\/v2\/comments?post=281"}],"version-history":[{"count":12,"href":"http:\/\/muzickasu.edu.rs\/index.php\/wp-json\/wp\/v2\/pages\/281\/revisions"}],"predecessor-version":[{"id":4872,"href":"http:\/\/muzickasu.edu.rs\/index.php\/wp-json\/wp\/v2\/pages\/281\/revisions\/4872"}],"up":[{"embeddable":true,"href":"http:\/\/muzickasu.edu.rs\/index.php\/wp-json\/wp\/v2\/pages\/60"}],"wp:attachment":[{"href":"http:\/\/muzickasu.edu.rs\/index.php\/wp-json\/wp\/v2\/media?parent=281"}],"curies":[{"name":"wp","href":"https:\/\/api.w.org\/{rel}","templated":true}]}}