{"id":278,"date":"2015-12-16T21:42:06","date_gmt":"2015-12-16T21:42:06","guid":{"rendered":"http:\/\/muzickasu.edu.rs\/test\/?page_id=278"},"modified":"2022-09-19T09:07:37","modified_gmt":"2022-09-19T09:07:37","slug":"expert-councils","status":"publish","type":"page","link":"http:\/\/muzickasu.edu.rs\/index.php\/about-school\/school-organisation\/professional-bodies\/expert-councils\/","title":{"rendered":"Stru\u010dna ve\u0107a"},"content":{"rendered":"<p><\/p>\n<h5><strong>Stru\u010dna ve\u0107a<\/strong><\/h5>\n<p>Nastavni\u010dko ve\u0107e<\/p>\n<p><a href=\"http:\/\/muzickasu.edu.rs\/wp-content\/uploads\/2022\/09\/2.-Odeljensko-ve\u0107e-u-Muzi\u010dkoj-\u0161koli.pdf\">Odeljensko ve\u0107e<\/a><\/p>\n<p><a href=\"http:\/\/muzickasu.edu.rs\/wp-content\/uploads\/2022\/09\/Screenshot_16.png\"><img loading=\"lazy\" decoding=\"async\" class=\"alignnone size-full wp-image-4877\" src=\"http:\/\/muzickasu.edu.rs\/wp-content\/uploads\/2022\/09\/Screenshot_16.png\" alt=\"\" width=\"512\" height=\"145\" srcset=\"http:\/\/muzickasu.edu.rs\/wp-content\/uploads\/2022\/09\/Screenshot_16.png 512w, http:\/\/muzickasu.edu.rs\/wp-content\/uploads\/2022\/09\/Screenshot_16-300x85.png 300w, http:\/\/muzickasu.edu.rs\/wp-content\/uploads\/2022\/09\/Screenshot_16-150x42.png 150w\" sizes=\"auto, (max-width: 512px) 100vw, 512px\" \/><\/a><\/p>\n<p><strong>Stru\u010dna ve\u0107a za instrumente i teoretske predmete<\/strong><\/p>\n<p><a href=\"http:\/\/muzickasu.edu.rs\/wp-content\/uploads\/2022\/09\/Screenshot_15.png\"><img loading=\"lazy\" decoding=\"async\" class=\"alignnone size-full wp-image-4876\" src=\"http:\/\/muzickasu.edu.rs\/wp-content\/uploads\/2022\/09\/Screenshot_15.png\" alt=\"\" width=\"512\" height=\"319\" srcset=\"http:\/\/muzickasu.edu.rs\/wp-content\/uploads\/2022\/09\/Screenshot_15.png 512w, http:\/\/muzickasu.edu.rs\/wp-content\/uploads\/2022\/09\/Screenshot_15-300x187.png 300w, http:\/\/muzickasu.edu.rs\/wp-content\/uploads\/2022\/09\/Screenshot_15-150x93.png 150w\" sizes=\"auto, (max-width: 512px) 100vw, 512px\" \/><\/a><\/p>\n<p>&nbsp;<\/p>","protected":false},"excerpt":{"rendered":"<p>Stru\u010dna ve\u0107a Nastavni\u010dko ve\u0107e Odeljensko ve\u0107e Stru\u010dna ve\u0107a za instrumente i teoretske predmete &nbsp;<\/p>\n<p class=\"continue-reading-button\"> <a class=\"continue-reading-link\" href=\"http:\/\/muzickasu.edu.rs\/index.php\/about-school\/school-organisation\/professional-bodies\/expert-councils\/\">Nastavite sa \u010ditanjem<i class=\"crycon-right-dir\"><\/i><\/a><\/p>\n","protected":false},"author":1,"featured_media":0,"parent":60,"menu_order":2,"comment_status":"closed","ping_status":"closed","template":"","meta":{"footnotes":""},"class_list":["post-278","page","type-page","status-publish","hentry"],"_links":{"self":[{"href":"http:\/\/muzickasu.edu.rs\/index.php\/wp-json\/wp\/v2\/pages\/278","targetHints":{"allow":["GET"]}}],"collection":[{"href":"http:\/\/muzickasu.edu.rs\/index.php\/wp-json\/wp\/v2\/pages"}],"about":[{"href":"http:\/\/muzickasu.edu.rs\/index.php\/wp-json\/wp\/v2\/types\/page"}],"author":[{"embeddable":true,"href":"http:\/\/muzickasu.edu.rs\/index.php\/wp-json\/wp\/v2\/users\/1"}],"replies":[{"embeddable":true,"href":"http:\/\/muzickasu.edu.rs\/index.php\/wp-json\/wp\/v2\/comments?post=278"}],"version-history":[{"count":7,"href":"http:\/\/muzickasu.edu.rs\/index.php\/wp-json\/wp\/v2\/pages\/278\/revisions"}],"predecessor-version":[{"id":4878,"href":"http:\/\/muzickasu.edu.rs\/index.php\/wp-json\/wp\/v2\/pages\/278\/revisions\/4878"}],"up":[{"embeddable":true,"href":"http:\/\/muzickasu.edu.rs\/index.php\/wp-json\/wp\/v2\/pages\/60"}],"wp:attachment":[{"href":"http:\/\/muzickasu.edu.rs\/index.php\/wp-json\/wp\/v2\/media?parent=278"}],"curies":[{"name":"wp","href":"https:\/\/api.w.org\/{rel}","templated":true}]}}