{"id":26,"date":"2015-11-08T22:19:05","date_gmt":"2015-11-08T22:19:05","guid":{"rendered":"http:\/\/localhost\/WP_muzicka\/?page_id=26"},"modified":"2024-05-07T20:01:29","modified_gmt":"2024-05-07T20:01:29","slug":"entrance-exams","status":"publish","type":"page","link":"http:\/\/muzickasu.edu.rs\/index.php\/entrance-exams\/","title":{"rendered":"Prijemni ispit i upis"},"content":{"rendered":"<p><iframe loading=\"lazy\" src=\"https:\/\/cdn.flipsnack.com\/widget\/v2\/widget.html?hash=z1i2upnvxn\" width=\"100%\" height=\"480\" frameborder=\"0\" scrolling=\"no\" seamless=\"seamless\" allowfullscreen=\"allowfullscreen\"><\/iframe><\/p>\n<p>&nbsp;<\/p>\n<p><a href=\"http:\/\/muzickasu.edu.rs\/index.php\/entrance-exams\/primary-school\/?lang=rs\">Muzi\u010dko zabavi\u0161te i I pripremni razred<\/a><\/p>\n<p><a href=\"http:\/\/muzickasu.edu.rs\/index.php\/entrance-exams\/secondary-school\/?lang=rs\">II pripremni razred<\/a><\/p>\n<p><a href=\"http:\/\/muzickasu.edu.rs\/index.php\/entrance-exams\/elementary-school-of-music\/?lang=rs\">Osnovna muzi\u010dka \u0161kola<\/a><\/p>\n<p><a href=\"http:\/\/muzickasu.edu.rs\/index.php\/entrance-exams\/second-cycle-of-elementary-school\/?lang=rs\">Drugi ciklus osnovne muzi\u010dke \u0161kole<\/a><\/p>\n<p><a href=\"http:\/\/muzickasu.edu.rs\/index.php\/entrance-exams\/secondary-school-of-music\/?lang=rs\">Srednja muzi\u010dka \u0161kola<\/a><\/p>\n<p><a href=\"http:\/\/muzickasu.edu.rs\/wp-content\/uploads\/2022\/05\/\u041f\u0420\u0410\u0412\u0418\u041b\u041d\u0418\u041a-\u041e-\u0423\u041f\u0418\u0421\u0423-\u0423-\u0421\u0420\u0415\u0414\u040a\u0423-\u0428\u041a\u041e\u041b\u0423.pdf\">\u041f\u0420\u0410\u0412\u0418\u041b\u041d\u0418\u041a \u041e \u0423\u041f\u0418\u0421\u0423 \u0423 \u0421\u0420\u0415\u0414\u040a\u0423 \u0428\u041a\u041e\u041b\u0423<\/a><\/p>\n<p><a href=\"http:\/\/muzickasu.edu.rs\/wp-content\/uploads\/2022\/05\/IMG_0009.pdf\">RE\u0160ENJE O \u0160KOLSKOJ KOMISIJI ZA MATURSKI ISPIT<\/a><\/p>\n<p><a href=\"http:\/\/muzickasu.edu.rs\/index.php\/entrance-exams\/correspondence-education\/?lang=rs\">Vanredno \u0161kolovanje<\/a><\/p>","protected":false},"excerpt":{"rendered":"<p>&nbsp; Muzi\u010dko zabavi\u0161te i I pripremni razred II pripremni razred Osnovna muzi\u010dka \u0161kola Drugi ciklus osnovne muzi\u010dke \u0161kole Srednja muzi\u010dka \u0161kola \u041f\u0420\u0410\u0412\u0418\u041b\u041d\u0418\u041a \u041e \u0423\u041f\u0418\u0421\u0423 \u0423 \u0421\u0420\u0415\u0414\u040a\u0423 \u0428\u041a\u041e\u041b\u0423 RE\u0160ENJE O \u0160KOLSKOJ KOMISIJI ZA MATURSKI ISPIT Vanredno \u0161kolovanje<\/p>\n<p class=\"continue-reading-button\"> <a class=\"continue-reading-link\" href=\"http:\/\/muzickasu.edu.rs\/index.php\/entrance-exams\/\">Nastavite sa \u010ditanjem<i class=\"crycon-right-dir\"><\/i><\/a><\/p>\n","protected":false},"author":1,"featured_media":0,"parent":0,"menu_order":3,"comment_status":"closed","ping_status":"closed","template":"","meta":{"footnotes":""},"class_list":["post-26","page","type-page","status-publish","hentry"],"_links":{"self":[{"href":"http:\/\/muzickasu.edu.rs\/index.php\/wp-json\/wp\/v2\/pages\/26","targetHints":{"allow":["GET"]}}],"collection":[{"href":"http:\/\/muzickasu.edu.rs\/index.php\/wp-json\/wp\/v2\/pages"}],"about":[{"href":"http:\/\/muzickasu.edu.rs\/index.php\/wp-json\/wp\/v2\/types\/page"}],"author":[{"embeddable":true,"href":"http:\/\/muzickasu.edu.rs\/index.php\/wp-json\/wp\/v2\/users\/1"}],"replies":[{"embeddable":true,"href":"http:\/\/muzickasu.edu.rs\/index.php\/wp-json\/wp\/v2\/comments?post=26"}],"version-history":[{"count":28,"href":"http:\/\/muzickasu.edu.rs\/index.php\/wp-json\/wp\/v2\/pages\/26\/revisions"}],"predecessor-version":[{"id":5994,"href":"http:\/\/muzickasu.edu.rs\/index.php\/wp-json\/wp\/v2\/pages\/26\/revisions\/5994"}],"wp:attachment":[{"href":"http:\/\/muzickasu.edu.rs\/index.php\/wp-json\/wp\/v2\/media?parent=26"}],"curies":[{"name":"wp","href":"https:\/\/api.w.org\/{rel}","templated":true}]}}