{"id":254,"date":"2015-12-15T12:21:59","date_gmt":"2015-12-15T12:21:59","guid":{"rendered":"http:\/\/muzickasu.edu.rs\/test\/?page_id=254"},"modified":"2026-04-07T09:09:14","modified_gmt":"2026-04-07T09:09:14","slug":"second-cycle-of-elementary-school","status":"publish","type":"page","link":"http:\/\/muzickasu.edu.rs\/index.php\/entrance-exams\/second-cycle-of-elementary-school\/","title":{"rendered":"Drugi ciklus osnovne muzi\u010dke \u0161kole"},"content":{"rendered":"<p>Na osnovu Zakona o osnovnom obrazovanju i vaspitanju (\u201eSl.glasnik RS\u201c,br. 55\/2013, 101\/2017, 27\/2018 &#8211; drugi zakon i 10\/2019 od 15.02.2019. \u010dlan 57 stav 2 ): U\u010denik koji nije zavr\u0161io prvi ciklus osnovne muzi\u010dke, odnosno osnovne baletske \u0161kole mo\u017ee da se upi\u0161e u drugi ciklus nakon polo\u017eenog ispita za proveru znanja iz solfe\u0111a i instrumenta.<\/p>\n<p style=\"text-align: center;\"><strong>ZAHTEVI ZA PROVERU NIVOA ZNANJA\u00a0\u00a0<\/strong><\/p>\n<p>Solfe\u0111o za kandidate slede\u0107ih instrumenata: violina, viola, violon\u010delo, flauta, klavir, harmonika, gitara, tambura, orgulje, kontrabas, oboa, klarinet, saksofon, fagot, horna, truba, trombon, udaraljke<\/p>\n<p><strong><span style=\"text-decoration: underline;\">Zahtevi po instrumentima<\/span><\/strong><\/p>\n<p>Kandidat koji pristupa <strong>ispitu za proveru nivoa znanja<\/strong>\u00a0treba ispitnoj komisiji da <u>dostavi pre\u0111eno i usvojeno gradivo<\/u> u prethodnom periodu kako bi komisija imala celokupan uvid u u\u010denikove sposobnosti i nivo do sada postignutog znanja koje \u0107e biti\u00a0preduslov za dalji nastavak \u0161kolovanja. (Po\u017eeljno je da ima navedeni <u>notni materijal<\/u> kod sebe)<\/p>\n<p>Sadr\u017eaj pre\u0111enog gradiva treba da bude u skladu sa zadatom literaturom i navedenim minimumom gradiva koji je propisan Planom i programom za zavr\u0161ni razred u prvom ciklusu na odre\u0111enom instrumentu.<\/p>\n<ul>\n<li><a href=\"http:\/\/muzickasu.edu.rs\/wp-content\/uploads\/2015\/12\/GUDA\u010cKI-INSTRUMENTI.pdf\">Guda\u010dki odsek: violina, viola, violon\u010delo, kontrabas<\/a><\/li>\n<li><a href=\"http:\/\/muzickasu.edu.rs\/wp-content\/uploads\/2015\/12\/DUVA\u010cKI-INSTRUMENTI.pdf\">Duva\u010dki odsek: flauta, oboa, klarinet, saksofon, fagot, horna, truba, trombon<\/a><\/li>\n<li><a href=\"http:\/\/muzickasu.edu.rs\/wp-content\/uploads\/2015\/12\/UDARALJKE.pdf\">Odsek udaraljki: udaraljke<\/a><\/li>\n<li><a href=\"http:\/\/muzickasu.edu.rs\/wp-content\/uploads\/2015\/12\/KLAVIR.pdf\">Klavirski odsek: klavir, orgulje<\/a><\/li>\n<li><a href=\"http:\/\/muzickasu.edu.rs\/wp-content\/uploads\/2015\/12\/HARMONIKA.pdf\">Odsek harmonike: harmonika<\/a><\/li>\n<li><a href=\"http:\/\/muzickasu.edu.rs\/wp-content\/uploads\/2015\/12\/TRZA\u010cKI-INSTRUMENTI.pdf\">Trza\u010dki odsek: gitara, tambura e-prim, tambura a-bas prim<\/a><\/li>\n<\/ul>\n<p><strong>Ispit za proveru nivoa znanja<\/strong> se pola\u017ee\u00a0pred\u00a0komisijom.<\/p>\n<p>Ocena sa ispita je odraz pa\u017eljive, sveobuhvatne procene dalje perspektive u\u010denikovog \u0161kolovanja. Na osnovu svih rezultata pokazanih na ispitima vr\u0161i\u0107e se rangiranje i upis ovih kandidata u drugi ciklus \u0161kolovanja.<\/p>\n<p><strong>Napomena:<\/strong><\/p>\n<p>Komisija ima pravo (mo\u017ee, a ne mora) da na ispitu za proveru nivoa znanja\u00a0osim ispitnog programa, kandidata pita sa spiska pre\u0111enog gradiva i to:<\/p>\n<ul>\n<li>dve etide,<\/li>\n<li>jednu polifonu kompoziciju<\/li>\n<li>jednu kompoziciju po slobodnom izboru<\/li>\n<\/ul>\n<p>Sve dodatno tra\u017eene kompozicije kandidat mo\u017ee da svira\u00a0iz nota.<\/p>\n<p><strong>Rezultati<\/strong> primljene dece nakon prvog upisnog kruga, objavljeni su na oglasnima tablama u \u0161koli.<\/p>\n<p><span style=\"color: #ff00ff;\">Nakon rezultata provere sledi upis.<\/span><\/p>\n<p style=\"text-align: center;\">***<\/p>\n<h4><strong>UPIS<\/strong><\/h4>\n<p>Upis u narednu \u0161kolsku godinu, za u\u010denike muzi\u010dke \u0161kole koji se jo\u0161 nisu upisali obavi\u0107e se <strong>01. i 02. jun<\/strong><em><strong>\u00a02026. od 8 &#8211; 12h<\/strong><\/em>\u00a0<em>u sekretarijatu \u0161kole.<\/em><\/p>\n<p><em>\u00a0<\/em><\/p>\n<p><strong>Potrebna dokumentacija za upis:<\/strong><\/p>\n<ol>\n<li>Prijava za upis uc\u030cenika (mo\u017eete preuzeti u sekretarijatu \u0161kole ili ga mo\u017eete preuzeti ovde: <a href=\"http:\/\/muzickasu.edu.rs\/wp-content\/uploads\/2026\/04\/\u041f\u0420\u0418\u0408\u0410\u0412\u0410-\u0417\u0410-\u0423\u041f\u0418\u0421.pdf\">\u041f\u0420\u0418\u0408\u0410\u0412\u0410-\u0417\u0410-\u0423\u041f\u0418\u0421<\/a><\/li>\n<li>Fotokopija bilo kog slu\u017ebenog dokumenta koji sadr\u017ei JMBG jednog od roditelja\/staratelja i u\u010denika (samo za u\u010denike koji se prvi put upisuju u na\u0161u \u0161kolu)<\/li>\n<li>Dokaz o plac\u0301enim tro\u0161kovima upisa u iznosu od 2500,00 dinara<\/li>\n<\/ol>\n<p style=\"text-align: center;\">*<\/p>\n<p>MESE\u010cNI TRO\u0160KOVI \u2013 OSNOVNA \u0160KOLA:<\/p>\n<p>DONATORSKI DINAR\u2026\u2026\u2026\u2026\u2026\u2026\u2026\u2026\u2026\u2026\u2026\u2026\u2026.1200,00 dinara<\/p>\n<p>IZDAVANJE INSTRUMENTA\u2026\u2026\u2026\u2026\u2026\u2026\u2026\u2026\u2026\u2026\u2026\u2026\u2026\u2026\u20261000,00 dinara<\/p>\n<h3 dir=\"ltr\" style=\"text-align: center;\"><strong>\u00a0\u00a0\u00a0\u00a0\u00a0\u00a0\u00a0\u00a0\u00a0\u00a0\u00a0\u00a0\u00a0\u00a0\u00a0\u00a0\u00a0\u00a0\u00a0\u00a0\u00a0\u00a0\u00a0\u00a0\u00a0\u00a0\u00a0\u00a0\u00a0\u00a0\u00a0\u00a0\u00a0\u00a0 Va\u017eno obave\u0161tenje!<\/strong><\/h3>\n<h5>Muzi\u010dka \u0161kola je pre\u0161la na novi program poslovanja od 2024.godine i dobila nove ra\u010dune. Ono \u0161to je izuzetno va\u017eno jeste da ispravno popunite <b>model<\/b> i <b>poziv na broj<\/b> (odobrenje). Tako\u0111e, kao i do sada, na uplatnicu treba upisati ime i prezime deteta. Za sve dodatne informacije javite se ra\u010dunovodstvu \u0161kole.<\/h5>\n<p><a href=\"https:\/\/muzickasu.edu.rs\/index.php\/instrukcije-za-placanje\/\">INSTRUKCIJE ZA PLA\u0106ANJE<\/a><\/p>\n<p><strong>*<\/strong><strong>OBAVE\u0160TENJE- UPIS U\u010cENIKA<\/strong><\/p>\n<p><strong>Donacije za tre\u0107e i svako naredno dete<\/strong> ne napla\u0107uju se ni u osnovnoj, ni u srednjoj muzi\u010dkoj \u0161koli.<\/p>\n<p>Samohrani roditelji i roditelji dece iz osetljivih dru\u0161tvenih grupa i socijalno ugro\u017eenih porodica <strong>mogu biti oslobo\u0111eni<\/strong> obaveze pla\u0107anja roditeljskog dinara odlukom direktora \u0161kole, na svoj zahtev, uz koji podnose odgovaraju\u0107e dokaze.<\/p>\n<p>Roditelji <strong>koji su oslobo\u0111eni pla\u0107anja<\/strong> roditeljskog dinara<strong> pla\u0107aju upis<\/strong>, \u0430 <strong>ne pla\u0107aju mese\u010dnu donaciju<\/strong>.<\/p>\n<p>Iznajmljivanje instrumenta se uvek napla\u0107uje.<\/p>\n<p>Iznajmljivanje instrumenta pla\u0107aju i oni roditelji koji su oslobo\u0111eni pla\u0107anja roditeljskog dinara.<\/p>\n<p><strong>\u00a0<\/strong><\/p>","protected":false},"excerpt":{"rendered":"<p>Na osnovu Zakona o osnovnom obrazovanju i vaspitanju (\u201eSl.glasnik RS\u201c,br. 55\/2013, 101\/2017, 27\/2018 &#8211; drugi zakon i 10\/2019 od 15.02.2019. \u010dlan 57 stav 2 ): U\u010denik koji nije zavr\u0161io prvi ciklus osnovne muzi\u010dke, odnosno osnovne baletske \u0161kole mo\u017ee da se upi\u0161e u drugi ciklus nakon polo\u017eenog ispita za proveru znanja\u2026<\/p>\n<p class=\"continue-reading-button\"> <a class=\"continue-reading-link\" href=\"http:\/\/muzickasu.edu.rs\/index.php\/entrance-exams\/second-cycle-of-elementary-school\/\">Nastavite sa \u010ditanjem<i class=\"crycon-right-dir\"><\/i><\/a><\/p>\n","protected":false},"author":1,"featured_media":0,"parent":26,"menu_order":4,"comment_status":"closed","ping_status":"closed","template":"","meta":{"footnotes":""},"class_list":["post-254","page","type-page","status-publish","hentry"],"_links":{"self":[{"href":"http:\/\/muzickasu.edu.rs\/index.php\/wp-json\/wp\/v2\/pages\/254","targetHints":{"allow":["GET"]}}],"collection":[{"href":"http:\/\/muzickasu.edu.rs\/index.php\/wp-json\/wp\/v2\/pages"}],"about":[{"href":"http:\/\/muzickasu.edu.rs\/index.php\/wp-json\/wp\/v2\/types\/page"}],"author":[{"embeddable":true,"href":"http:\/\/muzickasu.edu.rs\/index.php\/wp-json\/wp\/v2\/users\/1"}],"replies":[{"embeddable":true,"href":"http:\/\/muzickasu.edu.rs\/index.php\/wp-json\/wp\/v2\/comments?post=254"}],"version-history":[{"count":85,"href":"http:\/\/muzickasu.edu.rs\/index.php\/wp-json\/wp\/v2\/pages\/254\/revisions"}],"predecessor-version":[{"id":6876,"href":"http:\/\/muzickasu.edu.rs\/index.php\/wp-json\/wp\/v2\/pages\/254\/revisions\/6876"}],"up":[{"embeddable":true,"href":"http:\/\/muzickasu.edu.rs\/index.php\/wp-json\/wp\/v2\/pages\/26"}],"wp:attachment":[{"href":"http:\/\/muzickasu.edu.rs\/index.php\/wp-json\/wp\/v2\/media?parent=254"}],"curies":[{"name":"wp","href":"https:\/\/api.w.org\/{rel}","templated":true}]}}