{"id":231,"date":"2015-12-15T09:47:27","date_gmt":"2015-12-15T09:47:27","guid":{"rendered":"http:\/\/muzickasu.edu.rs\/test\/?page_id=231"},"modified":"2023-09-12T08:45:20","modified_gmt":"2023-09-12T08:45:20","slug":"srpski-administrativno-finansijsko-osoblje","status":"publish","type":"page","link":"http:\/\/muzickasu.edu.rs\/index.php\/about-school\/staff\/srpski-administrativno-finansijsko-osoblje\/","title":{"rendered":"Pravno i finansijsko poslovanje"},"content":{"rendered":"<p>Krni\u0107 Marijana \u2013 sekretar<br \/>\nMali\u0107 Milica \u2013 \u0161ef ra\u010dunovodstva<br \/>\nEva Cvetkovi\u0107 \u2013 blagajnik<br \/>\nKlinovski Izabela\u2013 referent za u\u010deni\u010dka pitanja<\/p>","protected":false},"excerpt":{"rendered":"<p>Krni\u0107 Marijana \u2013 sekretar Mali\u0107 Milica \u2013 \u0161ef ra\u010dunovodstva Eva Cvetkovi\u0107 \u2013 blagajnik Klinovski Izabela\u2013 referent za u\u010deni\u010dka pitanja<\/p>\n<p class=\"continue-reading-button\"> <a class=\"continue-reading-link\" href=\"http:\/\/muzickasu.edu.rs\/index.php\/about-school\/staff\/srpski-administrativno-finansijsko-osoblje\/\">Nastavite sa \u010ditanjem<i class=\"crycon-right-dir\"><\/i><\/a><\/p>\n","protected":false},"author":1,"featured_media":0,"parent":20,"menu_order":3,"comment_status":"closed","ping_status":"closed","template":"","meta":{"footnotes":""},"class_list":["post-231","page","type-page","status-publish","hentry"],"_links":{"self":[{"href":"http:\/\/muzickasu.edu.rs\/index.php\/wp-json\/wp\/v2\/pages\/231","targetHints":{"allow":["GET"]}}],"collection":[{"href":"http:\/\/muzickasu.edu.rs\/index.php\/wp-json\/wp\/v2\/pages"}],"about":[{"href":"http:\/\/muzickasu.edu.rs\/index.php\/wp-json\/wp\/v2\/types\/page"}],"author":[{"embeddable":true,"href":"http:\/\/muzickasu.edu.rs\/index.php\/wp-json\/wp\/v2\/users\/1"}],"replies":[{"embeddable":true,"href":"http:\/\/muzickasu.edu.rs\/index.php\/wp-json\/wp\/v2\/comments?post=231"}],"version-history":[{"count":12,"href":"http:\/\/muzickasu.edu.rs\/index.php\/wp-json\/wp\/v2\/pages\/231\/revisions"}],"predecessor-version":[{"id":5570,"href":"http:\/\/muzickasu.edu.rs\/index.php\/wp-json\/wp\/v2\/pages\/231\/revisions\/5570"}],"up":[{"embeddable":true,"href":"http:\/\/muzickasu.edu.rs\/index.php\/wp-json\/wp\/v2\/pages\/20"}],"wp:attachment":[{"href":"http:\/\/muzickasu.edu.rs\/index.php\/wp-json\/wp\/v2\/media?parent=231"}],"curies":[{"name":"wp","href":"https:\/\/api.w.org\/{rel}","templated":true}]}}