{"id":225,"date":"2015-12-15T09:34:46","date_gmt":"2015-12-15T09:34:46","guid":{"rendered":"http:\/\/muzickasu.edu.rs\/test\/?page_id=225"},"modified":"2024-08-21T07:16:28","modified_gmt":"2024-08-21T07:16:28","slug":"srpski-skola-danas","status":"publish","type":"page","link":"http:\/\/muzickasu.edu.rs\/index.php\/about-school\/srpski-skola-danas\/","title":{"rendered":"\u0160kola danas"},"content":{"rendered":"<p><\/p>\n<p style=\"text-align: justify;\">Muzi\u010dka \u0161kola \u2013 Subotica je dr\u017eavna ustanova sa tradicijom dugom preko 155 godina. \u010clanica je Zajednice muzi\u010dkih i baletskih \u0161kola Srbije, kao i Evropske unije muzi\u010dkih \u0161kola (EMU).<\/p>\n<p style=\"text-align: justify;\">U \u0161koli se nastava odvija na osnovnom i srednjem nivou, a poha\u0111a je vi\u0161e od 500 osnovaca i vi\u0161e od 100 srednjo\u0161kolaca. Obrazovni rad se odvija na srpskom i ma\u0111arskom jeziku, po \u010demu smo jedinstveni u Republici Srbiji. Nastava op\u0161teobrazovnih predmeta za srednjo\u0161kolce se odvija u mati\u010dnoj \u0161koli.<\/p>\n<p style=\"text-align: justify;\">U\u010denici koji poha\u0111aju osnovnu muzi\u010dku \u0161kolu, mogu da izu\u010davaju jedan od dvadesetak ponu\u0111enih instrumenata.<\/p>\n<p style=\"text-align: justify;\">Obrazovni proces u srednjoj \u0161koli se realizuje na 4 obrazovna profila:<\/p>\n<p style=\"text-align: justify;\">Muzi\u010dki izvo\u0111a\u010d &#8211; klasi\u010dna muzika, muzi\u010dki saradnik &#8211; teoreti\u010dar, muzi\u010dki izvo\u0111a\u010d &#8211; tradicionalna muzika, muzi\u010dki izvo\u0111a\u010d &#8211; d\u017eez muzika. Poslednja 2 navedena profila smo me\u0111u prvima uveli u nastavu 2006. god. Pored nastave instrumenata u\u010denici poha\u0111aju kamernu muziku, a prisutni su i orkestri i horovi u osnovnoj i srednjoj \u0161koli.<\/p>\n<p style=\"text-align: justify;\">Tokom godine, pored brojnih drugih, imamo i 4 velika projekta: obele\u017eavanje Dana \u0161kole, Novogodi\u0161nji koncert, Ve\u010de kamerne muzike i maturski koncert. Pored toga permanentno se odr\u017eavaju u\u010deni\u010dki koncerti, javni \u010dasovi stru\u010dnih ve\u0107a i koncerti klasa. U\u010denici nastupaju solisti\u010dki, ili kao \u010dlanovi kamernih sastava, hora i orkestara.<\/p>\n<p style=\"text-align: justify;\">Nastupi u\u010denika i nastavnika su sastavni deo kulturnog \u017eivota grada, a uspe\u0161no sara\u0111ujemo sa muzi\u010dkim \u0161kolama iz okolnih mesta, zemlje i regiona.<\/p>\n<p style=\"text-align: justify;\">U\u010denici Muzi\u010dke \u0161kole \u2013 Subotica svake godine uspe\u0161no u\u010destvuju na Republi\u010dkim i me\u0111unarodnim takmi\u010denjima osvajaju\u0107i brojne nagrade i priznanja. Prisutni smo i na mnogim drugim takmi\u010denjima u zemlji.<\/p>\n<p style=\"text-align: justify;\">Na\u0161a \u0161kola je glavni nosilac muzi\u010dkog obrazovanja u Subotici i oblikovanja muzi\u010dkog ukusa mla\u0111e generacije, a iznedrila je veliki broj poznatih umetnika, kao i poznavalaca i ljubitelja muzike. Iz redova na\u0161ih profesora i u\u010denika sastavljena je i Suboti\u010dka filharmonija.<\/p>\n<p style=\"text-align: justify;\">Razvijena koncertna delatnost, stru\u010dni nastavnici i uspesi na takmi\u010denjima koje posti\u017eu na\u0161i u\u010denici su klju\u010dni \u010dinilac muzi\u010dkog \u017eivota Subotice.<\/p>\n<p style=\"text-align: justify;\">Bogata pro\u0161lost i duga tradicija Muzi\u010dke \u0161kole\u00a0 Subotica nas obavezuje da negujemo i oboga\u0107ujemo muzi\u010dki \u017eivot kako u svojoj sredini, tako i \u0161ire.<\/p>\n<p><\/p>","protected":false},"excerpt":{"rendered":"<p>Muzi\u010dka \u0161kola \u2013 Subotica je dr\u017eavna ustanova sa tradicijom dugom preko 155 godina. \u010clanica je Zajednice muzi\u010dkih i baletskih \u0161kola Srbije, kao i Evropske unije muzi\u010dkih \u0161kola (EMU). U \u0161koli se nastava odvija na osnovnom i srednjem nivou, a poha\u0111a je vi\u0161e od 500 osnovaca i vi\u0161e od 100 srednjo\u0161kolaca.\u2026<\/p>\n<p class=\"continue-reading-button\"> <a class=\"continue-reading-link\" href=\"http:\/\/muzickasu.edu.rs\/index.php\/about-school\/srpski-skola-danas\/\">Nastavite sa \u010ditanjem<i class=\"crycon-right-dir\"><\/i><\/a><\/p>\n","protected":false},"author":1,"featured_media":0,"parent":18,"menu_order":2,"comment_status":"closed","ping_status":"closed","template":"","meta":{"footnotes":""},"class_list":["post-225","page","type-page","status-publish","hentry"],"_links":{"self":[{"href":"http:\/\/muzickasu.edu.rs\/index.php\/wp-json\/wp\/v2\/pages\/225","targetHints":{"allow":["GET"]}}],"collection":[{"href":"http:\/\/muzickasu.edu.rs\/index.php\/wp-json\/wp\/v2\/pages"}],"about":[{"href":"http:\/\/muzickasu.edu.rs\/index.php\/wp-json\/wp\/v2\/types\/page"}],"author":[{"embeddable":true,"href":"http:\/\/muzickasu.edu.rs\/index.php\/wp-json\/wp\/v2\/users\/1"}],"replies":[{"embeddable":true,"href":"http:\/\/muzickasu.edu.rs\/index.php\/wp-json\/wp\/v2\/comments?post=225"}],"version-history":[{"count":20,"href":"http:\/\/muzickasu.edu.rs\/index.php\/wp-json\/wp\/v2\/pages\/225\/revisions"}],"predecessor-version":[{"id":6115,"href":"http:\/\/muzickasu.edu.rs\/index.php\/wp-json\/wp\/v2\/pages\/225\/revisions\/6115"}],"up":[{"embeddable":true,"href":"http:\/\/muzickasu.edu.rs\/index.php\/wp-json\/wp\/v2\/pages\/18"}],"wp:attachment":[{"href":"http:\/\/muzickasu.edu.rs\/index.php\/wp-json\/wp\/v2\/media?parent=225"}],"curies":[{"name":"wp","href":"https:\/\/api.w.org\/{rel}","templated":true}]}}