{"id":220,"date":"2015-12-15T09:14:28","date_gmt":"2015-12-15T09:14:28","guid":{"rendered":"http:\/\/muzickasu.edu.rs\/test\/?page_id=220"},"modified":"2026-04-01T09:05:33","modified_gmt":"2026-04-01T09:05:33","slug":"for-students","status":"publish","type":"page","link":"http:\/\/muzickasu.edu.rs\/index.php\/for-students\/","title":{"rendered":"Za u\u010denike"},"content":{"rendered":"<p><\/p>\n<p style=\"text-align: left;\"><a href=\"http:\/\/muzickasu.edu.rs\/wp-content\/uploads\/2015\/12\/Raspored-zvonjenja.png\"><img loading=\"lazy\" decoding=\"async\" class=\"size-medium wp-image-804 aligncenter\" src=\"http:\/\/muzickasu.edu.rs\/wp-content\/uploads\/2015\/12\/Raspored-zvonjenja-300x242.png\" alt=\"Raspored zvonjenja\" width=\"300\" height=\"242\" srcset=\"http:\/\/muzickasu.edu.rs\/wp-content\/uploads\/2015\/12\/Raspored-zvonjenja-300x242.png 300w, http:\/\/muzickasu.edu.rs\/wp-content\/uploads\/2015\/12\/Raspored-zvonjenja-186x150.png 186w, http:\/\/muzickasu.edu.rs\/wp-content\/uploads\/2015\/12\/Raspored-zvonjenja-150x121.png 150w, http:\/\/muzickasu.edu.rs\/wp-content\/uploads\/2015\/12\/Raspored-zvonjenja.png 321w\" sizes=\"auto, (max-width: 300px) 100vw, 300px\" \/><\/a><\/p>\n<p><strong>Raspored pismenih provera u srednjoj \u0161koli 2025\/26. \u0161kolske godine<br \/>\n<\/strong><\/p>\n<p><a href=\"http:\/\/muzickasu.edu.rs\/wp-content\/uploads\/2025\/09\/\u041f\u043b\u0430\u043d-\u043f\u0438\u0441\u043c\u0435\u043d\u0438\u0445-\u043f\u0440\u043e\u0432\u0435\u0440\u0430-\u0437\u0430-\u043f\u0440\u0432\u0438-\u043a\u043b\u0430\u0441\u0438\u0444\u0438\u043a\u0430\u0446\u0438\u043e\u043d\u0438-\u043f\u0435\u0440\u0438\u043e\u0434.pdf\">\u041f\u043b\u0430\u043d \u043f\u0438\u0441\u043c\u0435\u043d\u0438\u0445 \u043f\u0440\u043e\u0432\u0435\u0440\u0430 \u0437\u0430 \u043f\u0440\u0432\u0438 \u043a\u043b\u0430\u0441\u0438\u0444\u0438\u043a\u0430\u0446\u0438\u043e\u043d\u0438 \u043f\u0435\u0440\u0438\u043e\u0434 \u0448\u043a\u043e\u043b\u0441\u043a\u0435 2025\/26. \u0433\u043e\u0434\u0438\u043d\u0435<\/a><\/p>\n<p><a href=\"http:\/\/muzickasu.edu.rs\/wp-content\/uploads\/2025\/11\/\u041f\u043b\u0430\u043d-\u043f\u0438\u0441\u043c\u0435\u043d\u0438\u0445-\u043f\u0440\u043e\u0432\u0435\u0440\u0430-\u0437\u0430-\u0434\u0440\u0443\u0433\u0438-\u043a\u043b\u0430\u0441\u0438\u0444\u0438\u043a\u0430\u0446\u0438\u043e\u043d\u0438-\u043f\u0435\u0440\u0438\u043e\u0434-\u0448\u043a.-2025-2026.pdf\">\u041f\u043b\u0430\u043d \u043f\u0438\u0441\u043c\u0435\u043d\u0438\u0445 \u043f\u0440\u043e\u0432\u0435\u0440\u0430 \u0437\u0430 \u0434\u0440\u0443\u0433\u0438 \u043a\u043b\u0430\u0441\u0438\u0444\u0438\u043a\u0430\u0446\u0438\u043e\u043d\u0438 \u043f\u0435\u0440\u0438\u043e\u0434 \u0448\u043a. 2025-2026<\/a><\/p>\n<p><a href=\"http:\/\/muzickasu.edu.rs\/wp-content\/uploads\/2026\/02\/\u0420\u0430\u0441\u043f\u043e\u0440\u0435\u0434-\u043f\u0438\u0441\u0430\u043d\u0438\u0445-\u043f\u0440\u043e\u0432\u0435\u0440\u0430-3.-\u043a\u043b\u0430\u0441\u0438\u0444\u0438\u043a\u0430\u0446\u0438\u043e\u043d\u0438-\u043f\u0435\u0440\u0438\u043e\u0441.pdf\">\u0420\u0430\u0441\u043f\u043e\u0440\u0435\u0434 \u043f\u0438\u0441\u0430\u043d\u0438\u0445 \u043f\u0440\u043e\u0432\u0435\u0440\u0430 &#8211; 3. \u043a\u043b\u0430\u0441\u0438\u0444\u0438\u043a\u0430\u0446\u0438\u043e\u043d\u0438 \u043f\u0435\u0440\u0438\u043e\u0434<\/a><\/p>\n<p><a href=\"http:\/\/muzickasu.edu.rs\/wp-content\/uploads\/2026\/04\/Raspored-pisanih-provera-za-4.-klasifikacioni-period.pdf\">Raspored pisanih provera za 4. klasifikacioni period<\/a><\/p>\n<p><strong>Spiskovi potrebnih ud\u017ebenika<\/strong><\/p>\n<ul>\n<li>Spisak potrebnih ud\u017ebenika za Osnovnu muzi\u010dku \u0161kolu (po odsecima)<\/li>\n<\/ul>\n<ul>\n<li>Spisak potrebnih ud\u017ebenika za predmete grupne nastave za Srednju muzi\u010dku \u0161kolu (po razredima)<br \/>\n<a href=\"http:\/\/www.mpn.gov.rs\/udzbenici\/\" target=\"_blank\" rel=\"noopener noreferrer\">http:\/\/www.mpn.gov.rs\/udzbenici\/<\/a><\/li>\n<\/ul>\n<p>&nbsp;<\/p>\n<p><strong>Pravilnici<\/strong><\/p>\n<ul>\n<li><a href=\"http:\/\/muzickasu.edu.rs\/wp-content\/uploads\/2015\/11\/PRAVILNIK-o-ocenjivanju-ucenika-osnovne-skole.pdf\">Pravilnik o ocenjivanju u\u010denika u osnovnom obrazovanju i vaspitanju (\u201eSl. glasnik RS\u201d, br. 72\/09, 52\/11 i 55\/13)<\/a><\/li>\n<li><a href=\"http:\/\/muzickasu.edu.rs\/wp-content\/uploads\/2015\/11\/PRAVILNIK-O-OCENJIVANJU-S%C5%A0.pdf\">Pravilnik o ocenjivanju u\u010denika u srednjem obrazovanju i vaspitanju (\u201eSl. glasnik RS\u201c, br. 82\/2015)<\/a><\/li>\n<li><a href=\"http:\/\/muzickasu.edu.rs\/wp-content\/uploads\/2015\/11\/Pravilnik-o-pravima-obavezama-i-odgovornosti-u\u010denika-2018.doc\">Pravilnik o pravima obavezama i odgovornosti u\u010denika<\/a><\/li>\n<li><a href=\"http:\/\/muzickasu.edu.rs\/wp-content\/uploads\/2015\/12\/\u041f\u0440\u0430\u0432\u0438\u043b\u0430-\u043f\u043e\u043d\u0430\u0448\u0430\u045a\u0430-2019.docx\">Pravila pona\u0161anja\u00a02019<\/a><\/li>\n<li><a href=\"http:\/\/muzickasu.edu.rs\/test\/wp-content\/uploads\/2015\/11\/Pravilnik_o_pohvaljivanju_i_nagradjivanju_ucenika.pdf\">Pravilnik o pohvaljivanju i nagra\u0111ivanju u\u010denika<\/a><\/li>\n<\/ul>\n<p style=\"text-align: center;\">***<\/p>\n<p>&nbsp;<\/p>\n<p style=\"text-align: left;\">\n<p><\/p>","protected":false},"excerpt":{"rendered":"<p>Raspored pismenih provera u srednjoj \u0161koli 2025\/26. \u0161kolske godine \u041f\u043b\u0430\u043d \u043f\u0438\u0441\u043c\u0435\u043d\u0438\u0445 \u043f\u0440\u043e\u0432\u0435\u0440\u0430 \u0437\u0430 \u043f\u0440\u0432\u0438 \u043a\u043b\u0430\u0441\u0438\u0444\u0438\u043a\u0430\u0446\u0438\u043e\u043d\u0438 \u043f\u0435\u0440\u0438\u043e\u0434 \u0448\u043a\u043e\u043b\u0441\u043a\u0435 2025\/26. \u0433\u043e\u0434\u0438\u043d\u0435 \u041f\u043b\u0430\u043d \u043f\u0438\u0441\u043c\u0435\u043d\u0438\u0445 \u043f\u0440\u043e\u0432\u0435\u0440\u0430 \u0437\u0430 \u0434\u0440\u0443\u0433\u0438 \u043a\u043b\u0430\u0441\u0438\u0444\u0438\u043a\u0430\u0446\u0438\u043e\u043d\u0438 \u043f\u0435\u0440\u0438\u043e\u0434 \u0448\u043a. 2025-2026 \u0420\u0430\u0441\u043f\u043e\u0440\u0435\u0434 \u043f\u0438\u0441\u0430\u043d\u0438\u0445 \u043f\u0440\u043e\u0432\u0435\u0440\u0430 &#8211; 3. \u043a\u043b\u0430\u0441\u0438\u0444\u0438\u043a\u0430\u0446\u0438\u043e\u043d\u0438 \u043f\u0435\u0440\u0438\u043e\u0434 Raspored pisanih provera za 4. klasifikacioni period Spiskovi potrebnih ud\u017ebenika Spisak potrebnih ud\u017ebenika za Osnovnu\u2026<\/p>\n<p class=\"continue-reading-button\"> <a class=\"continue-reading-link\" href=\"http:\/\/muzickasu.edu.rs\/index.php\/for-students\/\">Nastavite sa \u010ditanjem<i class=\"crycon-right-dir\"><\/i><\/a><\/p>\n","protected":false},"author":1,"featured_media":0,"parent":0,"menu_order":10,"comment_status":"closed","ping_status":"closed","template":"","meta":{"footnotes":""},"class_list":["post-220","page","type-page","status-publish","hentry"],"_links":{"self":[{"href":"http:\/\/muzickasu.edu.rs\/index.php\/wp-json\/wp\/v2\/pages\/220","targetHints":{"allow":["GET"]}}],"collection":[{"href":"http:\/\/muzickasu.edu.rs\/index.php\/wp-json\/wp\/v2\/pages"}],"about":[{"href":"http:\/\/muzickasu.edu.rs\/index.php\/wp-json\/wp\/v2\/types\/page"}],"author":[{"embeddable":true,"href":"http:\/\/muzickasu.edu.rs\/index.php\/wp-json\/wp\/v2\/users\/1"}],"replies":[{"embeddable":true,"href":"http:\/\/muzickasu.edu.rs\/index.php\/wp-json\/wp\/v2\/comments?post=220"}],"version-history":[{"count":61,"href":"http:\/\/muzickasu.edu.rs\/index.php\/wp-json\/wp\/v2\/pages\/220\/revisions"}],"predecessor-version":[{"id":6828,"href":"http:\/\/muzickasu.edu.rs\/index.php\/wp-json\/wp\/v2\/pages\/220\/revisions\/6828"}],"wp:attachment":[{"href":"http:\/\/muzickasu.edu.rs\/index.php\/wp-json\/wp\/v2\/media?parent=220"}],"curies":[{"name":"wp","href":"https:\/\/api.w.org\/{rel}","templated":true}]}}