{"id":203,"date":"2015-12-09T13:20:05","date_gmt":"2015-12-09T13:20:05","guid":{"rendered":"http:\/\/muzickasu.edu.rs\/test\/?page_id=203"},"modified":"2024-08-21T07:52:51","modified_gmt":"2024-08-21T07:52:51","slug":"srpski-nastavno-osoblje","status":"publish","type":"page","link":"http:\/\/muzickasu.edu.rs\/index.php\/about-school\/staff\/srpski-nastavno-osoblje\/","title":{"rendered":"Nastavnici"},"content":{"rendered":"<p><\/p>\n<p style=\"text-align: center;\"><strong>Stru\u010dno ve\u0107e nastavnika klavira<\/strong><\/p>\n<p style=\"text-align: center;\">Rukovodilac stru\u010dnog ve\u0107a nastavnika klavira u OM\u0160: Mate Kristina<\/p>\n<p style=\"text-align: center;\">Rukovodilac stru\u010dnog ve\u0107a nastavnika klavira u SM\u0160: Biro Tirjung Ildiko<\/p>\n<p style=\"text-align: center;\"><a href=\"http:\/\/muzickasu.edu.rs\/index.php\/about-school\/staff\/srpski-nastavno-osoblje\/11-3\/\" rel=\"attachment wp-att-3852\"><img loading=\"lazy\" decoding=\"async\" class=\"size-large wp-image-3852 aligncenter\" src=\"http:\/\/muzickasu.edu.rs\/wp-content\/uploads\/2020\/10\/11-1-1024x683.jpg\" alt=\"\" width=\"900\" height=\"600\" srcset=\"http:\/\/muzickasu.edu.rs\/wp-content\/uploads\/2020\/10\/11-1-1024x683.jpg 1024w, http:\/\/muzickasu.edu.rs\/wp-content\/uploads\/2020\/10\/11-1-300x200.jpg 300w, http:\/\/muzickasu.edu.rs\/wp-content\/uploads\/2020\/10\/11-1-768x512.jpg 768w, http:\/\/muzickasu.edu.rs\/wp-content\/uploads\/2020\/10\/11-1-1536x1024.jpg 1536w, http:\/\/muzickasu.edu.rs\/wp-content\/uploads\/2020\/10\/11-1-2048x1365.jpg 2048w, http:\/\/muzickasu.edu.rs\/wp-content\/uploads\/2020\/10\/11-1-150x100.jpg 150w\" sizes=\"auto, (max-width: 900px) 100vw, 900px\" \/><\/a><\/p>\n<p>&nbsp;<\/p>\n<p><strong>Nastavnici:<\/strong><\/p>\n<p>Aleksandrovi\u0107 Du\u0161ko<\/p>\n<p>Ba\u010dlia Tompa Brigita<\/p>\n<p>Florijan Jenovan<\/p>\n<p>Biro Tirjung Ildiko<\/p>\n<p>Biro Viola<\/p>\n<p>Der Milovanovi\u0107 Andrea<\/p>\n<p>Sarva\u0161 Bernadet<\/p>\n<p>Glon\u010dak Karapand\u017ei\u0107 Tara<\/p>\n<p>Mate Kristina<\/p>\n<p>Mirkov Stes Mirna<\/p>\n<p>Nemet \u0110er\u0111<\/p>\n<p>Papilion Judit<\/p>\n<p>Pankaluji\u0107 Sa\u0161ka<\/p>\n<p>Repi\u0107 Maja<\/p>\n<p>Stefanovi\u0107 Krecul Marija<\/p>\n<p>\u0160oti-Sobonja Emeke<\/p>\n<p>Stoji\u010di\u0107 Tijana<\/p>\n<p>Mandari\u0107 Nata\u0161a<\/p>\n<p>Hari\u0161 Nemanja<\/p>\n<p>Vizin Kornelije &#8211; <span lang=\"HU\">orgulje<\/span><\/p>\n<p>Vrbanec Ana \u2013 klavir\u0161timer<\/p>\n<p>&nbsp;<\/p>\n<p style=\"text-align: center;\">***<\/p>\n<p style=\"text-align: center;\"><strong>Stru\u010dno ve\u0107e nastavnika guda\u010dkih instrumenata<\/strong><\/p>\n<p style=\"text-align: center;\">Rukovodilac stru\u010dnog ve\u0107a: Si\u010d David<\/p>\n<p><a href=\"http:\/\/muzickasu.edu.rs\/index.php\/about-school\/staff\/srpski-nastavno-osoblje\/5-2\/\" rel=\"attachment wp-att-3876\"><img loading=\"lazy\" decoding=\"async\" class=\"size-large wp-image-3876 aligncenter\" src=\"http:\/\/muzickasu.edu.rs\/wp-content\/uploads\/2020\/10\/5-1-1024x682.jpg\" alt=\"\" width=\"900\" height=\"599\" srcset=\"http:\/\/muzickasu.edu.rs\/wp-content\/uploads\/2020\/10\/5-1-1024x682.jpg 1024w, http:\/\/muzickasu.edu.rs\/wp-content\/uploads\/2020\/10\/5-1-300x200.jpg 300w, http:\/\/muzickasu.edu.rs\/wp-content\/uploads\/2020\/10\/5-1-768x512.jpg 768w, http:\/\/muzickasu.edu.rs\/wp-content\/uploads\/2020\/10\/5-1-1536x1024.jpg 1536w, http:\/\/muzickasu.edu.rs\/wp-content\/uploads\/2020\/10\/5-1-2048x1365.jpg 2048w, http:\/\/muzickasu.edu.rs\/wp-content\/uploads\/2020\/10\/5-1-150x100.jpg 150w\" sizes=\"auto, (max-width: 900px) 100vw, 900px\" \/><\/a><\/p>\n<p><strong>Nastavnici violine:<\/strong><\/p>\n<p>Bi\u010dkei Zita<\/p>\n<p>Me\u0111eri Marija<\/p>\n<p>Ki\u0161 Tama\u0161<\/p>\n<p>Kurina Viktorija<\/p>\n<p>Stefanovi\u0107 Slobodan<\/p>\n<p>\u017diga Pal<\/p>\n<p>&nbsp;<\/p>\n<p><strong>Nastavnici violon\u010dela:<\/strong><\/p>\n<p>Ku\u010dera Vereb \u0110er\u0111i<\/p>\n<p>Molnar Viktor<\/p>\n<p>Milena Radovi\u0107<\/p>\n<p>&nbsp;<\/p>\n<p><strong>Nastavnik kontrabasa:<\/strong><\/p>\n<p>Si\u010d David<\/p>\n<p>&nbsp;<\/p>\n<p style=\"text-align: center;\">***<\/p>\n<p style=\"text-align: center;\"><strong>Stru\u010dno ve\u0107e nastavnika duva\u010dkih instrumenata<br \/>\n<\/strong><\/p>\n<p style=\"text-align: center;\">Rukovodilac stru\u010dnog ve\u0107a duva\u010dkih instrumenata: Si\u010d Mihalj<\/p>\n<p><a href=\"http:\/\/muzickasu.edu.rs\/index.php\/about-school\/staff\/srpski-nastavno-osoblje\/2-8\/\" rel=\"attachment wp-att-3862\"><img loading=\"lazy\" decoding=\"async\" class=\"size-large wp-image-3862 aligncenter\" src=\"http:\/\/muzickasu.edu.rs\/wp-content\/uploads\/2020\/10\/2-4-1024x637.jpg\" alt=\"\" width=\"900\" height=\"560\" srcset=\"http:\/\/muzickasu.edu.rs\/wp-content\/uploads\/2020\/10\/2-4-1024x637.jpg 1024w, http:\/\/muzickasu.edu.rs\/wp-content\/uploads\/2020\/10\/2-4-300x187.jpg 300w, http:\/\/muzickasu.edu.rs\/wp-content\/uploads\/2020\/10\/2-4-768x478.jpg 768w, http:\/\/muzickasu.edu.rs\/wp-content\/uploads\/2020\/10\/2-4-1536x956.jpg 1536w, http:\/\/muzickasu.edu.rs\/wp-content\/uploads\/2020\/10\/2-4-2048x1274.jpg 2048w, http:\/\/muzickasu.edu.rs\/wp-content\/uploads\/2020\/10\/2-4-150x93.jpg 150w\" sizes=\"auto, (max-width: 900px) 100vw, 900px\" \/><\/a><\/p>\n<p><strong>Nastavnici klarineta:<\/strong><\/p>\n<p>Kondi\u0107 Lazar<\/p>\n<p>Na\u0111 Timea<\/p>\n<p>Radovi\u0107 Milo\u0161<\/p>\n<p>&nbsp;<\/p>\n<p><strong>Nastavnici flaute:<\/strong><\/p>\n<p>Molnar Vincer Kristina<\/p>\n<p>Trebaticki Jelena<\/p>\n<p>&nbsp;<\/p>\n<p><strong>Nastavnik saksofona:<\/strong> Dra\u0161ko Kora\u0107, Adam Radeti\u0107<\/p>\n<p><strong>Nastavnik trube:<\/strong> Gu\u017evanj Lenard<\/p>\n<p><strong>Nastavnik trombona<\/strong>: Domanj Nikola<\/p>\n<p><strong>Nastavnik horne<\/strong>: Ani\u0161i\u0107 Bela<\/p>\n<p><strong>Nastavnik fagota:<\/strong> Si\u010d Mihalj<\/p>\n<p><strong>Nastavnik oboe:<\/strong> Si\u010d Mihalj<\/p>\n<p>&nbsp;<\/p>\n<p style=\"text-align: center;\">***<\/p>\n<p style=\"text-align: center;\"><strong>Stru\u010dno ve\u0107e nastavnika solo pevanja<br \/>\n<\/strong><\/p>\n<p style=\"text-align: center;\">Rukovodilac stru\u010dnog ve\u0107a solo pevanja: Herodek Eva<\/p>\n<p><strong>Nastavnice solo pevanja:<\/strong><\/p>\n<p>Herodek Eva<\/p>\n<p>Aleksandra U\u0161umovi\u0107<\/p>\n<p style=\"text-align: center;\">***<\/p>\n<p style=\"text-align: center;\"><strong>Stru\u010dno ve\u0107e nastavnika odseka za tradicionalnu muziku<br \/>\n<\/strong><\/p>\n<p style=\"text-align: center;\">Rukovodilac stru\u010dnog ve\u0107a odseka tradicionalne muzike: \u0160tricki Seg Tamara<\/p>\n<p style=\"text-align: center;\"><a href=\"http:\/\/muzickasu.edu.rs\/index.php\/about-school\/staff\/srpski-nastavno-osoblje\/1-7\/\" rel=\"attachment wp-att-3864\"><img loading=\"lazy\" decoding=\"async\" class=\"aligncenter wp-image-3864 size-large\" src=\"http:\/\/muzickasu.edu.rs\/wp-content\/uploads\/2020\/10\/1-1-1024x683.jpg\" alt=\"\" width=\"900\" height=\"600\" srcset=\"http:\/\/muzickasu.edu.rs\/wp-content\/uploads\/2020\/10\/1-1-1024x683.jpg 1024w, http:\/\/muzickasu.edu.rs\/wp-content\/uploads\/2020\/10\/1-1-300x200.jpg 300w, http:\/\/muzickasu.edu.rs\/wp-content\/uploads\/2020\/10\/1-1-768x512.jpg 768w, http:\/\/muzickasu.edu.rs\/wp-content\/uploads\/2020\/10\/1-1-1536x1024.jpg 1536w, http:\/\/muzickasu.edu.rs\/wp-content\/uploads\/2020\/10\/1-1-2048x1365.jpg 2048w, http:\/\/muzickasu.edu.rs\/wp-content\/uploads\/2020\/10\/1-1-150x100.jpg 150w\" sizes=\"auto, (max-width: 900px) 100vw, 900px\" \/><\/a><\/p>\n<p><strong>Nastavnice tradicionalnog pevanja:<\/strong><\/p>\n<p>Terek Noemi<\/p>\n<p>\u0160ticki Seg Tamara<\/p>\n<p>Sibila Mora Mezneri\u010d<\/p>\n<p>Ledenjak Lea (zamena)<\/p>\n<p style=\"text-align: center;\">***<\/p>\n<p style=\"text-align: center;\"><strong>Stru\u010dno ve\u0107e nastavnika trza\u010dkih instrumenata<\/strong><\/p>\n<p style=\"text-align: center;\">Rukovodilac stru\u010dnog ve\u0107a: Sr\u0111evi\u0107 Marko<\/p>\n<p><a href=\"http:\/\/muzickasu.edu.rs\/index.php\/about-school\/staff\/srpski-nastavno-osoblje\/3-5\/\" rel=\"attachment wp-att-3867\"><img loading=\"lazy\" decoding=\"async\" class=\"wp-image-3867 aligncenter\" src=\"http:\/\/muzickasu.edu.rs\/wp-content\/uploads\/2020\/10\/3-1-1024x643.jpg\" alt=\"\" width=\"754\" height=\"473\" srcset=\"http:\/\/muzickasu.edu.rs\/wp-content\/uploads\/2020\/10\/3-1-1024x643.jpg 1024w, http:\/\/muzickasu.edu.rs\/wp-content\/uploads\/2020\/10\/3-1-300x188.jpg 300w, http:\/\/muzickasu.edu.rs\/wp-content\/uploads\/2020\/10\/3-1-768x482.jpg 768w, http:\/\/muzickasu.edu.rs\/wp-content\/uploads\/2020\/10\/3-1-1536x965.jpg 1536w, http:\/\/muzickasu.edu.rs\/wp-content\/uploads\/2020\/10\/3-1-2048x1287.jpg 2048w, http:\/\/muzickasu.edu.rs\/wp-content\/uploads\/2020\/10\/3-1-150x94.jpg 150w\" sizes=\"auto, (max-width: 754px) 100vw, 754px\" \/><\/a><\/p>\n<p>&nbsp;<\/p>\n<p><strong>Nastavnici gitare:<\/strong><\/p>\n<p>Bala\u017eevi\u0107 I\u0161tvan<\/p>\n<p>Ostoji\u0107 Ljiljana<\/p>\n<p>Sr\u0111evi\u0107 Marko<\/p>\n<p>Ku\u010dera Noemi<\/p>\n<p style=\"text-align: center;\">*<\/p>\n<p><strong>Nastavnici tambure:<\/strong><\/p>\n<p>Berta Sonja<\/p>\n<p>Pridra\u0161ki Milan<\/p>\n<p>Temunovi\u0107 Mira<\/p>\n<p>Temunovi\u0107 Vojislav<\/p>\n<p><a href=\"http:\/\/muzickasu.edu.rs\/index.php\/about-school\/staff\/srpski-nastavno-osoblje\/attachment\/4\/\" rel=\"attachment wp-att-3868\"><img loading=\"lazy\" decoding=\"async\" class=\" wp-image-3868 aligncenter\" src=\"http:\/\/muzickasu.edu.rs\/wp-content\/uploads\/2020\/10\/4-1024x683.jpg\" alt=\"\" width=\"631\" height=\"421\" srcset=\"http:\/\/muzickasu.edu.rs\/wp-content\/uploads\/2020\/10\/4-1024x683.jpg 1024w, http:\/\/muzickasu.edu.rs\/wp-content\/uploads\/2020\/10\/4-300x200.jpg 300w, http:\/\/muzickasu.edu.rs\/wp-content\/uploads\/2020\/10\/4-768x512.jpg 768w, http:\/\/muzickasu.edu.rs\/wp-content\/uploads\/2020\/10\/4-1536x1024.jpg 1536w, http:\/\/muzickasu.edu.rs\/wp-content\/uploads\/2020\/10\/4-2048x1365.jpg 2048w, http:\/\/muzickasu.edu.rs\/wp-content\/uploads\/2020\/10\/4-150x100.jpg 150w\" sizes=\"auto, (max-width: 631px) 100vw, 631px\" \/><\/a><\/p>\n<p style=\"text-align: center;\">***<\/p>\n<p style=\"text-align: center;\"><strong>Stru\u010dno ve\u0107e nastavnika harmonike<\/strong><\/p>\n<p style=\"text-align: center;\">Rukovodilac stru\u010dnog ve\u0107a: Luki\u0107 Aleksandar<\/p>\n<p>&nbsp;<\/p>\n<p><strong>Nastavnici harmonike:<\/strong><\/p>\n<p>Idi\u0107 Miroslav<\/p>\n<p>Lo\u0161i\u0107 Ilijana<\/p>\n<p>Luki\u0107 Aleksandar<\/p>\n<p style=\"text-align: center;\"><a href=\"http:\/\/muzickasu.edu.rs\/wp-content\/uploads\/2016\/06\/harmonika.jpg\"><img loading=\"lazy\" decoding=\"async\" class=\"aligncenter wp-image-1632 size-large\" src=\"http:\/\/muzickasu.edu.rs\/wp-content\/uploads\/2016\/06\/harmonika-1024x683.jpg\" alt=\"harmonika\" width=\"900\" height=\"600\" srcset=\"http:\/\/muzickasu.edu.rs\/wp-content\/uploads\/2016\/06\/harmonika-1024x683.jpg 1024w, http:\/\/muzickasu.edu.rs\/wp-content\/uploads\/2016\/06\/harmonika-300x200.jpg 300w, http:\/\/muzickasu.edu.rs\/wp-content\/uploads\/2016\/06\/harmonika-225x150.jpg 225w, http:\/\/muzickasu.edu.rs\/wp-content\/uploads\/2016\/06\/harmonika-150x100.jpg 150w\" sizes=\"auto, (max-width: 900px) 100vw, 900px\" \/><\/a>***<\/p>\n<p style=\"text-align: center;\"><strong>Stru\u010dno ve\u0107e nastavnika udara\u010dkih instrumenata i d\u017eez muzike<\/strong><\/p>\n<p style=\"text-align: center;\">Rukovodilac stru\u010dnog ve\u0107a: Evetovi\u0107 Goran<\/p>\n<p><a href=\"http:\/\/muzickasu.edu.rs\/index.php\/about-school\/staff\/srpski-nastavno-osoblje\/12-3\/\" rel=\"attachment wp-att-3870\"><img loading=\"lazy\" decoding=\"async\" class=\"size-large wp-image-3870 aligncenter\" src=\"http:\/\/muzickasu.edu.rs\/wp-content\/uploads\/2020\/10\/12-1-1024x683.jpg\" alt=\"\" width=\"900\" height=\"600\" srcset=\"http:\/\/muzickasu.edu.rs\/wp-content\/uploads\/2020\/10\/12-1-1024x683.jpg 1024w, http:\/\/muzickasu.edu.rs\/wp-content\/uploads\/2020\/10\/12-1-300x200.jpg 300w, http:\/\/muzickasu.edu.rs\/wp-content\/uploads\/2020\/10\/12-1-768x512.jpg 768w, http:\/\/muzickasu.edu.rs\/wp-content\/uploads\/2020\/10\/12-1-1536x1024.jpg 1536w, http:\/\/muzickasu.edu.rs\/wp-content\/uploads\/2020\/10\/12-1-2048x1365.jpg 2048w, http:\/\/muzickasu.edu.rs\/wp-content\/uploads\/2020\/10\/12-1-150x100.jpg 150w\" sizes=\"auto, (max-width: 900px) 100vw, 900px\" \/><\/a><\/p>\n<p>&nbsp;<\/p>\n<p><strong>Nastavnik udara\u010dkih instrumenata i d\u017eez bubnjeva<\/strong>: Evetovi\u0107 Goran<\/p>\n<p><strong>Nastavnik d\u017eez klavira<\/strong>: Varga Ivan<\/p>\n<p><strong>Nastavnica d\u017eez pevanja:<\/strong>\u00a0Duda\u0161 Beata<\/p>\n<p><strong>Nastavnik d\u017eez gitare i malog ansambla<\/strong>: Cindel Norbert<\/p>\n<p><strong>Nastavnik d\u017eez bas gitare<\/strong>: Si\u010d David<\/p>\n<p><strong>Nastavnik udara\u010dkih instrumenata<\/strong>: Bo\u0161ko Purkovi\u0107<\/p>\n<p><strong>\u00a0<\/strong><\/p>\n<p style=\"text-align: center;\">***<\/p>\n<p style=\"text-align: center;\"><strong>Stru\u010dno ve\u0107e nastavnika stru\u010dnih teoretskih i op\u0161teobrazovnih predmeta<\/strong><\/p>\n<p style=\"text-align: center;\">Rukovodilac nastavnika stru\u010dnih teoretskih predmeta: \u010ciko\u0161 Kristina<\/p>\n<p><a href=\"http:\/\/muzickasu.edu.rs\/index.php\/about-school\/staff\/srpski-nastavno-osoblje\/attachment\/1011\/\" rel=\"attachment wp-att-3878\"><img loading=\"lazy\" decoding=\"async\" class=\"size-large wp-image-3878 aligncenter\" src=\"http:\/\/muzickasu.edu.rs\/wp-content\/uploads\/2020\/10\/1011-1024x683.jpg\" alt=\"\" width=\"900\" height=\"600\" srcset=\"http:\/\/muzickasu.edu.rs\/wp-content\/uploads\/2020\/10\/1011-1024x683.jpg 1024w, http:\/\/muzickasu.edu.rs\/wp-content\/uploads\/2020\/10\/1011-300x200.jpg 300w, http:\/\/muzickasu.edu.rs\/wp-content\/uploads\/2020\/10\/1011-768x512.jpg 768w, http:\/\/muzickasu.edu.rs\/wp-content\/uploads\/2020\/10\/1011-1536x1024.jpg 1536w, http:\/\/muzickasu.edu.rs\/wp-content\/uploads\/2020\/10\/1011-150x100.jpg 150w, http:\/\/muzickasu.edu.rs\/wp-content\/uploads\/2020\/10\/1011.jpg 1920w\" sizes=\"auto, (max-width: 900px) 100vw, 900px\" \/><\/a><\/p>\n<p>&nbsp;<\/p>\n<p><strong>Nastavnice teoretskih predmeta u OM\u0160:<\/strong><\/p>\n<p><strong><a href=\"http:\/\/muzickasu.edu.rs\/index.php\/about-school\/staff\/srpski-nastavno-osoblje\/6-2\/\" rel=\"attachment wp-att-3874\"><img loading=\"lazy\" decoding=\"async\" class=\"wp-image-3874 aligncenter\" src=\"http:\/\/muzickasu.edu.rs\/wp-content\/uploads\/2020\/10\/6-1-1024x683.jpg\" alt=\"\" width=\"734\" height=\"490\" srcset=\"http:\/\/muzickasu.edu.rs\/wp-content\/uploads\/2020\/10\/6-1-1024x683.jpg 1024w, http:\/\/muzickasu.edu.rs\/wp-content\/uploads\/2020\/10\/6-1-300x200.jpg 300w, http:\/\/muzickasu.edu.rs\/wp-content\/uploads\/2020\/10\/6-1-768x512.jpg 768w, http:\/\/muzickasu.edu.rs\/wp-content\/uploads\/2020\/10\/6-1-1536x1024.jpg 1536w, http:\/\/muzickasu.edu.rs\/wp-content\/uploads\/2020\/10\/6-1-2048x1366.jpg 2048w, http:\/\/muzickasu.edu.rs\/wp-content\/uploads\/2020\/10\/6-1-150x100.jpg 150w\" sizes=\"auto, (max-width: 734px) 100vw, 734px\" \/><\/a><\/strong><\/p>\n<p>Jak\u0161i\u0107 Melanija<\/p>\n<p>Romi\u0107 Hiba Elizabeta<\/p>\n<p>Kostadinovi\u0107 Nata\u0161a<\/p>\n<p>Taka\u010d Eva<\/p>\n<p>Rustemovi\u0107 Lejla<\/p>\n<p>Nedeljkovi\u0107 Jovana<\/p>\n<p>Tot Agne\u0161<\/p>\n<p>&nbsp;<\/p>\n<p style=\"text-align: center;\">*<\/p>\n<p style=\"text-align: left;\"><strong>Nastavnici teoretskih predmeta u SM\u0160:<\/strong><\/p>\n<p style=\"text-align: left;\"><strong><a href=\"http:\/\/muzickasu.edu.rs\/index.php\/about-school\/staff\/srpski-nastavno-osoblje\/8-2\/\" rel=\"attachment wp-att-3875\"><img loading=\"lazy\" decoding=\"async\" class=\"size-large wp-image-3875 aligncenter\" src=\"http:\/\/muzickasu.edu.rs\/wp-content\/uploads\/2020\/10\/8-1-1024x683.jpg\" alt=\"\" width=\"900\" height=\"600\" srcset=\"http:\/\/muzickasu.edu.rs\/wp-content\/uploads\/2020\/10\/8-1-1024x683.jpg 1024w, http:\/\/muzickasu.edu.rs\/wp-content\/uploads\/2020\/10\/8-1-300x200.jpg 300w, http:\/\/muzickasu.edu.rs\/wp-content\/uploads\/2020\/10\/8-1-768x512.jpg 768w, http:\/\/muzickasu.edu.rs\/wp-content\/uploads\/2020\/10\/8-1-1536x1024.jpg 1536w, http:\/\/muzickasu.edu.rs\/wp-content\/uploads\/2020\/10\/8-1-2048x1365.jpg 2048w, http:\/\/muzickasu.edu.rs\/wp-content\/uploads\/2020\/10\/8-1-150x100.jpg 150w\" sizes=\"auto, (max-width: 900px) 100vw, 900px\" \/><\/a><\/strong><\/p>\n<p>\u010ciko\u0161 Kristina<\/p>\n<p>Ivankovi\u0107 Radakovi\u0107 Branko<\/p>\n<p>Milosavljevi\u0107 Nina<\/p>\n<p>Stanti\u0107 Miroslav<\/p>\n<p>Stefanovi\u0107 Konstantin<\/p>\n<p>Milinov Silvia<\/p>\n<p>Tot Agne\u0161<\/p>\n<p>Mandari\u0107 Nata\u0161a<\/p>\n<p style=\"text-align: center;\">*<\/p>\n<p><strong>Nastavnici teoretskih predmeta na obrazovnom profilu tradicionalne muzike:<\/strong><\/p>\n<p>\u0160tricki Seg Tamara \u2013 etnologija, etnomuzikologija, narodne igre, narodni ansambli<\/p>\n<p>Mora Mezneri\u010d Sibila &#8211; etnologija, etnomuzikologija<\/p>\n<p>&nbsp;<\/p>\n<p><strong>Nastavnici teoretskih predmeta d\u017eez muzike:<\/strong><\/p>\n<p>Duda\u0161 Beata\u00a0&#8211; razvijanje sluha<\/p>\n<p>&nbsp;<\/p>\n<p><strong>Nastavnici <\/strong><strong>op\u0161teobrazovnih<\/strong> <strong>predmeta<\/strong><\/p>\n<p><a href=\"http:\/\/muzickasu.edu.rs\/index.php\/about-school\/staff\/srpski-nastavno-osoblje\/attachment\/91\/\" rel=\"attachment wp-att-3877\"><img loading=\"lazy\" decoding=\"async\" class=\"size-large wp-image-3877 aligncenter\" src=\"http:\/\/muzickasu.edu.rs\/wp-content\/uploads\/2020\/10\/91-1024x682.jpg\" alt=\"\" width=\"900\" height=\"599\" srcset=\"http:\/\/muzickasu.edu.rs\/wp-content\/uploads\/2020\/10\/91-1024x682.jpg 1024w, http:\/\/muzickasu.edu.rs\/wp-content\/uploads\/2020\/10\/91-300x200.jpg 300w, http:\/\/muzickasu.edu.rs\/wp-content\/uploads\/2020\/10\/91-768x512.jpg 768w, http:\/\/muzickasu.edu.rs\/wp-content\/uploads\/2020\/10\/91-1536x1023.jpg 1536w, http:\/\/muzickasu.edu.rs\/wp-content\/uploads\/2020\/10\/91-150x100.jpg 150w, http:\/\/muzickasu.edu.rs\/wp-content\/uploads\/2020\/10\/91.jpg 1920w\" sizes=\"auto, (max-width: 900px) 100vw, 900px\" \/><\/a><\/p>\n<p>Vukovi\u0107 Marinko \u2013 srpski jezik i knji\u017eevnost, srpski jezik kao nematernji<\/p>\n<p>\u0110antar Lodi Gabriela \u2013 ma\u0111arski jezik i knji\u017eevnost<\/p>\n<p>Ardali\u0107 Marta \u2013 engleski jezik<\/p>\n<p>\u0160kobo Mirjana &#8211; engleski jezik<\/p>\n<p><span lang=\"HU\">Mandi\u0107 Zorica<\/span> \u2013 francuski i italijanski jezik<\/p>\n<p>Krsti\u0107 Ana \u2013 italijanski jezik<\/p>\n<p>Tselios Tunde \u2013 istorija s istorijom kulture i civilizacije<\/p>\n<p>Kujund\u017ei\u0107 Marijan \u2013 sociologija, gra\u0111ansko vaspitanje, filozofija<\/p>\n<p>\u010conka Ferenc \u2013 informatika, fizika<\/p>\n<p>Sotin Vladimir \u2013 informatika<\/p>\n<p>Vukovi\u0107 Dejan \u2013 fizi\u010dko vaspitanje<\/p>\n<p>Katan\u010di\u0107 Vladimir &#8211; fizi\u010dko vaspitanje<\/p>\n<p>Budanovi\u0107 Leonora &#8211; psihologija<\/p>\n<p>Tot Der Feldi Ilona \u2013 verska nastava<\/p>\n<p>Kova\u010d Ivana &#8211; verska nastava<\/p>\n<p>Zveki\u0107 Ognjen &#8211; verska nastava<\/p>\n<p>Vesna Ra\u0161eta &#8211; matematika<\/p>\n<p>Biro Viola &#8211; matematika<\/p>\n<p><a href=\"http:\/\/muzickasu.edu.rs\/index.php\/about-school\/staff\/srpski-nastavno-osoblje\/15-3\/\" rel=\"attachment wp-att-3892\"><img loading=\"lazy\" decoding=\"async\" class=\"size-large wp-image-3892 aligncenter\" src=\"http:\/\/muzickasu.edu.rs\/wp-content\/uploads\/2020\/10\/15-2-1024x682.jpg\" alt=\"\" width=\"900\" height=\"599\" srcset=\"http:\/\/muzickasu.edu.rs\/wp-content\/uploads\/2020\/10\/15-2-1024x682.jpg 1024w, http:\/\/muzickasu.edu.rs\/wp-content\/uploads\/2020\/10\/15-2-300x200.jpg 300w, http:\/\/muzickasu.edu.rs\/wp-content\/uploads\/2020\/10\/15-2-768x512.jpg 768w, http:\/\/muzickasu.edu.rs\/wp-content\/uploads\/2020\/10\/15-2-1536x1024.jpg 1536w, http:\/\/muzickasu.edu.rs\/wp-content\/uploads\/2020\/10\/15-2-2048x1365.jpg 2048w, http:\/\/muzickasu.edu.rs\/wp-content\/uploads\/2020\/10\/15-2-150x100.jpg 150w\" sizes=\"auto, (max-width: 900px) 100vw, 900px\" \/><\/a><\/p>\n<p>&nbsp;<\/p>","protected":false},"excerpt":{"rendered":"<p>Stru\u010dno ve\u0107e nastavnika klavira Rukovodilac stru\u010dnog ve\u0107a nastavnika klavira u OM\u0160: Mate Kristina Rukovodilac stru\u010dnog ve\u0107a nastavnika klavira u SM\u0160: Biro Tirjung Ildiko &nbsp; Nastavnici: Aleksandrovi\u0107 Du\u0161ko Ba\u010dlia Tompa Brigita Florijan Jenovan Biro Tirjung Ildiko Biro Viola Der Milovanovi\u0107 Andrea Sarva\u0161 Bernadet Glon\u010dak Karapand\u017ei\u0107 Tara Mate Kristina Mirkov Stes Mirna\u2026<\/p>\n<p class=\"continue-reading-button\"> <a class=\"continue-reading-link\" href=\"http:\/\/muzickasu.edu.rs\/index.php\/about-school\/staff\/srpski-nastavno-osoblje\/\">Nastavite sa \u010ditanjem<i class=\"crycon-right-dir\"><\/i><\/a><\/p>\n","protected":false},"author":1,"featured_media":0,"parent":20,"menu_order":4,"comment_status":"closed","ping_status":"closed","template":"","meta":{"footnotes":""},"class_list":["post-203","page","type-page","status-publish","hentry"],"_links":{"self":[{"href":"http:\/\/muzickasu.edu.rs\/index.php\/wp-json\/wp\/v2\/pages\/203","targetHints":{"allow":["GET"]}}],"collection":[{"href":"http:\/\/muzickasu.edu.rs\/index.php\/wp-json\/wp\/v2\/pages"}],"about":[{"href":"http:\/\/muzickasu.edu.rs\/index.php\/wp-json\/wp\/v2\/types\/page"}],"author":[{"embeddable":true,"href":"http:\/\/muzickasu.edu.rs\/index.php\/wp-json\/wp\/v2\/users\/1"}],"replies":[{"embeddable":true,"href":"http:\/\/muzickasu.edu.rs\/index.php\/wp-json\/wp\/v2\/comments?post=203"}],"version-history":[{"count":109,"href":"http:\/\/muzickasu.edu.rs\/index.php\/wp-json\/wp\/v2\/pages\/203\/revisions"}],"predecessor-version":[{"id":6119,"href":"http:\/\/muzickasu.edu.rs\/index.php\/wp-json\/wp\/v2\/pages\/203\/revisions\/6119"}],"up":[{"embeddable":true,"href":"http:\/\/muzickasu.edu.rs\/index.php\/wp-json\/wp\/v2\/pages\/20"}],"wp:attachment":[{"href":"http:\/\/muzickasu.edu.rs\/index.php\/wp-json\/wp\/v2\/media?parent=203"}],"curies":[{"name":"wp","href":"https:\/\/api.w.org\/{rel}","templated":true}]}}