{"id":173,"date":"2015-12-03T17:25:47","date_gmt":"2015-12-03T17:25:47","guid":{"rendered":"http:\/\/muzickasu.edu.rs\/test\/?page_id=173"},"modified":"2023-04-18T11:17:26","modified_gmt":"2023-04-18T11:17:26","slug":"srpski-pripremni-razredi","status":"publish","type":"page","link":"http:\/\/muzickasu.edu.rs\/index.php\/education\/srpski-pripremni-razredi\/","title":{"rendered":"Pripremni razredi"},"content":{"rendered":"<p>I<strong> pripremni razred<\/strong><\/p>\n<p><em>Muzi\u010dko putovanje u I pripremnom razredu po\u010dinje upoznavanjem razli\u010ditih muzi\u010dkih instrumenata. Osetiti, dodirnuti, \u010duti u\u017eivo svaki instrument ima za cilj da mali\u0161ani dobiju najbolje informacije o instrumentima.<\/em><\/p>\n<p><strong>I pripremni razred\u00a0 upisuju deca koja su poha\u0111ala muzi\u010dko zabavi\u0161te i deca koja prvi put upisuju muzi\u010dku \u0161kolu<\/strong>.<\/p>\n<p>Nastava se odvija iz predmeta solfe\u0111o, dva puta nedeljno. \u010cas traje 45 minuta.<\/p>\n<p>Nakon zavr\u0161enog I pripremnog razreda u\u010denici se opredeljuju za instrument koji \u0107e svirati u II pripremnom razredu.<\/p>\n<p>U <strong>ponudi na\u0161e \u0161kole<\/strong> su instrumenti svih odseka: gudac\u030cki, duvac\u030cki, trzac\u030cki, klavirski, udara\u010dki, odsek harmonike.<\/p>\n<p>&nbsp;<\/p>\n<p><strong>II pripremni razred<\/strong><\/p>\n<p>Da biste se upisali u II pripremni razred trebate se prijaviti za proveru muzi\u010dkih sposobnosti.<\/p>\n<p>Pored dva \u010dasa solfe\u0111a nedeljno (u trajanju od 45 minuta) u okviru grupne nastave, imaju i dva \u010dasa individualne nastave izabranog\u00a0instrumenta (30 minuta).<\/p>\n<p>&nbsp;<\/p>\n<p>DRUGI PRIPREMNI RAZRED I PRVI RAZRED OSNOVNE MUZI\u010cKE \u0160KOLE POLA\u017dU PRIJEMNI ISPIT \u00a0&#8211; proveru muzi\u010dkih sposobnosti.<\/p>\n<ul>\n<li>Nakon polo\u017eenog ispita u\u010denik bira instrument koji \u0107e svirati u narednoj \u0161kolskoj godini.<\/li>\n<\/ul>\n<p>Uzrast dece koji po\u010dinju da sviraju instrument:<\/p>\n<ul>\n<li>od 9 godina i mla\u0111i za slede\u0107e instrumente: Violina, viola, violon\u010delo, gitara, tambura, klavir, harmonika, flauta.<\/li>\n<li>Od 11 godina i mla\u0111i za slede\u0107e instrumente: oboa, klarinet, saksofon, fagot, horna, truba, trombon, orgulje, udaraljke i kontrabas<\/li>\n<li>Solo pevanje upisuju \u017eenski glasovi od 13 godina i stariji; mu\u0161ki glasovi od 16 godina i stariji<\/li>\n<li>Tradicionalno pevanje upisuju deca od 10 godina i stariji<\/li>\n<\/ul>\n<p>Kako se spremiti za prijemni ispit:<\/p>\n<ul>\n<li>Otpevaj jednu de\u010diju pesmicu po izboru<\/li>\n<li>Ponovi zadati\u00a0 ritam tap\u0161anjem<\/li>\n<li>Otpevaj zadatu melodiju<\/li>\n<\/ul>\n<p>&nbsp;<\/p>\n<p><a href=\"http:\/\/muzickasu.edu.rs\/wp-content\/uploads\/2015\/12\/IMG_1755.jpg\"><img loading=\"lazy\" decoding=\"async\" class=\"aligncenter wp-image-2373\" src=\"http:\/\/muzickasu.edu.rs\/wp-content\/uploads\/2015\/12\/IMG_1755-1024x683.jpg\" alt=\"IMG_1755\" width=\"600\" height=\"400\" srcset=\"http:\/\/muzickasu.edu.rs\/wp-content\/uploads\/2015\/12\/IMG_1755-1024x683.jpg 1024w, http:\/\/muzickasu.edu.rs\/wp-content\/uploads\/2015\/12\/IMG_1755-300x200.jpg 300w, http:\/\/muzickasu.edu.rs\/wp-content\/uploads\/2015\/12\/IMG_1755-225x150.jpg 225w, http:\/\/muzickasu.edu.rs\/wp-content\/uploads\/2015\/12\/IMG_1755-150x100.jpg 150w\" sizes=\"auto, (max-width: 600px) 100vw, 600px\" \/><\/a><\/p>","protected":false},"excerpt":{"rendered":"<p>I pripremni razred Muzi\u010dko putovanje u I pripremnom razredu po\u010dinje upoznavanjem razli\u010ditih muzi\u010dkih instrumenata. Osetiti, dodirnuti, \u010duti u\u017eivo svaki instrument ima za cilj da mali\u0161ani dobiju najbolje informacije o instrumentima. I pripremni razred\u00a0 upisuju deca koja su poha\u0111ala muzi\u010dko zabavi\u0161te i deca koja prvi put upisuju muzi\u010dku \u0161kolu. Nastava se\u2026<\/p>\n<p class=\"continue-reading-button\"> <a class=\"continue-reading-link\" href=\"http:\/\/muzickasu.edu.rs\/index.php\/education\/srpski-pripremni-razredi\/\">Nastavite sa \u010ditanjem<i class=\"crycon-right-dir\"><\/i><\/a><\/p>\n","protected":false},"author":1,"featured_media":0,"parent":24,"menu_order":2,"comment_status":"closed","ping_status":"closed","template":"","meta":{"footnotes":""},"class_list":["post-173","page","type-page","status-publish","hentry"],"_links":{"self":[{"href":"http:\/\/muzickasu.edu.rs\/index.php\/wp-json\/wp\/v2\/pages\/173","targetHints":{"allow":["GET"]}}],"collection":[{"href":"http:\/\/muzickasu.edu.rs\/index.php\/wp-json\/wp\/v2\/pages"}],"about":[{"href":"http:\/\/muzickasu.edu.rs\/index.php\/wp-json\/wp\/v2\/types\/page"}],"author":[{"embeddable":true,"href":"http:\/\/muzickasu.edu.rs\/index.php\/wp-json\/wp\/v2\/users\/1"}],"replies":[{"embeddable":true,"href":"http:\/\/muzickasu.edu.rs\/index.php\/wp-json\/wp\/v2\/comments?post=173"}],"version-history":[{"count":22,"href":"http:\/\/muzickasu.edu.rs\/index.php\/wp-json\/wp\/v2\/pages\/173\/revisions"}],"predecessor-version":[{"id":5358,"href":"http:\/\/muzickasu.edu.rs\/index.php\/wp-json\/wp\/v2\/pages\/173\/revisions\/5358"}],"up":[{"embeddable":true,"href":"http:\/\/muzickasu.edu.rs\/index.php\/wp-json\/wp\/v2\/pages\/24"}],"wp:attachment":[{"href":"http:\/\/muzickasu.edu.rs\/index.php\/wp-json\/wp\/v2\/media?parent=173"}],"curies":[{"name":"wp","href":"https:\/\/api.w.org\/{rel}","templated":true}]}}