{"id":1135,"date":"2016-04-22T15:55:03","date_gmt":"2016-04-22T15:55:03","guid":{"rendered":"http:\/\/muzickasu.edu.rs\/?page_id=1135"},"modified":"2018-04-17T08:35:13","modified_gmt":"2018-04-17T08:35:13","slug":"srpski-trzacki-odsek","status":"publish","type":"page","link":"http:\/\/muzickasu.edu.rs\/index.php\/education\/srpski-osnovna-muzicka-skola\/srpski-trzacki-odsek\/","title":{"rendered":"Trza\u010dki odsek"},"content":{"rendered":"<p><\/p>\n<div class=\"entry-content\">\n<p>Na odseku za trza\u010dke instrumente izu\u010davaju se klasi\u010dna <strong>gitara, tambura E-prim i A-bas prim<\/strong>. \u0160kolovanje traje \u0161est godina. Ovaj odsek u\u010denici mogu upisati sa 9 godine, ali je po\u017eeljno da su prethodnih godina poha\u0111ali pripremne razrede.<\/p>\n<p>Za ovo vreme u\u010denici se osposobljavaju za bavljenje muzikom na nivou osnovno\u0161kolskog znanja i za mogu\u0107i nastavak \u0161kolovanja u srednjoj muzi\u010dkoj \u0161koli. Poha\u0111aju glavni predmet \u2013 odabrani instrument dva \u010dasa nedeljno i solfe\u0111o tako\u0111e dva \u010dasa nedeljno. U poslednjoj godini se u\u010di i teorija muzike. U drugom ciklusu (od IV razreda) deca se uklju\u010duju u orkestar gitare ili tambure.<\/p>\n<ul>\n<li><em>Zbog \u010dega da upi\u0161emo dete u Muzi\u010dku \u0161kolu?<\/em><\/li>\n<\/ul>\n<p>Bavljenje muzikom uti\u010de na formiranje li\u010dnosti: na stvaranje radnih navika i samodiscipline, ja\u010da volju i hrabrost, bistri ukus, pospe\u0161uje inteligenciju, uzdi\u017ee emocije, oplemenjuje du\u0161u.<\/p>\n<ul>\n<li><em>Gde nastupaju u\u010denici trza\u010dkog odseka?<\/em><\/li>\n<\/ul>\n<p>U\u010denici nastupaju kao solisti na javnim \u010dasovima klase, odseka i na u\u010deni\u010dkim koncertima u Koncertnoj sali \u0160kole. Oni u\u010destvuju i u kulturnom \u017eivotu grada Subotice (otvaranja izlo\u017ebi, nastupi u Biblioteci, na festivalima itd). Tako\u0111e, nastupaju i kao \u010dlanovi orkestara prilikom novogodi\u0161njeg koncerta osnovne muzi\u010dke \u0161kole.<\/p>\n<ul>\n<li><em>Da li idu na takmi\u010denja?<\/em><\/li>\n<\/ul>\n<p>Da, vredniji u\u010denici ovog odseka u\u010destvuju na takmi\u010denjima koja se organizuju u dr\u017eavi, kao \u0161to je Smotra vojvo\u0111anske tambure (Sombor), \u201eDani muzike\u201c (Ba\u010dka Topola), Me\u0111unarodno takmi\u010denje \u201eFantast\u201c (Be\u010dej), Festival vojvo\u0111anske tambure (Kula), Festival vojvo\u0111anske tambure (Ada), Vojvodina Guitar Fest (Novi Sad), Republi\u010dko takmi\u010denje (Beograd), Tambura Instrumental Festival\u00a0 Me\u0111unarodno natjecanje tambura\u0161a solista (Po\u017eega \u2013 Hrvatska).<\/p>\n<p>Pogledajte uspeh u\u010denika ovog odseka &#8211; <a href=\"http:\/\/muzickasu.edu.rs\/index.php\/events\/competitions\/?lang=rs\">Rezultati takmi\u010denja<\/a><\/p>\n<div id=\"attachment_1136\" style=\"width: 910px\" class=\"wp-caption alignnone\"><a href=\"http:\/\/muzickasu.edu.rs\/wp-content\/uploads\/2016\/04\/12322740_1861251830767827_3045500009562036108_o.jpg\"><img loading=\"lazy\" decoding=\"async\" aria-describedby=\"caption-attachment-1136\" class=\"wp-image-1136 size-large\" src=\"http:\/\/muzickasu.edu.rs\/wp-content\/uploads\/2016\/04\/12322740_1861251830767827_3045500009562036108_o-1024x411.jpg\" alt=\"12322740_1861251830767827_3045500009562036108_o\" width=\"900\" height=\"361\" srcset=\"http:\/\/muzickasu.edu.rs\/wp-content\/uploads\/2016\/04\/12322740_1861251830767827_3045500009562036108_o-1024x411.jpg 1024w, http:\/\/muzickasu.edu.rs\/wp-content\/uploads\/2016\/04\/12322740_1861251830767827_3045500009562036108_o-300x120.jpg 300w, http:\/\/muzickasu.edu.rs\/wp-content\/uploads\/2016\/04\/12322740_1861251830767827_3045500009562036108_o-250x100.jpg 250w, http:\/\/muzickasu.edu.rs\/wp-content\/uploads\/2016\/04\/12322740_1861251830767827_3045500009562036108_o-150x60.jpg 150w, http:\/\/muzickasu.edu.rs\/wp-content\/uploads\/2016\/04\/12322740_1861251830767827_3045500009562036108_o.jpg 1911w\" sizes=\"auto, (max-width: 900px) 100vw, 900px\" \/><\/a><p id=\"caption-attachment-1136\" class=\"wp-caption-text\">Orkestar gitare<\/p><\/div>\n<div id=\"attachment_1137\" style=\"width: 910px\" class=\"wp-caption alignnone\"><a href=\"http:\/\/muzickasu.edu.rs\/wp-content\/uploads\/2016\/04\/12314391_1861251884101155_4975344223093926078_o.jpg\"><img loading=\"lazy\" decoding=\"async\" aria-describedby=\"caption-attachment-1137\" class=\"wp-image-1137 size-large\" src=\"http:\/\/muzickasu.edu.rs\/wp-content\/uploads\/2016\/04\/12314391_1861251884101155_4975344223093926078_o-1024x421.jpg\" alt=\"12314391_1861251884101155_4975344223093926078_o\" width=\"900\" height=\"370\" srcset=\"http:\/\/muzickasu.edu.rs\/wp-content\/uploads\/2016\/04\/12314391_1861251884101155_4975344223093926078_o-1024x421.jpg 1024w, http:\/\/muzickasu.edu.rs\/wp-content\/uploads\/2016\/04\/12314391_1861251884101155_4975344223093926078_o-300x123.jpg 300w, http:\/\/muzickasu.edu.rs\/wp-content\/uploads\/2016\/04\/12314391_1861251884101155_4975344223093926078_o-250x103.jpg 250w, http:\/\/muzickasu.edu.rs\/wp-content\/uploads\/2016\/04\/12314391_1861251884101155_4975344223093926078_o-150x62.jpg 150w, http:\/\/muzickasu.edu.rs\/wp-content\/uploads\/2016\/04\/12314391_1861251884101155_4975344223093926078_o.jpg 1919w\" sizes=\"auto, (max-width: 900px) 100vw, 900px\" \/><\/a><p id=\"caption-attachment-1137\" class=\"wp-caption-text\">Tambura\u0161ki orkestar<\/p><\/div>\n<\/div>\n<p><\/p>","protected":false},"excerpt":{"rendered":"<p>Na odseku za trza\u010dke instrumente izu\u010davaju se klasi\u010dna gitara, tambura E-prim i A-bas prim. \u0160kolovanje traje \u0161est godina. Ovaj odsek u\u010denici mogu upisati sa 9 godine, ali je po\u017eeljno da su prethodnih godina poha\u0111ali pripremne razrede. Za ovo vreme u\u010denici se osposobljavaju za bavljenje muzikom na nivou osnovno\u0161kolskog znanja i\u2026<\/p>\n<p class=\"continue-reading-button\"> <a class=\"continue-reading-link\" href=\"http:\/\/muzickasu.edu.rs\/index.php\/education\/srpski-osnovna-muzicka-skola\/srpski-trzacki-odsek\/\">Nastavite sa \u010ditanjem<i class=\"crycon-right-dir\"><\/i><\/a><\/p>\n","protected":false},"author":3,"featured_media":0,"parent":175,"menu_order":6,"comment_status":"closed","ping_status":"closed","template":"","meta":{"footnotes":""},"class_list":["post-1135","page","type-page","status-publish","hentry"],"_links":{"self":[{"href":"http:\/\/muzickasu.edu.rs\/index.php\/wp-json\/wp\/v2\/pages\/1135","targetHints":{"allow":["GET"]}}],"collection":[{"href":"http:\/\/muzickasu.edu.rs\/index.php\/wp-json\/wp\/v2\/pages"}],"about":[{"href":"http:\/\/muzickasu.edu.rs\/index.php\/wp-json\/wp\/v2\/types\/page"}],"author":[{"embeddable":true,"href":"http:\/\/muzickasu.edu.rs\/index.php\/wp-json\/wp\/v2\/users\/3"}],"replies":[{"embeddable":true,"href":"http:\/\/muzickasu.edu.rs\/index.php\/wp-json\/wp\/v2\/comments?post=1135"}],"version-history":[{"count":9,"href":"http:\/\/muzickasu.edu.rs\/index.php\/wp-json\/wp\/v2\/pages\/1135\/revisions"}],"predecessor-version":[{"id":2545,"href":"http:\/\/muzickasu.edu.rs\/index.php\/wp-json\/wp\/v2\/pages\/1135\/revisions\/2545"}],"up":[{"embeddable":true,"href":"http:\/\/muzickasu.edu.rs\/index.php\/wp-json\/wp\/v2\/pages\/175"}],"wp:attachment":[{"href":"http:\/\/muzickasu.edu.rs\/index.php\/wp-json\/wp\/v2\/media?parent=1135"}],"curies":[{"name":"wp","href":"https:\/\/api.w.org\/{rel}","templated":true}]}}