{"id":1127,"date":"2016-04-22T15:31:31","date_gmt":"2016-04-22T15:31:31","guid":{"rendered":"http:\/\/muzickasu.edu.rs\/?page_id=1127"},"modified":"2018-04-17T08:39:05","modified_gmt":"2018-04-17T08:39:05","slug":"srpski-odsek-harmonike","status":"publish","type":"page","link":"http:\/\/muzickasu.edu.rs\/index.php\/education\/srpski-osnovna-muzicka-skola\/srpski-odsek-harmonike\/","title":{"rendered":"Odsek harmonike"},"content":{"rendered":"<p>\u0160kolovanje na odseku harmonike traje ukupno \u0161est godina. Harmoniku mogu upisati u\u010denici sa 9 godina, ali je po\u017eeljno da dete pre toga poha\u0111a i pripremni razred u \u0160koli.<\/p>\n<p>\u010casove harmonike i solfe\u0111a u\u010denici imaju dva puta nedeljno. Od IV razreda uklju\u010duju se u harmonika\u0161ki orkestar osnovne muzi\u010dke \u0161kole. U poslednjem razredu imaju teoriju muziku sa jednim \u010dasom nedeljno.<\/p>\n<ul>\n<li><em>Zbog \u010dega da upi\u0161emo dete u Muzi\u010dku \u0161kolu?<\/em><\/li>\n<\/ul>\n<p>Bavljenje muzikom uti\u010de na formiranje li\u010dnosti: na stvaranje radnih navika i samodiscipline, ja\u010da volju i hrabrost, bistri ukus, pospe\u0161uje inteligenciju, uzdi\u017ee emocije, oplemenjuje du\u0161u.<\/p>\n<ul>\n<li><em>Gde nastupaju u\u010denici odseka harmonike?<\/em><\/li>\n<\/ul>\n<p>U\u010denici nastupaju kao solisti na javnim \u010dasovima klase, odseka i na u\u010deni\u010dkim koncertima u Koncertnoj sali \u0160kole. Oni u\u010destvuju i u kulturnom \u017eivotu grada Subotice (otvaranja izlo\u017ebi, nastupi u Biblioteci, na festivalima itd). Tako\u0111e, nastupaju i kao \u010dlanovi harmonika\u0161kog orkestra prilikom novogodi\u0161njeg koncerta osnovne muzi\u010dke \u0161kole.<\/p>\n<ul>\n<li><em>Da li idu na takmi\u010denja?<\/em><\/li>\n<\/ul>\n<p>Da, vredniji u\u010denici ovog odseka u\u010destvuju na takmi\u010denjima koja se organizuju u dr\u017eavi, kao \u0161to je Me\u0111unarodno takmi\u010denje \u201eFantast\u201c (Be\u010dej), Me\u0111unarodno takmi\u010denje harmonika\u0161a \u201cAkordeonijada\u201d (Ba\u010dka Topola), Me\u0111unardni festival harmonika\u0161a (Novi Kne\u017eevac), Me\u0111unarodno takmi\u010denje mladih harmonika\u0161a &#8222;Zvezdane staze&#8220; (Kragujevac), Internacionalni festival harmonike \u201cMehfest\u201d (Beograd), Republi\u010dko takmi\u010denje (Beograd), i inostrana takmi\u010denja kao Akordeon Art (Sarajevo, BiH), Me\u0111unarodno takmi\u010denje &#8211; harmonika (Segedin, Ma\u0111arska), Me\u0111unarodni festival &#8222;Dani Harmonike&#8220; (Ugljevik, BiH).<\/p>\n<p>Pogledajte uspeh u\u010denika ovog odseka &#8211; <a href=\"http:\/\/muzickasu.edu.rs\/index.php\/events\/competitions\/?lang=rs\">Rezultati takmi\u010denja<\/a><\/p>\n<div id=\"attachment_1129\" style=\"width: 910px\" class=\"wp-caption alignnone\"><a href=\"http:\/\/muzickasu.edu.rs\/wp-content\/uploads\/2016\/04\/12339222_1861251870767823_6007065527102062996_o.jpg\"><img loading=\"lazy\" decoding=\"async\" aria-describedby=\"caption-attachment-1129\" class=\"wp-image-1129 size-large\" src=\"http:\/\/muzickasu.edu.rs\/wp-content\/uploads\/2016\/04\/12339222_1861251870767823_6007065527102062996_o-1024x487.jpg\" alt=\"12339222_1861251870767823_6007065527102062996_o\" width=\"900\" height=\"428\" srcset=\"http:\/\/muzickasu.edu.rs\/wp-content\/uploads\/2016\/04\/12339222_1861251870767823_6007065527102062996_o-1024x487.jpg 1024w, http:\/\/muzickasu.edu.rs\/wp-content\/uploads\/2016\/04\/12339222_1861251870767823_6007065527102062996_o-300x143.jpg 300w, http:\/\/muzickasu.edu.rs\/wp-content\/uploads\/2016\/04\/12339222_1861251870767823_6007065527102062996_o-250x119.jpg 250w, http:\/\/muzickasu.edu.rs\/wp-content\/uploads\/2016\/04\/12339222_1861251870767823_6007065527102062996_o-150x71.jpg 150w, http:\/\/muzickasu.edu.rs\/wp-content\/uploads\/2016\/04\/12339222_1861251870767823_6007065527102062996_o.jpg 1919w\" sizes=\"auto, (max-width: 900px) 100vw, 900px\" \/><\/a><p id=\"caption-attachment-1129\" class=\"wp-caption-text\">Orkestar harmonike<\/p><\/div>\n<p>&nbsp;<\/p>","protected":false},"excerpt":{"rendered":"<p>\u0160kolovanje na odseku harmonike traje ukupno \u0161est godina. Harmoniku mogu upisati u\u010denici sa 9 godina, ali je po\u017eeljno da dete pre toga poha\u0111a i pripremni razred u \u0160koli. \u010casove harmonike i solfe\u0111a u\u010denici imaju dva puta nedeljno. Od IV razreda uklju\u010duju se u harmonika\u0161ki orkestar osnovne muzi\u010dke \u0161kole. U poslednjem\u2026<\/p>\n<p class=\"continue-reading-button\"> <a class=\"continue-reading-link\" href=\"http:\/\/muzickasu.edu.rs\/index.php\/education\/srpski-osnovna-muzicka-skola\/srpski-odsek-harmonike\/\">Nastavite sa \u010ditanjem<i class=\"crycon-right-dir\"><\/i><\/a><\/p>\n","protected":false},"author":3,"featured_media":0,"parent":175,"menu_order":5,"comment_status":"closed","ping_status":"closed","template":"","meta":{"footnotes":""},"class_list":["post-1127","page","type-page","status-publish","hentry"],"_links":{"self":[{"href":"http:\/\/muzickasu.edu.rs\/index.php\/wp-json\/wp\/v2\/pages\/1127","targetHints":{"allow":["GET"]}}],"collection":[{"href":"http:\/\/muzickasu.edu.rs\/index.php\/wp-json\/wp\/v2\/pages"}],"about":[{"href":"http:\/\/muzickasu.edu.rs\/index.php\/wp-json\/wp\/v2\/types\/page"}],"author":[{"embeddable":true,"href":"http:\/\/muzickasu.edu.rs\/index.php\/wp-json\/wp\/v2\/users\/3"}],"replies":[{"embeddable":true,"href":"http:\/\/muzickasu.edu.rs\/index.php\/wp-json\/wp\/v2\/comments?post=1127"}],"version-history":[{"count":11,"href":"http:\/\/muzickasu.edu.rs\/index.php\/wp-json\/wp\/v2\/pages\/1127\/revisions"}],"predecessor-version":[{"id":2550,"href":"http:\/\/muzickasu.edu.rs\/index.php\/wp-json\/wp\/v2\/pages\/1127\/revisions\/2550"}],"up":[{"embeddable":true,"href":"http:\/\/muzickasu.edu.rs\/index.php\/wp-json\/wp\/v2\/pages\/175"}],"wp:attachment":[{"href":"http:\/\/muzickasu.edu.rs\/index.php\/wp-json\/wp\/v2\/media?parent=1127"}],"curies":[{"name":"wp","href":"https:\/\/api.w.org\/{rel}","templated":true}]}}