{"id":1117,"date":"2016-04-22T14:50:57","date_gmt":"2016-04-22T14:50:57","guid":{"rendered":"http:\/\/muzickasu.edu.rs\/?page_id=1117"},"modified":"2019-04-17T11:46:10","modified_gmt":"2019-04-17T11:46:10","slug":"srpski-odsek-udaraljki","status":"publish","type":"page","link":"http:\/\/muzickasu.edu.rs\/index.php\/education\/srpski-osnovna-muzicka-skola\/srpski-odsek-udaraljki\/","title":{"rendered":"Odsek udaraljki"},"content":{"rendered":"<p>\u0160kolovanje u osnovnoj muzi\u010dkoj \u0161koli traje 6 godina, mo\u017ee da upi\u0161e u\u010denik od 11 godina i mla\u0111i (pre toga je preporu\u010dljivo poha\u0111anje pripremnog razreda u muzi\u010dkoj \u0161koli)<\/p>\n<p>Cilj osnovnog muzi\u010dkog obrazovanja je da u\u010denici steknu osnove muzi\u010dkog znanja i prepreme se za mogu\u0107i nastavak \u0161kolovanja u srednjoj muzi\u010dkoj \u0161koli.<\/p>\n<p>U\u010denici poha\u0111aju glavni predmet \u2013udaraljke (dva \u010dasa nedeljno) i solfe\u0111o (dva \u010dasa nedeljno).U poslednjoj godini se u\u010di i teorija muzike. Od IV razreda deca se uklju\u010duju u zajedni\u010dko muziciranje, u kamerne sastave ili od nekih orkestara \u0161kole.<\/p>\n<p>Instrumeni na kojima se svira su slede\u0107i: <strong>dobo\u0161<\/strong> \u2013 predstavlja osnovu svih udara\u010dkih instrumenata. Znanja i ve\u0161tine koje se sti\u010du na ovom instrumentu prenose se kasnije na ostale udaraljke. U tre\u0107em razredu osnovne muzi\u010dke \u0161kole u\u010denici se upoznaju sa <strong>timpanima<\/strong> a u \u010detvrtom (od afiniteta zavisno i ranije) sa melodijskim udaraljkama a to su: ksilofon, <strong>marimba<\/strong> i <strong>vibrafon<\/strong>.<\/p>\n<p>&nbsp;<\/p>\n<ul>\n<li><em>Zbog \u010dega da upi\u0161emo dete u Muzi\u010dku \u0161kolu?<\/em><\/li>\n<\/ul>\n<p>Bavljenje muzikom uti\u010de na formiranje li\u010dnosti: na stvaranje radnih navika i samodiscipline. Na udara\u010dkim instrumentima deca razvijaju ose\u0107aj za ritam i koordinaciju, a na melodijskim udaraljkama ose\u0107aj za fraziranje i melodiju. Zadaci u muzi\u010dkoj \u0161koli pospe\u0161uju razvijanje sposobnosti za pravilno postavljanje ciljeva, uo\u010davanje problema, pravilno postavljanje zadataka i uspe\u0161no re\u0161avanje problema. \u00a0Ve\u017ebaju i sviranje u ansamblu i orkestru \u0161to razvija sposobnost timskog rada i mogu\u0107nost da upoznaju vr\u0161njake koji imaju sli\u010dna interesovanja.<\/p>\n<p>&nbsp;<\/p>\n<ul>\n<li><em>Gde nastupaju u\u010denici udara\u010dkog odseka?<\/em><\/li>\n<\/ul>\n<p>U\u010denici nastupaju kao solisti i \u010dlanovi ansambla na javnim \u010dasovima i na u\u010deni\u010dkim koncertima. Nastupaju i kao \u010dlanovi duva\u010dkog orkestra a poma\u017eu povremeno u radu guda\u010dkog, tambura\u0161kog orkestra i orkestra harmonika na koncertima osnovne muzi\u010dke \u0161kole.<\/p>\n<p>&nbsp;<\/p>\n<ul>\n<li><em>Da li idu na takmi\u010denja?<\/em><\/li>\n<\/ul>\n<p>Istaknuti u\u010denici ovog odseka redovno u\u010destvuju na takmi\u010denjima koja se organizuju: Me\u0111unarodno takmi\u010denje udara\u010da \u201ePetar Konjovi\u0107\u201c i na Republi\u010dkom takmi\u010denju.<\/p>\n<p>Pogledajte uspeh u\u010denika ovog odseka &#8211; <a href=\"http:\/\/muzickasu.edu.rs\/index.php\/events\/competitions\/?lang=rs\">Rezultati takmi\u010denja<\/a><\/p>\n<p><div id=\"attachment_2566\" style=\"width: 910px\" class=\"wp-caption aligncenter\"><a href=\"http:\/\/muzickasu.edu.rs\/wp-content\/uploads\/2016\/04\/IMG_0422.jpg\"><img loading=\"lazy\" decoding=\"async\" aria-describedby=\"caption-attachment-2566\" class=\"wp-image-2566 size-large\" src=\"http:\/\/muzickasu.edu.rs\/wp-content\/uploads\/2016\/04\/IMG_0422-1024x683.jpg\" alt=\"Udara\u010dki instrumenti\" width=\"900\" height=\"600\" srcset=\"http:\/\/muzickasu.edu.rs\/wp-content\/uploads\/2016\/04\/IMG_0422-1024x683.jpg 1024w, http:\/\/muzickasu.edu.rs\/wp-content\/uploads\/2016\/04\/IMG_0422-300x200.jpg 300w, http:\/\/muzickasu.edu.rs\/wp-content\/uploads\/2016\/04\/IMG_0422-225x150.jpg 225w, http:\/\/muzickasu.edu.rs\/wp-content\/uploads\/2016\/04\/IMG_0422-150x100.jpg 150w\" sizes=\"auto, (max-width: 900px) 100vw, 900px\" \/><\/a><p id=\"caption-attachment-2566\" class=\"wp-caption-text\">Udara\u010dki instrumenti<\/p><\/div><\/p>","protected":false},"excerpt":{"rendered":"<p>\u0160kolovanje u osnovnoj muzi\u010dkoj \u0161koli traje 6 godina, mo\u017ee da upi\u0161e u\u010denik od 11 godina i mla\u0111i (pre toga je preporu\u010dljivo poha\u0111anje pripremnog razreda u muzi\u010dkoj \u0161koli) Cilj osnovnog muzi\u010dkog obrazovanja je da u\u010denici steknu osnove muzi\u010dkog znanja i prepreme se za mogu\u0107i nastavak \u0161kolovanja u srednjoj muzi\u010dkoj \u0161koli. U\u010denici\u2026<\/p>\n<p class=\"continue-reading-button\"> <a class=\"continue-reading-link\" href=\"http:\/\/muzickasu.edu.rs\/index.php\/education\/srpski-osnovna-muzicka-skola\/srpski-odsek-udaraljki\/\">Nastavite sa \u010ditanjem<i class=\"crycon-right-dir\"><\/i><\/a><\/p>\n","protected":false},"author":3,"featured_media":0,"parent":175,"menu_order":3,"comment_status":"closed","ping_status":"closed","template":"","meta":{"footnotes":""},"class_list":["post-1117","page","type-page","status-publish","hentry"],"_links":{"self":[{"href":"http:\/\/muzickasu.edu.rs\/index.php\/wp-json\/wp\/v2\/pages\/1117","targetHints":{"allow":["GET"]}}],"collection":[{"href":"http:\/\/muzickasu.edu.rs\/index.php\/wp-json\/wp\/v2\/pages"}],"about":[{"href":"http:\/\/muzickasu.edu.rs\/index.php\/wp-json\/wp\/v2\/types\/page"}],"author":[{"embeddable":true,"href":"http:\/\/muzickasu.edu.rs\/index.php\/wp-json\/wp\/v2\/users\/3"}],"replies":[{"embeddable":true,"href":"http:\/\/muzickasu.edu.rs\/index.php\/wp-json\/wp\/v2\/comments?post=1117"}],"version-history":[{"count":12,"href":"http:\/\/muzickasu.edu.rs\/index.php\/wp-json\/wp\/v2\/pages\/1117\/revisions"}],"predecessor-version":[{"id":2984,"href":"http:\/\/muzickasu.edu.rs\/index.php\/wp-json\/wp\/v2\/pages\/1117\/revisions\/2984"}],"up":[{"embeddable":true,"href":"http:\/\/muzickasu.edu.rs\/index.php\/wp-json\/wp\/v2\/pages\/175"}],"wp:attachment":[{"href":"http:\/\/muzickasu.edu.rs\/index.php\/wp-json\/wp\/v2\/media?parent=1117"}],"curies":[{"name":"wp","href":"https:\/\/api.w.org\/{rel}","templated":true}]}}