{"id":1109,"date":"2016-04-22T14:24:40","date_gmt":"2016-04-22T14:24:40","guid":{"rendered":"http:\/\/muzickasu.edu.rs\/?page_id=1109"},"modified":"2019-04-17T11:24:20","modified_gmt":"2019-04-17T11:24:20","slug":"srpski-duvacki-odsek","status":"publish","type":"page","link":"http:\/\/muzickasu.edu.rs\/index.php\/education\/srpski-osnovna-muzicka-skola\/srpski-duvacki-odsek\/","title":{"rendered":"Duva\u010dki odsek"},"content":{"rendered":"<p>Na odseku za duva\u010dke instrumente izu\u010davaju se drveni duva\u010dki intrumenti (<strong>klarinet, saksofon, oboa, fagot i flauta<\/strong>) i limeni duva\u010dki instrumenti (<strong>trombon, truba i horna<\/strong>).<\/p>\n<p>\u0160kolovanje traje \u0161est godina za sve duva\u010dke instrumente (od \u0161kolske 2019\/20 godine).<\/p>\n<ul>\n<li>u\u010denik <strong>od 11 godina i mla\u0111i<\/strong> mo\u017ee da upi\u0161e I razred osnovne muzi\u010dke \u0161kole na slede\u0107im instrumentima: klarinet, saksofon, obou, fagot, trombon, trubu i hornu (pre toga, ve\u0107 i sa 10 godina mogu poha\u0111ati pripremni razred);<\/li>\n<li>u\u010denici <strong>od 9 godina i mla\u0111i<\/strong> mogu da upi\u0161u flautu, a pre toga mogu poha\u0111ati pripremni razred.<\/li>\n<\/ul>\n<p>Za ovo vreme u\u010denici se osposobljavaju za bavljenje muzikom na nivou osnovno\u0161kolskog znanja i za mogu\u0107i nastavak \u0161kolovanja u srednjoj muzi\u010dkoj \u0161koli. Poha\u0111aju glavni predmet \u2013 odabrani instrument dva \u010dasa nedeljno i solfe\u0111o tako\u0111e dva \u010dasa nedeljno. U poslednjoj godini se u\u010di i teorija muzike. U drugom ciklusu (od III razreda) deca se uklju\u010duju u duva\u010dki orkestar.<\/p>\n<p>&nbsp;<\/p>\n<ul>\n<li><em>Zbog \u010dega da upi\u0161emo dete u Muzi\u010dku \u0161kolu?<\/em><\/li>\n<\/ul>\n<p>Bavljenje muzikom uti\u010de na formiranje li\u010dnosti: na stvaranje radnih navika i samodiscipline, ja\u010da volju i hrabrost, bistri ukus, pospe\u0161uje inteligenciju, uzdi\u017ee emocije, oplemenjuje du\u0161u.<\/p>\n<p>&nbsp;<\/p>\n<ul>\n<li><em>Gde nastupaju u\u010denici duva\u010dkog odseka?<\/em><\/li>\n<\/ul>\n<p>U\u010denici nastupaju kao solisti na javnim \u010dasovima klase, odseka i na u\u010deni\u010dkim koncertima u Koncertnoj sali \u0160kole. Oni u\u010destvuju i u kulturnom \u017eivotu grada Subotice (otvaranja izlo\u017ebi, nastupi u Biblioteci, na festivalima itd). Tako\u0111e, nastupaju i kao \u010dlanovi duva\u010dkog orkestra prilikom novogodi\u0161njeg koncerta osnovne muzi\u010dke \u0161kole.<\/p>\n<p>&nbsp;<\/p>\n<ul>\n<li><em>Da li idu na takmi\u010denja?<\/em><\/li>\n<\/ul>\n<p>Da, vredniji u\u010denici ovog odseka u\u010destvuju na takmi\u010denjima koja se organizuju u dr\u017eavi, kao \u0161to je FEMUS (Subotica), &#8222;Dani muzike&#8220; (Ba\u010dka Topola), Takmi\u010denje &#8222;Davorin Jenko&#8220; (Beograd), Susret flautista &#8222;Tahir Kulenovi\u0107&#8220; (Valjevo), Festival drvenih duva\u010da (Po\u017earevac), Me\u0111unarodno takmi\u010denje &#8222;Fantast&#8220; (Be\u010dej), ali i na Republi\u010dkom takmi\u010denju i inostranim takmi\u010denjima, kao \u0161to je Me\u0111unarodno takmi\u010denje u Sloveniji.<\/p>\n<p>Pogledajte uspeh u\u010denika ovog odseka &#8211; <a href=\"http:\/\/muzickasu.edu.rs\/index.php\/events\/competitions\/?lang=rs\">Rezultati takmi\u010denja<\/a><\/p>\n<p><div id=\"attachment_1112\" style=\"width: 910px\" class=\"wp-caption alignnone\"><a href=\"http:\/\/muzickasu.edu.rs\/wp-content\/uploads\/2016\/04\/12238356_1861251964101147_6596559904328406430_o.jpg\"><img loading=\"lazy\" decoding=\"async\" aria-describedby=\"caption-attachment-1112\" class=\"wp-image-1112 size-large\" src=\"http:\/\/muzickasu.edu.rs\/wp-content\/uploads\/2016\/04\/12238356_1861251964101147_6596559904328406430_o-1024x450.jpg\" alt=\"12238356_1861251964101147_6596559904328406430_o\" width=\"900\" height=\"396\" srcset=\"http:\/\/muzickasu.edu.rs\/wp-content\/uploads\/2016\/04\/12238356_1861251964101147_6596559904328406430_o-1024x450.jpg 1024w, http:\/\/muzickasu.edu.rs\/wp-content\/uploads\/2016\/04\/12238356_1861251964101147_6596559904328406430_o-300x132.jpg 300w, http:\/\/muzickasu.edu.rs\/wp-content\/uploads\/2016\/04\/12238356_1861251964101147_6596559904328406430_o-250x110.jpg 250w, http:\/\/muzickasu.edu.rs\/wp-content\/uploads\/2016\/04\/12238356_1861251964101147_6596559904328406430_o-150x66.jpg 150w, http:\/\/muzickasu.edu.rs\/wp-content\/uploads\/2016\/04\/12238356_1861251964101147_6596559904328406430_o.jpg 1915w\" sizes=\"auto, (max-width: 900px) 100vw, 900px\" \/><\/a><p id=\"caption-attachment-1112\" class=\"wp-caption-text\">Duva\u010dki orkestar<\/p><\/div><\/p>","protected":false},"excerpt":{"rendered":"<p>Na odseku za duva\u010dke instrumente izu\u010davaju se drveni duva\u010dki intrumenti (klarinet, saksofon, oboa, fagot i flauta) i limeni duva\u010dki instrumenti (trombon, truba i horna). \u0160kolovanje traje \u0161est godina za sve duva\u010dke instrumente (od \u0161kolske 2019\/20 godine). u\u010denik od 11 godina i mla\u0111i mo\u017ee da upi\u0161e I razred osnovne muzi\u010dke \u0161kole\u2026<\/p>\n<p class=\"continue-reading-button\"> <a class=\"continue-reading-link\" href=\"http:\/\/muzickasu.edu.rs\/index.php\/education\/srpski-osnovna-muzicka-skola\/srpski-duvacki-odsek\/\">Nastavite sa \u010ditanjem<i class=\"crycon-right-dir\"><\/i><\/a><\/p>\n","protected":false},"author":3,"featured_media":0,"parent":175,"menu_order":2,"comment_status":"closed","ping_status":"closed","template":"","meta":{"footnotes":""},"class_list":["post-1109","page","type-page","status-publish","hentry"],"_links":{"self":[{"href":"http:\/\/muzickasu.edu.rs\/index.php\/wp-json\/wp\/v2\/pages\/1109","targetHints":{"allow":["GET"]}}],"collection":[{"href":"http:\/\/muzickasu.edu.rs\/index.php\/wp-json\/wp\/v2\/pages"}],"about":[{"href":"http:\/\/muzickasu.edu.rs\/index.php\/wp-json\/wp\/v2\/types\/page"}],"author":[{"embeddable":true,"href":"http:\/\/muzickasu.edu.rs\/index.php\/wp-json\/wp\/v2\/users\/3"}],"replies":[{"embeddable":true,"href":"http:\/\/muzickasu.edu.rs\/index.php\/wp-json\/wp\/v2\/comments?post=1109"}],"version-history":[{"count":15,"href":"http:\/\/muzickasu.edu.rs\/index.php\/wp-json\/wp\/v2\/pages\/1109\/revisions"}],"predecessor-version":[{"id":2983,"href":"http:\/\/muzickasu.edu.rs\/index.php\/wp-json\/wp\/v2\/pages\/1109\/revisions\/2983"}],"up":[{"embeddable":true,"href":"http:\/\/muzickasu.edu.rs\/index.php\/wp-json\/wp\/v2\/pages\/175"}],"wp:attachment":[{"href":"http:\/\/muzickasu.edu.rs\/index.php\/wp-json\/wp\/v2\/media?parent=1109"}],"curies":[{"name":"wp","href":"https:\/\/api.w.org\/{rel}","templated":true}]}}